{"id":1471,"date":"2023-09-13T23:03:29","date_gmt":"2023-09-13T23:03:29","guid":{"rendered":"https:\/\/thebibleverses.org\/es\/?page_id=1471"},"modified":"2023-09-13T23:03:31","modified_gmt":"2023-09-13T23:03:31","slug":"salmos-de-consuelo","status":"publish","type":"page","link":"https:\/\/thebibleverses.org\/es\/salmos-de-consuelo\/","title":{"rendered":"30 Salmos de Consuelo en Dios"},"content":{"rendered":"<div class=\"wp-block-image\">\n<figure class=\"aligncenter size-large\"><img loading=\"lazy\" decoding=\"async\" width=\"1024\" height=\"631\" src=\"https:\/\/thebibleverses.org\/es\/wp-content\/uploads\/2023\/09\/salmos-de-consuelo-en-dios-1024x631.webp\" alt=\"Salmos de Consuelo en Dios\" class=\"wp-image-1472\" srcset=\"https:\/\/thebibleverses.org\/es\/wp-content\/uploads\/2023\/09\/salmos-de-consuelo-en-dios-1024x631.webp 1024w, https:\/\/thebibleverses.org\/es\/wp-content\/uploads\/2023\/09\/salmos-de-consuelo-en-dios-300x185.webp 300w, https:\/\/thebibleverses.org\/es\/wp-content\/uploads\/2023\/09\/salmos-de-consuelo-en-dios-768x474.webp 768w, https:\/\/thebibleverses.org\/es\/wp-content\/uploads\/2023\/09\/salmos-de-consuelo-en-dios-320x197.webp 320w, https:\/\/thebibleverses.org\/es\/wp-content\/uploads\/2023\/09\/salmos-de-consuelo-en-dios-450x278.webp 450w, https:\/\/thebibleverses.org\/es\/wp-content\/uploads\/2023\/09\/salmos-de-consuelo-en-dios-720x444.webp 720w, https:\/\/thebibleverses.org\/es\/wp-content\/uploads\/2023\/09\/salmos-de-consuelo-en-dios.webp 1200w\" sizes=\"auto, (max-width: 1024px) 100vw, 1024px\" \/><figcaption class=\"wp-element-caption\">Salmos de Consuelo en Dios &#8211; Reina Valera Contempor\u00e1nea (RVC).<\/figcaption><\/figure><\/div>\n\n\n<h2 class=\"wp-block-heading\">Salmos de Consuelo en Dios en Momentos Dif\u00edciles<\/h2>\n\n\n\n<p>Encuentra consuelo en Dios a trav\u00e9s de nuestros Salmos. Estos vers\u00edculos atemporales ofrecen paz y fortaleza en momentos de tribulaci\u00f3n. Explora las palabras que alivian el alma y descubre un refugio en la presencia divina. Encamina tu coraz\u00f3n hacia la tranquilidad y la esperanza con nuestra colecci\u00f3n de Salmos reconfortantes.<\/p>\n\n\n\n<h3 class=\"wp-block-heading\">Salmos 23:4<\/h3>\n\n\n\n<p>Aunque deba yo pasar por el valle m\u00e1s sombr\u00edo, no temo sufrir da\u00f1o alguno, porque t\u00fa est\u00e1s conmigo; con tu vara de pastor me infundes nuevo aliento.<\/p>\n\n\n\n<h3 class=\"wp-block-heading\">Salmos 30:5<\/h3>\n\n\n\n<p>Su enojo dura s\u00f3lo un momento, pero su bondad dura toda la vida. Tal vez lloremos durante la noche, pero en la ma\u00f1ana saltaremos de alegr\u00eda.<\/p>\n\n\n\n<h3 class=\"wp-block-heading\">Salmos 34:17<\/h3>\n\n\n\n<p>Los justos gimen, y el Se\u00f1or los escucha y los libra de todas sus angustias.<\/p>\n\n\n\n<h3 class=\"wp-block-heading\">Salmos 34:18<\/h3>\n\n\n\n<p>Cercano est\u00e1 el Se\u00f1or para salvar a los que tienen roto el coraz\u00f3n y el esp\u00edritu.<\/p>\n\n\n\n<h3 class=\"wp-block-heading\">Salmos 42:11<\/h3>\n\n\n\n<p>\u00bfPor qu\u00e9 te desanimas, alma m\u00eda? \u00bfPor qu\u00e9 te inquietas dentro de m\u00ed? Espera en Dios, porque a\u00fan debo alabarlo. \u00a1\u00c9l es mi Dios! \u00a1\u00c9l es mi salvador!<\/p>\n\n\n\n<h3 class=\"wp-block-heading\">Salmos 46:1<\/h3>\n\n\n\n<p>Dios es nuestro amparo y fortaleza, Nuestro pronto auxilio en todos los problemas.<\/p>\n\n\n\n<h3 class=\"wp-block-heading\">Salmos 55:22<\/h3>\n\n\n\n<p>T\u00fa, deja tus pesares en las manos del Se\u00f1or, y el Se\u00f1or te mantendr\u00e1 firme; el Se\u00f1or no deja a sus fieles ca\u00eddos para siempre.<\/p>\n\n\n\n<h3 class=\"wp-block-heading\">Salmos 56:8<\/h3>\n\n\n\n<p>T\u00fa llevas la cuenta de mis huidas; t\u00fa has puesto mis l\u00e1grimas en tu redoma; m\u00e1s bien, las has anotado en tu libro.<\/p>\n\n\n\n<h3 class=\"wp-block-heading\">Salmos 71:21<\/h3>\n\n\n\n<p>Aumentar\u00e1s mi grandeza, y volver\u00e1s a consolarme.<\/p>\n\n\n\n<h3 class=\"wp-block-heading\">Salmos 86:17<\/h3>\n\n\n\n<p>\u00a1Dame una prueba de tu bondad! \u00a1Que sean avergonzados los que me odian al ver que t\u00fa, Se\u00f1or, me ayudas y me consuelas!<\/p>\n\n\n\n<h3 class=\"wp-block-heading\">Salmos 94:19<\/h3>\n\n\n\n<p>Cuando me vi abrumado por la angustia, t\u00fa me brindaste consuelo y alegr\u00eda.<\/p>\n\n\n\n<h3 class=\"wp-block-heading\">Salmos 107:19-20<\/h3>\n\n\n\n<p>Pero en su angustia clamaron al Se\u00f1or, Y \u00e9l los libr\u00f3 de su aflicci\u00f3n. Con el poder de su palabra los san\u00f3, y los libr\u00f3 de caer en el sepulcro.<\/p>\n\n\n\n<h3 class=\"wp-block-heading\">Salmos 119:50<\/h3>\n\n\n\n<p>En mi aflicci\u00f3n, ellas son mi consuelo; pues tu palabra me infunde nueva vida.<\/p>\n\n\n\n<h3 class=\"wp-block-heading\">Salmos 119:52<\/h3>\n\n\n\n<p>Mi consuelo, Se\u00f1or, es recordar que tu justicia es siempre la misma.<\/p>\n\n\n\n<h3 class=\"wp-block-heading\">Salmos 119:76<\/h3>\n\n\n\n<p>Mu\u00e9strame tu misericordia, y ven a consolarme, pues \u00e9sa fue tu promesa a este siervo tuyo.<\/p>\n\n\n\n<h3 class=\"wp-block-heading\">Salmos 119:82<\/h3>\n\n\n\n<p>Los ojos se me apagan esperando tu promesa, y me pregunto: \u00ab\u00bfCu\u00e1ndo vendr\u00e1s a consolarme?\u00bb<\/p>\n\n\n\n<h3 class=\"wp-block-heading\">Salmos 119:103<\/h3>\n\n\n\n<p>\u00a1Cu\u00e1n dulces son tus palabras en mi boca! \u00a1Son m\u00e1s dulces que la miel en mis labios!<\/p>\n\n\n\n<h3 class=\"wp-block-heading\">Salmos 119:165<\/h3>\n\n\n\n<p>Los que aman tu ley viven en completa paz, porque saben que no tropezar\u00e1n.<\/p>\n\n\n\n<h3 class=\"wp-block-heading\">Salmos 121:1-2<\/h3>\n\n\n\n<p>Elevo mis ojos a los montes; \u00bfde d\u00f3nde vendr\u00e1 mi socorro? Mi socorro viene del Se\u00f1or, creador del cielo y de la tierra.<\/p>\n\n\n\n<h3 class=\"wp-block-heading\">Salmos 126:5<\/h3>\n\n\n\n<p>\u00a1Haz que los que siembran con l\u00e1grimas cosechen entre gritos de alegr\u00eda!<\/p>\n\n\n\n<h3 class=\"wp-block-heading\">Salmos 130:5<\/h3>\n\n\n\n<p>Se\u00f1or, toda mi vida he esperado en ti, y he confiado en tus promesas.<\/p>\n\n\n\n<h3 class=\"wp-block-heading\">Salmos 138:7<\/h3>\n\n\n\n<p>Cuando me encuentre angustiado, t\u00fa me infundir\u00e1s nueva vida; Me defender\u00e1s de la ira de mis enemigos, y con tu diestra me levantar\u00e1s victorioso.<\/p>\n\n\n\n<h3 class=\"wp-block-heading\">Salmos 147:3<\/h3>\n\n\n\n<p>El Se\u00f1or reanima a los descorazonados, y sana sus heridas.<\/p>\n\n\n\n<h3 class=\"wp-block-heading\">Salmos 149:4<\/h3>\n\n\n\n<p>El Se\u00f1or se complace en su pueblo, y bendice a los humildes con su salvaci\u00f3n.<\/p>\n\n\n\n<h3 class=\"wp-block-heading\">Salmos 147:13<\/h3>\n\n\n\n<p>El Se\u00f1or refuerza los cerrojos de tus puertas, y bendice a los que habitan dentro de tus muros.<\/p>\n\n\n\n<h3 class=\"wp-block-heading\">Salmos 143:8<\/h3>\n\n\n\n<p>Mu\u00e9strame tu misericordia por la ma\u00f1ana, porque en ti he puesto mi confianza. Mu\u00e9strame el camino que debo seguir, porque en tus manos he puesto mi vida.<\/p>\n\n\n\n<h3 class=\"wp-block-heading\">Salmos 145:14<\/h3>\n\n\n\n<p>T\u00fa, Se\u00f1or, levantas a los que tropiezan, y reanimas a los que est\u00e1n fatigados.<\/p>\n\n\n\n<h3 class=\"wp-block-heading\">Salmos 145:18<\/h3>\n\n\n\n<p>T\u00fa, Se\u00f1or, est\u00e1s cerca de quienes te invocan, de quienes te invocan con sinceridad.<\/p>\n\n\n\n<h3 class=\"wp-block-heading\">Salmos 147:6<\/h3>\n\n\n\n<p>El Se\u00f1or exalta a los humildes, y humilla hasta el polvo a los malvados.<\/p>\n\n\n\n<h3 class=\"wp-block-heading\">Salmos 34:6<\/h3>\n\n\n\n<p>Este pobre clam\u00f3, y el Se\u00f1or lo oy\u00f3 y lo libr\u00f3 de todas sus angustias.<\/p>\n\n\n\n<h2 class=\"wp-block-heading\">Lee Tambi\u00e9n:<\/h2>\n\n\n\n<ul class=\"wp-block-list\">\n<li><a href=\"https:\/\/thebibleverses.org\/es\/\">Vers\u00edculos por Tema<\/a><\/li>\n\n\n\n<li><a href=\"https:\/\/thebibleverses.org\/es\/amor\/\">Vers\u00edculos B\u00edblicos sobre el Amor<\/a><\/li>\n\n\n\n<li><a href=\"https:\/\/thebibleverses.org\/es\/fortaleza\/\">Vers\u00edculos B\u00edblicos de Fortaleza<\/a><\/li>\n\n\n\n<li><a href=\"https:\/\/thebibleverses.org\/es\/fe\/\">Vers\u00edculos B\u00edblicos sobre la Fe<\/a><\/li>\n\n\n\n<li><a href=\"https:\/\/thebibleverses.org\/es\/jovenes\/\">Vers\u00edculos B\u00edblicos para J\u00f3venes<\/a><\/li>\n\n\n\n<li><a href=\"https:\/\/thebibleverses.org\/es\/amistad\/\">Vers\u00edculos B\u00edblicos sobre la Amistad<\/a><\/li>\n\n\n\n<li><a href=\"https:\/\/thebibleverses.org\/es\/sanidad\/\">Vers\u00edculos B\u00edblicos sobre Sanidad<\/a><\/li>\n<\/ul>\n","protected":false},"excerpt":{"rendered":"<p>Salmos de Consuelo en Dios en Momentos Dif\u00edciles Encuentra consuelo en Dios a trav\u00e9s de nuestros Salmos. Estos vers\u00edculos atemporales ofrecen paz y fortaleza en momentos de tribulaci\u00f3n. Explora las palabras que alivian el alma y descubre un refugio en la presencia divina. Encamina tu coraz\u00f3n hacia la tranquilidad y la esperanza con nuestra colecci\u00f3n [&hellip;]<\/p>\n","protected":false},"author":1,"featured_media":1472,"parent":0,"menu_order":0,"comment_status":"closed","ping_status":"closed","template":"","meta":{"footnotes":""},"class_list":["post-1471","page","type-page","status-publish","has-post-thumbnail","hentry","entry","fw-tab-6 fw-tabr-4"],"_links":{"self":[{"href":"https:\/\/thebibleverses.org\/es\/wp-json\/wp\/v2\/pages\/1471","targetHints":{"allow":["GET"]}}],"collection":[{"href":"https:\/\/thebibleverses.org\/es\/wp-json\/wp\/v2\/pages"}],"about":[{"href":"https:\/\/thebibleverses.org\/es\/wp-json\/wp\/v2\/types\/page"}],"author":[{"embeddable":true,"href":"https:\/\/thebibleverses.org\/es\/wp-json\/wp\/v2\/users\/1"}],"replies":[{"embeddable":true,"href":"https:\/\/thebibleverses.org\/es\/wp-json\/wp\/v2\/comments?post=1471"}],"version-history":[{"count":1,"href":"https:\/\/thebibleverses.org\/es\/wp-json\/wp\/v2\/pages\/1471\/revisions"}],"predecessor-version":[{"id":1473,"href":"https:\/\/thebibleverses.org\/es\/wp-json\/wp\/v2\/pages\/1471\/revisions\/1473"}],"wp:featuredmedia":[{"embeddable":true,"href":"https:\/\/thebibleverses.org\/es\/wp-json\/wp\/v2\/media\/1472"}],"wp:attachment":[{"href":"https:\/\/thebibleverses.org\/es\/wp-json\/wp\/v2\/media?parent=1471"}],"curies":[{"name":"wp","href":"https:\/\/api.w.org\/{rel}","templated":true}]}}