{"id":1468,"date":"2023-09-13T22:37:28","date_gmt":"2023-09-13T22:37:28","guid":{"rendered":"https:\/\/thebibleverses.org\/es\/?page_id=1468"},"modified":"2023-09-13T22:37:30","modified_gmt":"2023-09-13T22:37:30","slug":"salmos-de-confianza-en-dios","status":"publish","type":"page","link":"https:\/\/thebibleverses.org\/es\/salmos-de-confianza-en-dios\/","title":{"rendered":"30 Salmos de Confianza en Dios"},"content":{"rendered":"<div class=\"wp-block-image\">\n<figure class=\"aligncenter size-large\"><img loading=\"lazy\" decoding=\"async\" width=\"1024\" height=\"631\" src=\"https:\/\/thebibleverses.org\/es\/wp-content\/uploads\/2023\/09\/salmos-de-confianza-en-dios-1024x631.webp\" alt=\"Salmos de Confianza en Dios\" class=\"wp-image-1469\" srcset=\"https:\/\/thebibleverses.org\/es\/wp-content\/uploads\/2023\/09\/salmos-de-confianza-en-dios-1024x631.webp 1024w, https:\/\/thebibleverses.org\/es\/wp-content\/uploads\/2023\/09\/salmos-de-confianza-en-dios-300x185.webp 300w, https:\/\/thebibleverses.org\/es\/wp-content\/uploads\/2023\/09\/salmos-de-confianza-en-dios-768x474.webp 768w, https:\/\/thebibleverses.org\/es\/wp-content\/uploads\/2023\/09\/salmos-de-confianza-en-dios-320x197.webp 320w, https:\/\/thebibleverses.org\/es\/wp-content\/uploads\/2023\/09\/salmos-de-confianza-en-dios-450x278.webp 450w, https:\/\/thebibleverses.org\/es\/wp-content\/uploads\/2023\/09\/salmos-de-confianza-en-dios-720x444.webp 720w, https:\/\/thebibleverses.org\/es\/wp-content\/uploads\/2023\/09\/salmos-de-confianza-en-dios.webp 1200w\" sizes=\"auto, (max-width: 1024px) 100vw, 1024px\" \/><figcaption class=\"wp-element-caption\">Salmos de Confianza en Dios &#8211; Reina Valera Contempor\u00e1nea (RVC).<\/figcaption><\/figure><\/div>\n\n\n<h2 class=\"wp-block-heading\">Salmos de Confianza en Dios para Fortalecen tu Fe<\/h2>\n\n\n\n<p>Descubre la confianza inquebrantable en Dios a trav\u00e9s de nuestros Salmos. Estos vers\u00edculos atemporales fortalecen la fe y brindan consuelo en tiempos de incertidumbre. Sum\u00e9rgete en la profundidad de la confianza divina presente en los Salmos y encuentra la fortaleza espiritual para enfrentar la vida con seguridad y esperanza.<\/p>\n\n\n\n<h3 class=\"wp-block-heading\">Salmos 4:5<\/h3>\n\n\n\n<p>Ofrezcan al Se\u00f1or sacrificios de justicia y pongan su confianza en \u00e9l.<\/p>\n\n\n\n<h3 class=\"wp-block-heading\">Salmos 9:10<\/h3>\n\n\n\n<p>En ti conf\u00edan los que conocen tu nombre, porque t\u00fa, Se\u00f1or, proteges a los que te buscan.<\/p>\n\n\n\n<h3 class=\"wp-block-heading\">Salmos 13:5<\/h3>\n\n\n\n<p>Yo conf\u00edo en tu misericordia; mi coraz\u00f3n se alegra en tu salvaci\u00f3n.<\/p>\n\n\n\n<h3 class=\"wp-block-heading\">Salmos 16:1<\/h3>\n\n\n\n<p>Cu\u00eddame, oh Dios, porque en ti conf\u00edo.<\/p>\n\n\n\n<h3 class=\"wp-block-heading\">Salmos 20:7<\/h3>\n\n\n\n<p>Algunos conf\u00edan en sus carros de guerra; otros conf\u00edan en su caballer\u00eda, Pero nosotros confiamos en el Nombre, \u00a1confiamos en el Se\u00f1or, nuestro Dios!<\/p>\n\n\n\n<h3 class=\"wp-block-heading\">Salmos 22:4<\/h3>\n\n\n\n<p>Nuestros padres confiaron en ti; en ti confiaron, y t\u00fa los libraste.<\/p>\n\n\n\n<h3 class=\"wp-block-heading\">Salmos 25:2<\/h3>\n\n\n\n<p>Eres mi Dios, y en ti conf\u00edo; \u00a1no permitas que mis enemigos me averg\u00fcencen y se burlen de m\u00ed!<\/p>\n\n\n\n<h3 class=\"wp-block-heading\">Salmos 27:1<\/h3>\n\n\n\n<p>El Se\u00f1or es mi luz y mi salvaci\u00f3n; \u00bfa qui\u00e9n podr\u00eda yo temer? El Se\u00f1or es la fortaleza de mi vida; \u00bfqui\u00e9n podr\u00eda infundirme miedo?<\/p>\n\n\n\n<h3 class=\"wp-block-heading\">Salmos 28:7<\/h3>\n\n\n\n<p>T\u00fa, Se\u00f1or, eres mi escudo y mi fuerza; en ti conf\u00eda mi coraz\u00f3n, pues recibo tu ayuda. Por eso mi coraz\u00f3n se alegra y te alaba con sus c\u00e1nticos.<\/p>\n\n\n\n<h3 class=\"wp-block-heading\">Salmos 31:6<\/h3>\n\n\n\n<p>Se\u00f1or, yo conf\u00edo en ti, pero odio a los que adoran \u00eddolos huecos.<\/p>\n\n\n\n<h3 class=\"wp-block-heading\">Salmos 31:14<\/h3>\n\n\n\n<p>Se\u00f1or, yo conf\u00edo en ti, y declaro que t\u00fa eres mi Dios.<\/p>\n\n\n\n<h3 class=\"wp-block-heading\">Salmos 32:10<\/h3>\n\n\n\n<p>Al malvado le esperan muchas aflicciones, pero la misericordia del Se\u00f1or acompa\u00f1a a todos los que conf\u00edan en \u00e9l.<\/p>\n\n\n\n<h3 class=\"wp-block-heading\">Salmos 33:21<\/h3>\n\n\n\n<p>Por \u00e9l se alegra nuestro coraz\u00f3n; confiamos en su santo nombre.<\/p>\n\n\n\n<h3 class=\"wp-block-heading\">Salmos 34:8<\/h3>\n\n\n\n<p>\u00a1Prueben ustedes mismos la bondad del Se\u00f1or! \u00a1Dichoso aqu\u00e9l que en \u00e9l conf\u00eda!<\/p>\n\n\n\n<h3 class=\"wp-block-heading\">Salmos 36:7<\/h3>\n\n\n\n<p>Dios m\u00edo, \u00a1cu\u00e1n preciosa es tu misericordia! \u00a1La humanidad se acoge a la sombra de tus alas!<\/p>\n\n\n\n<h3 class=\"wp-block-heading\">Salmos 37:3<\/h3>\n\n\n\n<p>Conf\u00eda en el Se\u00f1or, y practica el bien; as\u00ed heredar\u00e1s la tierra y la verdad te guiar\u00e1.<\/p>\n\n\n\n<h3 class=\"wp-block-heading\">Salmos 37:5<\/h3>\n\n\n\n<p>Pon tu camino en las manos del Se\u00f1or; conf\u00eda en \u00e9l, y \u00e9l se encargar\u00e1 de todo;<\/p>\n\n\n\n<h3 class=\"wp-block-heading\">Salmos 40:3<\/h3>\n\n\n\n<p>Puso en mis labios un nuevo canto, un canto de alabanza a nuestro Dios. Muchos vieron esto y temieron, y pusieron su esperanza en el Se\u00f1or.<\/p>\n\n\n\n<h3 class=\"wp-block-heading\">Salmos 42:11<\/h3>\n\n\n\n<p>\u00bfPor qu\u00e9 te desanimas, alma m\u00eda? \u00bfPor qu\u00e9 te inquietas dentro de m\u00ed? Espera en Dios, porque a\u00fan debo alabarlo. \u00a1\u00c9l es mi Dios! \u00a1\u00c9l es mi salvador!<\/p>\n\n\n\n<h3 class=\"wp-block-heading\">Salmos 56:3<\/h3>\n\n\n\n<p>Pero yo, cuando tengo miedo, conf\u00edo en ti.<\/p>\n\n\n\n<h3 class=\"wp-block-heading\">Salmos 62:8<\/h3>\n\n\n\n<p>Pueblos todos, \u00a1conf\u00eden siempre en Dios! \u00a1Vac\u00eden delante de \u00e9l su coraz\u00f3n! \u00a1Dios es nuestro refugio!<\/p>\n\n\n\n<h3 class=\"wp-block-heading\">Salmos 64:10<\/h3>\n\n\n\n<p>Los justos se regocijar\u00e1n en el Se\u00f1or y pondr\u00e1n en \u00e9l su confianza. \u00a1Todos los rectos de coraz\u00f3n lo alabar\u00e1n!<\/p>\n\n\n\n<h3 class=\"wp-block-heading\">Salmos 91:2<\/h3>\n\n\n\n<p>Dice al Se\u00f1or: \u00abT\u00fa eres mi esperanza, mi Dios, \u00a1el castillo en el que pongo mi confianza!\u00bb<\/p>\n\n\n\n<h3 class=\"wp-block-heading\">Salmos 115:9<\/h3>\n\n\n\n<p>Pueblo de Israel, conf\u00eda en el Se\u00f1or; \u00e9l es quien te ayuda y te protege.<\/p>\n\n\n\n<h3 class=\"wp-block-heading\">Salmos 118:8<\/h3>\n\n\n\n<p>Es mejor confiar en el Se\u00f1or que confiar en simples mortales.<\/p>\n\n\n\n<h3 class=\"wp-block-heading\">Salmos 125:1<\/h3>\n\n\n\n<p>Los que conf\u00edan en el Se\u00f1or son semejantes al monte Si\u00f3n, que jam\u00e1s se mueve, que siempre est\u00e1 en su lugar.<\/p>\n\n\n\n<h3 class=\"wp-block-heading\">Salmos 146:3<\/h3>\n\n\n\n<p>No pongan su confianza en los poderosos, ni en ning\u00fan mortal, porque no pueden salvar.<\/p>\n\n\n\n<h3 class=\"wp-block-heading\">Salmos 146:5<\/h3>\n\n\n\n<p>\u00a1Dichosos los que conf\u00edan en el Dios de Jacob, los que cuentan con la ayuda de Dios, el Se\u00f1or!<\/p>\n\n\n\n<h3 class=\"wp-block-heading\">Salmos 147:11<\/h3>\n\n\n\n<p>El Se\u00f1or se complace en los que le honran, y en los que conf\u00edan en su misericordia.<\/p>\n\n\n\n<h3 class=\"wp-block-heading\">Salmos 146:6<\/h3>\n\n\n\n<p>El Se\u00f1or cre\u00f3 los cielos y la tierra, y el mar y todos los seres que contiene. El Se\u00f1or siempre cumple su palabra.<\/p>\n\n\n\n<h2 class=\"wp-block-heading\">Lee Tambi\u00e9n:<\/h2>\n\n\n\n<ul class=\"wp-block-list\">\n<li><a href=\"https:\/\/thebibleverses.org\/es\/\">Vers\u00edculos por Tema<\/a><\/li>\n\n\n\n<li><a href=\"https:\/\/thebibleverses.org\/es\/amor\/\">Vers\u00edculos B\u00edblicos sobre el Amor<\/a><\/li>\n\n\n\n<li><a href=\"https:\/\/thebibleverses.org\/es\/fortaleza\/\">Vers\u00edculos B\u00edblicos de Fortaleza<\/a><\/li>\n\n\n\n<li><a href=\"https:\/\/thebibleverses.org\/es\/fe\/\">Vers\u00edculos B\u00edblicos sobre la Fe<\/a><\/li>\n\n\n\n<li><a href=\"https:\/\/thebibleverses.org\/es\/jovenes\/\">Vers\u00edculos B\u00edblicos para J\u00f3venes<\/a><\/li>\n\n\n\n<li><a href=\"https:\/\/thebibleverses.org\/es\/amistad\/\">Vers\u00edculos B\u00edblicos sobre la Amistad<\/a><\/li>\n\n\n\n<li><a href=\"https:\/\/thebibleverses.org\/es\/sanidad\/\">Vers\u00edculos B\u00edblicos sobre Sanidad<\/a><\/li>\n<\/ul>\n","protected":false},"excerpt":{"rendered":"<p>Salmos de Confianza en Dios para Fortalecen tu Fe Descubre la confianza inquebrantable en Dios a trav\u00e9s de nuestros Salmos. Estos vers\u00edculos atemporales fortalecen la fe y brindan consuelo en tiempos de incertidumbre. Sum\u00e9rgete en la profundidad de la confianza divina presente en los Salmos y encuentra la fortaleza espiritual para enfrentar la vida con [&hellip;]<\/p>\n","protected":false},"author":1,"featured_media":1469,"parent":0,"menu_order":0,"comment_status":"closed","ping_status":"closed","template":"","meta":{"footnotes":""},"class_list":["post-1468","page","type-page","status-publish","has-post-thumbnail","hentry","entry","fw-tab-6 fw-tabr-4"],"_links":{"self":[{"href":"https:\/\/thebibleverses.org\/es\/wp-json\/wp\/v2\/pages\/1468","targetHints":{"allow":["GET"]}}],"collection":[{"href":"https:\/\/thebibleverses.org\/es\/wp-json\/wp\/v2\/pages"}],"about":[{"href":"https:\/\/thebibleverses.org\/es\/wp-json\/wp\/v2\/types\/page"}],"author":[{"embeddable":true,"href":"https:\/\/thebibleverses.org\/es\/wp-json\/wp\/v2\/users\/1"}],"replies":[{"embeddable":true,"href":"https:\/\/thebibleverses.org\/es\/wp-json\/wp\/v2\/comments?post=1468"}],"version-history":[{"count":1,"href":"https:\/\/thebibleverses.org\/es\/wp-json\/wp\/v2\/pages\/1468\/revisions"}],"predecessor-version":[{"id":1470,"href":"https:\/\/thebibleverses.org\/es\/wp-json\/wp\/v2\/pages\/1468\/revisions\/1470"}],"wp:featuredmedia":[{"embeddable":true,"href":"https:\/\/thebibleverses.org\/es\/wp-json\/wp\/v2\/media\/1469"}],"wp:attachment":[{"href":"https:\/\/thebibleverses.org\/es\/wp-json\/wp\/v2\/media?parent=1468"}],"curies":[{"name":"wp","href":"https:\/\/api.w.org\/{rel}","templated":true}]}}