{"id":1465,"date":"2023-09-13T22:22:45","date_gmt":"2023-09-13T22:22:45","guid":{"rendered":"https:\/\/thebibleverses.org\/es\/?page_id=1465"},"modified":"2023-09-13T22:22:47","modified_gmt":"2023-09-13T22:22:47","slug":"salmos-buscar-a-dios","status":"publish","type":"page","link":"https:\/\/thebibleverses.org\/es\/salmos-buscar-a-dios\/","title":{"rendered":"25 Salmos sobre Buscar a Dios"},"content":{"rendered":"<div class=\"wp-block-image\">\n<figure class=\"aligncenter size-large\"><img loading=\"lazy\" decoding=\"async\" width=\"1024\" height=\"631\" src=\"https:\/\/thebibleverses.org\/es\/wp-content\/uploads\/2023\/09\/salmos-sobre-buscar-a-dios-1024x631.webp\" alt=\"Salmos sobre Buscar a Dios\" class=\"wp-image-1466\" srcset=\"https:\/\/thebibleverses.org\/es\/wp-content\/uploads\/2023\/09\/salmos-sobre-buscar-a-dios-1024x631.webp 1024w, https:\/\/thebibleverses.org\/es\/wp-content\/uploads\/2023\/09\/salmos-sobre-buscar-a-dios-300x185.webp 300w, https:\/\/thebibleverses.org\/es\/wp-content\/uploads\/2023\/09\/salmos-sobre-buscar-a-dios-768x474.webp 768w, https:\/\/thebibleverses.org\/es\/wp-content\/uploads\/2023\/09\/salmos-sobre-buscar-a-dios-320x197.webp 320w, https:\/\/thebibleverses.org\/es\/wp-content\/uploads\/2023\/09\/salmos-sobre-buscar-a-dios-450x278.webp 450w, https:\/\/thebibleverses.org\/es\/wp-content\/uploads\/2023\/09\/salmos-sobre-buscar-a-dios-720x444.webp 720w, https:\/\/thebibleverses.org\/es\/wp-content\/uploads\/2023\/09\/salmos-sobre-buscar-a-dios.webp 1200w\" sizes=\"auto, (max-width: 1024px) 100vw, 1024px\" \/><figcaption class=\"wp-element-caption\">Salmos sobre Buscar a Dios &#8211; Reina Valera Contempor\u00e1nea (RVC).<\/figcaption><\/figure><\/div>\n\n\n<h2 class=\"wp-block-heading\">Salmos de la Biblia sobre Buscar a Dios<\/h2>\n\n\n\n<p>Explora los Salmos que nos inspiran a buscar a Dios. Estos vers\u00edculos atemporales son una gu\u00eda espiritual que ilumina nuestro camino en la b\u00fasqueda del Creador. Encuentra inspiraci\u00f3n, direcci\u00f3n y consuelo en estos Salmos que nos ayudan a profundizar nuestra conexi\u00f3n con lo divino.<\/p>\n\n\n\n<h3 class=\"wp-block-heading\">Salmos 9:10<\/h3>\n\n\n\n<p>En ti conf\u00edan los que conocen tu nombre, porque t\u00fa, Se\u00f1or, proteges a los que te buscan.<\/p>\n\n\n\n<h3 class=\"wp-block-heading\">Salmos 14:2<\/h3>\n\n\n\n<p>Desde el cielo, observa el Se\u00f1or a la humanidad, para ver si hay alguien con sabidur\u00eda, que busque a Dios.<\/p>\n\n\n\n<h3 class=\"wp-block-heading\">Salmos 24:6<\/h3>\n\n\n\n<p>As\u00ed son todos los que te buscan, los que buscan tu rostro, oh Dios de Jacob.<\/p>\n\n\n\n<h3 class=\"wp-block-heading\">Salmos 27:4<\/h3>\n\n\n\n<p>Le he pedido al Se\u00f1or, y s\u00f3lo esto busco: habitar en su casa todos los d\u00edas de mi vida, para contemplar su hermosura y solazarme en su templo.<\/p>\n\n\n\n<h3 class=\"wp-block-heading\">Salmos 27:8<\/h3>\n\n\n\n<p>A mi coraz\u00f3n le pides buscar tu rostro, y yo, Se\u00f1or, tu rostro busco.<\/p>\n\n\n\n<h3 class=\"wp-block-heading\">Salmos 34:4<\/h3>\n\n\n\n<p>Busqu\u00e9 al Se\u00f1or, y \u00e9l me escuch\u00f3, y me libr\u00f3 de todos mis temores.<\/p>\n\n\n\n<h3 class=\"wp-block-heading\">Salmos 40:16<\/h3>\n\n\n\n<p>Pero que se alegren todos los que te buscan; Se\u00f1or, que siempre proclamen tu grandeza todos los que aman tu salvaci\u00f3n.<\/p>\n\n\n\n<h3 class=\"wp-block-heading\">Salmos 53:2<\/h3>\n\n\n\n<p>Desde el cielo, Dios observa a la humanidad para ver si hay alguien con sabidur\u00eda que busque a Dios.<\/p>\n\n\n\n<h3 class=\"wp-block-heading\">Salmos 63:1<\/h3>\n\n\n\n<p>Dios m\u00edo, \u00a1t\u00fa eres mi Dios! Yo te buscar\u00e9 de madrugada. Mi alma desfallece de sed por ti; mi ser entero te busca con ansias, en terrenos secos e inh\u00f3spitos, sin agua,<\/p>\n\n\n\n<h3 class=\"wp-block-heading\">Salmos 69:32<\/h3>\n\n\n\n<p>Al ver esto, los oprimidos se alegrar\u00e1n. Busquen a Dios, y vivir\u00e1 su coraz\u00f3n;<\/p>\n\n\n\n<h3 class=\"wp-block-heading\">Salmos 70:4<\/h3>\n\n\n\n<p>Pero que se alegren en ti todos los que te buscan; que los que aman tu salvaci\u00f3n digan siempre: \u00ab\u00a1Grande es nuestro Dios!\u00bb<\/p>\n\n\n\n<h3 class=\"wp-block-heading\">Salmos 77:2<\/h3>\n\n\n\n<p>Busqu\u00e9 al Se\u00f1or cuando me vi angustiado; por las noches, sin cesar, a \u00e9l levant\u00e9 mis manos; pues mi alma rehusaba ser consolada.<\/p>\n\n\n\n<h3 class=\"wp-block-heading\">Salmos 84:2<\/h3>\n\n\n\n<p>\u00a1Mi alma anhela ardientemente estar, Se\u00f1or, en tus atrios! \u00a1A ti, Dios de la vida, elevan su canto mi coraz\u00f3n y todo mi ser!<\/p>\n\n\n\n<h3 class=\"wp-block-heading\">Salmos 105:3<\/h3>\n\n\n\n<p>\u00a1Regoc\u00edjense en su santo nombre! \u00a1Al\u00e9grense de coraz\u00f3n los que buscan al Se\u00f1or!<\/p>\n\n\n\n<h3 class=\"wp-block-heading\">Salmos 119:2<\/h3>\n\n\n\n<p>Dichosos los que cumplen sus testimonios, y lo buscan de todo coraz\u00f3n.<\/p>\n\n\n\n<h3 class=\"wp-block-heading\">Salmos 119:10<\/h3>\n\n\n\n<p>Yo te he buscado de todo coraz\u00f3n; \u00a1no dejes que me aparte de tus mandamientos!<\/p>\n\n\n\n<h3 class=\"wp-block-heading\">Salmos 119:45<\/h3>\n\n\n\n<p>S\u00f3lo as\u00ed ser\u00e9 completamente libre, pues he buscado seguir tus mandamientos.<\/p>\n\n\n\n<h3 class=\"wp-block-heading\">Salmos 119:94<\/h3>\n\n\n\n<p>Mi vida te pertenece; \u00a1s\u00e1lvame, Se\u00f1or, pues yo estudio tus mandamientos!<\/p>\n\n\n\n<h3 class=\"wp-block-heading\">Salmos 119:155<\/h3>\n\n\n\n<p>Los malvados est\u00e1n lejos de tu salvaci\u00f3n, porque no buscan tus estatutos.<\/p>\n\n\n\n<h3 class=\"wp-block-heading\">Salmos 119:176<\/h3>\n\n\n\n<p>Ando sin rumbo, como oveja perdida; \u00a1ven en busca de este siervo tuyo que no ha olvidado tus mandamientos!<\/p>\n\n\n\n<h3 class=\"wp-block-heading\">Salmos 138:3<\/h3>\n\n\n\n<p>Cuando te llam\u00e9, me respondiste, y mi alma desfallecida se llen\u00f3 de vigor.<\/p>\n\n\n\n<h3 class=\"wp-block-heading\">Salmos 143:6<\/h3>\n\n\n\n<p>Elevo mis manos hacia ti, pues tengo sed de ti. \u00a1Soy como tierra seca!<\/p>\n\n\n\n<h3 class=\"wp-block-heading\">Salmos 145:18<\/h3>\n\n\n\n<p>T\u00fa, Se\u00f1or, est\u00e1s cerca de quienes te invocan, de quienes te invocan con sinceridad.<\/p>\n\n\n\n<h3 class=\"wp-block-heading\">Salmos 147:11<\/h3>\n\n\n\n<p>El Se\u00f1or se complace en los que le honran, y en los que conf\u00edan en su misericordia.<\/p>\n\n\n\n<h3 class=\"wp-block-heading\">Salmos 148:14<\/h3>\n\n\n\n<p>\u00a1Que alaben al Se\u00f1or todos sus fieles! \u00a1Que lo alabe Israel, su pueblo cercano! \u00a1El Se\u00f1or ha dado poder a su pueblo! \u00a1Aleluya!<\/p>\n\n\n\n<h2 class=\"wp-block-heading\">Lee Tambi\u00e9n:<\/h2>\n\n\n\n<ul class=\"wp-block-list\">\n<li><a href=\"https:\/\/thebibleverses.org\/es\/\">Vers\u00edculos por Tema<\/a><\/li>\n\n\n\n<li><a href=\"https:\/\/thebibleverses.org\/es\/amor\/\">Vers\u00edculos B\u00edblicos sobre el Amor<\/a><\/li>\n\n\n\n<li><a href=\"https:\/\/thebibleverses.org\/es\/fortaleza\/\">Vers\u00edculos B\u00edblicos de Fortaleza<\/a><\/li>\n\n\n\n<li><a href=\"https:\/\/thebibleverses.org\/es\/fe\/\">Vers\u00edculos B\u00edblicos sobre la Fe<\/a><\/li>\n\n\n\n<li><a href=\"https:\/\/thebibleverses.org\/es\/jovenes\/\">Vers\u00edculos B\u00edblicos para J\u00f3venes<\/a><\/li>\n\n\n\n<li><a href=\"https:\/\/thebibleverses.org\/es\/amistad\/\">Vers\u00edculos B\u00edblicos sobre la Amistad<\/a><\/li>\n\n\n\n<li><a href=\"https:\/\/thebibleverses.org\/es\/sanidad\/\">Vers\u00edculos B\u00edblicos sobre Sanidad<\/a><\/li>\n<\/ul>\n","protected":false},"excerpt":{"rendered":"<p>Salmos de la Biblia sobre Buscar a Dios Explora los Salmos que nos inspiran a buscar a Dios. Estos vers\u00edculos atemporales son una gu\u00eda espiritual que ilumina nuestro camino en la b\u00fasqueda del Creador. Encuentra inspiraci\u00f3n, direcci\u00f3n y consuelo en estos Salmos que nos ayudan a profundizar nuestra conexi\u00f3n con lo divino. Salmos 9:10 En [&hellip;]<\/p>\n","protected":false},"author":1,"featured_media":1466,"parent":0,"menu_order":0,"comment_status":"closed","ping_status":"closed","template":"","meta":{"footnotes":""},"class_list":["post-1465","page","type-page","status-publish","has-post-thumbnail","hentry","entry","fw-tab-6 fw-tabr-4"],"_links":{"self":[{"href":"https:\/\/thebibleverses.org\/es\/wp-json\/wp\/v2\/pages\/1465","targetHints":{"allow":["GET"]}}],"collection":[{"href":"https:\/\/thebibleverses.org\/es\/wp-json\/wp\/v2\/pages"}],"about":[{"href":"https:\/\/thebibleverses.org\/es\/wp-json\/wp\/v2\/types\/page"}],"author":[{"embeddable":true,"href":"https:\/\/thebibleverses.org\/es\/wp-json\/wp\/v2\/users\/1"}],"replies":[{"embeddable":true,"href":"https:\/\/thebibleverses.org\/es\/wp-json\/wp\/v2\/comments?post=1465"}],"version-history":[{"count":1,"href":"https:\/\/thebibleverses.org\/es\/wp-json\/wp\/v2\/pages\/1465\/revisions"}],"predecessor-version":[{"id":1467,"href":"https:\/\/thebibleverses.org\/es\/wp-json\/wp\/v2\/pages\/1465\/revisions\/1467"}],"wp:featuredmedia":[{"embeddable":true,"href":"https:\/\/thebibleverses.org\/es\/wp-json\/wp\/v2\/media\/1466"}],"wp:attachment":[{"href":"https:\/\/thebibleverses.org\/es\/wp-json\/wp\/v2\/media?parent=1465"}],"curies":[{"name":"wp","href":"https:\/\/api.w.org\/{rel}","templated":true}]}}