{"id":146,"date":"2019-02-19T21:33:42","date_gmt":"2019-02-19T21:33:42","guid":{"rendered":"https:\/\/thebibleverses.org\/es\/?page_id=146"},"modified":"2022-05-17T01:50:00","modified_gmt":"2022-05-17T01:50:00","slug":"resurreccion","status":"publish","type":"page","link":"https:\/\/thebibleverses.org\/es\/resurreccion\/","title":{"rendered":"42 Vers\u00edculos de la Biblia sobre la Resurrecci\u00f3n"},"content":{"rendered":"\n<div class=\"wp-block-image\"><figure class=\"aligncenter size-large\"><img loading=\"lazy\" decoding=\"async\" width=\"1024\" height=\"631\" src=\"https:\/\/thebibleverses.org\/es\/wp-content\/uploads\/2022\/05\/Versiculos-Biblicos-sobre-la-Resurreccion-1024x631.webp\" alt=\"Vers\u00edculos B\u00edblicos sobre la Resurrecci\u00f3n\" class=\"wp-image-833\" srcset=\"https:\/\/thebibleverses.org\/es\/wp-content\/uploads\/2022\/05\/Versiculos-Biblicos-sobre-la-Resurreccion-1024x631.webp 1024w, https:\/\/thebibleverses.org\/es\/wp-content\/uploads\/2022\/05\/Versiculos-Biblicos-sobre-la-Resurreccion-300x185.webp 300w, https:\/\/thebibleverses.org\/es\/wp-content\/uploads\/2022\/05\/Versiculos-Biblicos-sobre-la-Resurreccion-768x474.webp 768w, https:\/\/thebibleverses.org\/es\/wp-content\/uploads\/2022\/05\/Versiculos-Biblicos-sobre-la-Resurreccion-320x197.webp 320w, https:\/\/thebibleverses.org\/es\/wp-content\/uploads\/2022\/05\/Versiculos-Biblicos-sobre-la-Resurreccion-450x278.webp 450w, https:\/\/thebibleverses.org\/es\/wp-content\/uploads\/2022\/05\/Versiculos-Biblicos-sobre-la-Resurreccion-720x444.webp 720w, https:\/\/thebibleverses.org\/es\/wp-content\/uploads\/2022\/05\/Versiculos-Biblicos-sobre-la-Resurreccion-scaled.webp 644w\" sizes=\"auto, (max-width: 1024px) 100vw, 1024px\" \/><figcaption>Vers\u00edculos B\u00edblicos sobre la Resurrecci\u00f3n &#8211; Reina Valera Contempor\u00e1nea (RVC).<\/figcaption><\/figure><\/div>\n\n\n\n<h2 class=\"wp-block-heading\">1 Reyes 17:22 <\/h2>\n\n\n\n<p>El Se\u00f1or oy\u00f3 su petici\u00f3n, y el alma del ni\u00f1o volvi\u00f3 a su cuerpo, y el ni\u00f1o recobr\u00f3 la vida (1 Reyes 17:22).<\/p>\n\n\n\n<h2 class=\"wp-block-heading\">2 Reyes 4:35 <\/h2>\n\n\n\n<p>Luego Eliseo se levant\u00f3 y comenz\u00f3 a pasearse de un lado a otro de la casa, y despu\u00e9s volvi\u00f3 a subirse a la cama, y se tendi\u00f3 otra vez sobre el ni\u00f1o; en ese momento el ni\u00f1o estornud\u00f3 siete veces, y abri\u00f3 sus ojos (2 Reyes 4:35).<\/p>\n\n\n\n<h2 class=\"wp-block-heading\">2 Reyes 13:21 <\/h2>\n\n\n\n<p>Y sucedi\u00f3 que, mientras se enterraba un cad\u00e1ver, de pronto apareci\u00f3 una banda de esos bandoleros; entonces los enterradores dejaron caer el cad\u00e1ver en el sepulcro de Eliseo, y en cuanto el cad\u00e1ver toc\u00f3 los huesos de Eliseo, cobr\u00f3 vida y se puso de pie (2 Reyes 13:21).<\/p>\n\n\n\n<h2 class=\"wp-block-heading\">Salmos 16:10 <\/h2>\n\n\n\n<p>Pues no dejar\u00e1s mi alma en el Seol ni permitir\u00e1s que tu santo vea corrupci\u00f3n (Sal 16:10).<\/p>\n\n\n\n<h2 class=\"wp-block-heading\">Salmos 17:15 <\/h2>\n\n\n\n<p>En cuanto a m\u00ed, en justicia ver\u00e9 tu rostro; quedar\u00e9 satisfecho cuando despierte a tu semejanza (Sal 17:15).<\/p>\n\n\n\n<h2 class=\"wp-block-heading\">Salmos 49:15 <\/h2>\n\n\n\n<p>Pero Dios redimir\u00e1 mi vida del poder del Seol porque me llevar\u00e1 consigo (Sal 49:15).<\/p>\n\n\n\n<h2 class=\"wp-block-heading\">Salmos 71:20 <\/h2>\n\n\n\n<p>T\u00fa, que me has hecho ver muchas angustias y males, volver\u00e1s a darme vida y de nuevo me levantar\u00e1s desde los abismos de la tierra (Sal 71:20).<\/p>\n\n\n\n<h2 class=\"wp-block-heading\">Isa\u00edas 26:19 <\/h2>\n\n\n\n<p>Pero tus muertos vivir\u00e1n; sus cad\u00e1veres volver\u00e1n a la vida. Los que ahora habitan en el polvo se despertar\u00e1n y cantar\u00e1n de alegr\u00eda, porque t\u00fa eres como un roc\u00edo de luces, y la tierra dar\u00e1 a luz a sus muertos (Is 26:19). <\/p>\n\n\n\n<h2 class=\"wp-block-heading\">Daniel 12:2 <\/h2>\n\n\n\n<p>Muchos de los que duermen en el polvo de la tierra ser\u00e1n despertados, unos para vida eterna, y otros para verg\u00fcenza y confusi\u00f3n perpetua (Da 12:2).<\/p>\n\n\n\n<h2 class=\"wp-block-heading\">Oseas 13:14 <\/h2>\n\n\n\n<p>\u00bfLos redimir\u00e9 del poder del Seol? \u00bfLos rescatar\u00e9 de la Muerte? \u00bfD\u00f3nde est\u00e1, oh Muerte, tu espina? \u00bfD\u00f3nde est\u00e1, oh Seol, tu aguij\u00f3n? La compasi\u00f3n se ha ocultado de mis ojos (Os 13:14).<\/p>\n\n\n\n<h2 class=\"wp-block-heading\">Mateo 16:21 <\/h2>\n\n\n\n<p>Desde entonces Jes\u00fas comenz\u00f3 a explicar a sus disc\u00edpulos que \u00e9l deb\u00eda ir a Jerusal\u00e9n y padecer mucho a manos de los ancianos, de los principales sacerdotes y de los escribas, y morir, y resucitar al tercer d\u00eda (Mt 16:21).<\/p>\n\n\n\n<h2 class=\"wp-block-heading\">Mateo 17:22-23 <\/h2>\n\n\n\n<p>Estando ellos reunidos en Galilea, Jes\u00fas les dijo: \u201cEl Hijo del Hombre ha de ser entregado en manos de hombres, y lo matar\u00e1n. Pero al tercer d\u00eda resucitar\u00e1\u201d. Y ellos se entristecieron en gran manera (Mt 17:22-23).<\/p>\n\n\n\n<h2 class=\"wp-block-heading\">Mateo 22:31-32 <\/h2>\n\n\n\n<p>Pero en cuanto a la resurrecci\u00f3n de los muertos, \u00bfacaso no han le\u00eddo ustedes lo que Dios les dijo? Porque \u00e9l dijo: \u201cYo soy el Dios de Abrah\u00e1n, el Dios de Isaac y el Dios de Jacob.\u201d As\u00ed que Dios no es un Dios de muertos, sino de los que viven (Mt 22:31-32).<\/p>\n\n\n\n<h2 class=\"wp-block-heading\">Mateo 26:32 <\/h2>\n\n\n\n<p>Pero despu\u00e9s de que yo haya resucitado, ir\u00e9 delante de ustedes a Galilea (Mt 26:32).<\/p>\n\n\n\n<h2 class=\"wp-block-heading\">Mateo 27:52 <\/h2>\n\n\n\n<p>Se abrieron los sepulcros y muchos cuerpos de hombres santos que hab\u00edan muerto se levantaron (Mt 27:52).<\/p>\n\n\n\n<h2 class=\"wp-block-heading\">Mateo 28:5-6 <\/h2>\n\n\n\n<p>Pero el \u00e1ngel les dijo a las mujeres: No teman. Yo s\u00e9 que buscan a Jes\u00fas, el que fue crucificado. No est\u00e1 aqu\u00ed, pues ha resucitado, como \u00e9l dijo. Vengan y vean el lugar donde fue puesto el Se\u00f1or (Mt 28:5-6).<\/p>\n\n\n\n<h2 class=\"wp-block-heading\">Marcos 5:41-42 <\/h2>\n\n\n\n<p>Jes\u00fas la tom\u00f3 de la mano, y le dijo: \u00ab\u00a1Talita cumi!\u00bb, es decir, \u00abA ti, ni\u00f1a, te digo: \u00a1lev\u00e1ntate!\u00bb Enseguida la ni\u00f1a, que ten\u00eda doce a\u00f1os, se levant\u00f3 y comenz\u00f3 a caminar. Y la gente se qued\u00f3 llena de asombro (Mr 5:41-42).<\/p>\n\n\n\n<h2 class=\"wp-block-heading\">Marcos 16:9 <\/h2>\n\n\n\n<p>El primer d\u00eda de la semana por la ma\u00f1ana, despu\u00e9s de que Jes\u00fas resucit\u00f3, se le apareci\u00f3 primero a Mar\u00eda Magdalena, de quien hab\u00eda echado siete demonios (Mr 16:9).<\/p>\n\n\n\n<h2 class=\"wp-block-heading\">Lucas 7:14-15 <\/h2>\n\n\n\n<p>Luego se acerc\u00f3 al f\u00e9retro y lo toc\u00f3, y los que lo llevaban se detuvieron. Entonces Jes\u00fas dijo: \u00abJoven, a ti te digo, \u00a1lev\u00e1ntate!\u00bb En ese momento, el que estaba muerto se incorpor\u00f3 y comenz\u00f3 a hablar, y Jes\u00fas se lo entreg\u00f3 a su madre (Lc 7:14-15).<\/p>\n\n\n\n<h2 class=\"wp-block-heading\">Juan 5:25 <\/h2>\n\n\n\n<p>De cierto, de cierto les digo: La hora viene, y ya lleg\u00f3, cuando los muertos oir\u00e1n la voz del Hijo de Dios; y los que la oigan vivir\u00e1n (Jn 5:25).<\/p>\n\n\n\n<h2 class=\"wp-block-heading\">Juan 5:28 <\/h2>\n\n\n\n<p>No se asombren de esto: Vendr\u00e1 el tiempo cuando todos los que est\u00e1n en los sepulcros oir\u00e1n su voz (Jn 5:28).<\/p>\n\n\n\n<h2 class=\"wp-block-heading\">Juan 5:29 <\/h2>\n\n\n\n<p>y los que hicieron lo bueno, saldr\u00e1n a resurrecci\u00f3n de vida; pero los que hicieron lo malo, a resurrecci\u00f3n de condenaci\u00f3n (Jn 5:29).<\/p>\n\n\n\n<h2 class=\"wp-block-heading\">Juan 6:40 <\/h2>\n\n\n\n<p>Y \u00e9sta es la voluntad de mi Padre: Que todo aquel que ve al Hijo, y cree en \u00e9l, tenga vida eterna; y yo lo resucitar\u00e9 en el d\u00eda final (Jn 6:40).<\/p>\n\n\n\n<h2 class=\"wp-block-heading\">Juan 11:25 <\/h2>\n\n\n\n<p>Jes\u00fas le dijo: Yo soy la resurrecci\u00f3n y la vida; el que cree en m\u00ed, aunque est\u00e9 muerto, vivir\u00e1 (Jn 11:25).<\/p>\n\n\n\n<h2 class=\"wp-block-heading\">Juan 11:43-44 <\/h2>\n\n\n\n<p> Y habiendo dicho esto, clam\u00f3 a gran voz: \u00ab\u00a1L\u00e1zaro, ven fuera!\u00bb Y el que hab\u00eda muerto sali\u00f3, con las manos y los pies envueltos en vendas, y el rostro envuelto en un sudario. Entonces Jes\u00fas les dijo: \u00abQu\u00edtenle las vendas, y d\u00e9jenlo ir\u00bb (Jn 11:43-44).<\/p>\n\n\n\n<h2 class=\"wp-block-heading\">Hechos 2:23-24 <\/h2>\n\n\n\n<p>Fue entregado conforme al plan determinado y el conocimiento anticipado de Dios, y ustedes lo aprehendieron y lo mataron por medio de hombres inicuos, crucific\u00e1ndolo. Pero Dios lo levant\u00f3, liber\u00e1ndolo de los lazos de la muerte, porque era imposible que la muerte lo venciera (Hch 2:23-24).<\/p>\n\n\n\n<h2 class=\"wp-block-heading\">Hechos 3:14-15 <\/h2>\n\n\n\n<p>Pero ustedes negaron al Santo y Justo, y pidieron que se les entregara un homicida. Fue as\u00ed como mataron al Autor de la vida, a quien Dios resucit\u00f3 de los muertos. De eso nosotros somos testigos (Hch 3:14-15).<\/p>\n\n\n\n<h2 class=\"wp-block-heading\">Hechos 9:40 <\/h2>\n\n\n\n<p>Entonces Pedro pidi\u00f3 que salieran todos; luego se puso de rodillas y, dirigi\u00e9ndose al cuerpo, or\u00f3 y dijo: \u00abTabit\u00e1, \u00a1lev\u00e1ntate!\u00bb Ella abri\u00f3 los ojos y, cuando vio a Pedro, se puso de pie (Hch 9:40).<\/p>\n\n\n\n<h2 class=\"wp-block-heading\">Hechos 10:39-41 <\/h2>\n\n\n\n<p>Nosotros somos testigos de todo lo que Jes\u00fas hizo en Judea y en Jerusal\u00e9n. Pero lo mataron, colg\u00e1ndolo de un madero. Sin embargo, Dios lo resucit\u00f3 al tercer d\u00eda, y permiti\u00f3 que muchos lo vieran. Pero no lo vio todo el pueblo, sino s\u00f3lo aquellos testigos que Dios hab\u00eda elegido de antemano, es decir, nosotros, los que comimos y bebimos con \u00e9l despu\u00e9s de que \u00e9l resucit\u00f3 de entre los muertos (Hch 10:39-41).<\/p>\n\n\n\n<h2 class=\"wp-block-heading\">Hechos 24:15 <\/h2>\n\n\n\n<p>Y tengo, como ellos, la misma esperanza en Dios de que habr\u00e1n de resucitar los justos y los injustos (Hch 24:15).<\/p>\n\n\n\n<h2 class=\"wp-block-heading\">Hechos 26:22-23 <\/h2>\n\n\n\n<p>Pero Dios vino en mi ayuda. Por eso hasta hoy no dejo de dar mi testimonio a grandes y peque\u00f1os. Y no digo nada que no hayan dicho ya los profetas y Mois\u00e9s. Por ejemplo, que el Cristo ten\u00eda que padecer, y que ser\u00eda el primero en resucitar de los muertos, para anunciar la luz al pueblo de Israel y a las naciones (Hch 26:22-23).<\/p>\n\n\n\n<h2 class=\"wp-block-heading\">Romanos 1:4 <\/h2>\n\n\n\n<p>Pero que conforme al Esp\u00edritu de santidad fue declarado Hijo de Dios con poder, por su resurrecci\u00f3n de entre los muertos (Ro 1:4).<\/p>\n\n\n\n<h2 class=\"wp-block-heading\">Romanos 4:25 <\/h2>\n\n\n\n<p>El cual fue entregado por nuestros pecados, y resucit\u00f3 para nuestra justificaci\u00f3n (Ro 4:25).<\/p>\n\n\n\n<h2 class=\"wp-block-heading\">Romanos 10:9 <\/h2>\n\n\n\n<p>Si confiesas con tu boca que Jes\u00fas es el Se\u00f1or, y crees en tu coraz\u00f3n que Dios lo levant\u00f3 de los muertos, ser\u00e1s salvo (Ro 10:9).<\/p>\n\n\n\n<h2 class=\"wp-block-heading\">1 Corintios 15:4 <\/h2>\n\n\n\n<p>Que tambi\u00e9n, conforme a las Escrituras, fue sepultado y resucit\u00f3 al tercer d\u00eda (1 Co 15:4).<\/p>\n\n\n\n<h2 class=\"wp-block-heading\">1 Corintios 15:22 <\/h2>\n\n\n\n<p>Pues as\u00ed como en Ad\u00e1n todos mueren, tambi\u00e9n en Cristo todos ser\u00e1n vivificados (1 Co 15:22).<\/p>\n\n\n\n<h2 class=\"wp-block-heading\">2 Corintios 4:14 <\/h2>\n\n\n\n<p>Sabemos que el que resucit\u00f3 al Se\u00f1or Jes\u00fas tambi\u00e9n a nosotros nos resucitar\u00e1 con \u00e9l, y nos llevar\u00e1 a su presencia juntamente con ustedes (2 Co 4:14).<\/p>\n\n\n\n<h2 class=\"wp-block-heading\">1 Tesalonicenses 4:14 <\/h2>\n\n\n\n<p>As\u00ed como creemos que Jes\u00fas muri\u00f3 y resucit\u00f3, as\u00ed tambi\u00e9n Dios levantar\u00e1 con Jes\u00fas a los que murieron en \u00e9l (1 Tes 4:14).<\/p>\n\n\n\n<h2 class=\"wp-block-heading\">1 Tesalonicenses 4:16 <\/h2>\n\n\n\n<p>Sino que el Se\u00f1or mismo descender\u00e1 del cielo con voz de mando, con voz de arc\u00e1ngel y con trompeta de Dios, y los muertos en Cristo resucitar\u00e1n primero (1 Tes 4:16).<\/p>\n\n\n\n<h2 class=\"wp-block-heading\">1 Pedro 1:3 <\/h2>\n\n\n\n<p>Bendito sea el Dios y Padre de nuestro Se\u00f1or Jesucristo, que por su gran misericordia y mediante la resurreci\u00f3n de Jesucristo nos ha hecho nacer de nuevo a una esperanza viva (1 Pe 1:3).<\/p>\n\n\n\n<h2 class=\"wp-block-heading\">1 Juan 3:2 <\/h2>\n\n\n\n<p>Amados, ahora somos hijos de Dios, y a\u00fan no se ha manifestado lo que hemos de ser. Pero sabemos que, cuando \u00e9l se manifieste, seremos semejantes a \u00e9l porque lo veremos tal como \u00e9l es (1 Jn 3:2).<\/p>\n\n\n\n<h2 class=\"wp-block-heading\">Apocalipsis 20:13 <\/h2>\n\n\n\n<p>El mar entreg\u00f3 los muertos que yac\u00edan en \u00e9l; tambi\u00e9n la muerte y el Hades entregaron los muertos que yac\u00edan con ellos, y cada uno fue juzgado conforme a sus obras (Ap 20:13).<\/p>\n\n\n\n<h2 class=\"wp-block-heading\">Lee Tambi\u00e9n:<\/h2>\n\n\n\n<ul class=\"wp-block-list\"><li><a href=\"https:\/\/thebibleverses.org\/es\/\">Vers\u00edculos por Tema<\/a><\/li><li><a href=\"https:\/\/thebibleverses.org\/es\/amor\/\">Vers\u00edculos B\u00edblicos sobre el Amor<\/a><\/li><li><a href=\"https:\/\/thebibleverses.org\/es\/fortaleza\/\">Vers\u00edculos B\u00edblicos de Fortaleza<\/a><\/li><li><a href=\"https:\/\/thebibleverses.org\/es\/fe\/\">Vers\u00edculos B\u00edblicos sobre la Fe<\/a><\/li><li><a href=\"https:\/\/thebibleverses.org\/es\/jovenes\/\">Vers\u00edculos B\u00edblicos para J\u00f3venes<\/a><\/li><li><a href=\"https:\/\/thebibleverses.org\/es\/amistad\/\">Vers\u00edculos B\u00edblicos sobre la Amistad<\/a><\/li><li><a href=\"https:\/\/thebibleverses.org\/es\/sanidad\/\">Vers\u00edculos B\u00edblicos sobre Sanidad<\/a><\/li><\/ul>\n","protected":false},"excerpt":{"rendered":"<p>1 Reyes 17:22 El Se\u00f1or oy\u00f3 su petici\u00f3n, y el alma del ni\u00f1o volvi\u00f3 a su cuerpo, y el ni\u00f1o recobr\u00f3 la vida (1 Reyes 17:22). 2 Reyes 4:35 Luego Eliseo se levant\u00f3 y comenz\u00f3 a pasearse de un lado a otro de la casa, y despu\u00e9s volvi\u00f3 a subirse a la cama, y se [&hellip;]<\/p>\n","protected":false},"author":1,"featured_media":833,"parent":0,"menu_order":0,"comment_status":"open","ping_status":"closed","template":"","meta":{"footnotes":""},"class_list":["post-146","page","type-page","status-publish","has-post-thumbnail","hentry","entry","fw-tab-6 fw-tabr-4"],"_links":{"self":[{"href":"https:\/\/thebibleverses.org\/es\/wp-json\/wp\/v2\/pages\/146","targetHints":{"allow":["GET"]}}],"collection":[{"href":"https:\/\/thebibleverses.org\/es\/wp-json\/wp\/v2\/pages"}],"about":[{"href":"https:\/\/thebibleverses.org\/es\/wp-json\/wp\/v2\/types\/page"}],"author":[{"embeddable":true,"href":"https:\/\/thebibleverses.org\/es\/wp-json\/wp\/v2\/users\/1"}],"replies":[{"embeddable":true,"href":"https:\/\/thebibleverses.org\/es\/wp-json\/wp\/v2\/comments?post=146"}],"version-history":[{"count":0,"href":"https:\/\/thebibleverses.org\/es\/wp-json\/wp\/v2\/pages\/146\/revisions"}],"wp:featuredmedia":[{"embeddable":true,"href":"https:\/\/thebibleverses.org\/es\/wp-json\/wp\/v2\/media\/833"}],"wp:attachment":[{"href":"https:\/\/thebibleverses.org\/es\/wp-json\/wp\/v2\/media?parent=146"}],"curies":[{"name":"wp","href":"https:\/\/api.w.org\/{rel}","templated":true}]}}