{"id":1458,"date":"2023-08-30T23:26:14","date_gmt":"2023-08-30T23:26:14","guid":{"rendered":"https:\/\/thebibleverses.org\/es\/?page_id=1458"},"modified":"2023-08-30T23:27:14","modified_gmt":"2023-08-30T23:27:14","slug":"salmos-de-esperanza","status":"publish","type":"page","link":"https:\/\/thebibleverses.org\/es\/salmos-de-esperanza\/","title":{"rendered":"37 Salmos de Esperanza en Dios"},"content":{"rendered":"<div class=\"wp-block-image\">\n<figure class=\"aligncenter size-large\"><img loading=\"lazy\" decoding=\"async\" width=\"1024\" height=\"631\" src=\"https:\/\/thebibleverses.org\/es\/wp-content\/uploads\/2023\/08\/salmos-de-esperanza-1024x631.webp\" alt=\"Salmos de Esperanza en Dios\" class=\"wp-image-1459\" srcset=\"https:\/\/thebibleverses.org\/es\/wp-content\/uploads\/2023\/08\/salmos-de-esperanza-1024x631.webp 1024w, https:\/\/thebibleverses.org\/es\/wp-content\/uploads\/2023\/08\/salmos-de-esperanza-300x185.webp 300w, https:\/\/thebibleverses.org\/es\/wp-content\/uploads\/2023\/08\/salmos-de-esperanza-768x474.webp 768w, https:\/\/thebibleverses.org\/es\/wp-content\/uploads\/2023\/08\/salmos-de-esperanza-320x197.webp 320w, https:\/\/thebibleverses.org\/es\/wp-content\/uploads\/2023\/08\/salmos-de-esperanza-450x278.webp 450w, https:\/\/thebibleverses.org\/es\/wp-content\/uploads\/2023\/08\/salmos-de-esperanza-720x444.webp 720w, https:\/\/thebibleverses.org\/es\/wp-content\/uploads\/2023\/08\/salmos-de-esperanza.webp 1200w\" sizes=\"auto, (max-width: 1024px) 100vw, 1024px\" \/><figcaption class=\"wp-element-caption\">Salmos de Esperanza en Dios &#8211; Reina Valera Contempor\u00e1nea (RVC).<\/figcaption><\/figure><\/div>\n\n\n<h2 class=\"wp-block-heading\">Salmos de la Biblia de Esperanza en Dios en Tiempos Dif\u00edciles<\/h2>\n\n\n\n<p>Descubre un refugio espiritual en los Salmos de esperanza en Dios durante la angustia a trav\u00e9s de este conmovedor art\u00edculo. Explora c\u00f3mo las palabras de Dios han sido faros de luz en la oscuridad, transmitiendo confianza y consuelo. Descubre c\u00f3mo los vers\u00edculos inspiran a encontrar fuerza en la fe, incluso en los momentos m\u00e1s dif\u00edciles. <\/p>\n\n\n\n<h3 class=\"wp-block-heading\">Salmos 9:18<\/h3>\n\n\n\n<p>Porque no siempre ser\u00e1n olvidados los pobres, ni todo el tiempo se desvanecer\u00e1 su esperanza.<\/p>\n\n\n\n<h3 class=\"wp-block-heading\">Salmos 62:5<\/h3>\n\n\n\n<p>S\u00f3lo en Dios halla tranquilidad mi alma; s\u00f3lo en \u00e9l he puesto mi esperanza.<\/p>\n\n\n\n<h3 class=\"wp-block-heading\">Salmos 43:5<\/h3>\n\n\n\n<p>\u00bfPor qu\u00e9 te desanimas, alma m\u00eda? \u00bfPor qu\u00e9 te inquietas dentro de m\u00ed? Espera en Dios, porque a\u00fan debo alabarlo. \u00a1\u00c9l es mi Dios! \u00a1\u00c9l es mi salvador!.<\/p>\n\n\n\n<h3 class=\"wp-block-heading\">Salmos 16:9<\/h3>\n\n\n\n<p>Gran regocijo hay en mi coraz\u00f3n y en mi alma; todo mi ser siente una gran confianza.<\/p>\n\n\n\n<h3 class=\"wp-block-heading\">Salmos 22:9<\/h3>\n\n\n\n<p>Pero eres t\u00fa quien me dio la vida, eres t\u00fa quien me infundi\u00f3 confianza desde que era un ni\u00f1o de pecho.<\/p>\n\n\n\n<h3 class=\"wp-block-heading\">Salmos 25:3<\/h3>\n\n\n\n<p>No permitas que sean avergonzados los que en ti ponen su esperanza;<br>m\u00e1s bien, que sean puestos en verg\u00fcenza los que sin raz\u00f3n se rebelan contra ti.<\/p>\n\n\n\n<h3 class=\"wp-block-heading\">Salmos 25:5<\/h3>\n\n\n\n<p>Todo el d\u00eda espero en ti; \u00a1ens\u00e9\u00f1ame a caminar en tu verdad, pues t\u00fa eres mi Dios y salvador!.<\/p>\n\n\n\n<h3 class=\"wp-block-heading\">Salmos 42:11<\/h3>\n\n\n\n<p>\u00bfPor qu\u00e9 te desanimas, alma m\u00eda? \u00bfPor qu\u00e9 te inquietas dentro de m\u00ed? Espera en Dios, porque a\u00fan debo alabarlo. \u00a1\u00c9l es mi Dios! \u00a1\u00c9l es mi salvador!.<\/p>\n\n\n\n<h3 class=\"wp-block-heading\">Salmos 31:24<\/h3>\n\n\n\n<p>Ustedes, los que esperan en el Se\u00f1or, \u00a1esfu\u00e9rcense, y cobren \u00e1nimo!.<\/p>\n\n\n\n<h3 class=\"wp-block-heading\">Salmos 33:18<\/h3>\n\n\n\n<p>El Se\u00f1or mira atentamente a quienes le temen, a quienes conf\u00edan en su misericordia.<\/p>\n\n\n\n<h3 class=\"wp-block-heading\">Salmos 33:22<\/h3>\n\n\n\n<p>Se\u00f1or, sea tu misericordia sobre nosotros, tal y como lo esperamos de ti.<\/p>\n\n\n\n<h3 class=\"wp-block-heading\">Salmos 34:22<\/h3>\n\n\n\n<p>El Se\u00f1or rescata el alma de sus siervos; no ser\u00e1n condenados los que en \u00e9l conf\u00edan.<\/p>\n\n\n\n<h3 class=\"wp-block-heading\">Salmos 37:34<\/h3>\n\n\n\n<p>T\u00fa espera en el Se\u00f1or, y sigue su camino, y \u00e9l te exaltar\u00e1, y heredar\u00e1s la tierra; y cuando los pecadores sean destruidos, t\u00fa estar\u00e1s all\u00ed para verlo.<\/p>\n\n\n\n<h3 class=\"wp-block-heading\">Salmos 38:15<\/h3>\n\n\n\n<p>Se\u00f1or, yo conf\u00edo en ti; \u00a1t\u00fa, Se\u00f1or mi Dios, responder\u00e1s por m\u00ed!.<\/p>\n\n\n\n<h3 class=\"wp-block-heading\">Salmos 39:7<\/h3>\n\n\n\n<p>Se\u00f1or, \u00bfqu\u00e9 puedo esperar, si en ti he puesto mi esperanza?.<\/p>\n\n\n\n<h3 class=\"wp-block-heading\">Salmos 40:1<\/h3>\n\n\n\n<p>Yo puse mi esperanza en el Se\u00f1or, y \u00e9l inclin\u00f3 su o\u00eddo y escuch\u00f3 mi clamor.<\/p>\n\n\n\n<h3 class=\"wp-block-heading\">Salmos 42:5<\/h3>\n\n\n\n<p>\u00bfPor qu\u00e9 te desanimas, alma m\u00eda? \u00bfPor qu\u00e9 te inquietas dentro de m\u00ed? Espera en Dios, porque a\u00fan debo alabarlo. \u00a1\u00c9l es mi Dios! \u00a1\u00c9l es mi salvador!.<\/p>\n\n\n\n<h3 class=\"wp-block-heading\">Salmos 62:1<\/h3>\n\n\n\n<p>S\u00f3lo en Dios halla tranquilidad mi alma; s\u00f3lo de \u00e9l viene mi salvaci\u00f3n.<\/p>\n\n\n\n<h3 class=\"wp-block-heading\">Salmos 71:5<\/h3>\n\n\n\n<p>T\u00fa, Se\u00f1or mi Dios, eres mi esperanza; t\u00fa me has dado seguridad desde mi juventud.<\/p>\n\n\n\n<h3 class=\"wp-block-heading\">Salmos 71:14<\/h3>\n\n\n\n<p>Pero yo siempre confiar\u00e9 en ti, y m\u00e1s y m\u00e1s te alabar\u00e9.<\/p>\n\n\n\n<h3 class=\"wp-block-heading\">Salmos 73:24<\/h3>\n\n\n\n<p>Me has guiado para seguir tu consejo, y al final me recibir\u00e1s en gloria.<\/p>\n\n\n\n<h3 class=\"wp-block-heading\">Salmos 119:43<\/h3>\n\n\n\n<p>No quites de mis labios la verdad de tu palabra, pues he puesto mi esperanza en tu justicia.<\/p>\n\n\n\n<h3 class=\"wp-block-heading\">Salmos 119:49<\/h3>\n\n\n\n<p>Recuerda las promesas que me hiciste, en las cuales he puesto mi esperanza.<\/p>\n\n\n\n<h3 class=\"wp-block-heading\">Salmos 119:74<\/h3>\n\n\n\n<p>Cuando me vean los que te honran, se alegrar\u00e1n, porque en tu palabra he puesto mi esperanza.<\/p>\n\n\n\n<h3 class=\"wp-block-heading\">Salmos 119:81<\/h3>\n\n\n\n<p>Siento que me muero esperando tu salvaci\u00f3n, pero sigo confiando en tu palabra.<\/p>\n\n\n\n<h3 class=\"wp-block-heading\">Salmos 119:114<\/h3>\n\n\n\n<p>T\u00fa eres mi escondite; eres mi escudo; en tu palabra he puesto mi esperanza.<\/p>\n\n\n\n<h3 class=\"wp-block-heading\">Salmos 119:147<\/h3>\n\n\n\n<p>Clamo a ti antes de que amanezca, y me quedo esperando tu respuesta.<\/p>\n\n\n\n<h3 class=\"wp-block-heading\">Salmos 119:166<\/h3>\n\n\n\n<p>Se\u00f1or, espero que me salves; mientras viva, cumplir\u00e9 tus mandamientos.<\/p>\n\n\n\n<h3 class=\"wp-block-heading\">Salmos 130:5<\/h3>\n\n\n\n<p>Se\u00f1or, toda mi vida he esperado en ti, y he confiado en tus promesas.<\/p>\n\n\n\n<h3 class=\"wp-block-heading\">Salmos 130:7<\/h3>\n\n\n\n<p>Israel, conf\u00eda en el Se\u00f1or, porque el Se\u00f1or es misericordioso; \u00a1en \u00e9l hay abundante redenci\u00f3n!.<\/p>\n\n\n\n<h3 class=\"wp-block-heading\">Salmos 131:3<\/h3>\n\n\n\n<p>Israel, \u00a1conf\u00eda en el Se\u00f1or desde ahora y para siempre!.<\/p>\n\n\n\n<h3 class=\"wp-block-heading\">Salmos 135:14<\/h3>\n\n\n\n<p>Porque t\u00fa, Se\u00f1or, defiendes a tu pueblo y te compadeces de tus siervos.<\/p>\n\n\n\n<h3 class=\"wp-block-heading\">Salmos 147:11<\/h3>\n\n\n\n<p>El Se\u00f1or se complace en los que le honran, y en los que conf\u00edan en su misericordia.<\/p>\n\n\n\n<h3 class=\"wp-block-heading\">Salmos 146:5<\/h3>\n\n\n\n<p>\u00a1Dichosos los que conf\u00edan en el Dios de Jacob, los que cuentan con la ayuda de Dios, el Se\u00f1or!.<\/p>\n\n\n\n<h3 class=\"wp-block-heading\">Salmos 130:6<\/h3>\n\n\n\n<p>Yo te espero, Se\u00f1or, con toda el alma, como esperan los centinelas la ma\u00f1ana, como esperan los vigilantes el nuevo d\u00eda.<\/p>\n\n\n\n<h3 class=\"wp-block-heading\">Salmos 119:74<\/h3>\n\n\n\n<p>Cuando me vean los que te honran, se alegrar\u00e1n, porque en tu palabra he puesto mi esperanza.<\/p>\n\n\n\n<h3 class=\"wp-block-heading\">Salmos 25:21<\/h3>\n\n\n\n<p>\u00a1Protege mi integridad y rectitud, pues en ti he puesto mi esperanza!.<\/p>\n\n\n\n<h2 class=\"wp-block-heading\">Lee Tambi\u00e9n:<\/h2>\n\n\n\n<ul class=\"wp-block-list\">\n<li><a href=\"https:\/\/thebibleverses.org\/es\/\">Vers\u00edculos por Tema<\/a><\/li>\n\n\n\n<li><a href=\"https:\/\/thebibleverses.org\/es\/amor\/\">Vers\u00edculos B\u00edblicos sobre el Amor<\/a><\/li>\n\n\n\n<li><a href=\"https:\/\/thebibleverses.org\/es\/fortaleza\/\">Vers\u00edculos B\u00edblicos de Fortaleza<\/a><\/li>\n\n\n\n<li><a href=\"https:\/\/thebibleverses.org\/es\/fe\/\">Vers\u00edculos B\u00edblicos sobre la Fe<\/a><\/li>\n\n\n\n<li><a href=\"https:\/\/thebibleverses.org\/es\/jovenes\/\">Vers\u00edculos B\u00edblicos para J\u00f3venes<\/a><\/li>\n\n\n\n<li><a href=\"https:\/\/thebibleverses.org\/es\/amistad\/\">Vers\u00edculos B\u00edblicos sobre la Amistad<\/a><\/li>\n\n\n\n<li><a href=\"https:\/\/thebibleverses.org\/es\/sanidad\/\">Vers\u00edculos B\u00edblicos sobre Sanidad<\/a><\/li>\n<\/ul>\n","protected":false},"excerpt":{"rendered":"<p>Salmos de la Biblia de Esperanza en Dios en Tiempos Dif\u00edciles Descubre un refugio espiritual en los Salmos de esperanza en Dios durante la angustia a trav\u00e9s de este conmovedor art\u00edculo. Explora c\u00f3mo las palabras de Dios han sido faros de luz en la oscuridad, transmitiendo confianza y consuelo. Descubre c\u00f3mo los vers\u00edculos inspiran a [&hellip;]<\/p>\n","protected":false},"author":1,"featured_media":1459,"parent":0,"menu_order":0,"comment_status":"closed","ping_status":"closed","template":"","meta":{"footnotes":""},"class_list":["post-1458","page","type-page","status-publish","has-post-thumbnail","hentry","entry","fw-tab-6 fw-tabr-4"],"_links":{"self":[{"href":"https:\/\/thebibleverses.org\/es\/wp-json\/wp\/v2\/pages\/1458","targetHints":{"allow":["GET"]}}],"collection":[{"href":"https:\/\/thebibleverses.org\/es\/wp-json\/wp\/v2\/pages"}],"about":[{"href":"https:\/\/thebibleverses.org\/es\/wp-json\/wp\/v2\/types\/page"}],"author":[{"embeddable":true,"href":"https:\/\/thebibleverses.org\/es\/wp-json\/wp\/v2\/users\/1"}],"replies":[{"embeddable":true,"href":"https:\/\/thebibleverses.org\/es\/wp-json\/wp\/v2\/comments?post=1458"}],"version-history":[{"count":2,"href":"https:\/\/thebibleverses.org\/es\/wp-json\/wp\/v2\/pages\/1458\/revisions"}],"predecessor-version":[{"id":1461,"href":"https:\/\/thebibleverses.org\/es\/wp-json\/wp\/v2\/pages\/1458\/revisions\/1461"}],"wp:featuredmedia":[{"embeddable":true,"href":"https:\/\/thebibleverses.org\/es\/wp-json\/wp\/v2\/media\/1459"}],"wp:attachment":[{"href":"https:\/\/thebibleverses.org\/es\/wp-json\/wp\/v2\/media?parent=1458"}],"curies":[{"name":"wp","href":"https:\/\/api.w.org\/{rel}","templated":true}]}}