{"id":1455,"date":"2023-08-30T23:06:50","date_gmt":"2023-08-30T23:06:50","guid":{"rendered":"https:\/\/thebibleverses.org\/es\/?page_id=1455"},"modified":"2023-08-30T23:06:51","modified_gmt":"2023-08-30T23:06:51","slug":"salmos-de-animo","status":"publish","type":"page","link":"https:\/\/thebibleverses.org\/es\/salmos-de-animo\/","title":{"rendered":"30 Salmos de \u00c1nimo en la Biblia"},"content":{"rendered":"<div class=\"wp-block-image\">\n<figure class=\"aligncenter size-large\"><img loading=\"lazy\" decoding=\"async\" width=\"1024\" height=\"631\" src=\"https:\/\/thebibleverses.org\/es\/wp-content\/uploads\/2023\/08\/salmos-de-animo-1024x631.webp\" alt=\"Salmos de Animo en la Biblia\" class=\"wp-image-1456\" srcset=\"https:\/\/thebibleverses.org\/es\/wp-content\/uploads\/2023\/08\/salmos-de-animo-1024x631.webp 1024w, https:\/\/thebibleverses.org\/es\/wp-content\/uploads\/2023\/08\/salmos-de-animo-300x185.webp 300w, https:\/\/thebibleverses.org\/es\/wp-content\/uploads\/2023\/08\/salmos-de-animo-768x474.webp 768w, https:\/\/thebibleverses.org\/es\/wp-content\/uploads\/2023\/08\/salmos-de-animo-320x197.webp 320w, https:\/\/thebibleverses.org\/es\/wp-content\/uploads\/2023\/08\/salmos-de-animo-450x278.webp 450w, https:\/\/thebibleverses.org\/es\/wp-content\/uploads\/2023\/08\/salmos-de-animo-720x444.webp 720w, https:\/\/thebibleverses.org\/es\/wp-content\/uploads\/2023\/08\/salmos-de-animo.webp 1200w\" sizes=\"auto, (max-width: 1024px) 100vw, 1024px\" \/><figcaption class=\"wp-element-caption\">Salmos de Animo en la Biblia &#8211; Reina Valera Contempor\u00e1nea (RVC).<\/figcaption><\/figure><\/div>\n\n\n<h2 class=\"wp-block-heading\">Salmos de Animo para dar Fortaleza en Tiempos Dif\u00edciles<\/h2>\n\n\n\n<p>Encuentra fortaleza con este inspirador art\u00edculo sobre los Salmos de \u00e1nimo en tiempos dif\u00edciles. Explora c\u00f3mo la palabra de Dios han sido faros de esperanza en la oscuridad, transmitiendo coraje y resistencia. Descubre c\u00f3mo los vers\u00edculos evocan el poder de la fe y la superaci\u00f3n personal. Desde la elevaci\u00f3n del esp\u00edritu en la adversidad hasta la confianza en la gu\u00eda divina.<\/p>\n\n\n\n<h3 class=\"wp-block-heading\">Salmos 16:9<\/h3>\n\n\n\n<p>Gran regocijo hay en mi coraz\u00f3n y en mi alma; todo mi ser siente una gran confianza.<\/p>\n\n\n\n<h3 class=\"wp-block-heading\">Salmos 23:4<\/h3>\n\n\n\n<p>Aunque deba yo pasar por el valle m\u00e1s sombr\u00edo, no temo sufrir da\u00f1o alguno, porque t\u00fa est\u00e1s conmigo; con tu vara de pastor me infundes nuevo aliento.<\/p>\n\n\n\n<h3 class=\"wp-block-heading\">Salmos 27:14<\/h3>\n\n\n\n<p>\u00a1Espera en el Se\u00f1or! \u00a1Infunde a tu coraz\u00f3n \u00e1nimo y aliento! \u00a1S\u00ed, espera en el Se\u00f1or!.<\/p>\n\n\n\n<h3 class=\"wp-block-heading\">Salmos 30:5<\/h3>\n\n\n\n<p>Su enojo dura s\u00f3lo un momento, pero su bondad dura toda la vida. Tal vez lloremos durante la noche, pero en la ma\u00f1ana saltaremos de alegr\u00eda.<\/p>\n\n\n\n<h3 class=\"wp-block-heading\">Salmos 31:24<\/h3>\n\n\n\n<p>Ustedes, los que esperan en el Se\u00f1or, \u00a1esfu\u00e9rcense, y cobren \u00e1nimo!.<\/p>\n\n\n\n<h3 class=\"wp-block-heading\">Salmos 34:17<\/h3>\n\n\n\n<p>Los justos gimen, y el Se\u00f1or los escucha y los libra de todas sus angustias.<\/p>\n\n\n\n<h3 class=\"wp-block-heading\">Salmos 42:11<\/h3>\n\n\n\n<p>\u00bfPor qu\u00e9 te desanimas, alma m\u00eda? \u00bfPor qu\u00e9 te inquietas dentro de m\u00ed? Espera en Dios, porque a\u00fan debo alabarlo. \u00a1\u00c9l es mi Dios! \u00a1\u00c9l es mi salvador!.<\/p>\n\n\n\n<h3 class=\"wp-block-heading\">Salmos 46:1<\/h3>\n\n\n\n<p>Dios es nuestro amparo y fortaleza, nuestro pronto auxilio en todos los problemas.<\/p>\n\n\n\n<h3 class=\"wp-block-heading\">Salmos 55:22<\/h3>\n\n\n\n<p>T\u00fa, deja tus pesares en las manos del Se\u00f1or, y el Se\u00f1or te mantendr\u00e1 firme; el Se\u00f1or no deja a sus fieles ca\u00eddos para siempre.<\/p>\n\n\n\n<h3 class=\"wp-block-heading\">Salmos 56:3<\/h3>\n\n\n\n<p>Pero yo, cuando tengo miedo, conf\u00edo en ti.<\/p>\n\n\n\n<h3 class=\"wp-block-heading\">Salmos 59:16<\/h3>\n\n\n\n<p>Por mi parte, yo alabar\u00e9 con salmos tu poder; por la ma\u00f1ana proclamar\u00e9 tu misericordia, porque t\u00fa eres para m\u00ed una fortaleza, \u00a1eres mi refugio en momentos de angustia!.<\/p>\n\n\n\n<h3 class=\"wp-block-heading\">Salmos 62:5<\/h3>\n\n\n\n<p>S\u00f3lo en Dios halla tranquilidad mi alma; s\u00f3lo en \u00e9l he puesto mi esperanza.<\/p>\n\n\n\n<h3 class=\"wp-block-heading\">Salmos 91:15<\/h3>\n\n\n\n<p>\u00c9l me invocar\u00e1, y yo le responder\u00e9; estar\u00e9 con \u00e9l en medio de la angustia. Yo lo pondr\u00e9 a salvo y lo glorificar\u00e9.<\/p>\n\n\n\n<h3 class=\"wp-block-heading\">Salmos 94:19<\/h3>\n\n\n\n<p>Cuando me vi abrumado por la angustia, t\u00fa me brindaste consuelo y alegr\u00eda.<\/p>\n\n\n\n<h3 class=\"wp-block-heading\">Salmos 112:7<\/h3>\n\n\n\n<p>Vivir\u00e1 sin temor a las malas noticias, y su coraz\u00f3n estar\u00e1 firme y confiando en el Se\u00f1or.<\/p>\n\n\n\n<h3 class=\"wp-block-heading\">Salmos 118:14<\/h3>\n\n\n\n<p>El Se\u00f1or es mi fuerza, y a \u00e9l dedico mi canto porque en \u00e9l he hallado salvaci\u00f3n.<\/p>\n\n\n\n<h3 class=\"wp-block-heading\">Salmos 119:25<\/h3>\n\n\n\n<p>Me siento totalmente desanimado; \u00a1inf\u00fandeme vida, conforme a tu palabra!.<\/p>\n\n\n\n<h3 class=\"wp-block-heading\">Salmos 120:1<\/h3>\n\n\n\n<p>En mi angustia, clam\u00e9 al Se\u00f1or, y el Se\u00f1or me respondi\u00f3.<\/p>\n\n\n\n<h3 class=\"wp-block-heading\">Salmos 138:3<\/h3>\n\n\n\n<p>Cuando te llam\u00e9, me respondiste, y mi alma desfallecida se llen\u00f3 de vigor.<\/p>\n\n\n\n<h3 class=\"wp-block-heading\">Salmos 139:23-24<\/h3>\n\n\n\n<p>Se\u00f1or, examina y reconoce mi coraz\u00f3n: pon a prueba cada uno de mis pensamientos. As\u00ed ver\u00e1s si voy por mal camino, y me guiar\u00e1s por el camino eterno.<\/p>\n\n\n\n<h3 class=\"wp-block-heading\">Salmos 139:23-24<\/h3>\n\n\n\n<p>Se\u00f1or, examina y reconoce mi coraz\u00f3n: pon a prueba cada uno de mis pensamientos. As\u00ed ver\u00e1s si voy por mal camino, y me guiar\u00e1s por el camino eterno.<\/p>\n\n\n\n<h3 class=\"wp-block-heading\">Salmos 143:8<\/h3>\n\n\n\n<p>Mu\u00e9strame tu misericordia por la ma\u00f1ana, porque en ti he puesto mi confianza. Mu\u00e9strame el camino que debo seguir, porque en tus manos he puesto mi vida.<\/p>\n\n\n\n<h3 class=\"wp-block-heading\">Salmos 147:3<\/h3>\n\n\n\n<p>El Se\u00f1or reanima a los descorazonados, y sana sus heridas.<\/p>\n\n\n\n<h3 class=\"wp-block-heading\">Salmos 16:11<\/h3>\n\n\n\n<p>T\u00fa me ense\u00f1as el camino de la vida; con tu presencia me llenas de alegr\u00eda; \u00a1estando a tu lado ser\u00e9 siempre dichoso!.<\/p>\n\n\n\n<h3 class=\"wp-block-heading\">Salmos 121:1-2<\/h3>\n\n\n\n<p>Elevo mis ojos a los montes; \u00bfde d\u00f3nde vendr\u00e1 mi socorro? Mi socorro viene del Se\u00f1or, creador del cielo y de la tierra.<\/p>\n\n\n\n<h3 class=\"wp-block-heading\">Salmos 146:5<\/h3>\n\n\n\n<p>\u00a1Dichosos los que conf\u00edan en el Dios de Jacob, los que cuentan con la ayuda de Dios, el Se\u00f1or!.<\/p>\n\n\n\n<h3 class=\"wp-block-heading\">Salmos 30:11<\/h3>\n\n\n\n<p>T\u00fa cambias mis l\u00e1grimas en danza; me quitas la tristeza y me rodeas de alegr\u00eda.<\/p>\n\n\n\n<h3 class=\"wp-block-heading\">Salmos 126:5<\/h3>\n\n\n\n<p>\u00a1Haz que los que siembran con l\u00e1grimas cosechen entre gritos de alegr\u00eda!.<\/p>\n\n\n\n<h3 class=\"wp-block-heading\">Salmos 34:4<\/h3>\n\n\n\n<p>Busqu\u00e9 al Se\u00f1or, y \u00e9l me escuch\u00f3, y me libr\u00f3 de todos mis temores.<\/p>\n\n\n\n<h3 class=\"wp-block-heading\">Salmos 37:39<\/h3>\n\n\n\n<p>La salvaci\u00f3n de los justos proviene del Se\u00f1or; \u00e9l les da fuerzas en momentos de angustia.<\/p>\n\n\n\n<h2 class=\"wp-block-heading\">Lee Tambi\u00e9n:<\/h2>\n\n\n\n<ul class=\"wp-block-list\">\n<li><a href=\"https:\/\/thebibleverses.org\/es\/\">Vers\u00edculos por Tema<\/a><\/li>\n\n\n\n<li><a href=\"https:\/\/thebibleverses.org\/es\/amor\/\">Vers\u00edculos B\u00edblicos sobre el Amor<\/a><\/li>\n\n\n\n<li><a href=\"https:\/\/thebibleverses.org\/es\/fortaleza\/\">Vers\u00edculos B\u00edblicos de Fortaleza<\/a><\/li>\n\n\n\n<li><a href=\"https:\/\/thebibleverses.org\/es\/fe\/\">Vers\u00edculos B\u00edblicos sobre la Fe<\/a><\/li>\n\n\n\n<li><a href=\"https:\/\/thebibleverses.org\/es\/jovenes\/\">Vers\u00edculos B\u00edblicos para J\u00f3venes<\/a><\/li>\n\n\n\n<li><a href=\"https:\/\/thebibleverses.org\/es\/amistad\/\">Vers\u00edculos B\u00edblicos sobre la Amistad<\/a><\/li>\n\n\n\n<li><a href=\"https:\/\/thebibleverses.org\/es\/sanidad\/\">Vers\u00edculos B\u00edblicos sobre Sanidad<\/a><\/li>\n<\/ul>\n","protected":false},"excerpt":{"rendered":"<p>Salmos de Animo para dar Fortaleza en Tiempos Dif\u00edciles Encuentra fortaleza con este inspirador art\u00edculo sobre los Salmos de \u00e1nimo en tiempos dif\u00edciles. Explora c\u00f3mo la palabra de Dios han sido faros de esperanza en la oscuridad, transmitiendo coraje y resistencia. Descubre c\u00f3mo los vers\u00edculos evocan el poder de la fe y la superaci\u00f3n personal. [&hellip;]<\/p>\n","protected":false},"author":1,"featured_media":1456,"parent":0,"menu_order":0,"comment_status":"closed","ping_status":"closed","template":"","meta":{"footnotes":""},"class_list":["post-1455","page","type-page","status-publish","has-post-thumbnail","hentry","entry","fw-tab-6 fw-tabr-4"],"_links":{"self":[{"href":"https:\/\/thebibleverses.org\/es\/wp-json\/wp\/v2\/pages\/1455","targetHints":{"allow":["GET"]}}],"collection":[{"href":"https:\/\/thebibleverses.org\/es\/wp-json\/wp\/v2\/pages"}],"about":[{"href":"https:\/\/thebibleverses.org\/es\/wp-json\/wp\/v2\/types\/page"}],"author":[{"embeddable":true,"href":"https:\/\/thebibleverses.org\/es\/wp-json\/wp\/v2\/users\/1"}],"replies":[{"embeddable":true,"href":"https:\/\/thebibleverses.org\/es\/wp-json\/wp\/v2\/comments?post=1455"}],"version-history":[{"count":1,"href":"https:\/\/thebibleverses.org\/es\/wp-json\/wp\/v2\/pages\/1455\/revisions"}],"predecessor-version":[{"id":1457,"href":"https:\/\/thebibleverses.org\/es\/wp-json\/wp\/v2\/pages\/1455\/revisions\/1457"}],"wp:featuredmedia":[{"embeddable":true,"href":"https:\/\/thebibleverses.org\/es\/wp-json\/wp\/v2\/media\/1456"}],"wp:attachment":[{"href":"https:\/\/thebibleverses.org\/es\/wp-json\/wp\/v2\/media?parent=1455"}],"curies":[{"name":"wp","href":"https:\/\/api.w.org\/{rel}","templated":true}]}}