{"id":1452,"date":"2023-08-30T22:47:08","date_gmt":"2023-08-30T22:47:08","guid":{"rendered":"https:\/\/thebibleverses.org\/es\/?page_id=1452"},"modified":"2023-08-30T22:47:10","modified_gmt":"2023-08-30T22:47:10","slug":"salmos-de-arrepentimiento","status":"publish","type":"page","link":"https:\/\/thebibleverses.org\/es\/salmos-de-arrepentimiento\/","title":{"rendered":"30 Salmos de Arrepentimiento"},"content":{"rendered":"<div class=\"wp-block-image\">\n<figure class=\"aligncenter size-large\"><img loading=\"lazy\" decoding=\"async\" width=\"1024\" height=\"631\" src=\"https:\/\/thebibleverses.org\/es\/wp-content\/uploads\/2023\/08\/salmos-de-arrepentimiento-1024x631.webp\" alt=\"Salmos de Arrepentimiento en la Biblia\" class=\"wp-image-1453\" srcset=\"https:\/\/thebibleverses.org\/es\/wp-content\/uploads\/2023\/08\/salmos-de-arrepentimiento-1024x631.webp 1024w, https:\/\/thebibleverses.org\/es\/wp-content\/uploads\/2023\/08\/salmos-de-arrepentimiento-300x185.webp 300w, https:\/\/thebibleverses.org\/es\/wp-content\/uploads\/2023\/08\/salmos-de-arrepentimiento-768x474.webp 768w, https:\/\/thebibleverses.org\/es\/wp-content\/uploads\/2023\/08\/salmos-de-arrepentimiento-320x197.webp 320w, https:\/\/thebibleverses.org\/es\/wp-content\/uploads\/2023\/08\/salmos-de-arrepentimiento-450x278.webp 450w, https:\/\/thebibleverses.org\/es\/wp-content\/uploads\/2023\/08\/salmos-de-arrepentimiento-720x444.webp 720w, https:\/\/thebibleverses.org\/es\/wp-content\/uploads\/2023\/08\/salmos-de-arrepentimiento.webp 1200w\" sizes=\"auto, (max-width: 1024px) 100vw, 1024px\" \/><figcaption class=\"wp-element-caption\">Salmos de Arrepentimiento en la Biblia &#8211; Reina Valera Contempor\u00e1nea (RVC).<\/figcaption><\/figure><\/div>\n\n\n<h2 class=\"wp-block-heading\">Salmos de Arrepentimiento en la Biblia<\/h2>\n\n\n\n<p>Explora el camino hacia la redenci\u00f3n a trav\u00e9s de este reflexivo art\u00edculo sobre los Salmos de arrepentimiento en la Biblia. Sum\u00e9rgete en la poes\u00eda sagrada que refleja la humildad y b\u00fasqueda de perd\u00f3n. Descubre c\u00f3mo estos vers\u00edculos atemporales transmiten la lucha interior y el anhelo de renovaci\u00f3n espiritual. Desde la confesi\u00f3n de faltas hasta la reconciliaci\u00f3n con lo divino.<\/p>\n\n\n\n<h3 class=\"wp-block-heading\">Salmos 6:6<\/h3>\n\n\n\n<p>Me estoy consumiendo de tanto llorar; Todas las noches lloro amargamente y ba\u00f1o con l\u00e1grimas mi lecho.<\/p>\n\n\n\n<h3 class=\"wp-block-heading\">Salmos 32:5<\/h3>\n\n\n\n<p>Te confes\u00e9 mi pecado; no ocult\u00e9 mi maldad. Me dije: \u00abConfesar\u00e9 al Se\u00f1or mi rebeld\u00eda\u00bb, y t\u00fa perdonaste la maldad de mi pecado.<\/p>\n\n\n\n<h3 class=\"wp-block-heading\">Salmos 38:18<\/h3>\n\n\n\n<p>Por eso, voy a confesar mi maldad; pues me pesa haber pecado.<\/p>\n\n\n\n<h3 class=\"wp-block-heading\">Salmos 51:2<\/h3>\n\n\n\n<p>L\u00e1vame m\u00e1s y m\u00e1s de mi maldad; \u00a1l\u00edmpiame de mi pecado!.<\/p>\n\n\n\n<h3 class=\"wp-block-heading\">Salmos 51:3<\/h3>\n\n\n\n<p>Reconozco que he sido rebelde; \u00a1mi pecado est\u00e1 siempre ante mis ojos!.<\/p>\n\n\n\n<h3 class=\"wp-block-heading\">Salmos 51:17<\/h3>\n\n\n\n<p>Los sacrificios que t\u00fa quieres son el esp\u00edritu quebrantado; t\u00fa, Dios m\u00edo, no desprecias al coraz\u00f3n contrito y humillado.<\/p>\n\n\n\n<h3 class=\"wp-block-heading\">Salmos 69:5<\/h3>\n\n\n\n<p>T\u00fa, mi Dios, sabes que soy un insensato; mis pecados no son para ti un secreto.<\/p>\n\n\n\n<h3 class=\"wp-block-heading\">Salmos 86:5<\/h3>\n\n\n\n<p>T\u00fa, Se\u00f1or, eres bondadoso y sabes perdonar; \u00a1grande es tu misericordia para los que te invocan!.<\/p>\n\n\n\n<h3 class=\"wp-block-heading\">Salmos 103:10<\/h3>\n\n\n\n<p>No nos ha tratado como merece nuestra maldad, Ni nos ha castigado como merecen nuestros pecados.<\/p>\n\n\n\n<h3 class=\"wp-block-heading\">Salmos 119:59<\/h3>\n\n\n\n<p>He estado pensando en mis acciones, y decid\u00ed encaminar mis pies hacia tus estatutos.<\/p>\n\n\n\n<h3 class=\"wp-block-heading\">Salmos 130:3<\/h3>\n\n\n\n<p>Se\u00f1or, si te fijaras en nuestros pecados, \u00bfqui\u00e9n podr\u00eda sostenerse en tu presencia?.<\/p>\n\n\n\n<h3 class=\"wp-block-heading\">Salmos 130:4<\/h3>\n\n\n\n<p>Pero en ti hallamos perd\u00f3n, para que seas reverenciado.<\/p>\n\n\n\n<h3 class=\"wp-block-heading\">Salmos 143:2<\/h3>\n\n\n\n<p>Pero no me juzgues con dureza, pues ante ti nadie puede justificarse.<\/p>\n\n\n\n<h3 class=\"wp-block-heading\">Salmos 145:18<\/h3>\n\n\n\n<p>T\u00fa, Se\u00f1or, est\u00e1s cerca de quienes te invocan, de quienes te invocan con sinceridad.<\/p>\n\n\n\n<h3 class=\"wp-block-heading\">Salmos 32:1-2<\/h3>\n\n\n\n<p>Dichoso aqu\u00e9l cuyo pecado es perdonado, y cuya maldad queda absuelta. Dichoso aqu\u00e9l a quien el Se\u00f1or ya no acusa de impiedad, y en el que no hay enga\u00f1o.<\/p>\n\n\n\n<h3 class=\"wp-block-heading\">Salmos 25:11<\/h3>\n\n\n\n<p>Se\u00f1or, muy grande es mi pecado, pero haz honor a tu nombre, y perd\u00f3name.<\/p>\n\n\n\n<h3 class=\"wp-block-heading\">Salmos 38:4<\/h3>\n\n\n\n<p>Mi pecado pesa sobre mi cabeza; \u00a1son una carga que ya no puedo soportar!.<\/p>\n\n\n\n<h3 class=\"wp-block-heading\">Salmos 40:12<\/h3>\n\n\n\n<p>Son muchos los males que me acechan; mi maldad se ha volcado contra m\u00ed, y me ha opacado la vista. Tengo m\u00e1s problemas que pelos en la cabeza; \u00a1estoy totalmente descorazonado!.<\/p>\n\n\n\n<h3 class=\"wp-block-heading\">Salmos 40:13<\/h3>\n\n\n\n<p>Se\u00f1or, \u00a1d\u00edgnate ayudarme! Se\u00f1or, \u00a1ven pronto a socorrerme!.<\/p>\n\n\n\n<h3 class=\"wp-block-heading\">Salmos 51:10<\/h3>\n\n\n\n<p>Dios m\u00edo, \u00a1crea en m\u00ed un coraz\u00f3n limpio! \u00a1Renueva en m\u00ed un esp\u00edritu de rectitud!.<\/p>\n\n\n\n<h3 class=\"wp-block-heading\">Salmos 51:16-17<\/h3>\n\n\n\n<p>A\u00fan si yo te ofreciera sacrificios, no es eso lo que quieres; \u00a1no te agradan los holocaustos! Los sacrificios que t\u00fa quieres son el esp\u00edritu quebrantado; t\u00fa, Dios m\u00edo, no desprecias al coraz\u00f3n contrito y humillado.<\/p>\n\n\n\n<h3 class=\"wp-block-heading\">Salmos 71:15<\/h3>\n\n\n\n<p>Todo el d\u00eda mi boca proclamar\u00e1 tu justicia, y tus hechos de salvaci\u00f3n, aun cuando no puedo enumerarlos.<\/p>\n\n\n\n<h3 class=\"wp-block-heading\">Salmos 73:21-22<\/h3>\n\n\n\n<p>Yo ten\u00eda el alma llena de amargura, y sent\u00eda que el coraz\u00f3n me punzaba. Era yo tan torpe que no pod\u00eda entenderlo; en tu presencia, era yo como una bestia.<\/p>\n\n\n\n<h3 class=\"wp-block-heading\">Salmos 86:2<\/h3>\n\n\n\n<p>S\u00e1lvame la vida, pues te soy fiel. Dios m\u00edo, salva a tu siervo, que en ti conf\u00eda.<\/p>\n\n\n\n<h3 class=\"wp-block-heading\">Salmos 86:3<\/h3>\n\n\n\n<p>Se\u00f1or, ten misericordia de m\u00ed, porque a ti clamo todo el d\u00eda.<\/p>\n\n\n\n<h3 class=\"wp-block-heading\">Salmos 130:1-2<\/h3>\n\n\n\n<p>A ti clamo, Se\u00f1or, desde el fondo de mi angustia. \u00a1Escucha, Se\u00f1or, mi voz! \u00a1Que no se cierren tus o\u00eddos al clamor de mi s\u00faplica!.<\/p>\n\n\n\n<h3 class=\"wp-block-heading\">Salmos 130:7<\/h3>\n\n\n\n<p>Israel, conf\u00eda en el Se\u00f1or, porque el Se\u00f1or es misericordioso; \u00a1en \u00e9l hay abundante redenci\u00f3n!.<\/p>\n\n\n\n<h3 class=\"wp-block-heading\">Salmos 143:8<\/h3>\n\n\n\n<p>Mu\u00e9strame tu misericordia por la ma\u00f1ana, porque en ti he puesto mi confianza. Mu\u00e9strame el camino que debo seguir, porque en tus manos he puesto mi vida.<\/p>\n\n\n\n<h3 class=\"wp-block-heading\">Salmos 143:10<\/h3>\n\n\n\n<p>T\u00fa eres mi Dios; ens\u00e9\u00f1ame a hacer tu voluntad, y que tu buen esp\u00edritu me gu\u00ede por caminos rectos.<\/p>\n\n\n\n<h3 class=\"wp-block-heading\">Salmos 145:14<\/h3>\n\n\n\n<p>T\u00fa, Se\u00f1or, levantas a los que tropiezan, y reanimas a los que est\u00e1n fatigados.<\/p>\n\n\n\n<h2 class=\"wp-block-heading\">Lee Tambi\u00e9n:<\/h2>\n\n\n\n<ul class=\"wp-block-list\">\n<li><a href=\"https:\/\/thebibleverses.org\/es\/\">Vers\u00edculos por Tema<\/a><\/li>\n\n\n\n<li><a href=\"https:\/\/thebibleverses.org\/es\/amor\/\">Vers\u00edculos B\u00edblicos sobre el Amor<\/a><\/li>\n\n\n\n<li><a href=\"https:\/\/thebibleverses.org\/es\/fortaleza\/\">Vers\u00edculos B\u00edblicos de Fortaleza<\/a><\/li>\n\n\n\n<li><a href=\"https:\/\/thebibleverses.org\/es\/fe\/\">Vers\u00edculos B\u00edblicos sobre la Fe<\/a><\/li>\n\n\n\n<li><a href=\"https:\/\/thebibleverses.org\/es\/jovenes\/\">Vers\u00edculos B\u00edblicos para J\u00f3venes<\/a><\/li>\n\n\n\n<li><a href=\"https:\/\/thebibleverses.org\/es\/amistad\/\">Vers\u00edculos B\u00edblicos sobre la Amistad<\/a><\/li>\n\n\n\n<li><a href=\"https:\/\/thebibleverses.org\/es\/sanidad\/\">Vers\u00edculos B\u00edblicos sobre Sanidad<\/a><\/li>\n<\/ul>\n","protected":false},"excerpt":{"rendered":"<p>Salmos de Arrepentimiento en la Biblia Explora el camino hacia la redenci\u00f3n a trav\u00e9s de este reflexivo art\u00edculo sobre los Salmos de arrepentimiento en la Biblia. Sum\u00e9rgete en la poes\u00eda sagrada que refleja la humildad y b\u00fasqueda de perd\u00f3n. Descubre c\u00f3mo estos vers\u00edculos atemporales transmiten la lucha interior y el anhelo de renovaci\u00f3n espiritual. Desde [&hellip;]<\/p>\n","protected":false},"author":1,"featured_media":1453,"parent":0,"menu_order":0,"comment_status":"closed","ping_status":"closed","template":"","meta":{"footnotes":""},"class_list":["post-1452","page","type-page","status-publish","has-post-thumbnail","hentry","entry","fw-tab-6 fw-tabr-4"],"_links":{"self":[{"href":"https:\/\/thebibleverses.org\/es\/wp-json\/wp\/v2\/pages\/1452","targetHints":{"allow":["GET"]}}],"collection":[{"href":"https:\/\/thebibleverses.org\/es\/wp-json\/wp\/v2\/pages"}],"about":[{"href":"https:\/\/thebibleverses.org\/es\/wp-json\/wp\/v2\/types\/page"}],"author":[{"embeddable":true,"href":"https:\/\/thebibleverses.org\/es\/wp-json\/wp\/v2\/users\/1"}],"replies":[{"embeddable":true,"href":"https:\/\/thebibleverses.org\/es\/wp-json\/wp\/v2\/comments?post=1452"}],"version-history":[{"count":1,"href":"https:\/\/thebibleverses.org\/es\/wp-json\/wp\/v2\/pages\/1452\/revisions"}],"predecessor-version":[{"id":1454,"href":"https:\/\/thebibleverses.org\/es\/wp-json\/wp\/v2\/pages\/1452\/revisions\/1454"}],"wp:featuredmedia":[{"embeddable":true,"href":"https:\/\/thebibleverses.org\/es\/wp-json\/wp\/v2\/media\/1453"}],"wp:attachment":[{"href":"https:\/\/thebibleverses.org\/es\/wp-json\/wp\/v2\/media?parent=1452"}],"curies":[{"name":"wp","href":"https:\/\/api.w.org\/{rel}","templated":true}]}}