{"id":1448,"date":"2023-08-30T22:15:22","date_gmt":"2023-08-30T22:15:22","guid":{"rendered":"https:\/\/thebibleverses.org\/es\/?page_id=1448"},"modified":"2023-08-30T22:15:23","modified_gmt":"2023-08-30T22:15:23","slug":"salmos-amor-de-dios","status":"publish","type":"page","link":"https:\/\/thebibleverses.org\/es\/salmos-amor-de-dios\/","title":{"rendered":"30 Salmos sobre el Amor de Dios"},"content":{"rendered":"<div class=\"wp-block-image\">\n<figure class=\"aligncenter size-large\"><img loading=\"lazy\" decoding=\"async\" width=\"1024\" height=\"631\" src=\"https:\/\/thebibleverses.org\/es\/wp-content\/uploads\/2023\/08\/salmos-de-amor-de-dios-1024x631.webp\" alt=\"Salmos sobre el Amor de Dios\" class=\"wp-image-1450\" srcset=\"https:\/\/thebibleverses.org\/es\/wp-content\/uploads\/2023\/08\/salmos-de-amor-de-dios-1024x631.webp 1024w, https:\/\/thebibleverses.org\/es\/wp-content\/uploads\/2023\/08\/salmos-de-amor-de-dios-300x185.webp 300w, https:\/\/thebibleverses.org\/es\/wp-content\/uploads\/2023\/08\/salmos-de-amor-de-dios-768x474.webp 768w, https:\/\/thebibleverses.org\/es\/wp-content\/uploads\/2023\/08\/salmos-de-amor-de-dios-320x197.webp 320w, https:\/\/thebibleverses.org\/es\/wp-content\/uploads\/2023\/08\/salmos-de-amor-de-dios-450x278.webp 450w, https:\/\/thebibleverses.org\/es\/wp-content\/uploads\/2023\/08\/salmos-de-amor-de-dios-720x444.webp 720w, https:\/\/thebibleverses.org\/es\/wp-content\/uploads\/2023\/08\/salmos-de-amor-de-dios.webp 1200w\" sizes=\"auto, (max-width: 1024px) 100vw, 1024px\" \/><figcaption class=\"wp-element-caption\">Salmos sobre el Amor de Dios &#8211; Reina Valera Contempor\u00e1nea (RVC).<\/figcaption><\/figure><\/div>\n\n\n<h2 class=\"wp-block-heading\">Salmos sobre el Amor de Dios en la Biblia<\/h2>\n\n\n\n<p>Explora la profundidad del amor divino a trav\u00e9s de este conmovedor art\u00edculo. Sum\u00e9rgete en los Salmos de la Biblia que capturan la esencia misma del amor de Dios. Descubre c\u00f3mo estos vers\u00edculos atemporales transmiten un amor incondicional que trasciende las barreras humanas. Desde la gu\u00eda y protecci\u00f3n hasta la gracia y misericordia.<\/p>\n\n\n\n<h3 class=\"wp-block-heading\">Salmos 13:5<\/h3>\n\n\n\n<p>Yo conf\u00edo en tu misericordia; mi coraz\u00f3n se alegra en tu salvaci\u00f3n.<\/p>\n\n\n\n<h3 class=\"wp-block-heading\">Salmos 23:6<\/h3>\n\n\n\n<p>S\u00e9 que tu bondad y tu misericordia me acompa\u00f1ar\u00e1n todos los d\u00edas de mi vida, y que en tu casa, oh Se\u00f1or, vivir\u00e9 por largos d\u00edas.<\/p>\n\n\n\n<h3 class=\"wp-block-heading\">Salmos 25:10<\/h3>\n\n\n\n<p>Misericordia y verdad son los caminos del Se\u00f1or para quienes cumplen fielmente su pacto.<\/p>\n\n\n\n<h3 class=\"wp-block-heading\">Salmos 33:5<\/h3>\n\n\n\n<p>El Se\u00f1or ama la justicia y el derecho; la tierra est\u00e1 llena de su misericordia.<\/p>\n\n\n\n<h3 class=\"wp-block-heading\">Salmos 36:5<\/h3>\n\n\n\n<p>Pero tu misericordia, Se\u00f1or, llega a los cielos; \u00a1tu fidelidad se extiende hasta las nubes!.<\/p>\n\n\n\n<h3 class=\"wp-block-heading\">Salmos 42:8<\/h3>\n\n\n\n<p>Pero t\u00fa, Se\u00f1or, durante el d\u00eda me enviar\u00e1s tu gran misericordia, y por la noche tu c\u00e1ntico estar\u00e1 conmigo, con mi oraci\u00f3n a ti, Dios de mi vida.<\/p>\n\n\n\n<h3 class=\"wp-block-heading\">Salmos 52:8<\/h3>\n\n\n\n<p>\u00a1Pero m\u00edrenme a m\u00ed! \u00a1Soy como un verde olivo en la casa de Dios, y en su misericordia conf\u00edo ahora y siempre!.<\/p>\n\n\n\n<h3 class=\"wp-block-heading\">Salmos 63:3<\/h3>\n\n\n\n<p>Tu misericordia es mejor que la vida; por eso mis labios te alaban.<\/p>\n\n\n\n<h3 class=\"wp-block-heading\">Salmos 86:15<\/h3>\n\n\n\n<p>Pero t\u00fa, Se\u00f1or, eres un Dios compasivo y clemente, lento para la ira, pero grande en misericordia y verdad.<\/p>\n\n\n\n<h3 class=\"wp-block-heading\">Salmos 89:2<\/h3>\n\n\n\n<p>Por siempre afirmar\u00e9 que tu misericordia se mantendr\u00e1 firme en los cielos, y que en ellos se afirmar\u00e1 tu verdad.<\/p>\n\n\n\n<h3 class=\"wp-block-heading\">Salmos 100:5<\/h3>\n\n\n\n<p>\u00a1El Se\u00f1or es bueno! \u00a1Su misericordia es eterna! \u00a1Su verdad permanece para siempre!.<\/p>\n\n\n\n<h3 class=\"wp-block-heading\">Salmos 103:8<\/h3>\n\n\n\n<p>El Se\u00f1or es misericordioso y clemente; es lento para la ira, y grande en misericordia.<\/p>\n\n\n\n<h3 class=\"wp-block-heading\">Salmos 108:4<\/h3>\n\n\n\n<p>Pues tu bondad es m\u00e1s grande que los cielos; \u00a1hasta las nubes llega tu verdad!.<\/p>\n\n\n\n<h3 class=\"wp-block-heading\">Salmos 115:1<\/h3>\n\n\n\n<p>No somos nosotros, Se\u00f1or, no somos nosotros dignos de nada. \u00a1Es tu nombre el que merece la gloria por tu misericordia y tu verdad!.<\/p>\n\n\n\n<h3 class=\"wp-block-heading\">Salmos 118:1<\/h3>\n\n\n\n<p>\u00a1Alabemos al Se\u00f1or, porque \u00e9l es bueno; porque su misericordia permanece para siempre!.<\/p>\n\n\n\n<h3 class=\"wp-block-heading\">Salmos 136:26<\/h3>\n\n\n\n<p>\u00a1Alabemos al Dios de los cielos! \u00a1Su misericordia permanece para siempre!.<\/p>\n\n\n\n<h3 class=\"wp-block-heading\">Salmos 143:8<\/h3>\n\n\n\n<p>Mu\u00e9strame tu misericordia por la ma\u00f1ana, porque en ti he puesto mi confianza. Mu\u00e9strame el camino que debo seguir, porque en tus manos he puesto mi vida.<\/p>\n\n\n\n<h3 class=\"wp-block-heading\">Salmos 145:8<\/h3>\n\n\n\n<p>El Se\u00f1or es compasivo y lleno de ternura; lento para la ira y grande en misericordia.<\/p>\n\n\n\n<h3 class=\"wp-block-heading\">Salmos 147:11<\/h3>\n\n\n\n<p>El Se\u00f1or se complace en los que le honran, y en los que conf\u00edan en su misericordia.<\/p>\n\n\n\n<h3 class=\"wp-block-heading\">Salmos 148:8<\/h3>\n\n\n\n<p>El fuego y el granizo, la nieve y el roc\u00edo, y el viento tempestuoso que ejecuta su palabra.<\/p>\n\n\n\n<h3 class=\"wp-block-heading\">Salmos 136:1<\/h3>\n\n\n\n<p>\u00a1Alabemos al Se\u00f1or, porque \u00e9l es bueno! \u00a1Su misericordia permanece para siempre!.<\/p>\n\n\n\n<h3 class=\"wp-block-heading\">Salmos 119:64<\/h3>\n\n\n\n<p>Se\u00f1or, tu misericordia llena la tierra; \u00a1ens\u00e9\u00f1ame tus decretos!.<\/p>\n\n\n\n<h3 class=\"wp-block-heading\">Salmos 130:7<\/h3>\n\n\n\n<p>Israel, conf\u00eda en el Se\u00f1or, porque el Se\u00f1or es misericordioso; \u00a1en \u00e9l hay abundante redenci\u00f3n!.<\/p>\n\n\n\n<h3 class=\"wp-block-heading\">Salmos 136:4<\/h3>\n\n\n\n<p>El Se\u00f1or hace grandes maravillas. \u00a1Su misericordia permanece para siempre!.<\/p>\n\n\n\n<h3 class=\"wp-block-heading\">Salmos 145:9<\/h3>\n\n\n\n<p>El Se\u00f1or es bueno con todos, y se compadece de toda su creaci\u00f3n.<\/p>\n\n\n\n<h3 class=\"wp-block-heading\">Salmos 147:6<\/h3>\n\n\n\n<p>El Se\u00f1or exalta a los humildes, y humilla hasta el polvo a los malvados.<\/p>\n\n\n\n<h3 class=\"wp-block-heading\">Salmos 136:23<\/h3>\n\n\n\n<p>El Se\u00f1or se acuerda de nosotros cuando estamos abatidos. \u00a1Su misericordia permanece para siempre!.<\/p>\n\n\n\n<h3 class=\"wp-block-heading\">Salmos 103:11<\/h3>\n\n\n\n<p>Tan alta como los cielos sobre la tierra, es su misericordia con los que le honran.<\/p>\n\n\n\n<h3 class=\"wp-block-heading\">Salmos 136:25<\/h3>\n\n\n\n<p>El Se\u00f1or alimenta a todos los seres vivos. \u00a1Su misericordia permanece para siempre!.<\/p>\n\n\n\n<h3 class=\"wp-block-heading\">Salmos 136:10<\/h3>\n\n\n\n<p>El Se\u00f1or hiri\u00f3 de muerte a los primog\u00e9nitos egipcios. \u00a1Su misericordia permanece para siempre!.<\/p>\n\n\n\n<h2 class=\"wp-block-heading\">Lee Tambi\u00e9n:<\/h2>\n\n\n\n<ul class=\"wp-block-list\">\n<li><a href=\"https:\/\/thebibleverses.org\/es\/\">Vers\u00edculos por Tema<\/a><\/li>\n\n\n\n<li><a href=\"https:\/\/thebibleverses.org\/es\/amor\/\">Vers\u00edculos B\u00edblicos sobre el Amor<\/a><\/li>\n\n\n\n<li><a href=\"https:\/\/thebibleverses.org\/es\/fortaleza\/\">Vers\u00edculos B\u00edblicos de Fortaleza<\/a><\/li>\n\n\n\n<li><a href=\"https:\/\/thebibleverses.org\/es\/fe\/\">Vers\u00edculos B\u00edblicos sobre la Fe<\/a><\/li>\n\n\n\n<li><a href=\"https:\/\/thebibleverses.org\/es\/jovenes\/\">Vers\u00edculos B\u00edblicos para J\u00f3venes<\/a><\/li>\n\n\n\n<li><a href=\"https:\/\/thebibleverses.org\/es\/amistad\/\">Vers\u00edculos B\u00edblicos sobre la Amistad<\/a><\/li>\n\n\n\n<li><a href=\"https:\/\/thebibleverses.org\/es\/sanidad\/\">Vers\u00edculos B\u00edblicos sobre Sanidad<\/a><\/li>\n<\/ul>\n","protected":false},"excerpt":{"rendered":"<p>Salmos sobre el Amor de Dios en la Biblia Explora la profundidad del amor divino a trav\u00e9s de este conmovedor art\u00edculo. Sum\u00e9rgete en los Salmos de la Biblia que capturan la esencia misma del amor de Dios. Descubre c\u00f3mo estos vers\u00edculos atemporales transmiten un amor incondicional que trasciende las barreras humanas. Desde la gu\u00eda y [&hellip;]<\/p>\n","protected":false},"author":1,"featured_media":1450,"parent":0,"menu_order":0,"comment_status":"closed","ping_status":"closed","template":"","meta":{"footnotes":""},"class_list":["post-1448","page","type-page","status-publish","has-post-thumbnail","hentry","entry","fw-tab-6 fw-tabr-4"],"_links":{"self":[{"href":"https:\/\/thebibleverses.org\/es\/wp-json\/wp\/v2\/pages\/1448","targetHints":{"allow":["GET"]}}],"collection":[{"href":"https:\/\/thebibleverses.org\/es\/wp-json\/wp\/v2\/pages"}],"about":[{"href":"https:\/\/thebibleverses.org\/es\/wp-json\/wp\/v2\/types\/page"}],"author":[{"embeddable":true,"href":"https:\/\/thebibleverses.org\/es\/wp-json\/wp\/v2\/users\/1"}],"replies":[{"embeddable":true,"href":"https:\/\/thebibleverses.org\/es\/wp-json\/wp\/v2\/comments?post=1448"}],"version-history":[{"count":1,"href":"https:\/\/thebibleverses.org\/es\/wp-json\/wp\/v2\/pages\/1448\/revisions"}],"predecessor-version":[{"id":1451,"href":"https:\/\/thebibleverses.org\/es\/wp-json\/wp\/v2\/pages\/1448\/revisions\/1451"}],"wp:featuredmedia":[{"embeddable":true,"href":"https:\/\/thebibleverses.org\/es\/wp-json\/wp\/v2\/media\/1450"}],"wp:attachment":[{"href":"https:\/\/thebibleverses.org\/es\/wp-json\/wp\/v2\/media?parent=1448"}],"curies":[{"name":"wp","href":"https:\/\/api.w.org\/{rel}","templated":true}]}}