{"id":1445,"date":"2023-08-30T21:58:48","date_gmt":"2023-08-30T21:58:48","guid":{"rendered":"https:\/\/thebibleverses.org\/es\/?page_id=1445"},"modified":"2023-08-30T21:58:49","modified_gmt":"2023-08-30T21:58:49","slug":"salmos-de-bondad-de-dios","status":"publish","type":"page","link":"https:\/\/thebibleverses.org\/es\/salmos-de-bondad-de-dios\/","title":{"rendered":"45 Salmos sobre la Bondad de Dios"},"content":{"rendered":"<div class=\"wp-block-image\">\n<figure class=\"aligncenter size-large\"><img loading=\"lazy\" decoding=\"async\" width=\"1024\" height=\"631\" src=\"https:\/\/thebibleverses.org\/es\/wp-content\/uploads\/2023\/08\/salmos-de-bondad-de-dios-1024x631.webp\" alt=\"Salmos sobre la Bondad de Dios\" class=\"wp-image-1446\" srcset=\"https:\/\/thebibleverses.org\/es\/wp-content\/uploads\/2023\/08\/salmos-de-bondad-de-dios-1024x631.webp 1024w, https:\/\/thebibleverses.org\/es\/wp-content\/uploads\/2023\/08\/salmos-de-bondad-de-dios-300x185.webp 300w, https:\/\/thebibleverses.org\/es\/wp-content\/uploads\/2023\/08\/salmos-de-bondad-de-dios-768x474.webp 768w, https:\/\/thebibleverses.org\/es\/wp-content\/uploads\/2023\/08\/salmos-de-bondad-de-dios-320x197.webp 320w, https:\/\/thebibleverses.org\/es\/wp-content\/uploads\/2023\/08\/salmos-de-bondad-de-dios-450x278.webp 450w, https:\/\/thebibleverses.org\/es\/wp-content\/uploads\/2023\/08\/salmos-de-bondad-de-dios-720x444.webp 720w, https:\/\/thebibleverses.org\/es\/wp-content\/uploads\/2023\/08\/salmos-de-bondad-de-dios.webp 1200w\" sizes=\"auto, (max-width: 1024px) 100vw, 1024px\" \/><figcaption class=\"wp-element-caption\">Salmos sobre la Bondad de Dios &#8211; Reina Valera Contempor\u00e1nea (RVC).<\/figcaption><\/figure><\/div>\n\n\n<h2 class=\"wp-block-heading\">Salmos sobre la Bondad de Dios en la Biblia<\/h2>\n\n\n\n<p>Sum\u00e9rgete en la esencia reconfortante de la bondad divina a trav\u00e9s de este enriquecedor art\u00edculo. Explora c\u00f3mo los Salmos que resaltan la bondad de Dios en la Biblia han sido faros de luz en tiempos de oscuridad. Estos vers\u00edculos intemporales revelan c\u00f3mo la bondad divina se extiende a trav\u00e9s de la creaci\u00f3n, brindando esperanza y refugio en momentos de necesidad. Desde el consuelo en la aflicci\u00f3n hasta la confianza en el camino.<\/p>\n\n\n\n<h3 class=\"wp-block-heading\">Salmos 25:8<\/h3>\n\n\n\n<p>El Se\u00f1or es bueno y recto; por eso ense\u00f1a a los pecadores el camino.<\/p>\n\n\n\n<h3 class=\"wp-block-heading\">Salmos 31:19<\/h3>\n\n\n\n<p>\u00a1Cu\u00e1n grande es tu bondad, la cual reservas para los que en ti conf\u00edan! \u00a1Delante de todos la manifiestas a los que en ti buscan refugio!.<\/p>\n\n\n\n<h3 class=\"wp-block-heading\">Salmos 33:5<\/h3>\n\n\n\n<p>El Se\u00f1or ama la justicia y el derecho; la tierra est\u00e1 llena de su misericordia.<\/p>\n\n\n\n<h3 class=\"wp-block-heading\">Salmos 34:8<\/h3>\n\n\n\n<p>\u00a1Prueben ustedes mismos la bondad del Se\u00f1or! \u00a1Dichoso aqu\u00e9l que en \u00e9l conf\u00eda!.<\/p>\n\n\n\n<h3 class=\"wp-block-heading\">Salmos 36:7<\/h3>\n\n\n\n<p>Dios m\u00edo, \u00a1cu\u00e1n preciosa es tu misericordia! \u00a1La humanidad se acoge a la sombra de tus alas!.<\/p>\n\n\n\n<h3 class=\"wp-block-heading\">Salmos 52:1<\/h3>\n\n\n\n<p>Y t\u00fa, fanfarr\u00f3n, \u00bfpor qu\u00e9 presumes de tu maldad? \u00a1La misericordia de Dios es constante!.<\/p>\n\n\n\n<h3 class=\"wp-block-heading\">Salmos 69:16<\/h3>\n\n\n\n<p>Se\u00f1or, por tu bondad y misericordia, \u00a1resp\u00f3ndeme! Por tu infinita piedad, \u00a1d\u00edgnate mirarme!.<\/p>\n\n\n\n<h3 class=\"wp-block-heading\">Salmos 86:5<\/h3>\n\n\n\n<p>T\u00fa, Se\u00f1or, eres bondadoso y sabes perdonar; \u00a1grande es tu misericordia para los que te invocan!.<\/p>\n\n\n\n<h3 class=\"wp-block-heading\">Salmos 89:1<\/h3>\n\n\n\n<p>Por siempre alabar\u00e9 la misericordia del Se\u00f1or; de una generaci\u00f3n a otra, mis labios exaltar\u00e1n tu fidelidad.<\/p>\n\n\n\n<h3 class=\"wp-block-heading\">Salmos 100:5<\/h3>\n\n\n\n<p>\u00a1El Se\u00f1or es bueno! \u00a1Su misericordia es eterna! \u00a1Su verdad permanece para siempre!.<\/p>\n\n\n\n<h3 class=\"wp-block-heading\">Salmos 103:4<\/h3>\n\n\n\n<p>El Se\u00f1or te rescata de la muerte, y te colma de favores y de su misericordia.<\/p>\n\n\n\n<h3 class=\"wp-block-heading\">Salmos 106:1<\/h3>\n\n\n\n<p>\u00a1Aleluya! \u00a1Alabemos al Se\u00f1or, porque \u00e9l es bueno, porque su misericordia permanece para siempre.<\/p>\n\n\n\n<h3 class=\"wp-block-heading\">Salmos 107:1<\/h3>\n\n\n\n<p>\u00a1Alabemos al Se\u00f1or, porque \u00e9l es bueno; porque su misericordia es constante!.<\/p>\n\n\n\n<h3 class=\"wp-block-heading\">Salmos 116:5<\/h3>\n\n\n\n<p>El Se\u00f1or es justo y compasivo; nuestro Dios es todo bondad.<\/p>\n\n\n\n<h3 class=\"wp-block-heading\">Salmos 117:2<\/h3>\n\n\n\n<p>\u00a1Grande es su misericordia por nosotros! \u00a1La fidelidad del Se\u00f1or permanece para siempre! \u00a1Aleluya!.<\/p>\n\n\n\n<h3 class=\"wp-block-heading\">Salmos 118:1<\/h3>\n\n\n\n<p>\u00a1Alabemos al Se\u00f1or, porque \u00e9l es bueno; porque su misericordia permanece para siempre!.<\/p>\n\n\n\n<h3 class=\"wp-block-heading\">Salmos 136:1<\/h3>\n\n\n\n<p>\u00a1Alabemos al Se\u00f1or, porque \u00e9l es bueno! \u00a1Su misericordia permanece para siempre!.<\/p>\n\n\n\n<h3 class=\"wp-block-heading\">Salmos 145:8<\/h3>\n\n\n\n<p>El Se\u00f1or es compasivo y lleno de ternura; lento para la ira y grande en misericordia.<\/p>\n\n\n\n<h3 class=\"wp-block-heading\">Salmos 145:9<\/h3>\n\n\n\n<p>El Se\u00f1or es bueno con todos, y se compadece de toda su creaci\u00f3n.<\/p>\n\n\n\n<h3 class=\"wp-block-heading\">Salmos 147:5<\/h3>\n\n\n\n<p>Nuestro Se\u00f1or es grande y poderoso, y su sabidur\u00eda no tiene l\u00edmite.<\/p>\n\n\n\n<h3 class=\"wp-block-heading\">Salmos 147:8<\/h3>\n\n\n\n<p>El Se\u00f1or cubre de nubes los cielos, y hace que llueva sobre la tierra;<br>El Se\u00f1or hace crecer la hierba de los montes.<\/p>\n\n\n\n<h3 class=\"wp-block-heading\">Salmos 147:11<\/h3>\n\n\n\n<p>El Se\u00f1or se complace en los que le honran, y en los que conf\u00edan en su misericordia.<\/p>\n\n\n\n<h3 class=\"wp-block-heading\">Salmos 145:15<\/h3>\n\n\n\n<p>Todos fijan en ti su mirada, y t\u00fa les das su comida a su tiempo.<\/p>\n\n\n\n<h3 class=\"wp-block-heading\">Salmos 145:16<\/h3>\n\n\n\n<p>Cuando abres tus manos, colmas de bendiciones a todos los seres vivos.<\/p>\n\n\n\n<h3 class=\"wp-block-heading\">Salmos 145:20<\/h3>\n\n\n\n<p>T\u00fa, Se\u00f1or, proteges a los que te aman, pero destruyes a los malvados.<\/p>\n\n\n\n<h3 class=\"wp-block-heading\">Salmos 146:7<\/h3>\n\n\n\n<p>Hace justicia a los oprimidos, y da de comer a los que tienen hambre. El Se\u00f1or da libertad a los cautivos.<\/p>\n\n\n\n<h3 class=\"wp-block-heading\">Salmos 147:14<\/h3>\n\n\n\n<p>El Se\u00f1or mantiene en paz tus fronteras, y te sacia con lo mejor del trigo.<\/p>\n\n\n\n<h3 class=\"wp-block-heading\">Salmos 31:21<\/h3>\n\n\n\n<p>\u00a1Bendito seas, Se\u00f1or! \u00a1Grande ha sido tu misericordia por m\u00ed! \u00a1Me pusiste en una ciudad fortificada!.<\/p>\n\n\n\n<h3 class=\"wp-block-heading\">Salmos 36:10<\/h3>\n\n\n\n<p>Muestra tu misericordia a los que te conocen; muestra tu justicia a los de recto coraz\u00f3n.<\/p>\n\n\n\n<h3 class=\"wp-block-heading\">Salmos 107:8<\/h3>\n\n\n\n<p>\u00a1Alabemos la misericordia del Se\u00f1or y sus grandes hechos en favor de los mortales!.<\/p>\n\n\n\n<h3 class=\"wp-block-heading\">Salmos 3:8<\/h3>\n\n\n\n<p>A ti, Se\u00f1or, te corresponde salvar; \u00a1derrama tus bendiciones sobre tu pueblo!.<\/p>\n\n\n\n<h3 class=\"wp-block-heading\">Salmos 20:4<\/h3>\n\n\n\n<p>Que responda a los deseos de tu coraz\u00f3n y te conceda todas tus peticiones.<\/p>\n\n\n\n<h3 class=\"wp-block-heading\">Salmos 29:11<\/h3>\n\n\n\n<p>El Se\u00f1or infunde poder a su pueblo y lo bendice con la paz.<\/p>\n\n\n\n<h3 class=\"wp-block-heading\">Salmos 41:1<\/h3>\n\n\n\n<p>\u00a1Dichoso aqu\u00e9l que piensa en los pobres! En los d\u00edas malos el Se\u00f1or lo ayudar\u00e1.<\/p>\n\n\n\n<h3 class=\"wp-block-heading\">Salmos 65:4<\/h3>\n\n\n\n<p>\u00a1Cu\u00e1n dichoso es aquel a quien t\u00fa escoges y lo llevas a vivir en tus atrios! Nosotros quedamos plenamente satisfechos con las bondades de tu casa, con las bendiciones de tu santo templo.<\/p>\n\n\n\n<h3 class=\"wp-block-heading\">Salmos 84:12<\/h3>\n\n\n\n<p>Se\u00f1or de los ej\u00e9rcitos, \u00a1cu\u00e1n dichoso es el que en ti conf\u00eda!.<\/p>\n\n\n\n<h3 class=\"wp-block-heading\">Salmos 89:52<\/h3>\n\n\n\n<p>\u00a1Bendito sea el Se\u00f1or para siempre! \u00a1Am\u00e9n, y Am\u00e9n!.<\/p>\n\n\n\n<h3 class=\"wp-block-heading\">Salmos 106:48<\/h3>\n\n\n\n<p>\u00a1Bendito seas Se\u00f1or, Dios de Israel, desde siempre y hasta siempre! Que todo el pueblo diga: \u00ab\u00a1Am\u00e9n!\u00bb \u00a1Aleluya!.<\/p>\n\n\n\n<h3 class=\"wp-block-heading\">Salmos 115:15<\/h3>\n\n\n\n<p>\u00a1Benditos sean ustedes por el Se\u00f1or, creador del cielo y de la tierra!.<\/p>\n\n\n\n<h3 class=\"wp-block-heading\">Salmos 127:3-5<\/h3>\n\n\n\n<p>Los hijos son un regalo del Se\u00f1or; los frutos del vientre son nuestra recompensa. Los hijos que nos nacen en nuestra juventud son como flechas en manos de un guerrero. \u00a1Dichoso aqu\u00e9l que llena su aljaba<br>con muchas de estas flechas! No tendr\u00e1 de qu\u00e9 avergonzarse cuando se defienda ante sus enemigos.<\/p>\n\n\n\n<h3 class=\"wp-block-heading\">Salmos 128:1-2<\/h3>\n\n\n\n<p>\u00a1Dichosos todos los que honran al Se\u00f1or! \u00a1Dichosos los que van por sus caminos! \u00a1Dichoso ser\u00e1s, y te ir\u00e1 bien, cuando te alimentes del fruto de tu trabajo!.<\/p>\n\n\n\n<h3 class=\"wp-block-heading\">Salmos 144:15<\/h3>\n\n\n\n<p>\u00a1Dichoso el pueblo que tiene todo esto! \u00a1Dichoso el pueblo cuyo Dios es el Se\u00f1or!.<\/p>\n\n\n\n<h3 class=\"wp-block-heading\">Salmos 146:5<\/h3>\n\n\n\n<p>\u00a1Dichosos los que conf\u00edan en el Dios de Jacob, los que cuentan con la ayuda de Dios, el Se\u00f1or!.<\/p>\n\n\n\n<h3 class=\"wp-block-heading\">Salmos 1:1<\/h3>\n\n\n\n<p>Bienaventurado el hombre que no anda en compa\u00f1\u00eda de malvados, ni se detiene a hablar con pecadores, ni se sienta a conversar con blasfemos.<\/p>\n\n\n\n<h3 class=\"wp-block-heading\">Salmos 65:4<\/h3>\n\n\n\n<p>\u00a1Cu\u00e1n dichoso es aquel a quien t\u00fa escoges y lo llevas a vivir en tus atrios! Nosotros quedamos plenamente satisfechos con las bondades de tu casa, con las bendiciones de tu santo templo.<\/p>\n\n\n\n<h2 class=\"wp-block-heading\">Lee Tambi\u00e9n:<\/h2>\n\n\n\n<ul class=\"wp-block-list\">\n<li><a href=\"https:\/\/thebibleverses.org\/es\/\">Vers\u00edculos por Tema<\/a><\/li>\n\n\n\n<li><a href=\"https:\/\/thebibleverses.org\/es\/amor\/\">Vers\u00edculos B\u00edblicos sobre el Amor<\/a><\/li>\n\n\n\n<li><a href=\"https:\/\/thebibleverses.org\/es\/fortaleza\/\">Vers\u00edculos B\u00edblicos de Fortaleza<\/a><\/li>\n\n\n\n<li><a href=\"https:\/\/thebibleverses.org\/es\/fe\/\">Vers\u00edculos B\u00edblicos sobre la Fe<\/a><\/li>\n\n\n\n<li><a href=\"https:\/\/thebibleverses.org\/es\/jovenes\/\">Vers\u00edculos B\u00edblicos para J\u00f3venes<\/a><\/li>\n\n\n\n<li><a href=\"https:\/\/thebibleverses.org\/es\/amistad\/\">Vers\u00edculos B\u00edblicos sobre la Amistad<\/a><\/li>\n\n\n\n<li><a href=\"https:\/\/thebibleverses.org\/es\/sanidad\/\">Vers\u00edculos B\u00edblicos sobre Sanidad<\/a><\/li>\n<\/ul>\n","protected":false},"excerpt":{"rendered":"<p>Salmos sobre la Bondad de Dios en la Biblia Sum\u00e9rgete en la esencia reconfortante de la bondad divina a trav\u00e9s de este enriquecedor art\u00edculo. Explora c\u00f3mo los Salmos que resaltan la bondad de Dios en la Biblia han sido faros de luz en tiempos de oscuridad. Estos vers\u00edculos intemporales revelan c\u00f3mo la bondad divina se [&hellip;]<\/p>\n","protected":false},"author":1,"featured_media":1446,"parent":0,"menu_order":0,"comment_status":"closed","ping_status":"closed","template":"","meta":{"footnotes":""},"class_list":["post-1445","page","type-page","status-publish","has-post-thumbnail","hentry","entry","fw-tab-6 fw-tabr-4"],"_links":{"self":[{"href":"https:\/\/thebibleverses.org\/es\/wp-json\/wp\/v2\/pages\/1445","targetHints":{"allow":["GET"]}}],"collection":[{"href":"https:\/\/thebibleverses.org\/es\/wp-json\/wp\/v2\/pages"}],"about":[{"href":"https:\/\/thebibleverses.org\/es\/wp-json\/wp\/v2\/types\/page"}],"author":[{"embeddable":true,"href":"https:\/\/thebibleverses.org\/es\/wp-json\/wp\/v2\/users\/1"}],"replies":[{"embeddable":true,"href":"https:\/\/thebibleverses.org\/es\/wp-json\/wp\/v2\/comments?post=1445"}],"version-history":[{"count":1,"href":"https:\/\/thebibleverses.org\/es\/wp-json\/wp\/v2\/pages\/1445\/revisions"}],"predecessor-version":[{"id":1447,"href":"https:\/\/thebibleverses.org\/es\/wp-json\/wp\/v2\/pages\/1445\/revisions\/1447"}],"wp:featuredmedia":[{"embeddable":true,"href":"https:\/\/thebibleverses.org\/es\/wp-json\/wp\/v2\/media\/1446"}],"wp:attachment":[{"href":"https:\/\/thebibleverses.org\/es\/wp-json\/wp\/v2\/media?parent=1445"}],"curies":[{"name":"wp","href":"https:\/\/api.w.org\/{rel}","templated":true}]}}