{"id":1442,"date":"2023-08-30T21:39:10","date_gmt":"2023-08-30T21:39:10","guid":{"rendered":"https:\/\/thebibleverses.org\/es\/?page_id=1442"},"modified":"2023-08-30T21:39:12","modified_gmt":"2023-08-30T21:39:12","slug":"salmos-de-bendicion","status":"publish","type":"page","link":"https:\/\/thebibleverses.org\/es\/salmos-de-bendicion\/","title":{"rendered":"40 Salmos de Bendici\u00f3n en la Biblia"},"content":{"rendered":"<div class=\"wp-block-image\">\n<figure class=\"aligncenter size-large\"><img loading=\"lazy\" decoding=\"async\" width=\"1024\" height=\"631\" src=\"https:\/\/thebibleverses.org\/es\/wp-content\/uploads\/2023\/08\/salmos-de-bendici195179n-1024x631.webp\" alt=\"Salmos de Bendici\u00f3n de Dios\" class=\"wp-image-1443\" srcset=\"https:\/\/thebibleverses.org\/es\/wp-content\/uploads\/2023\/08\/salmos-de-bendici195179n-1024x631.webp 1024w, https:\/\/thebibleverses.org\/es\/wp-content\/uploads\/2023\/08\/salmos-de-bendici195179n-300x185.webp 300w, https:\/\/thebibleverses.org\/es\/wp-content\/uploads\/2023\/08\/salmos-de-bendici195179n-768x474.webp 768w, https:\/\/thebibleverses.org\/es\/wp-content\/uploads\/2023\/08\/salmos-de-bendici195179n-320x197.webp 320w, https:\/\/thebibleverses.org\/es\/wp-content\/uploads\/2023\/08\/salmos-de-bendici195179n-450x278.webp 450w, https:\/\/thebibleverses.org\/es\/wp-content\/uploads\/2023\/08\/salmos-de-bendici195179n-720x444.webp 720w, https:\/\/thebibleverses.org\/es\/wp-content\/uploads\/2023\/08\/salmos-de-bendici195179n.webp 1200w\" sizes=\"auto, (max-width: 1024px) 100vw, 1024px\" \/><figcaption class=\"wp-element-caption\">Salmos de Bendici\u00f3n de Dios &#8211; Reina Valera Contempor\u00e1nea (RVC).<\/figcaption><\/figure><\/div>\n\n\n<h2 class=\"wp-block-heading\">Salmos de Bendici\u00f3n para tu Vida, Hogar o Familia<\/h2>\n\n\n\n<p>Descubre la poderosa influencia de los Salmos de bendici\u00f3n en tu vida, hogar y familia a trav\u00e9s de este enriquecedor art\u00edculo. Explora c\u00f3mo estas antiguas expresiones de bienestar han perdurado a lo largo del tiempo, infundiendo cada rinc\u00f3n de la existencia con prosperidad y paz. Desde la fortaleza en los desaf\u00edos hasta la armon\u00eda en los lazos familiares.<\/p>\n\n\n\n<h3 class=\"wp-block-heading\">Salmos 1:1-3<\/h3>\n\n\n\n<p>Bienaventurado el hombre que no anda en compa\u00f1\u00eda de malvados, ni se detiene a hablar con pecadores, ni se sienta a conversar con blasfemos. Que, por el contrario, se deleita en la ley del Se\u00f1or, y d\u00eda y noche medita en ella. Ese hombre es como un \u00e1rbol plantado junto a los arroyos: llegado el momento da su fruto, y sus hojas no se marchitan. \u00a1En todo lo que hace, prospera.<\/p>\n\n\n\n<h3 class=\"wp-block-heading\">Salmos 2:12<\/h3>\n\n\n\n<p>R\u00edndanse a los pies de su Hijo, no sea que \u00e9l se enoje y ustedes perezcan, pues su enojo se enciende de repente. \u00a1Bienaventurados son los que en \u00e9l conf\u00edan!.<\/p>\n\n\n\n<h3 class=\"wp-block-heading\">Salmos 3:8<\/h3>\n\n\n\n<p>A ti, Se\u00f1or, te corresponde salvar; \u00a1derrama tus bendiciones sobre tu pueblo!.<\/p>\n\n\n\n<h3 class=\"wp-block-heading\">Salmos 20:4<\/h3>\n\n\n\n<p>Que responda a los deseos de tu coraz\u00f3n y te conceda todas tus peticiones.<\/p>\n\n\n\n<h3 class=\"wp-block-heading\">Salmos 21:6<\/h3>\n\n\n\n<p>Lo has bendecido para siempre; con tu presencia lo has llenado de alegr\u00eda.<\/p>\n\n\n\n<h3 class=\"wp-block-heading\">Salmos 28:7<\/h3>\n\n\n\n<p>T\u00fa, Se\u00f1or, eres mi escudo y mi fuerza; en ti conf\u00eda mi coraz\u00f3n, pues recibo tu ayuda. Por eso mi coraz\u00f3n se alegra y te alaba con sus c\u00e1nticos.<\/p>\n\n\n\n<h3 class=\"wp-block-heading\">Salmos 29:11<\/h3>\n\n\n\n<p>El Se\u00f1or infunde poder a su pueblo y lo bendice con la paz.<\/p>\n\n\n\n<h3 class=\"wp-block-heading\">Salmos 32:1-2<\/h3>\n\n\n\n<p>Dichoso aqu\u00e9l cuyo pecado es perdonado, y cuya maldad queda absuelta. Dichoso aqu\u00e9l a quien el Se\u00f1or ya no acusa de impiedad, y en el que no hay enga\u00f1o.<\/p>\n\n\n\n<h3 class=\"wp-block-heading\">Salmos 33:12<\/h3>\n\n\n\n<p>Dichosa la naci\u00f3n cuyo Dios es el Se\u00f1or, \u00a1el pueblo que \u00e9l escogi\u00f3 como su propiedad!.<\/p>\n\n\n\n<h3 class=\"wp-block-heading\">Salmos 34:8<\/h3>\n\n\n\n<p>\u00a1Prueben ustedes mismos la bondad del Se\u00f1or! \u00a1Dichoso aqu\u00e9l que en \u00e9l conf\u00eda!.<\/p>\n\n\n\n<h3 class=\"wp-block-heading\">Salmos 40:4<\/h3>\n\n\n\n<p>Dichoso el hombre que conf\u00eda en el Se\u00f1or y no en gente soberbia y mentirosa.<\/p>\n\n\n\n<h3 class=\"wp-block-heading\">Salmos 41:1<\/h3>\n\n\n\n<p>\u00a1Dichoso aqu\u00e9l que piensa en los pobres! En los d\u00edas malos el Se\u00f1or lo ayudar\u00e1.<\/p>\n\n\n\n<h3 class=\"wp-block-heading\">Salmos 65:4<\/h3>\n\n\n\n<p>\u00a1Cu\u00e1n dichoso es aquel a quien t\u00fa escoges y lo llevas a vivir en tus atrios! Nosotros quedamos plenamente satisfechos con las bondades de tu casa, con las bendiciones de tu santo templo.<\/p>\n\n\n\n<h3 class=\"wp-block-heading\">Salmos 84:4<\/h3>\n\n\n\n<p>\u00a1Cu\u00e1n felices son los que habitan en tu templo! \u00a1Todo el tiempo te cantan alabanzas!.<\/p>\n\n\n\n<h3 class=\"wp-block-heading\">Salmos 84:5<\/h3>\n\n\n\n<p>\u00a1Cu\u00e1n felices son los que hallan fuerzas en ti, los que ponen su coraz\u00f3n en tus caminos!.<\/p>\n\n\n\n<h3 class=\"wp-block-heading\">Salmos 89:15<\/h3>\n\n\n\n<p>\u00a1Dichoso el pueblo que sabe aclamarte, y que anda, Se\u00f1or, a la luz de tu rostro.<\/p>\n\n\n\n<h3 class=\"wp-block-heading\">Salmos 94:12<\/h3>\n\n\n\n<p>Se\u00f1or, \u00a1cu\u00e1n dichosos son aquellos a quienes corriges e instruyes en tu ley!.<\/p>\n\n\n\n<h3 class=\"wp-block-heading\">Salmos 94:19<\/h3>\n\n\n\n<p>Cuando me vi abrumado por la angustia, t\u00fa me brindaste consuelo y alegr\u00eda.<\/p>\n\n\n\n<h3 class=\"wp-block-heading\">Salmos 106:3<\/h3>\n\n\n\n<p>\u00a1Dichosos los que imparten justicia y siempre practican el derecho!.<\/p>\n\n\n\n<h3 class=\"wp-block-heading\">Salmos 112:1<\/h3>\n\n\n\n<p>Dichoso el hombre que honra al Se\u00f1or y se deleita obedeciendo sus mandatos.<\/p>\n\n\n\n<h3 class=\"wp-block-heading\">Salmos 115:15<\/h3>\n\n\n\n<p>\u00a1Benditos sean ustedes por el Se\u00f1or, creador del cielo y de la tierra!.<\/p>\n\n\n\n<h3 class=\"wp-block-heading\">Salmos 119:1-2<\/h3>\n\n\n\n<p>Dichosos los de conducta perfecta, los que siguen las ense\u00f1anzas del Se\u00f1or. Dichosos los que cumplen sus testimonios, y lo buscan de todo coraz\u00f3n.<\/p>\n\n\n\n<h3 class=\"wp-block-heading\">Salmos 127:3-5<\/h3>\n\n\n\n<p>Los hijos son un regalo del Se\u00f1or; los frutos del vientre son nuestra recompensa. Los hijos que nos nacen en nuestra juventud son como flechas en manos de un guerrero. \u00a1Dichoso aqu\u00e9l que llena su aljaba<br>con muchas de estas flechas! No tendr\u00e1 de qu\u00e9 avergonzarse cuando se defienda ante sus enemigos.<\/p>\n\n\n\n<h3 class=\"wp-block-heading\">Salmos 128:1-2<\/h3>\n\n\n\n<p>\u00a1Dichosos todos los que honran al Se\u00f1or! \u00a1Dichosos los que van por sus caminos! \u00a1Dichoso ser\u00e1s, y te ir\u00e1 bien, cuando te alimentes del fruto de tu trabajo!.<\/p>\n\n\n\n<h3 class=\"wp-block-heading\">Salmos 137:8-9<\/h3>\n\n\n\n<p>\u00a1Tambi\u00e9n t\u00fa, Babilonia, ser\u00e1s arrasada! \u00a1Dichoso el que te d\u00e9 tu merecido por todo el mal que nos hiciste! \u00a1Dichoso el que agarre a tus ni\u00f1os y los estrelle contra las rocas!.<\/p>\n\n\n\n<h3 class=\"wp-block-heading\">Salmos 144:15<\/h3>\n\n\n\n<p>\u00a1Dichoso el pueblo que tiene todo esto! \u00a1Dichoso el pueblo cuyo Dios es el Se\u00f1or!.<\/p>\n\n\n\n<h3 class=\"wp-block-heading\">Salmos 146:5<\/h3>\n\n\n\n<p>\u00a1Dichosos los que conf\u00edan en el Dios de Jacob, los que cuentan con la ayuda de Dios, el Se\u00f1or!.<\/p>\n\n\n\n<h3 class=\"wp-block-heading\">Salmos 147:13<\/h3>\n\n\n\n<p>El Se\u00f1or refuerza los cerrojos de tus puertas, y bendice a los que habitan dentro de tus muros.<\/p>\n\n\n\n<h3 class=\"wp-block-heading\">Salmos 149:2<\/h3>\n\n\n\n<p>\u00a1Que Israel se alegre en su creador! \u00a1Que los hijos de Si\u00f3n se regocijen por su Rey!.<\/p>\n\n\n\n<h3 class=\"wp-block-heading\">Salmos 1:1<\/h3>\n\n\n\n<p>Bienaventurado el hombre que no anda en compa\u00f1\u00eda de malvados, ni se detiene a hablar con pecadores, ni se sienta a conversar con blasfemos.<\/p>\n\n\n\n<h3 class=\"wp-block-heading\">Salmos 65:4<\/h3>\n\n\n\n<p>\u00a1Cu\u00e1n dichoso es aquel a quien t\u00fa escoges y lo llevas a vivir en tus atrios! Nosotros quedamos plenamente satisfechos con las bondades de tu casa, con las bendiciones de tu santo templo.<\/p>\n\n\n\n<h3 class=\"wp-block-heading\">Salmos 68:19<\/h3>\n\n\n\n<p>Bendito sea el Se\u00f1or, el Dios de nuestra salvaci\u00f3n, que todos los d\u00edas nos colma de beneficios.<\/p>\n\n\n\n<h3 class=\"wp-block-heading\">Salmos 72:17<\/h3>\n\n\n\n<p>\u00a1Que su nombre sea siempre recordado! \u00a1Que su nombre permanezca mientras el sol exista! \u00a1Que todas las naciones sean bendecidas por \u00e9l,<br>y que lo llamen bienaventurado!.<\/p>\n\n\n\n<h3 class=\"wp-block-heading\">Salmos 84:12<\/h3>\n\n\n\n<p>Se\u00f1or de los ej\u00e9rcitos, \u00a1cu\u00e1n dichoso es el que en ti conf\u00eda!.<\/p>\n\n\n\n<h3 class=\"wp-block-heading\">Salmos 89:52<\/h3>\n\n\n\n<p>\u00a1Bendito sea el Se\u00f1or para siempre! \u00a1Am\u00e9n, y Am\u00e9n!.<\/p>\n\n\n\n<h3 class=\"wp-block-heading\">Salmos 106:48<\/h3>\n\n\n\n<p>\u00a1Bendito seas Se\u00f1or, Dios de Israel, desde siempre y hasta siempre! Que todo el pueblo diga: \u00ab\u00a1Am\u00e9n!\u00bb \u00a1Aleluya!.<\/p>\n\n\n\n<h3 class=\"wp-block-heading\">Salmos 135:21<\/h3>\n\n\n\n<p>\u00a1Bendito sea desde Si\u00f3n el Se\u00f1or, que habita en Jerusal\u00e9n! \u00a1Aleluya!.<\/p>\n\n\n\n<h3 class=\"wp-block-heading\">Salmos 144:1<\/h3>\n\n\n\n<p>\u00a1Bendito seas, Se\u00f1or, mi roca! T\u00fa me entrenas para la batalla; fortaleces mis manos para el combate.<\/p>\n\n\n\n<h3 class=\"wp-block-heading\">Salmos 145:21<\/h3>\n\n\n\n<p>Se\u00f1or, mis labios proclamar\u00e1n tu alabanza. \u00a1Que la humanidad entera bendiga tu santo nombre desde ahora y hasta siempre!.<\/p>\n\n\n\n<h3 class=\"wp-block-heading\">Salmos 150:6<\/h3>\n\n\n\n<p>\u00a1Que todo lo que respira alabe al Se\u00f1or! \u00a1Aleluya!.<\/p>\n\n\n\n<h2 class=\"wp-block-heading\">Lee Tambi\u00e9n:<\/h2>\n\n\n\n<ul class=\"wp-block-list\">\n<li><a href=\"https:\/\/thebibleverses.org\/es\/\">Vers\u00edculos por Tema<\/a><\/li>\n\n\n\n<li><a href=\"https:\/\/thebibleverses.org\/es\/amor\/\">Vers\u00edculos B\u00edblicos sobre el Amor<\/a><\/li>\n\n\n\n<li><a href=\"https:\/\/thebibleverses.org\/es\/fortaleza\/\">Vers\u00edculos B\u00edblicos de Fortaleza<\/a><\/li>\n\n\n\n<li><a href=\"https:\/\/thebibleverses.org\/es\/fe\/\">Vers\u00edculos B\u00edblicos sobre la Fe<\/a><\/li>\n\n\n\n<li><a href=\"https:\/\/thebibleverses.org\/es\/jovenes\/\">Vers\u00edculos B\u00edblicos para J\u00f3venes<\/a><\/li>\n\n\n\n<li><a href=\"https:\/\/thebibleverses.org\/es\/amistad\/\">Vers\u00edculos B\u00edblicos sobre la Amistad<\/a><\/li>\n\n\n\n<li><a href=\"https:\/\/thebibleverses.org\/es\/sanidad\/\">Vers\u00edculos B\u00edblicos sobre Sanidad<\/a><\/li>\n<\/ul>\n","protected":false},"excerpt":{"rendered":"<p>Salmos de Bendici\u00f3n para tu Vida, Hogar o Familia Descubre la poderosa influencia de los Salmos de bendici\u00f3n en tu vida, hogar y familia a trav\u00e9s de este enriquecedor art\u00edculo. Explora c\u00f3mo estas antiguas expresiones de bienestar han perdurado a lo largo del tiempo, infundiendo cada rinc\u00f3n de la existencia con prosperidad y paz. Desde [&hellip;]<\/p>\n","protected":false},"author":1,"featured_media":1443,"parent":0,"menu_order":0,"comment_status":"closed","ping_status":"closed","template":"","meta":{"footnotes":""},"class_list":["post-1442","page","type-page","status-publish","has-post-thumbnail","hentry","entry","fw-tab-6 fw-tabr-4"],"_links":{"self":[{"href":"https:\/\/thebibleverses.org\/es\/wp-json\/wp\/v2\/pages\/1442","targetHints":{"allow":["GET"]}}],"collection":[{"href":"https:\/\/thebibleverses.org\/es\/wp-json\/wp\/v2\/pages"}],"about":[{"href":"https:\/\/thebibleverses.org\/es\/wp-json\/wp\/v2\/types\/page"}],"author":[{"embeddable":true,"href":"https:\/\/thebibleverses.org\/es\/wp-json\/wp\/v2\/users\/1"}],"replies":[{"embeddable":true,"href":"https:\/\/thebibleverses.org\/es\/wp-json\/wp\/v2\/comments?post=1442"}],"version-history":[{"count":1,"href":"https:\/\/thebibleverses.org\/es\/wp-json\/wp\/v2\/pages\/1442\/revisions"}],"predecessor-version":[{"id":1444,"href":"https:\/\/thebibleverses.org\/es\/wp-json\/wp\/v2\/pages\/1442\/revisions\/1444"}],"wp:featuredmedia":[{"embeddable":true,"href":"https:\/\/thebibleverses.org\/es\/wp-json\/wp\/v2\/media\/1443"}],"wp:attachment":[{"href":"https:\/\/thebibleverses.org\/es\/wp-json\/wp\/v2\/media?parent=1442"}],"curies":[{"name":"wp","href":"https:\/\/api.w.org\/{rel}","templated":true}]}}