{"id":1438,"date":"2023-08-30T00:44:47","date_gmt":"2023-08-30T00:44:47","guid":{"rendered":"https:\/\/thebibleverses.org\/es\/?page_id=1438"},"modified":"2023-08-30T00:45:40","modified_gmt":"2023-08-30T00:45:40","slug":"salmos-fidelidad-de-dios","status":"publish","type":"page","link":"https:\/\/thebibleverses.org\/es\/salmos-fidelidad-de-dios\/","title":{"rendered":"30 Salmos sobre La Fidelidad de Dios"},"content":{"rendered":"<div class=\"wp-block-image\">\n<figure class=\"aligncenter size-large\"><img loading=\"lazy\" decoding=\"async\" width=\"1024\" height=\"631\" src=\"https:\/\/thebibleverses.org\/es\/wp-content\/uploads\/2023\/08\/salmos-fidelidad-de-dios-1024x631.webp\" alt=\"Salmos sobre La Fidelidad de Dios\" class=\"wp-image-1439\" srcset=\"https:\/\/thebibleverses.org\/es\/wp-content\/uploads\/2023\/08\/salmos-fidelidad-de-dios-1024x631.webp 1024w, https:\/\/thebibleverses.org\/es\/wp-content\/uploads\/2023\/08\/salmos-fidelidad-de-dios-300x185.webp 300w, https:\/\/thebibleverses.org\/es\/wp-content\/uploads\/2023\/08\/salmos-fidelidad-de-dios-768x474.webp 768w, https:\/\/thebibleverses.org\/es\/wp-content\/uploads\/2023\/08\/salmos-fidelidad-de-dios-320x197.webp 320w, https:\/\/thebibleverses.org\/es\/wp-content\/uploads\/2023\/08\/salmos-fidelidad-de-dios-450x278.webp 450w, https:\/\/thebibleverses.org\/es\/wp-content\/uploads\/2023\/08\/salmos-fidelidad-de-dios-720x444.webp 720w, https:\/\/thebibleverses.org\/es\/wp-content\/uploads\/2023\/08\/salmos-fidelidad-de-dios.webp 1200w\" sizes=\"auto, (max-width: 1024px) 100vw, 1024px\" \/><figcaption class=\"wp-element-caption\">Salmos sobre La Fidelidad de Dios &#8211; Reina Valera Contempor\u00e1nea (RVC).<\/figcaption><\/figure><\/div>\n\n\n<h2 class=\"wp-block-heading\">Salmos sobre La Fidelidad de Dios en la Biblia<\/h2>\n\n\n\n<p>Sum\u00e9rgete en la profunda esencia de la fidelidad divina a trav\u00e9s de este art\u00edculo inspirador sobre los Salmos que destacan la fidelidad de Dios en la Biblia. Explora c\u00f3mo estos vers\u00edculos atemporales transmiten la confiabilidad y el compromiso de lo divino con la humanidad. Descubre c\u00f3mo los Salmos sobre la fidelidad iluminan la relaci\u00f3n entre lo humano y lo trascendental, infundiendo esperanza y seguridad en tiempos de incertidumbre. Desde la protecci\u00f3n en la tormenta hasta la gu\u00eda constante.<\/p>\n\n\n\n<h3 class=\"wp-block-heading\">Salmos 13:5<\/h3>\n\n\n\n<p>Yo conf\u00edo en tu misericordia; mi coraz\u00f3n se alegra en tu salvaci\u00f3n.<\/p>\n\n\n\n<h3 class=\"wp-block-heading\">Salmos 18:25<\/h3>\n\n\n\n<p>Se\u00f1or, t\u00fa eres fiel con el que es fiel, e intachable con el que es intachable.<\/p>\n\n\n\n<h3 class=\"wp-block-heading\">Salmos 23:1<\/h3>\n\n\n\n<p>El Se\u00f1or es mi pastor; nada me falta.<\/p>\n\n\n\n<h3 class=\"wp-block-heading\">Salmos 25:10<\/h3>\n\n\n\n<p>Misericordia y verdad son los caminos del Se\u00f1or para quienes cumplen fielmente su pacto.<\/p>\n\n\n\n<h3 class=\"wp-block-heading\">Salmos 31:5<\/h3>\n\n\n\n<p>En tus manos encomiendo mi esp\u00edritu; \u00a1ponme a salvo, Se\u00f1or, Dios de la verdad!.<\/p>\n\n\n\n<h3 class=\"wp-block-heading\">Salmos 33:4<\/h3>\n\n\n\n<p>Ciertamente, la palabra del Se\u00f1or es recta; todo lo hace con fidelidad.<\/p>\n\n\n\n<h3 class=\"wp-block-heading\">Salmos 36:5<\/h3>\n\n\n\n<p>Pero tu misericordia, Se\u00f1or, llega a los cielos; \u00a1tu fidelidad se extiende hasta las nubes!.<\/p>\n\n\n\n<h3 class=\"wp-block-heading\">Salmos 40:10<\/h3>\n\n\n\n<p>Mi coraz\u00f3n no ha ocultado tu justicia. He dado a conocer tu fidelidad y tu salvaci\u00f3n. Nunca, en la reuni\u00f3n de mis hermanos, dej\u00e9 de hablar de tu misericordia y tu verdad.<\/p>\n\n\n\n<h3 class=\"wp-block-heading\">Salmos 57:10<\/h3>\n\n\n\n<p>Pues tu bondad es grande como los cielos; \u00a1hasta las nubes llega tu verdad!.<\/p>\n\n\n\n<h3 class=\"wp-block-heading\">Salmos 71:22<\/h3>\n\n\n\n<p>Dios m\u00edo, Santo de Israel, yo te alabar\u00e9 al son del salterio, y al son del arpa alabar\u00e9 tu verdad.<\/p>\n\n\n\n<h3 class=\"wp-block-heading\">Salmos 86:15<\/h3>\n\n\n\n<p>Pero t\u00fa, Se\u00f1or, eres un Dios compasivo y clemente, lento para la ira, pero grande en misericordia y verdad.<\/p>\n\n\n\n<h3 class=\"wp-block-heading\">Salmos 89:1<\/h3>\n\n\n\n<p>Por siempre alabar\u00e9 la misericordia del Se\u00f1or; de una generaci\u00f3n a otra, mis labios exaltar\u00e1n tu fidelidad.<\/p>\n\n\n\n<h3 class=\"wp-block-heading\">Salmos 89:8<\/h3>\n\n\n\n<p>Poderoso Se\u00f1or, Dios de los ej\u00e9rcitos, \u00bfQui\u00e9n como t\u00fa? \u00a1Tu fidelidad te rodea!.<\/p>\n\n\n\n<h3 class=\"wp-block-heading\">Salmos 89:24<\/h3>\n\n\n\n<p>Mi verdad y misericordia estar\u00e1n con \u00e9l, y su poder ser\u00e1 exaltado en mi nombre.<\/p>\n\n\n\n<h3 class=\"wp-block-heading\">Salmos 92:2<\/h3>\n\n\n\n<p>Anunciar tu misericordia por la ma\u00f1ana, y tu fidelidad todas las noches.<\/p>\n\n\n\n<h3 class=\"wp-block-heading\">Salmos 96:13<\/h3>\n\n\n\n<p>Delante del Se\u00f1or, que ya viene! \u00a1S\u00ed, el Se\u00f1or viene a juzgar la tierra!<br>\u00a1Juzgar\u00e1 al mundo con justicia, y a los pueblos con su verdad!.<\/p>\n\n\n\n<h3 class=\"wp-block-heading\">Salmos 98:3<\/h3>\n\n\n\n<p>Se ha acordado de su misericordia y su verdad en favor del pueblo de Israel; \u00a1Todos los confines de la tierra son testigos de que nuestro Dios nos ha salvado!.<\/p>\n\n\n\n<h3 class=\"wp-block-heading\">Salmos 100:5<\/h3>\n\n\n\n<p>\u00a1El Se\u00f1or es bueno! \u00a1Su misericordia es eterna! \u00a1Su verdad permanece para siempre!.<\/p>\n\n\n\n<h3 class=\"wp-block-heading\">Salmos 108:4<\/h3>\n\n\n\n<p>Pues tu bondad es m\u00e1s grande que los cielos; \u00a1hasta las nubes llega tu verdad!.<\/p>\n\n\n\n<h3 class=\"wp-block-heading\">Salmos 115:1<\/h3>\n\n\n\n<p>No somos nosotros, Se\u00f1or, no somos nosotros dignos de nada. \u00a1Es tu nombre el que merece la gloria por tu misericordia y tu verdad!.<\/p>\n\n\n\n<h3 class=\"wp-block-heading\">Salmos 117:2<\/h3>\n\n\n\n<p>\u00a1Grande es su misericordia por nosotros! \u00a1La fidelidad del Se\u00f1or permanece para siempre! \u00a1Aleluya!.<\/p>\n\n\n\n<h3 class=\"wp-block-heading\">Salmos 119:138<\/h3>\n\n\n\n<p>Los mandamientos que nos has dado son tambi\u00e9n justos y verdaderos.<\/p>\n\n\n\n<h3 class=\"wp-block-heading\">Salmos 119:142<\/h3>\n\n\n\n<p>Tu justicia es siempre justa, y tu ley es la verdad.<\/p>\n\n\n\n<h3 class=\"wp-block-heading\">Salmos 136:1<\/h3>\n\n\n\n<p>\u00a1Alabemos al Se\u00f1or, porque \u00e9l es bueno! \u00a1Su misericordia permanece para siempre!.<\/p>\n\n\n\n<h3 class=\"wp-block-heading\">Salmos 138:2<\/h3>\n\n\n\n<p>De rodillas, y en direcci\u00f3n a tu santo templo, alabar\u00e9 tu nombre por tu misericordia y fidelidad, por la grandeza de tu nombre y porque tu palabra est\u00e1 por encima de todo.<\/p>\n\n\n\n<h3 class=\"wp-block-heading\">Salmos 143:1<\/h3>\n\n\n\n<p>Se\u00f1or, escucha mi oraci\u00f3n atiende a mi s\u00faplica. T\u00fa eres justo y fiel; \u00a1resp\u00f3ndeme!.<\/p>\n\n\n\n<h3 class=\"wp-block-heading\">Salmos 145:13<\/h3>\n\n\n\n<p>Tu reino es un reino de todos los siglos; tu dominio durar\u00e1 por todas las generaciones.<\/p>\n\n\n\n<h3 class=\"wp-block-heading\">Salmos 146:6<\/h3>\n\n\n\n<p>El Se\u00f1or cre\u00f3 los cielos y la tierra, y el mar y todos los seres que contiene. El Se\u00f1or siempre cumple su palabra.<\/p>\n\n\n\n<h3 class=\"wp-block-heading\">Salmos 146:7<\/h3>\n\n\n\n<p>Hace justicia a los oprimidos, y da de comer a los que tienen hambre. El Se\u00f1or da libertad a los cautivos.<\/p>\n\n\n\n<h3 class=\"wp-block-heading\">Salmos 146:8<\/h3>\n\n\n\n<p>Y les devuelve la vista a los ciegos; El Se\u00f1or levanta a los ca\u00eddos; y ama a los que practican la justicia.<\/p>\n\n\n\n<h2 class=\"wp-block-heading\">Lee Tambi\u00e9n:<\/h2>\n\n\n\n<ul class=\"wp-block-list\">\n<li><a href=\"https:\/\/thebibleverses.org\/es\/\">Vers\u00edculos por Tema<\/a><\/li>\n\n\n\n<li><a href=\"https:\/\/thebibleverses.org\/es\/amor\/\">Vers\u00edculos B\u00edblicos sobre el Amor<\/a><\/li>\n\n\n\n<li><a href=\"https:\/\/thebibleverses.org\/es\/fortaleza\/\">Vers\u00edculos B\u00edblicos de Fortaleza<\/a><\/li>\n\n\n\n<li><a href=\"https:\/\/thebibleverses.org\/es\/fe\/\">Vers\u00edculos B\u00edblicos sobre la Fe<\/a><\/li>\n\n\n\n<li><a href=\"https:\/\/thebibleverses.org\/es\/jovenes\/\">Vers\u00edculos B\u00edblicos para J\u00f3venes<\/a><\/li>\n\n\n\n<li><a href=\"https:\/\/thebibleverses.org\/es\/amistad\/\">Vers\u00edculos B\u00edblicos sobre la Amistad<\/a><\/li>\n\n\n\n<li><a href=\"https:\/\/thebibleverses.org\/es\/sanidad\/\">Vers\u00edculos B\u00edblicos sobre Sanidad<\/a><\/li>\n<\/ul>\n","protected":false},"excerpt":{"rendered":"<p>Salmos sobre La Fidelidad de Dios en la Biblia Sum\u00e9rgete en la profunda esencia de la fidelidad divina a trav\u00e9s de este art\u00edculo inspirador sobre los Salmos que destacan la fidelidad de Dios en la Biblia. Explora c\u00f3mo estos vers\u00edculos atemporales transmiten la confiabilidad y el compromiso de lo divino con la humanidad. Descubre c\u00f3mo [&hellip;]<\/p>\n","protected":false},"author":1,"featured_media":1439,"parent":0,"menu_order":0,"comment_status":"closed","ping_status":"closed","template":"","meta":{"footnotes":""},"class_list":["post-1438","page","type-page","status-publish","has-post-thumbnail","hentry","entry","fw-tab-6 fw-tabr-4"],"_links":{"self":[{"href":"https:\/\/thebibleverses.org\/es\/wp-json\/wp\/v2\/pages\/1438","targetHints":{"allow":["GET"]}}],"collection":[{"href":"https:\/\/thebibleverses.org\/es\/wp-json\/wp\/v2\/pages"}],"about":[{"href":"https:\/\/thebibleverses.org\/es\/wp-json\/wp\/v2\/types\/page"}],"author":[{"embeddable":true,"href":"https:\/\/thebibleverses.org\/es\/wp-json\/wp\/v2\/users\/1"}],"replies":[{"embeddable":true,"href":"https:\/\/thebibleverses.org\/es\/wp-json\/wp\/v2\/comments?post=1438"}],"version-history":[{"count":2,"href":"https:\/\/thebibleverses.org\/es\/wp-json\/wp\/v2\/pages\/1438\/revisions"}],"predecessor-version":[{"id":1441,"href":"https:\/\/thebibleverses.org\/es\/wp-json\/wp\/v2\/pages\/1438\/revisions\/1441"}],"wp:featuredmedia":[{"embeddable":true,"href":"https:\/\/thebibleverses.org\/es\/wp-json\/wp\/v2\/media\/1439"}],"wp:attachment":[{"href":"https:\/\/thebibleverses.org\/es\/wp-json\/wp\/v2\/media?parent=1438"}],"curies":[{"name":"wp","href":"https:\/\/api.w.org\/{rel}","templated":true}]}}