{"id":1435,"date":"2023-08-30T00:25:37","date_gmt":"2023-08-30T00:25:37","guid":{"rendered":"https:\/\/thebibleverses.org\/es\/?page_id=1435"},"modified":"2023-08-30T00:25:39","modified_gmt":"2023-08-30T00:25:39","slug":"salmos-de-fortaleza","status":"publish","type":"page","link":"https:\/\/thebibleverses.org\/es\/salmos-de-fortaleza\/","title":{"rendered":"40 Salmos de Fortaleza"},"content":{"rendered":"<div class=\"wp-block-image\">\n<figure class=\"aligncenter size-large\"><img loading=\"lazy\" decoding=\"async\" width=\"1024\" height=\"631\" src=\"https:\/\/thebibleverses.org\/es\/wp-content\/uploads\/2023\/08\/salmos-de-fortaleza-1024x631.webp\" alt=\"Salmos de Fortaleza en Dios\" class=\"wp-image-1436\" srcset=\"https:\/\/thebibleverses.org\/es\/wp-content\/uploads\/2023\/08\/salmos-de-fortaleza-1024x631.webp 1024w, https:\/\/thebibleverses.org\/es\/wp-content\/uploads\/2023\/08\/salmos-de-fortaleza-300x185.webp 300w, https:\/\/thebibleverses.org\/es\/wp-content\/uploads\/2023\/08\/salmos-de-fortaleza-768x474.webp 768w, https:\/\/thebibleverses.org\/es\/wp-content\/uploads\/2023\/08\/salmos-de-fortaleza-320x197.webp 320w, https:\/\/thebibleverses.org\/es\/wp-content\/uploads\/2023\/08\/salmos-de-fortaleza-450x278.webp 450w, https:\/\/thebibleverses.org\/es\/wp-content\/uploads\/2023\/08\/salmos-de-fortaleza-720x444.webp 720w, https:\/\/thebibleverses.org\/es\/wp-content\/uploads\/2023\/08\/salmos-de-fortaleza.webp 1200w\" sizes=\"auto, (max-width: 1024px) 100vw, 1024px\" \/><figcaption class=\"wp-element-caption\">Salmos de Fortaleza en Dios &#8211; Reina Valera Contempor\u00e1nea (RVC).<\/figcaption><\/figure><\/div>\n\n\n<h2 class=\"wp-block-heading\">Salmos de Fortaleza en Dios en Tiempos Dif\u00edciles<\/h2>\n\n\n\n<p>Explora el consuelo espiritual en tiempos dif\u00edciles a trav\u00e9s de este art\u00edculo centrado en los Salmos de fortaleza en Dios. Sum\u00e9rgete en las palabras que han sostenido a generaciones, revelando c\u00f3mo estos vers\u00edculos transmiten coraje y esperanza en medio de adversidades. Descubre c\u00f3mo los Salmos de fortaleza se convierten en refugio en momentos de lucha y dolor, ofreciendo una conexi\u00f3n profunda con lo divino. Desde la superaci\u00f3n personal hasta la confianza inquebrantable.<\/p>\n\n\n\n<h3 class=\"wp-block-heading\">Salmos 18:1<\/h3>\n\n\n\n<p>Mi Se\u00f1or, mi fortaleza, \u00a1yo te amo!.<\/p>\n\n\n\n<h3 class=\"wp-block-heading\">Salmos 18:2<\/h3>\n\n\n\n<p>Mi Se\u00f1or y Dios, t\u00fa eres mi roca, mi defensor, \u00a1mi libertador! T\u00fa eres mi fuerza y mi escudo, mi poderosa salvaci\u00f3n, mi alto refugio. \u00a1En ti conf\u00edo!.<\/p>\n\n\n\n<h3 class=\"wp-block-heading\">Salmos 18:32<\/h3>\n\n\n\n<p>Dios es quien me infunde fuerzas; Dios es quien endereza mi camino.<\/p>\n\n\n\n<h3 class=\"wp-block-heading\">Salmos 18:39<\/h3>\n\n\n\n<p>T\u00fa me infundiste fuerzas para la batalla, para vencer y humillar a mis adversarios.<\/p>\n\n\n\n<h3 class=\"wp-block-heading\">Salmos 22:19<\/h3>\n\n\n\n<p>Pero t\u00fa, Se\u00f1or, \u00a1no te alejes! T\u00fa eres mi fuerza, \u00a1ven pronto en mi ayuda!.<\/p>\n\n\n\n<h3 class=\"wp-block-heading\">Salmos 27:1<\/h3>\n\n\n\n<p>El Se\u00f1or es mi luz y mi salvaci\u00f3n; \u00bfa qui\u00e9n podr\u00eda yo temer? El Se\u00f1or es la fortaleza de mi vida; \u00bfqui\u00e9n podr\u00eda infundirme miedo?.<\/p>\n\n\n\n<h3 class=\"wp-block-heading\">Salmos 28:7<\/h3>\n\n\n\n<p>T\u00fa, Se\u00f1or, eres mi escudo y mi fuerza; en ti conf\u00eda mi coraz\u00f3n, pues recibo tu ayuda. Por eso mi coraz\u00f3n se alegra y te alaba con sus c\u00e1nticos.<\/p>\n\n\n\n<h3 class=\"wp-block-heading\">Salmos 29:11<\/h3>\n\n\n\n<p>El Se\u00f1or infunde poder a su pueblo y lo bendice con la paz.<\/p>\n\n\n\n<h3 class=\"wp-block-heading\">Salmos 31:2<\/h3>\n\n\n\n<p>\u00a1Incl\u00ednate a escucharme! \u00a1Ven pronto en mi ayuda! \u00a1S\u00e9 t\u00fa mi roca fuerte, la fortaleza que me salve!.<\/p>\n\n\n\n<h3 class=\"wp-block-heading\">Salmos 31:3<\/h3>\n\n\n\n<p>Ciertamente, t\u00fa eres mi roca y mi castillo; gu\u00edame; encam\u00edname por causa de tu nombre.<\/p>\n\n\n\n<h3 class=\"wp-block-heading\">Salmos 31:4<\/h3>\n\n\n\n<p>S\u00e1came de la red que me han tendido, pues t\u00fa eres mi refugio.<\/p>\n\n\n\n<h3 class=\"wp-block-heading\">Salmos 37:39<\/h3>\n\n\n\n<p>La salvaci\u00f3n de los justos proviene del Se\u00f1or; \u00e9l les da fuerzas en momentos de angustia.<\/p>\n\n\n\n<h3 class=\"wp-block-heading\">Salmos 46:1<\/h3>\n\n\n\n<p>Dios es nuestro amparo y fortaleza, Nuestro pronto auxilio en todos los problemas.<\/p>\n\n\n\n<h3 class=\"wp-block-heading\">Salmos 59:9<\/h3>\n\n\n\n<p>Con tu poder, Dios m\u00edo, me siento protegido; \u00a1t\u00fa, Dios m\u00edo, eres mi defensa!.<\/p>\n\n\n\n<h3 class=\"wp-block-heading\">Salmos 59:17<\/h3>\n\n\n\n<p>A ti y a tu poder cantar\u00e9 salmos, porque t\u00fa, Dios m\u00edo, eres mi fortaleza; \u00a1eres mi Dios de misericordia!.<\/p>\n\n\n\n<h3 class=\"wp-block-heading\">Salmos 61:3<\/h3>\n\n\n\n<p>Porque t\u00fa eres mi refugio, \u00a1eres fuerte torre que me protege del enemigo!.<\/p>\n\n\n\n<h3 class=\"wp-block-heading\">Salmos 62:7<\/h3>\n\n\n\n<p>S\u00f3lo Dios es mi salvaci\u00f3n y mi gloria; \u00a1Dios es mi roca fuerte y mi refugio!.<\/p>\n\n\n\n<h3 class=\"wp-block-heading\">Salmos 71:3<\/h3>\n\n\n\n<p>\u00a1S\u00e9 para m\u00ed una roca de refugio, en donde siempre pueda resguardarme! S\u00f3lo t\u00fa puedes decretar mi salvaci\u00f3n, porque t\u00fa eres mi roca y mi fortaleza.<\/p>\n\n\n\n<h3 class=\"wp-block-heading\">Salmos 71:7<\/h3>\n\n\n\n<p>Muchos se sorprenden al verme, porque t\u00fa eres para m\u00ed un s\u00f3lido refugio.<\/p>\n\n\n\n<h3 class=\"wp-block-heading\">Salmos 73:26<\/h3>\n\n\n\n<p>Aunque mi cuerpo y mi coraz\u00f3n desfallecen, t\u00fa, Dios m\u00edo, eres la roca de mi coraz\u00f3n, \u00a1eres la herencia que para siempre me ha tocado!.<\/p>\n\n\n\n<h3 class=\"wp-block-heading\">Salmos 81:1<\/h3>\n\n\n\n<p>Cantemos con gozo a Dios, nuestra fortaleza; aclamemos con j\u00fabilo al Dios de Jacob.<\/p>\n\n\n\n<h3 class=\"wp-block-heading\">Salmos 84:5<\/h3>\n\n\n\n<p>\u00a1Cu\u00e1n felices son los que hallan fuerzas en ti, los que ponen su coraz\u00f3n en tus caminos!.<\/p>\n\n\n\n<h3 class=\"wp-block-heading\">Salmos 84:7<\/h3>\n\n\n\n<p>Van de victoria en victoria, hasta llegar a verte, oh Dios, en Si\u00f3n.<\/p>\n\n\n\n<h3 class=\"wp-block-heading\">Salmos 89:21<\/h3>\n\n\n\n<p>Mi mano estar\u00e1 siempre con \u00e9l; mi brazo siempre lo fortalecer\u00e1.<\/p>\n\n\n\n<h3 class=\"wp-block-heading\">Salmos 89:26<\/h3>\n\n\n\n<p>\u00c9l me dir\u00e1: \u201cT\u00fa eres mi padre. Eres mi Dios, la roca de mi salvaci\u00f3n\u201d.<\/p>\n\n\n\n<h3 class=\"wp-block-heading\">Salmos 89:40<\/h3>\n\n\n\n<p>Has derribado todas sus murallas; \u00a1has destruido sus fortalezas!.<\/p>\n\n\n\n<h3 class=\"wp-block-heading\">Salmos 91:2<\/h3>\n\n\n\n<p>\u00abT\u00fa eres mi esperanza, mi Dios, \u00a1el castillo en el que pongo mi confianza!\u00bb.<\/p>\n\n\n\n<h3 class=\"wp-block-heading\">Salmos 94:22<\/h3>\n\n\n\n<p>Pero t\u00fa, Se\u00f1or, eres mi refugio; eres mi Dios y la roca en que conf\u00edo.<\/p>\n\n\n\n<h3 class=\"wp-block-heading\">Salmos 95:1<\/h3>\n\n\n\n<p>\u00a1Vengan y con alegr\u00eda aclamemos al Se\u00f1or! \u00a1Cantemos con j\u00fabilo a la roca de nuestra salvaci\u00f3n!.<\/p>\n\n\n\n<h3 class=\"wp-block-heading\">Salmos 96:6<\/h3>\n\n\n\n<p>En su presencia hay alabanza y magnificencia; en su santuario hay poder y gloria.<\/p>\n\n\n\n<h3 class=\"wp-block-heading\">Salmos 105:4<\/h3>\n\n\n\n<p>\u00a1Busquen el poder del Se\u00f1or! \u00a1Busquen siempre a Dios!.<\/p>\n\n\n\n<h3 class=\"wp-block-heading\">Salmos 118:14<\/h3>\n\n\n\n<p>El Se\u00f1or es mi fuerza, y a \u00e9l dedico mi canto porque en \u00e9l he hallado salvaci\u00f3n.<\/p>\n\n\n\n<h3 class=\"wp-block-heading\">Salmos 118:19<\/h3>\n\n\n\n<p>\u00a1\u00c1branme las puertas donde habita la justicia! \u00a1Quiero entrar por ellas para alabar al Se\u00f1or!.<\/p>\n\n\n\n<h3 class=\"wp-block-heading\">Salmos 118:22<\/h3>\n\n\n\n<p>La piedra que los constructores rechazaron, ha llegado a ser la piedra angular.<\/p>\n\n\n\n<h3 class=\"wp-block-heading\">Salmos 118:27<\/h3>\n\n\n\n<p>El Se\u00f1or es Dios, y nos brinda su luz. \u00a1Que comience la fiesta! \u00a1Aten las ofrendas a los cuernos del altar!.<\/p>\n\n\n\n<h3 class=\"wp-block-heading\">Salmos 119:28<\/h3>\n\n\n\n<p>La ansiedad me corroe el alma; \u00a1sust\u00e9ntame con tu palabra!.<\/p>\n\n\n\n<h3 class=\"wp-block-heading\">Salmos 144:1<\/h3>\n\n\n\n<p>\u00a1Bendito seas, Se\u00f1or, mi roca! T\u00fa me entrenas para la batalla; fortaleces mis manos para el combate.<\/p>\n\n\n\n<h3 class=\"wp-block-heading\">Salmos 144:2<\/h3>\n\n\n\n<p>T\u00fa eres mi castillo de misericordia, mi fortaleza, mi libertador; eres mi escudo, y en ti me refugio; \u00a1t\u00fa haces que los pueblos se sometan a m\u00ed!<\/p>\n\n\n\n<h3 class=\"wp-block-heading\">Salmos 144:10<\/h3>\n\n\n\n<p>T\u00fa eres quien da la victoria a los reyes; t\u00fa libras de la espada a tu siervo David.<\/p>\n\n\n\n<h3 class=\"wp-block-heading\">Salmos 147:13<\/h3>\n\n\n\n<p>El Se\u00f1or refuerza los cerrojos de tus puertas, y bendice a los que habitan dentro de tus muros.<\/p>\n\n\n\n<h2 class=\"wp-block-heading\">Lee Tambi\u00e9n:<\/h2>\n\n\n\n<ul class=\"wp-block-list\">\n<li><a href=\"https:\/\/thebibleverses.org\/es\/\">Vers\u00edculos por Tema<\/a><\/li>\n\n\n\n<li><a href=\"https:\/\/thebibleverses.org\/es\/amor\/\">Vers\u00edculos B\u00edblicos sobre el Amor<\/a><\/li>\n\n\n\n<li><a href=\"https:\/\/thebibleverses.org\/es\/fortaleza\/\">Vers\u00edculos B\u00edblicos de Fortaleza<\/a><\/li>\n\n\n\n<li><a href=\"https:\/\/thebibleverses.org\/es\/fe\/\">Vers\u00edculos B\u00edblicos sobre la Fe<\/a><\/li>\n\n\n\n<li><a href=\"https:\/\/thebibleverses.org\/es\/jovenes\/\">Vers\u00edculos B\u00edblicos para J\u00f3venes<\/a><\/li>\n\n\n\n<li><a href=\"https:\/\/thebibleverses.org\/es\/amistad\/\">Vers\u00edculos B\u00edblicos sobre la Amistad<\/a><\/li>\n\n\n\n<li><a href=\"https:\/\/thebibleverses.org\/es\/sanidad\/\">Vers\u00edculos B\u00edblicos sobre Sanidad<\/a><\/li>\n<\/ul>\n","protected":false},"excerpt":{"rendered":"<p>Salmos de Fortaleza en Dios en Tiempos Dif\u00edciles Explora el consuelo espiritual en tiempos dif\u00edciles a trav\u00e9s de este art\u00edculo centrado en los Salmos de fortaleza en Dios. Sum\u00e9rgete en las palabras que han sostenido a generaciones, revelando c\u00f3mo estos vers\u00edculos transmiten coraje y esperanza en medio de adversidades. Descubre c\u00f3mo los Salmos de fortaleza [&hellip;]<\/p>\n","protected":false},"author":1,"featured_media":0,"parent":0,"menu_order":0,"comment_status":"closed","ping_status":"closed","template":"","meta":{"footnotes":""},"class_list":["post-1435","page","type-page","status-publish","hentry","entry","fw-tab-6 fw-tabr-4"],"_links":{"self":[{"href":"https:\/\/thebibleverses.org\/es\/wp-json\/wp\/v2\/pages\/1435","targetHints":{"allow":["GET"]}}],"collection":[{"href":"https:\/\/thebibleverses.org\/es\/wp-json\/wp\/v2\/pages"}],"about":[{"href":"https:\/\/thebibleverses.org\/es\/wp-json\/wp\/v2\/types\/page"}],"author":[{"embeddable":true,"href":"https:\/\/thebibleverses.org\/es\/wp-json\/wp\/v2\/users\/1"}],"replies":[{"embeddable":true,"href":"https:\/\/thebibleverses.org\/es\/wp-json\/wp\/v2\/comments?post=1435"}],"version-history":[{"count":1,"href":"https:\/\/thebibleverses.org\/es\/wp-json\/wp\/v2\/pages\/1435\/revisions"}],"predecessor-version":[{"id":1437,"href":"https:\/\/thebibleverses.org\/es\/wp-json\/wp\/v2\/pages\/1435\/revisions\/1437"}],"wp:attachment":[{"href":"https:\/\/thebibleverses.org\/es\/wp-json\/wp\/v2\/media?parent=1435"}],"curies":[{"name":"wp","href":"https:\/\/api.w.org\/{rel}","templated":true}]}}