{"id":1432,"date":"2023-08-29T23:58:41","date_gmt":"2023-08-29T23:58:41","guid":{"rendered":"https:\/\/thebibleverses.org\/es\/?page_id=1432"},"modified":"2023-08-29T23:58:42","modified_gmt":"2023-08-29T23:58:42","slug":"salmos-de-alegria","status":"publish","type":"page","link":"https:\/\/thebibleverses.org\/es\/salmos-de-alegria\/","title":{"rendered":"25 Salmos de Alegr\u00eda y Felicidad"},"content":{"rendered":"\n<figure class=\"wp-block-image size-large\"><img loading=\"lazy\" decoding=\"async\" width=\"1024\" height=\"631\" src=\"https:\/\/thebibleverses.org\/es\/wp-content\/uploads\/2023\/08\/salmos-de-alegr195173a-1024x631.webp\" alt=\"Salmos de Alegr\u00eda y Felicidad\" class=\"wp-image-1433\" srcset=\"https:\/\/thebibleverses.org\/es\/wp-content\/uploads\/2023\/08\/salmos-de-alegr195173a-1024x631.webp 1024w, https:\/\/thebibleverses.org\/es\/wp-content\/uploads\/2023\/08\/salmos-de-alegr195173a-300x185.webp 300w, https:\/\/thebibleverses.org\/es\/wp-content\/uploads\/2023\/08\/salmos-de-alegr195173a-768x474.webp 768w, https:\/\/thebibleverses.org\/es\/wp-content\/uploads\/2023\/08\/salmos-de-alegr195173a-320x197.webp 320w, https:\/\/thebibleverses.org\/es\/wp-content\/uploads\/2023\/08\/salmos-de-alegr195173a-450x278.webp 450w, https:\/\/thebibleverses.org\/es\/wp-content\/uploads\/2023\/08\/salmos-de-alegr195173a-720x444.webp 720w, https:\/\/thebibleverses.org\/es\/wp-content\/uploads\/2023\/08\/salmos-de-alegr195173a.webp 1200w\" sizes=\"auto, (max-width: 1024px) 100vw, 1024px\" \/><figcaption class=\"wp-element-caption\">Salmos de Alegr\u00eda y Felicidad &#8211; Reina Valera Contempor\u00e1nea (RVC).<\/figcaption><\/figure>\n\n\n\n<h2 class=\"wp-block-heading\">Salmos de Alegr\u00eda, Felicidad y Gozo en Dios<\/h2>\n\n\n\n<p>Explora la esencia de la alegr\u00eda divina a trav\u00e9s de este inspirador art\u00edculo sobre los Salmos de gozo, felicidad y alegr\u00eda en Dios. Sum\u00e9rgete en la poes\u00eda sagrada que trasciende los siglos, capturando la esencia de la dicha espiritual en medio de la vida cotidiana. Descubre c\u00f3mo estos Salmos transmiten una conexi\u00f3n profunda con lo divino a trav\u00e9s de la celebraci\u00f3n, la esperanza y la renovaci\u00f3n del esp\u00edritu. Desde la alabanza en tiempos de regocijo hasta la b\u00fasqueda constante de la felicidad.<\/p>\n\n\n\n<h3 class=\"wp-block-heading\">Salmos 4:7<\/h3>\n\n\n\n<p>T\u00fa pusiste en mi coraz\u00f3n m\u00e1s alegr\u00eda que la de tener trigo y vino en abundancia.<\/p>\n\n\n\n<h3 class=\"wp-block-heading\">Salmos 5:11<\/h3>\n\n\n\n<p>Pero que se alegren todos los que en ti conf\u00edan; que griten siempre de j\u00fabilo, porque t\u00fa los defiendes; que vivan felices los que aman tu nombre.<\/p>\n\n\n\n<h3 class=\"wp-block-heading\">Salmos 16:11<\/h3>\n\n\n\n<p>T\u00fa me ense\u00f1as el camino de la vida; con tu presencia me llenas de alegr\u00eda; \u00a1estando a tu lado ser\u00e9 siempre dichoso!<\/p>\n\n\n\n<h3 class=\"wp-block-heading\">Salmos 19:8<\/h3>\n\n\n\n<p>Los preceptos del Se\u00f1or son rectos: alegran el coraz\u00f3n. El mandamiento del Se\u00f1or es puro: da luz a los ojos.<\/p>\n\n\n\n<h3 class=\"wp-block-heading\">Salmos 21:1<\/h3>\n\n\n\n<p>Se\u00f1or, el rey se alegra por tu poder; grande es su gozo por tu salvaci\u00f3n.<\/p>\n\n\n\n<h3 class=\"wp-block-heading\">Salmos 30:5<\/h3>\n\n\n\n<p>Su enojo dura s\u00f3lo un momento, pero su bondad dura toda la vida. Tal vez lloremos durante la noche, pero en la ma\u00f1ana saltaremos de alegr\u00eda.<\/p>\n\n\n\n<h3 class=\"wp-block-heading\">Salmos 32:11<\/h3>\n\n\n\n<p>Ustedes, los hombres justos, \u00a1al\u00e9grense y regoc\u00edjense en el Se\u00f1or! Y ustedes, los de recto coraz\u00f3n, \u00a1canten todos llenos de alegr\u00eda!<\/p>\n\n\n\n<h3 class=\"wp-block-heading\">Salmos 33:1<\/h3>\n\n\n\n<p>Ustedes los justos, \u00a1al\u00e9grense en el Se\u00f1or! \u00a1Hermosa es la alabanza de los hombres \u00edntegros!<\/p>\n\n\n\n<h3 class=\"wp-block-heading\">Salmos 35:9<\/h3>\n\n\n\n<p>Entonces yo me alegrar\u00e9 en el Se\u00f1or; \u00a1me regocijar\u00e9 en su salvaci\u00f3n!<\/p>\n\n\n\n<h3 class=\"wp-block-heading\">Salmos 42:4<\/h3>\n\n\n\n<p>Pienso en esto, y se me parte el alma; me acuerdo cuando acompa\u00f1aba yo a la multitud, cuando la conduc\u00eda hasta el templo de Dios entre voces de alegr\u00eda y de alabanza, entre la alegr\u00eda del pueblo en fiesta.<\/p>\n\n\n\n<h3 class=\"wp-block-heading\">Salmos 47:1<\/h3>\n\n\n\n<p>Pueblos todos, \u00a1agiten las manos! \u00a1Aclamen a Dios con voces de j\u00fabilo!<\/p>\n\n\n\n<h3 class=\"wp-block-heading\">Salmos 51:8<\/h3>\n\n\n\n<p>\u00a1Ll\u00e9name de gozo y alegr\u00eda, y revivir\u00e1n estos huesos que has abatido!<\/p>\n\n\n\n<h3 class=\"wp-block-heading\">Salmos 63:5<\/h3>\n\n\n\n<p>Mi alma quedar\u00e1 del todo satisfecha, como si comiera los mejores platillos, y mis labios te aclamar\u00e1n jubilosos.<\/p>\n\n\n\n<h3 class=\"wp-block-heading\">Salmos 66:1<\/h3>\n\n\n\n<p>Ustedes, habitantes de toda la tierra, \u00a1aclamen a Dios con alegr\u00eda!<\/p>\n\n\n\n<h3 class=\"wp-block-heading\">Salmos 68:3<\/h3>\n\n\n\n<p>Pero los justos se alegrar\u00e1n delante de Dios; \u00a1llenos de gozo, saltar\u00e1n de alegr\u00eda!<\/p>\n\n\n\n<h3 class=\"wp-block-heading\">Salmos 95:1-2<\/h3>\n\n\n\n<p>\u00a1Vengan y con alegr\u00eda aclamemos al Se\u00f1or! \u00a1Cantemos con j\u00fabilo a la roca de nuestra salvaci\u00f3n! \u00a1Lleguemos ante su presencia con alabanza! \u00a1Aclam\u00e9mosle con c\u00e1nticos!<\/p>\n\n\n\n<h3 class=\"wp-block-heading\">Salmos 96:11<\/h3>\n\n\n\n<p>\u00a1Que se alegren los cielos y se regocije la tierra! \u00a1Que brame el mar y todo lo que contiene!<\/p>\n\n\n\n<h3 class=\"wp-block-heading\">Salmos 97:11<\/h3>\n\n\n\n<p>La luz se difunde sobre los justos, y alegra a los rectos de coraz\u00f3n.<\/p>\n\n\n\n<h3 class=\"wp-block-heading\">Salmos 100:2<\/h3>\n\n\n\n<p>\u00a1Sirvan al Se\u00f1or con alegr\u00eda! \u00a1Vengan a su presencia con regocijo!<\/p>\n\n\n\n<h3 class=\"wp-block-heading\">Salmos 105:3<\/h3>\n\n\n\n<p>\u00a1Regoc\u00edjense en su santo nombre! \u00a1Al\u00e9grense de coraz\u00f3n los que buscan al Se\u00f1or!<\/p>\n\n\n\n<h3 class=\"wp-block-heading\">Salmos 126:2<\/h3>\n\n\n\n<p>Nuestra boca se llenar\u00e1 de risa; nuestra lengua rebosar\u00e1 de alabanzas. Entonces las naciones dir\u00e1n: \u00ab\u00a1El Se\u00f1or ha hecho grandes cosas por \u00e9stos!\u00bb<\/p>\n\n\n\n<h3 class=\"wp-block-heading\">Salmos 132:9<\/h3>\n\n\n\n<p>\u00a1Que tus sacerdotes se revistan de justicia, y que se alegre el pueblo que te es fiel!<\/p>\n\n\n\n<h3 class=\"wp-block-heading\">Salmos 137:6<\/h3>\n\n\n\n<p>Jerusal\u00e9n, \u00a1que la lengua se me pegue al paladar, si acaso no llego a recordarte ni te pongo por encima de mis alegr\u00edas!<\/p>\n\n\n\n<h3 class=\"wp-block-heading\">Salmos 149:2<\/h3>\n\n\n\n<p>\u00a1Que Israel se alegre en su creador! \u00a1Que los hijos de Si\u00f3n se regocijen por su Rey!<\/p>\n\n\n\n<h3 class=\"wp-block-heading\">Salmos 150:4<\/h3>\n\n\n\n<p>\u00a1Alabado sea al ritmo del pandero! \u00a1Alabado sea con flautas e instrumentos de cuerda!<\/p>\n\n\n\n<h2 class=\"wp-block-heading\">Lee Tambi\u00e9n:<\/h2>\n\n\n\n<ul class=\"wp-block-list\">\n<li><a href=\"https:\/\/thebibleverses.org\/es\/\">Vers\u00edculos por Tema<\/a><\/li>\n\n\n\n<li><a href=\"https:\/\/thebibleverses.org\/es\/amor\/\">Vers\u00edculos B\u00edblicos sobre el Amor<\/a><\/li>\n\n\n\n<li><a href=\"https:\/\/thebibleverses.org\/es\/fortaleza\/\">Vers\u00edculos B\u00edblicos de Fortaleza<\/a><\/li>\n\n\n\n<li><a href=\"https:\/\/thebibleverses.org\/es\/fe\/\">Vers\u00edculos B\u00edblicos sobre la Fe<\/a><\/li>\n\n\n\n<li><a href=\"https:\/\/thebibleverses.org\/es\/jovenes\/\">Vers\u00edculos B\u00edblicos para J\u00f3venes<\/a><\/li>\n\n\n\n<li><a href=\"https:\/\/thebibleverses.org\/es\/amistad\/\">Vers\u00edculos B\u00edblicos sobre la Amistad<\/a><\/li>\n\n\n\n<li><a href=\"https:\/\/thebibleverses.org\/es\/sanidad\/\">Vers\u00edculos B\u00edblicos sobre Sanidad<\/a><\/li>\n<\/ul>\n","protected":false},"excerpt":{"rendered":"<p>Salmos de Alegr\u00eda, Felicidad y Gozo en Dios Explora la esencia de la alegr\u00eda divina a trav\u00e9s de este inspirador art\u00edculo sobre los Salmos de gozo, felicidad y alegr\u00eda en Dios. Sum\u00e9rgete en la poes\u00eda sagrada que trasciende los siglos, capturando la esencia de la dicha espiritual en medio de la vida cotidiana. Descubre c\u00f3mo [&hellip;]<\/p>\n","protected":false},"author":1,"featured_media":1433,"parent":0,"menu_order":0,"comment_status":"closed","ping_status":"closed","template":"","meta":{"footnotes":""},"class_list":["post-1432","page","type-page","status-publish","has-post-thumbnail","hentry","entry","fw-tab-6 fw-tabr-4"],"_links":{"self":[{"href":"https:\/\/thebibleverses.org\/es\/wp-json\/wp\/v2\/pages\/1432","targetHints":{"allow":["GET"]}}],"collection":[{"href":"https:\/\/thebibleverses.org\/es\/wp-json\/wp\/v2\/pages"}],"about":[{"href":"https:\/\/thebibleverses.org\/es\/wp-json\/wp\/v2\/types\/page"}],"author":[{"embeddable":true,"href":"https:\/\/thebibleverses.org\/es\/wp-json\/wp\/v2\/users\/1"}],"replies":[{"embeddable":true,"href":"https:\/\/thebibleverses.org\/es\/wp-json\/wp\/v2\/comments?post=1432"}],"version-history":[{"count":1,"href":"https:\/\/thebibleverses.org\/es\/wp-json\/wp\/v2\/pages\/1432\/revisions"}],"predecessor-version":[{"id":1434,"href":"https:\/\/thebibleverses.org\/es\/wp-json\/wp\/v2\/pages\/1432\/revisions\/1434"}],"wp:featuredmedia":[{"embeddable":true,"href":"https:\/\/thebibleverses.org\/es\/wp-json\/wp\/v2\/media\/1433"}],"wp:attachment":[{"href":"https:\/\/thebibleverses.org\/es\/wp-json\/wp\/v2\/media?parent=1432"}],"curies":[{"name":"wp","href":"https:\/\/api.w.org\/{rel}","templated":true}]}}