{"id":1429,"date":"2023-08-29T23:34:18","date_gmt":"2023-08-29T23:34:18","guid":{"rendered":"https:\/\/thebibleverses.org\/es\/?page_id=1429"},"modified":"2023-08-29T23:41:02","modified_gmt":"2023-08-29T23:41:02","slug":"salmos-de-agradecimiento","status":"publish","type":"page","link":"https:\/\/thebibleverses.org\/es\/salmos-de-agradecimiento\/","title":{"rendered":"30 Salmos de Agradecimiento"},"content":{"rendered":"<div class=\"wp-block-image\">\n<figure class=\"aligncenter size-large is-resized\"><img loading=\"lazy\" decoding=\"async\" src=\"https:\/\/thebibleverses.org\/es\/wp-content\/uploads\/2023\/08\/salmos-de-agradecimiento-1024x631.webp\" alt=\"Salmos de Agradecimiento a Dios\" class=\"wp-image-1430\" style=\"width:792px;height:488px\" width=\"792\" height=\"488\" srcset=\"https:\/\/thebibleverses.org\/es\/wp-content\/uploads\/2023\/08\/salmos-de-agradecimiento-1024x631.webp 1024w, https:\/\/thebibleverses.org\/es\/wp-content\/uploads\/2023\/08\/salmos-de-agradecimiento-300x185.webp 300w, https:\/\/thebibleverses.org\/es\/wp-content\/uploads\/2023\/08\/salmos-de-agradecimiento-768x474.webp 768w, https:\/\/thebibleverses.org\/es\/wp-content\/uploads\/2023\/08\/salmos-de-agradecimiento-320x197.webp 320w, https:\/\/thebibleverses.org\/es\/wp-content\/uploads\/2023\/08\/salmos-de-agradecimiento-450x278.webp 450w, https:\/\/thebibleverses.org\/es\/wp-content\/uploads\/2023\/08\/salmos-de-agradecimiento-720x444.webp 720w, https:\/\/thebibleverses.org\/es\/wp-content\/uploads\/2023\/08\/salmos-de-agradecimiento.webp 1200w\" sizes=\"auto, (max-width: 792px) 100vw, 792px\" \/><figcaption class=\"wp-element-caption\">Salmos de Agradecimiento a Dios &#8211; Reina Valera Contempor\u00e1nea (RVC).<\/figcaption><\/figure><\/div>\n\n\n<h2 class=\"wp-block-heading\">Salmos de Agradecimiento y Acci\u00f3n de Gracias a Dios<\/h2>\n\n\n\n<p>Este revelador art\u00edculo invita a sumergirse en la profunda esencia de los Salmos de agradecimiento y Acci\u00f3n de Gracias a Dios. Explora c\u00f3mo estos antiguos c\u00e1nticos trascienden las palabras, expresando gratitud por bendiciones recibidas y por la maravilla de la vida. Descubre c\u00f3mo los Salmos de agradecimiento unen a personas de diferentes tradiciones en un sentimiento com\u00fan de aprecio. Desde la celebraci\u00f3n de logros personales hasta la reconocimiento de la providencia divina.<\/p>\n\n\n\n<h3 class=\"wp-block-heading\">Salmos 75:1<\/h3>\n\n\n\n<p>Gracias te damos, Dios m\u00edo, gracias te damos, porque tu nombre est\u00e1 cerca de nosotros. \u00a1Todos hablan de tus hechos portentosos!.<\/p>\n\n\n\n<h3 class=\"wp-block-heading\">Salmos 9:1<\/h3>\n\n\n\n<p>Se\u00f1or, te alabar\u00e9 de todo coraz\u00f3n y hablar\u00e9 de todos tus portentos.<\/p>\n\n\n\n<h3 class=\"wp-block-heading\">Salmos 100:4<\/h3>\n\n\n\n<p>Entremos por sus puertas y por sus atrios con alabanzas y con acci\u00f3n de gracias; \u00a1Alab\u00e9mosle, bendigamos su nombre!.<\/p>\n\n\n\n<h3 class=\"wp-block-heading\">Salmos 18:49<\/h3>\n\n\n\n<p>Por eso alabo al Se\u00f1or entre los pueblos, y canto salmos a su nombre.<\/p>\n\n\n\n<h3 class=\"wp-block-heading\">Salmos 136:26<\/h3>\n\n\n\n<p>\u00a1Alabemos al Dios de los cielos! \u00a1Su misericordia permanece para siempre!<\/p>\n\n\n\n<h3 class=\"wp-block-heading\">Salmos 30:4<\/h3>\n\n\n\n<p>Ustedes, pueblo fiel del Se\u00f1or, \u00a1canten salmos y alaben su santo nombre!<\/p>\n\n\n\n<h3 class=\"wp-block-heading\">Salmos 95:2<\/h3>\n\n\n\n<p>\u00a1Lleguemos ante su presencia con alabanza! \u00a1Aclam\u00e9mosle con c\u00e1nticos!<\/p>\n\n\n\n<h3 class=\"wp-block-heading\">Salmos 30:12<\/h3>\n\n\n\n<p>Para que cante salmos a tu gloria. Se\u00f1or, mi Dios: \u00a1no puedo quedarme callado! \u00a1siempre te dar\u00e9 gracias!<\/p>\n\n\n\n<h3 class=\"wp-block-heading\">Salmos 107:22<\/h3>\n\n\n\n<p>\u00a1Ofrezc\u00e1mosle sacrificios de gratitud, y jubilosos proclamemos sus obras!<\/p>\n\n\n\n<h3 class=\"wp-block-heading\">Salmos 34:1<\/h3>\n\n\n\n<p>Bendecir\u00e9 al Se\u00f1or en todo tiempo; su alabanza estar\u00e1 siempre en mi boca.<\/p>\n\n\n\n<h3 class=\"wp-block-heading\">Salmos 116:17<\/h3>\n\n\n\n<p>El sacrificio que te ofrezco es mi alabanza; voy, Se\u00f1or, a proclamar tu nombre.<\/p>\n\n\n\n<h3 class=\"wp-block-heading\">Salmos 35:18<\/h3>\n\n\n\n<p>Yo hablar\u00e9 de ti en medio de la multitud; \u00a1te alabar\u00e9 delante de todo el pueblo!<\/p>\n\n\n\n<h3 class=\"wp-block-heading\">Salmos 118:21<\/h3>\n\n\n\n<p>Te alabo, Se\u00f1or, porque me escuchas, y porque me das tu salvaci\u00f3n.<\/p>\n\n\n\n<h3 class=\"wp-block-heading\">Salmos 69:30<\/h3>\n\n\n\n<p>As\u00ed alabar\u00e9 entre c\u00e1nticos tu nombre; \u00a1te exaltar\u00e9 con alabanzas!<\/p>\n\n\n\n<h3 class=\"wp-block-heading\">Salmos 86:12<\/h3>\n\n\n\n<p>Se\u00f1or y Dios m\u00edo, yo te alabar\u00e9 con todo el coraz\u00f3n, y por siempre glorificar\u00e9 tu nombre.<\/p>\n\n\n\n<h3 class=\"wp-block-heading\">Salmos 92:1<\/h3>\n\n\n\n<p>\u00a1Cu\u00e1n bueno es alabarte, Se\u00f1or! Bueno es, Alt\u00edsimo, cantar salmos a tu nombre,<\/p>\n\n\n\n<h3 class=\"wp-block-heading\">Salmos 103:1-2<\/h3>\n\n\n\n<p>\u00a1Bendice, alma m\u00eda, al Se\u00f1or! \u00a1Bendiga todo mi ser su santo nombre! \u00a1Bendice, alma m\u00eda, al Se\u00f1or, y no olvides ninguna de sus bendiciones!<\/p>\n\n\n\n<h3 class=\"wp-block-heading\">Salmos 105:1<\/h3>\n\n\n\n<p>\u00a1Alaben al Se\u00f1or, invoquen su nombre! \u00a1Que los pueblos reconozcan sus obras!<\/p>\n\n\n\n<h3 class=\"wp-block-heading\">Salmos 106:1<\/h3>\n\n\n\n<p>\u00a1Aleluya! \u00a1Alabemos al Se\u00f1or, porque \u00e9l es bueno, porque su misericordia permanece para siempre.<\/p>\n\n\n\n<h3 class=\"wp-block-heading\">Salmos 107:1<\/h3>\n\n\n\n<p>\u00a1Alabemos al Se\u00f1or, porque \u00e9l es bueno; porque su misericordia es constante!<\/p>\n\n\n\n<h3 class=\"wp-block-heading\">Salmos 116:12<\/h3>\n\n\n\n<p>\u00bfCon qu\u00e9 voy a pagarle al Se\u00f1or tantas bendiciones que de \u00e9l he recibido?<\/p>\n\n\n\n<h3 class=\"wp-block-heading\">Salmos 118:1<\/h3>\n\n\n\n<p>\u00a1Alabemos al Se\u00f1or, porque \u00e9l es bueno; porque su misericordia permanece para siempre!<\/p>\n\n\n\n<h3 class=\"wp-block-heading\">Salmos 118:21<\/h3>\n\n\n\n<p>Te alabo, Se\u00f1or, porque me escuchas, y porque me das tu salvaci\u00f3n.<\/p>\n\n\n\n<h3 class=\"wp-block-heading\">Salmos 119:7<\/h3>\n\n\n\n<p>Te alabar\u00e9 con un coraz\u00f3n sincero cuando haya aprendido tus justas sentencias.<\/p>\n\n\n\n<h3 class=\"wp-block-heading\">Salmos 136:1<\/h3>\n\n\n\n<p>\u00a1Alabemos al Se\u00f1or, porque \u00e9l es bueno! \u00a1Su misericordia permanece para siempre!<\/p>\n\n\n\n<h3 class=\"wp-block-heading\">Salmos 138:1<\/h3>\n\n\n\n<p>Te alabar\u00e9 de todo coraz\u00f3n, y ante todos los dioses te cantar\u00e9 salmos.<\/p>\n\n\n\n<h3 class=\"wp-block-heading\">Salmos 139:14<\/h3>\n\n\n\n<p>Te alabo porque tus obras son formidables, porque todo lo que haces es maravilloso. \u00a1De esto estoy plenamente convencido!<\/p>\n\n\n\n<h3 class=\"wp-block-heading\">Salmos 140:13<\/h3>\n\n\n\n<p>Por eso los hombres justos y rectos alaban tu nombre y vivir\u00e1n en tu presencia.<\/p>\n\n\n\n<h3 class=\"wp-block-heading\">Salmos 145:1-2<\/h3>\n\n\n\n<p>Te exaltar\u00e9, mi Dios, mi Rey; por siempre y siempre bendecir\u00e9 tu nombre. Todos los d\u00edas te bendecir\u00e9, por siempre y siempre alabar\u00e9 tu nombre.<\/p>\n\n\n\n<h3 class=\"wp-block-heading\">Salmos 146:2<\/h3>\n\n\n\n<p>Mientras yo viva, alabar\u00e9 al Se\u00f1or; todos los d\u00edas de mi vida le cantar\u00e9 salmos.<\/p>\n\n\n\n<h2 class=\"wp-block-heading\">Lee Tambi\u00e9n:<\/h2>\n\n\n\n<ul class=\"wp-block-list\">\n<li><a href=\"https:\/\/thebibleverses.org\/es\/\">Vers\u00edculos por Tema<\/a><\/li>\n\n\n\n<li><a href=\"https:\/\/thebibleverses.org\/es\/amor\/\">Vers\u00edculos B\u00edblicos sobre el Amor<\/a><\/li>\n\n\n\n<li><a href=\"https:\/\/thebibleverses.org\/es\/fortaleza\/\">Vers\u00edculos B\u00edblicos de Fortaleza<\/a><\/li>\n\n\n\n<li><a href=\"https:\/\/thebibleverses.org\/es\/fe\/\">Vers\u00edculos B\u00edblicos sobre la Fe<\/a><\/li>\n\n\n\n<li><a href=\"https:\/\/thebibleverses.org\/es\/jovenes\/\">Vers\u00edculos B\u00edblicos para J\u00f3venes<\/a><\/li>\n\n\n\n<li><a href=\"https:\/\/thebibleverses.org\/es\/amistad\/\">Vers\u00edculos B\u00edblicos sobre la Amistad<\/a><\/li>\n\n\n\n<li><a href=\"https:\/\/thebibleverses.org\/es\/sanidad\/\">Vers\u00edculos B\u00edblicos sobre Sanidad<\/a><\/li>\n<\/ul>\n","protected":false},"excerpt":{"rendered":"<p>Salmos de Agradecimiento y Acci\u00f3n de Gracias a Dios Este revelador art\u00edculo invita a sumergirse en la profunda esencia de los Salmos de agradecimiento y Acci\u00f3n de Gracias a Dios. Explora c\u00f3mo estos antiguos c\u00e1nticos trascienden las palabras, expresando gratitud por bendiciones recibidas y por la maravilla de la vida. Descubre c\u00f3mo los Salmos de [&hellip;]<\/p>\n","protected":false},"author":1,"featured_media":1430,"parent":0,"menu_order":0,"comment_status":"closed","ping_status":"closed","template":"","meta":{"footnotes":""},"class_list":["post-1429","page","type-page","status-publish","has-post-thumbnail","hentry","entry","fw-tab-6 fw-tabr-4"],"_links":{"self":[{"href":"https:\/\/thebibleverses.org\/es\/wp-json\/wp\/v2\/pages\/1429","targetHints":{"allow":["GET"]}}],"collection":[{"href":"https:\/\/thebibleverses.org\/es\/wp-json\/wp\/v2\/pages"}],"about":[{"href":"https:\/\/thebibleverses.org\/es\/wp-json\/wp\/v2\/types\/page"}],"author":[{"embeddable":true,"href":"https:\/\/thebibleverses.org\/es\/wp-json\/wp\/v2\/users\/1"}],"replies":[{"embeddable":true,"href":"https:\/\/thebibleverses.org\/es\/wp-json\/wp\/v2\/comments?post=1429"}],"version-history":[{"count":1,"href":"https:\/\/thebibleverses.org\/es\/wp-json\/wp\/v2\/pages\/1429\/revisions"}],"predecessor-version":[{"id":1431,"href":"https:\/\/thebibleverses.org\/es\/wp-json\/wp\/v2\/pages\/1429\/revisions\/1431"}],"wp:featuredmedia":[{"embeddable":true,"href":"https:\/\/thebibleverses.org\/es\/wp-json\/wp\/v2\/media\/1430"}],"wp:attachment":[{"href":"https:\/\/thebibleverses.org\/es\/wp-json\/wp\/v2\/media?parent=1429"}],"curies":[{"name":"wp","href":"https:\/\/api.w.org\/{rel}","templated":true}]}}