{"id":1420,"date":"2023-08-29T22:59:36","date_gmt":"2023-08-29T22:59:36","guid":{"rendered":"https:\/\/thebibleverses.org\/es\/?page_id=1420"},"modified":"2023-08-29T23:17:05","modified_gmt":"2023-08-29T23:17:05","slug":"salmos-de-adoracion","status":"publish","type":"page","link":"https:\/\/thebibleverses.org\/es\/salmos-de-adoracion\/","title":{"rendered":"30 Salmos de Adoraci\u00f3n a Dios"},"content":{"rendered":"<div class=\"wp-block-image\">\n<figure class=\"aligncenter size-large\"><img loading=\"lazy\" decoding=\"async\" width=\"1024\" height=\"631\" src=\"https:\/\/thebibleverses.org\/es\/wp-content\/uploads\/2023\/08\/salmos-de-adoraci195179n-1024x631.webp\" alt=\"Salmos de Adoraci\u00f3n a Dios\" class=\"wp-image-1421\" srcset=\"https:\/\/thebibleverses.org\/es\/wp-content\/uploads\/2023\/08\/salmos-de-adoraci195179n-1024x631.webp 1024w, https:\/\/thebibleverses.org\/es\/wp-content\/uploads\/2023\/08\/salmos-de-adoraci195179n-300x185.webp 300w, https:\/\/thebibleverses.org\/es\/wp-content\/uploads\/2023\/08\/salmos-de-adoraci195179n-768x474.webp 768w, https:\/\/thebibleverses.org\/es\/wp-content\/uploads\/2023\/08\/salmos-de-adoraci195179n-320x197.webp 320w, https:\/\/thebibleverses.org\/es\/wp-content\/uploads\/2023\/08\/salmos-de-adoraci195179n-450x278.webp 450w, https:\/\/thebibleverses.org\/es\/wp-content\/uploads\/2023\/08\/salmos-de-adoraci195179n-720x444.webp 720w, https:\/\/thebibleverses.org\/es\/wp-content\/uploads\/2023\/08\/salmos-de-adoraci195179n.webp 1200w\" sizes=\"auto, (max-width: 1024px) 100vw, 1024px\" \/><figcaption class=\"wp-element-caption\">Salmos de Adoraci\u00f3n a Dios para abrir un Servicio &#8211; Reina Valera Contempor\u00e1nea (RVC).<\/figcaption><\/figure><\/div>\n\n\n<h2 class=\"wp-block-heading\">Salmos B\u00edblicos de Adoraci\u00f3n a Dios para iniciar un Culto<\/h2>\n\n\n\n<p>Este art\u00edculo ofrece una perspectiva reveladora sobre c\u00f3mo estos antiguos himnos transmiten devoci\u00f3n y reverencia. Descubre c\u00f3mo los Salmos trascienden el tiempo, conectando corazones y mentes a trav\u00e9s de la alabanza. Explora su impacto en diversas tradiciones religiosas y c\u00f3mo contin\u00faan inspirando una conexi\u00f3n personal con lo divino. Desde la poes\u00eda sagrada hasta la expresi\u00f3n de la fe, este art\u00edculo destaca el poder atemporal de los Salmos en la adoraci\u00f3n a Dios.<\/p>\n\n\n\n<h3 class=\"wp-block-heading\">Salmos 29:2<\/h3>\n\n\n\n<p>\u00a1R\u00edndanle la gloria digna de su nombre! \u00a1Adoren al Se\u00f1or en su santuario hermoso!<\/p>\n\n\n\n<h3 class=\"wp-block-heading\">Salmos 66:4<\/h3>\n\n\n\n<p>\u00a1Toda la tierra te rinde adoraci\u00f3n y canta salmos a tu nombre!<\/p>\n\n\n\n<h3 class=\"wp-block-heading\">Salmos 95:6<\/h3>\n\n\n\n<p>\u00a1Vengan, y rind\u00e1mosle adoraci\u00f3n! \u00a1Arrodill\u00e9monos delante del Se\u00f1or, nuestro Creador!<\/p>\n\n\n\n<h3 class=\"wp-block-heading\">Salmos 96:9<\/h3>\n\n\n\n<p>\u00a1Adoren al Se\u00f1or en la hermosura de la santidad! \u00a1Tiemblen ante \u00e9l todos en la tierra!<\/p>\n\n\n\n<h3 class=\"wp-block-heading\">Salmos 99:5<\/h3>\n\n\n\n<p>\u00a1Exaltemos al Se\u00f1or, nuestro Dios! \u00a1Postr\u00e9monos ante el estrado de sus pies! \u00a1El Se\u00f1or es santo!<\/p>\n\n\n\n<h3 class=\"wp-block-heading\">Salmos 100:2<\/h3>\n\n\n\n<p>\u00a1Sirvan al Se\u00f1or con alegr\u00eda! \u00a1Vengan a su presencia con regocijo!<\/p>\n\n\n\n<h3 class=\"wp-block-heading\">Salmos 103:1<\/h3>\n\n\n\n<p>\u00a1Bendice, alma m\u00eda, al Se\u00f1or! \u00a1Bendiga todo mi ser su santo nombre!<\/p>\n\n\n\n<h3 class=\"wp-block-heading\">Salmos 105:2<\/h3>\n\n\n\n<p>\u00a1Canten, s\u00ed, c\u00e1ntenle salmos! \u00a1Proclamen todas sus maravillas!<\/p>\n\n\n\n<h3 class=\"wp-block-heading\">Salmos 132:7<\/h3>\n\n\n\n<p>\u00a1Vamos! \u00a1Entremos en el santuario! \u00a1Arrodill\u00e9monos ante el estrado de sus pies!<\/p>\n\n\n\n<h3 class=\"wp-block-heading\">Salmos 138:2<\/h3>\n\n\n\n<p>De rodillas, y en direcci\u00f3n a tu santo templo, alabar\u00e9 tu nombre por tu misericordia y fidelidad, por la grandeza de tu nombre y porque tu palabra est\u00e1 por encima de todo.<\/p>\n\n\n\n<h3 class=\"wp-block-heading\">Salmos 145:1-2<\/h3>\n\n\n\n<p>Te exaltar\u00e9, mi Dios, mi Rey; por siempre y siempre bendecir\u00e9 tu nombre. Todos los d\u00edas te bendecir\u00e9, por siempre y siempre alabar\u00e9 tu nombre.<\/p>\n\n\n\n<h3 class=\"wp-block-heading\">Salmos 147:1<\/h3>\n\n\n\n<p>\u00a1Aleluya! \u00a1Cu\u00e1n bueno es cantar salmos a nuestro Dios! \u00a1Cu\u00e1n grato y hermoso es alabarlo!<\/p>\n\n\n\n<h3 class=\"wp-block-heading\">Salmos 149:3<\/h3>\n\n\n\n<p>\u00a1Que dancen en honor a su nombre! \u00a1Que le canten al son de arpas y panderos!<\/p>\n\n\n\n<h3 class=\"wp-block-heading\">Salmos 150:1-2<\/h3>\n\n\n\n<p>\u00a1Alabado sea Dios en su templo! \u00a1Alabado sea en la majestad del firmamento! \u00a1Alabado sea por sus proezas! \u00a1Alabado sea por su imponente grandeza!<\/p>\n\n\n\n<h3 class=\"wp-block-heading\">Salmos 29:11<\/h3>\n\n\n\n<p>El Se\u00f1or infunde poder a su pueblo y lo bendice con la paz.<\/p>\n\n\n\n<h3 class=\"wp-block-heading\">Salmos 34:1<\/h3>\n\n\n\n<p>Bendecir\u00e9 al Se\u00f1or en todo tiempo; su alabanza estar\u00e1 siempre en mi boca.<\/p>\n\n\n\n<h3 class=\"wp-block-heading\">Salmos 42:11<\/h3>\n\n\n\n<p>\u00bfPor qu\u00e9 te desanimas, alma m\u00eda? \u00bfPor qu\u00e9 te inquietas dentro de m\u00ed? Espera en Dios, porque a\u00fan debo alabarlo. \u00a1\u00c9l es mi Dios! \u00a1\u00c9l es mi salvador!<\/p>\n\n\n\n<h3 class=\"wp-block-heading\">Salmos 47:1<\/h3>\n\n\n\n<p>Pueblos todos, \u00a1agiten las manos! \u00a1Aclamen a Dios con voces de j\u00fabilo!<\/p>\n\n\n\n<h3 class=\"wp-block-heading\">Salmos 63:4<\/h3>\n\n\n\n<p>\u00a1Yo te bendecir\u00e9 mientras tenga vida, y en tu nombre levantar\u00e9 mis manos!<\/p>\n\n\n\n<h3 class=\"wp-block-heading\">Salmos 67:3-4<\/h3>\n\n\n\n<p>\u00a1Que te alaben los pueblos, Dios m\u00edo! \u00a1Que todos los pueblos te alaben! \u00a1Que las naciones se llenen de gozo, porque t\u00fa juzgas a los pueblos con equidad y eres el Pastor de todas las naciones!<\/p>\n\n\n\n<h3 class=\"wp-block-heading\">Salmos 68:4<\/h3>\n\n\n\n<p>\u00a1Cantemos salmos a Dios! \u00a1Cantemos salmos a su nombre! \u00a1Exaltemos al que cabalga sobre los cielos! Su nombre es el Se\u00f1or. \u00a1Alegr\u00e9monos en su presencia!<\/p>\n\n\n\n<h3 class=\"wp-block-heading\">Salmos 95:1-2<\/h3>\n\n\n\n<p>\u00a1Vengan y con alegr\u00eda aclamemos al Se\u00f1or! \u00a1Cantemos con j\u00fabilo a la roca de nuestra salvaci\u00f3n! \u00a1Lleguemos ante su presencia con alabanza! \u00a1Aclam\u00e9mosle con c\u00e1nticos!<\/p>\n\n\n\n<h3 class=\"wp-block-heading\">Salmos 98:4-6<\/h3>\n\n\n\n<p>\u00a1Canten alegres al Se\u00f1or, habitantes de toda la tierra! \u00a1Levanten la voz, aplaudan y canten salmos! \u00a1Canten salmos al Se\u00f1or al son del arpa! \u00a1Al son del arpa eleven sus cantos! \u00a1Vengan a la presencia del Se\u00f1or, nuestro Rey, y acl\u00e1menlo al son de trompetas y bocinas!<\/p>\n\n\n\n<h3 class=\"wp-block-heading\">Salmos 100:4<\/h3>\n\n\n\n<p>Entremos por sus puertas y por sus atrios con alabanzas y con acci\u00f3n de gracias; \u00a1Alab\u00e9mosle, bendigamos su nombre!<\/p>\n\n\n\n<h3 class=\"wp-block-heading\">Salmos 103:22<\/h3>\n\n\n\n<p>\u00a1Bendigan al Se\u00f1or ustedes, sus criaturas, en todos los lugares de su dominio! \u00a1Bendice, alma m\u00eda, al Se\u00f1or!<\/p>\n\n\n\n<h3 class=\"wp-block-heading\">Salmos 113:3<\/h3>\n\n\n\n<p>\u00a1Alabado sea el nombre del Se\u00f1or desde la salida del sol hasta su ocaso!<\/p>\n\n\n\n<h3 class=\"wp-block-heading\">Salmos 134:2<\/h3>\n\n\n\n<p>\u00a1Levanten las manos hacia el santuario y bendigan al Se\u00f1or!<\/p>\n\n\n\n<h3 class=\"wp-block-heading\">Salmos 138:5<\/h3>\n\n\n\n<p>\u00a1Que alaben tus caminos, Se\u00f1or, porque grande, Se\u00f1or, es tu gloria!<\/p>\n\n\n\n<h3 class=\"wp-block-heading\">Salmos 149:6<\/h3>\n\n\n\n<p>\u00a1Que exalten a Dios a voz en cuello mientras agitan en sus manos las espadas!<\/p>\n\n\n\n<h3 class=\"wp-block-heading\">Salmos 150:6<\/h3>\n\n\n\n<p>\u00a1Que todo lo que respira alabe al Se\u00f1or! \u00a1Aleluya!<\/p>\n\n\n\n<h2 class=\"wp-block-heading\">Lee Tambi\u00e9n:<\/h2>\n\n\n\n<ul class=\"wp-block-list\">\n<li><a href=\"https:\/\/thebibleverses.org\/es\/\">Vers\u00edculos por Tema<\/a><\/li>\n\n\n\n<li><a href=\"https:\/\/thebibleverses.org\/es\/amor\/\">Vers\u00edculos B\u00edblicos sobre el Amor<\/a><\/li>\n\n\n\n<li><a href=\"https:\/\/thebibleverses.org\/es\/fortaleza\/\">Vers\u00edculos B\u00edblicos de Fortaleza<\/a><\/li>\n\n\n\n<li><a href=\"https:\/\/thebibleverses.org\/es\/fe\/\">Vers\u00edculos B\u00edblicos sobre la Fe<\/a><\/li>\n\n\n\n<li><a href=\"https:\/\/thebibleverses.org\/es\/jovenes\/\">Vers\u00edculos B\u00edblicos para J\u00f3venes<\/a><\/li>\n\n\n\n<li><a href=\"https:\/\/thebibleverses.org\/es\/amistad\/\">Vers\u00edculos B\u00edblicos sobre la Amistad<\/a><\/li>\n\n\n\n<li><a href=\"https:\/\/thebibleverses.org\/es\/sanidad\/\">Vers\u00edculos B\u00edblicos sobre Sanidad<\/a><\/li>\n<\/ul>\n","protected":false},"excerpt":{"rendered":"<p>Salmos B\u00edblicos de Adoraci\u00f3n a Dios para iniciar un Culto Este art\u00edculo ofrece una perspectiva reveladora sobre c\u00f3mo estos antiguos himnos transmiten devoci\u00f3n y reverencia. Descubre c\u00f3mo los Salmos trascienden el tiempo, conectando corazones y mentes a trav\u00e9s de la alabanza. Explora su impacto en diversas tradiciones religiosas y c\u00f3mo contin\u00faan inspirando una conexi\u00f3n personal [&hellip;]<\/p>\n","protected":false},"author":1,"featured_media":1421,"parent":0,"menu_order":0,"comment_status":"closed","ping_status":"closed","template":"","meta":{"footnotes":""},"class_list":["post-1420","page","type-page","status-publish","has-post-thumbnail","hentry","entry","fw-tab-6 fw-tabr-4"],"_links":{"self":[{"href":"https:\/\/thebibleverses.org\/es\/wp-json\/wp\/v2\/pages\/1420","targetHints":{"allow":["GET"]}}],"collection":[{"href":"https:\/\/thebibleverses.org\/es\/wp-json\/wp\/v2\/pages"}],"about":[{"href":"https:\/\/thebibleverses.org\/es\/wp-json\/wp\/v2\/types\/page"}],"author":[{"embeddable":true,"href":"https:\/\/thebibleverses.org\/es\/wp-json\/wp\/v2\/users\/1"}],"replies":[{"embeddable":true,"href":"https:\/\/thebibleverses.org\/es\/wp-json\/wp\/v2\/comments?post=1420"}],"version-history":[{"count":2,"href":"https:\/\/thebibleverses.org\/es\/wp-json\/wp\/v2\/pages\/1420\/revisions"}],"predecessor-version":[{"id":1424,"href":"https:\/\/thebibleverses.org\/es\/wp-json\/wp\/v2\/pages\/1420\/revisions\/1424"}],"wp:featuredmedia":[{"embeddable":true,"href":"https:\/\/thebibleverses.org\/es\/wp-json\/wp\/v2\/media\/1421"}],"wp:attachment":[{"href":"https:\/\/thebibleverses.org\/es\/wp-json\/wp\/v2\/media?parent=1420"}],"curies":[{"name":"wp","href":"https:\/\/api.w.org\/{rel}","templated":true}]}}