{"id":140,"date":"2019-02-19T21:33:50","date_gmt":"2019-02-19T21:33:50","guid":{"rendered":"https:\/\/thebibleverses.org\/es\/?page_id=140"},"modified":"2022-05-13T21:38:42","modified_gmt":"2022-05-13T21:38:42","slug":"ayuno","status":"publish","type":"page","link":"https:\/\/thebibleverses.org\/es\/ayuno\/","title":{"rendered":"20 Vers\u00edculos de la Biblia sobre el Ayuno"},"content":{"rendered":"\n<div class=\"wp-block-image\"><figure class=\"aligncenter size-large\"><img loading=\"lazy\" decoding=\"async\" width=\"1024\" height=\"631\" src=\"https:\/\/thebibleverses.org\/es\/wp-content\/uploads\/2022\/05\/Versiculos-Biblicos-de-Ayuno-1024x631.webp\" alt=\"Vers\u00edculos B\u00edblicos sobre el Ayuno\" class=\"wp-image-718\" srcset=\"https:\/\/thebibleverses.org\/es\/wp-content\/uploads\/2022\/05\/Versiculos-Biblicos-de-Ayuno-1024x631.webp 1024w, https:\/\/thebibleverses.org\/es\/wp-content\/uploads\/2022\/05\/Versiculos-Biblicos-de-Ayuno-300x185.webp 300w, https:\/\/thebibleverses.org\/es\/wp-content\/uploads\/2022\/05\/Versiculos-Biblicos-de-Ayuno-768x474.webp 768w, https:\/\/thebibleverses.org\/es\/wp-content\/uploads\/2022\/05\/Versiculos-Biblicos-de-Ayuno-320x197.webp 320w, https:\/\/thebibleverses.org\/es\/wp-content\/uploads\/2022\/05\/Versiculos-Biblicos-de-Ayuno-450x278.webp 450w, https:\/\/thebibleverses.org\/es\/wp-content\/uploads\/2022\/05\/Versiculos-Biblicos-de-Ayuno-720x444.webp 720w, https:\/\/thebibleverses.org\/es\/wp-content\/uploads\/2022\/05\/Versiculos-Biblicos-de-Ayuno-scaled.webp 644w\" sizes=\"auto, (max-width: 1024px) 100vw, 1024px\" \/><figcaption>Vers\u00edculos B\u00edblicos sobre el Ayuno &#8211; Reina Valera Contempor\u00e1nea (RVC).<\/figcaption><\/figure><\/div>\n\n\n\n<h2 class=\"wp-block-heading\">\u00c9xodo 34:28 <\/h2>\n\n\n\n<p>Y Mois\u00e9s estuvo all\u00ed, con el Se\u00f1or, cuarenta d\u00edas y cuarenta noches. No comi\u00f3 pan, ni bebi\u00f3 agua, pero s\u00ed escribi\u00f3 en las tablas de piedra las palabras del pacto, es decir, los diez mandamientos (Ex 34:28).<\/p>\n\n\n\n<h2 class=\"wp-block-heading\">Jueces 20:26 <\/h2>\n\n\n\n<p>Volvieron entonces los israelitas y todo el pueblo a la casa de Dios, y llorando se sentaron delante del Se\u00f1or y ayunaron todo el d\u00eda y hasta la noche, y le ofrecieron al Se\u00f1or holocaustos y ofrendas de paz (Jueces 20:26).<\/p>\n\n\n\n<h2 class=\"wp-block-heading\">1 Samuel 7:6 <\/h2>\n\n\n\n<p>Se reunieron en Mizpa, sacaron agua y la vertieron delante del Se\u00f1or. Aquel d\u00eda ayunaron all\u00ed y dijeron: Hemos pecado contra el SE\u00d1OR. Y Samuel juzgaba a los hijos de Israel en Mizpa (1 Sa 7:6).<\/p>\n\n\n\n<h2 class=\"wp-block-heading\">2 Cr\u00f3nicas 20:3 <\/h2>\n\n\n\n<p>Lleno de miedo, Josafat se dispuso a consultar al Se\u00f1or, y orden\u00f3 que todos en Jud\u00e1 ayunaran (2 Cro 20:3).<\/p>\n\n\n\n<h2 class=\"wp-block-heading\">Esdras 8:23 <\/h2>\n\n\n\n<p>As\u00ed que todos ayunamos ese d\u00eda, y le pedimos al Se\u00f1or que nos bendijera, y \u00e9l nos bendijo (Esd 8:23).<\/p>\n\n\n\n<h2 class=\"wp-block-heading\">Esdras 10:6 <\/h2>\n\n\n\n<p>Luego, sali\u00f3 del templo y se dirigi\u00f3 a la habitaci\u00f3n de Johan\u00e1n hijo de Eliasib, y una vez all\u00ed no comi\u00f3 ni bebi\u00f3 nada, pues estaba muy triste por el pecado de los israelitas que hab\u00edan vuelto del cautiverio (Esd 10:6).<\/p>\n\n\n\n<h2 class=\"wp-block-heading\">Nehem\u00edas 9:1-2 <\/h2>\n\n\n\n<p>El d\u00eda veinticuatro del mismo mes, los israelitas volvieron a reunirse para ayunar, vestidos con ropas \u00e1speras y con la cabeza cubierta de polvo. Para entonces los israelitas ya hab\u00edan apartado de s\u00ed a los hijos de extranjeros. Puestos de pie, los israelitas confesaron sus pecados y los de sus padres (Neh 9:1-2).<\/p>\n\n\n\n<h2 class=\"wp-block-heading\">Salmos 35:13 <\/h2>\n\n\n\n<p>Si estaban enfermos, yo me preocupaba; ayunaba y me vest\u00eda de cilicio. \u00a1Quisiera que mis oraciones volvieran a m\u00ed! (Sal 35:13).<\/p>\n\n\n\n<p><\/p>\n\n\n\n<h2 class=\"wp-block-heading\">Salmos 69:10 <\/h2>\n\n\n\n<p>Aflijo mi cuerpo con ayunos y sollozos, y por esto la gente me insulta (Sal 69:10).<\/p>\n\n\n\n<h2 class=\"wp-block-heading\">Isa\u00edas 58:3 <\/h2>\n\n\n\n<p>Dicen: \u2018\u00bfPor qu\u00e9 ayunamos, y no hiciste caso? \u00bfPor qu\u00e9 afligimos nuestras almas, y no te diste por aludido?\u2019. \u201cHe aqu\u00ed que en el d\u00eda de su ayuno logran su deseo y explotan a todos sus trabajadores (Is 58:3).<\/p>\n\n\n\n<h2 class=\"wp-block-heading\">Isa\u00edas 58:6 <\/h2>\n\n\n\n<p>\u00bfNo consiste, m\u00e1s bien, el ayuno que yo escog\u00ed, en desatar las ligaduras de impiedad, en soltar las ataduras del yugo, en dejar libres a los quebrantados y en romper todo yugo? (Is 58:6).<\/p>\n\n\n\n<h2 class=\"wp-block-heading\">Daniel 10:3 <\/h2>\n\n\n\n<p>No com\u00ed ning\u00fan manjar delicado, ni carne, ni tom\u00e9 vino, ni me apliqu\u00e9 ning\u00fan perfume, hasta que se cumplieron las tres semanas (Da 10:3).<\/p>\n\n\n\n<h2 class=\"wp-block-heading\">Joel 2:12 <\/h2>\n\n\n\n<p>\u201cPero aun ahora\u201d, dice el SE\u00d1OR, \u201cvu\u00e9lvanse a m\u00ed con todo su coraz\u00f3n, con ayuno, llanto y lamento (Jl 2:12).<\/p>\n\n\n\n<h2 class=\"wp-block-heading\">Jon\u00e1s 3:5 <\/h2>\n\n\n\n<p>Todos los habitantes de N\u00ednive creyeron a Dios y decretaron ayuno, y desde el mayor hasta el menor se vistieron de cilicio (Jon 3:5).<\/p>\n\n\n\n<h2 class=\"wp-block-heading\">Mateo 6:16 <\/h2>\n\n\n\n<p>Cuando ustedes ayunen, no se muestren afligidos, como los hip\u00f3critas, porque ellos demudan su rostro para mostrar a la gente que est\u00e1n ayunando; de cierto les digo que ya se han ganado su recompensa (Mt 6:16).<\/p>\n\n\n\n<h2 class=\"wp-block-heading\">Mateo 6:17-18 <\/h2>\n\n\n\n<p>Pero t\u00fa, cuando ayunes, perf\u00famate la cabeza y l\u00e1vate la cara, para no mostrar a los dem\u00e1s que est\u00e1s ayunando, sino a tu Padre que est\u00e1 en secreto, y tu Padre que ve en lo secreto te recompensar\u00e1 en p\u00fablico (Mt 6:17-18).<\/p>\n\n\n\n<h2 class=\"wp-block-heading\">Lucas 4:1-2 <\/h2>\n\n\n\n<p>Jes\u00fas volvi\u00f3 del Jord\u00e1n lleno del Esp\u00edritu Santo, y fue llevado por el Esp\u00edritu al desierto. All\u00ed estuvo cuarenta d\u00edas, y el diablo lo estuvo poniendo a prueba. Como durante esos d\u00edas no comi\u00f3 nada, pasado ese tiempo tuvo hambre (Lc 4:1-2).<\/p>\n\n\n\n<h2 class=\"wp-block-heading\">Hechos 13:2 <\/h2>\n\n\n\n<p>Mientras ellos ministraban al Se\u00f1or y ayunaban, el Esp\u00edritu Santo dijo: \u201cAp\u00e1rtenme a Bernab\u00e9 y a Saulo para la obra a la que los he llamado\u201d (Hch 13:2).<\/p>\n\n\n\n<h2 class=\"wp-block-heading\">Hechos 13:3 <\/h2>\n\n\n\n<p>Entonces, habiendo ayunado y orado, les impusieron las manos y los despidieron (Hch 13:3).<\/p>\n\n\n\n<h2 class=\"wp-block-heading\">Hechos 14:23 <\/h2>\n\n\n\n<p>Tambi\u00e9n nombraron ancianos en cada iglesia, y luego de orar y ayunar los encomendaron al Se\u00f1or, en quien hab\u00edan cre\u00eddo (Hch 14:23).<\/p>\n\n\n\n<h2 class=\"wp-block-heading\">Lee Tambi\u00e9n:<\/h2>\n\n\n\n<ul class=\"wp-block-list\"><li><a href=\"https:\/\/thebibleverses.org\/es\/\">Vers\u00edculos por Tema<\/a><\/li><li><a href=\"https:\/\/thebibleverses.org\/es\/amor\/\">Vers\u00edculos B\u00edblicos sobre el Amor<\/a><\/li><li><a href=\"https:\/\/thebibleverses.org\/es\/fortaleza\/\">Vers\u00edculos B\u00edblicos de Fortaleza<\/a><\/li><li><a href=\"https:\/\/thebibleverses.org\/es\/fe\/\">Vers\u00edculos B\u00edblicos sobre la Fe<\/a><\/li><li><a href=\"https:\/\/thebibleverses.org\/es\/jovenes\/\">Vers\u00edculos B\u00edblicos para J\u00f3venes<\/a><\/li><li><a href=\"https:\/\/thebibleverses.org\/es\/amistad\/\">Vers\u00edculos B\u00edblicos sobre la Amistad<\/a><\/li><li><a href=\"https:\/\/thebibleverses.org\/es\/sanidad\/\">Vers\u00edculos B\u00edblicos sobre Sanidad<\/a><\/li><\/ul>\n","protected":false},"excerpt":{"rendered":"<p>\u00c9xodo 34:28 Y Mois\u00e9s estuvo all\u00ed, con el Se\u00f1or, cuarenta d\u00edas y cuarenta noches. No comi\u00f3 pan, ni bebi\u00f3 agua, pero s\u00ed escribi\u00f3 en las tablas de piedra las palabras del pacto, es decir, los diez mandamientos (Ex 34:28). Jueces 20:26 Volvieron entonces los israelitas y todo el pueblo a la casa de Dios, y [&hellip;]<\/p>\n","protected":false},"author":1,"featured_media":718,"parent":0,"menu_order":0,"comment_status":"open","ping_status":"closed","template":"","meta":{"footnotes":""},"class_list":["post-140","page","type-page","status-publish","has-post-thumbnail","hentry","entry","fw-tab-6 fw-tabr-4"],"_links":{"self":[{"href":"https:\/\/thebibleverses.org\/es\/wp-json\/wp\/v2\/pages\/140","targetHints":{"allow":["GET"]}}],"collection":[{"href":"https:\/\/thebibleverses.org\/es\/wp-json\/wp\/v2\/pages"}],"about":[{"href":"https:\/\/thebibleverses.org\/es\/wp-json\/wp\/v2\/types\/page"}],"author":[{"embeddable":true,"href":"https:\/\/thebibleverses.org\/es\/wp-json\/wp\/v2\/users\/1"}],"replies":[{"embeddable":true,"href":"https:\/\/thebibleverses.org\/es\/wp-json\/wp\/v2\/comments?post=140"}],"version-history":[{"count":0,"href":"https:\/\/thebibleverses.org\/es\/wp-json\/wp\/v2\/pages\/140\/revisions"}],"wp:featuredmedia":[{"embeddable":true,"href":"https:\/\/thebibleverses.org\/es\/wp-json\/wp\/v2\/media\/718"}],"wp:attachment":[{"href":"https:\/\/thebibleverses.org\/es\/wp-json\/wp\/v2\/media?parent=140"}],"curies":[{"name":"wp","href":"https:\/\/api.w.org\/{rel}","templated":true}]}}