{"id":1395,"date":"2023-06-21T22:26:03","date_gmt":"2023-06-21T22:26:03","guid":{"rendered":"https:\/\/thebibleverses.org\/es\/?page_id=1395"},"modified":"2023-06-21T22:26:34","modified_gmt":"2023-06-21T22:26:34","slug":"crucifixion","status":"publish","type":"page","link":"https:\/\/thebibleverses.org\/es\/crucifixion\/","title":{"rendered":"20 Vers\u00edculos de la Biblia sobre la Crucifixi\u00f3n"},"content":{"rendered":"<div class=\"wp-block-image\">\n<figure class=\"aligncenter size-large\"><img loading=\"lazy\" decoding=\"async\" width=\"1024\" height=\"631\" src=\"https:\/\/thebibleverses.org\/es\/wp-content\/uploads\/2023\/06\/la-crucifixi195179n-1024x631.webp\" alt=\"Vers\u00edculos de la Biblia de Crucifixi\u00f3n\" class=\"wp-image-1396\" srcset=\"https:\/\/thebibleverses.org\/es\/wp-content\/uploads\/2023\/06\/la-crucifixi195179n-1024x631.webp 1024w, https:\/\/thebibleverses.org\/es\/wp-content\/uploads\/2023\/06\/la-crucifixi195179n-300x185.webp 300w, https:\/\/thebibleverses.org\/es\/wp-content\/uploads\/2023\/06\/la-crucifixi195179n-768x474.webp 768w, https:\/\/thebibleverses.org\/es\/wp-content\/uploads\/2023\/06\/la-crucifixi195179n-320x197.webp 320w, https:\/\/thebibleverses.org\/es\/wp-content\/uploads\/2023\/06\/la-crucifixi195179n-450x278.webp 450w, https:\/\/thebibleverses.org\/es\/wp-content\/uploads\/2023\/06\/la-crucifixi195179n-720x444.webp 720w, https:\/\/thebibleverses.org\/es\/wp-content\/uploads\/2023\/06\/la-crucifixi195179n.webp 1200w\" sizes=\"auto, (max-width: 1024px) 100vw, 1024px\" \/><figcaption class=\"wp-element-caption\">Vers\u00edculos de la Biblia de Crucifixi\u00f3n \u2013 Reina Valera Contempor\u00e1nea (RVC).<\/figcaption><\/figure><\/div>\n\n\n<h2 class=\"wp-block-heading\">Textos B\u00edblicos sobre la Crucifixi\u00f3n de Cristo Jes\u00fas<\/h2>\n\n\n\n<p>Sum\u00e9rgete en la profundidad y significado de la Crucifixi\u00f3n a trav\u00e9s de inspiradores vers\u00edculos b\u00edblicos. Descubre la redenci\u00f3n y el sacrificio supremo de Jes\u00fas en nuestra colecci\u00f3n de vers\u00edculos conmovedores.<\/p>\n\n\n\n<p>Explora las ense\u00f1anzas de amor incondicional, perd\u00f3n y esperanza que emanan de este evento trascendental. Estos vers\u00edculos te transportar\u00e1n a la cruz y te recordar\u00e1n el poder transformador de la entrega total de Cristo por la humanidad. Experimenta la gracia y la misericordia divinas al meditar en estas palabras sagradas. \u00danete a nosotros en este viaje espiritual y descubre el significado eterno de la Crucifixi\u00f3n en tu vida.<\/p>\n\n\n\n<h3 class=\"wp-block-heading\">Isa\u00edas 53:3-4<\/h3>\n\n\n\n<p>Ser\u00e1 despreciado y desechado por la humanidad entera. Ser\u00e1 el hombre m\u00e1s sufrido, el m\u00e1s experimentado en el sufrimiento. \u00a1Y nosotros no le daremos la cara! \u00a1Ser\u00e1 menospreciado! \u00a1No lo apreciaremos! Con todo, \u00e9l llevar\u00e1 sobre s\u00ed nuestros males, y sufrir\u00e1 nuestros dolores, mientras nosotros creeremos que Dios lo ha azotado, lo ha herido y humillado.<\/p>\n\n\n\n<h3 class=\"wp-block-heading\">Mateo 27:37-38<\/h3>\n\n\n\n<p>Sobre su cabeza pusieron su causa escrita: \u00ab\u00c9STE ES JES\u00daS, EL REY DE LOS JUD\u00cdOS\u00bb. Junto a \u00e9l crucificaron tambi\u00e9n a dos ladrones, uno a la derecha y otro a la izquierda.<\/p>\n\n\n\n<h3 class=\"wp-block-heading\">Marcos 15:22-24<\/h3>\n\n\n\n<p>Llevaron a Jes\u00fas a un lugar llamado G\u00f3lgota, que significa \u00abLugar de la Calavera\u00bb. Le dieron a beber vino mezclado con mirra, pero \u00e9l no lo tom\u00f3. Despu\u00e9s de crucificarlo, se repartieron sus vestidos y los sortearon para ver qu\u00e9 le tocar\u00eda a cada uno de ellos.<\/p>\n\n\n\n<h3 class=\"wp-block-heading\">Juan 19:19-20<\/h3>\n\n\n\n<p>Adem\u00e1s, Pilato escribi\u00f3 tambi\u00e9n un t\u00edtulo, que puso sobre la cruz, el cual dec\u00eda: JES\u00daS NAZARENO, REY DE LOS JUD\u00cdOS. Y muchos de los jud\u00edos leyeron este t\u00edtulo, porque el lugar donde Jes\u00fas fue crucificado estaba cerca de la ciudad. Este t\u00edtulo estaba escrito en hebreo, griego y lat\u00edn.<\/p>\n\n\n\n<h3 class=\"wp-block-heading\">Hechos 3:13-15<\/h3>\n\n\n\n<p>El Dios de Abrah\u00e1n, de Isaac y de Jacob, que es el Dios de nuestros antepasados, ha glorificado a su Hijo Jes\u00fas, a quien ustedes entregaron y negaron delante de Pilato, cuando \u00e9ste ya hab\u00eda resuelto ponerlo en libertad. Pero ustedes negaron al Santo y Justo, y pidieron que se les entregara un homicida. Fue as\u00ed como mataron al Autor de la vida, a quien Dios resucit\u00f3 de los muertos. De eso nosotros somos testigos,<\/p>\n\n\n\n<h3 class=\"wp-block-heading\">Lucas 23:32-33<\/h3>\n\n\n\n<p>Con Jes\u00fas llevaban tambi\u00e9n a otros dos, que eran malhechores, para ser ejecutados. Cuando llegaron al lugar llamado de la Calavera, lo crucificaron all\u00ed, lo mismo que a los malhechores, uno a la derecha de Jes\u00fas y otro a su izquierda.<\/p>\n\n\n\n<h3 class=\"wp-block-heading\">Lucas 23:39-43<\/h3>\n\n\n\n<p>Uno de los malhechores que estaban all\u00ed colgados lo insultaba y le dec\u00eda: \u00abSi t\u00fa eres el Cristo, \u00a1s\u00e1lvate a ti mismo y s\u00e1lvanos a nosotros!\u00bb Pero el otro lo reprendi\u00f3 y le dijo: \u00ab\u00bfNi siquiera ahora, que sufres la misma condena, temes a Dios? Lo que nosotros ahora padecemos es justo, porque estamos recibiendo lo que merec\u00edan nuestros hechos, pero \u00e9ste no cometi\u00f3 ning\u00fan crimen.\u00bb Y a Jes\u00fas le dijo: \u00abAcu\u00e9rdate de m\u00ed cuando llegues a tu reino.\u00bb Jes\u00fas le dijo: \u00abDe cierto te digo que hoy estar\u00e1s conmigo en el para\u00edso.\u00bb<\/p>\n\n\n\n<h3 class=\"wp-block-heading\">Lucas 23:44-46<\/h3>\n\n\n\n<p>Desde el mediod\u00eda y hasta las tres de la tarde hubo tinieblas sobre toda la tierra. El sol se oscureci\u00f3, y el velo del templo se rasg\u00f3 por la mitad. En ese momento Jes\u00fas clam\u00f3 a gran voz, y dijo: \u00abPadre, en tus manos encomiendo mi esp\u00edritu.\u00bb Y despu\u00e9s de haber dicho esto, expir\u00f3.<\/p>\n\n\n\n<h3 class=\"wp-block-heading\">Juan 19:23-24<\/h3>\n\n\n\n<p>Cuando los soldados crucificaron a Jes\u00fas, tomaron sus vestidos y los partieron en cuatro, una parte para cada soldado. Tomaron tambi\u00e9n su t\u00fanica, la cual no ten\u00eda ninguna costura, y de arriba abajo era de un solo tejido. Y dijeron entre s\u00ed: \u00abNo la partamos. M\u00e1s bien, echemos suertes, a ver qui\u00e9n se queda con ella.\u00bb Esto fue as\u00ed para que se cumpliera la Escritura, que dice: \u00abRepartieron entre s\u00ed mis vestidos, Y sobre mi ropa echaron suertes.\u00bb Y as\u00ed lo hicieron los soldados.<\/p>\n\n\n\n<h3 class=\"wp-block-heading\">Mateo 27:46-50<\/h3>\n\n\n\n<p>Cerca de las tres de la tarde, Jes\u00fas clam\u00f3 a gran voz. Dec\u00eda: \u00abEl\u00ed, El\u00ed, \u00bflema sabactani?\u00bb, es decir, \u00abDios m\u00edo, Dios m\u00edo, \u00bfpor qu\u00e9 me has desamparado?\u00bb Algunos de los que estaban all\u00ed, dec\u00edan al o\u00edrlo: \u00abEst\u00e1 llamando a El\u00edas.\u00bb Al instante, uno de ellos corri\u00f3 y tom\u00f3 una esponja, la empap\u00f3 en vinagre y, poni\u00e9ndola en una ca\u00f1a, le dio a beber. Los otros dec\u00edan: \u00abDeja, veamos si El\u00edas viene a librarlo.\u00bb Pero Jes\u00fas, despu\u00e9s de clamar nuevamente a gran voz, entreg\u00f3 el esp\u00edritu.<\/p>\n\n\n\n<h3 class=\"wp-block-heading\">Marcos 15:25-26<\/h3>\n\n\n\n<p>Cuando lo crucificaron eran las nueve de la ma\u00f1ana. Como raz\u00f3n de su condena pusieron este ep\u00edgrafe: \u00abEL REY DE LOS JUD\u00cdOS\u00bb.<\/p>\n\n\n\n<h3 class=\"wp-block-heading\">Mateo 27:51-54<\/h3>\n\n\n\n<p>En ese momento el velo del templo se rasg\u00f3 en dos, de arriba hacia abajo; la tierra tembl\u00f3, las rocas se partieron, los sepulcros se abrieron, y muchos cuerpos de santos, que ya hab\u00edan muerto, volvieron a vivir. Despu\u00e9s de la resurrecci\u00f3n de Jes\u00fas, \u00e9stos salieron de sus sepulcros y fueron a la santa ciudad, donde se aparecieron a muchos. Al ver el terremoto y las cosas que hab\u00edan sucedido, el centuri\u00f3n y los que estaban con \u00e9l custodiando a Jes\u00fas se llenaron de miedo, y dijeron: \u00ab\u00a1En verdad, \u00e9ste era Hijo de Dios!\u00bb<\/p>\n\n\n\n<h3 class=\"wp-block-heading\">Hechos 5:30-31<\/h3>\n\n\n\n<p>El Dios de nuestros antepasados resucit\u00f3 a Jes\u00fas, el mismo al que ustedes mataron y colgaron de un madero. Pero Dios, por su poder, lo ha exaltado y sentado a su derecha como Pr\u00edncipe y Salvador, dando a Israel la oportunidad de arrepentirse y de que sean perdonados sus pecados.<\/p>\n\n\n\n<h3 class=\"wp-block-heading\">Juan 19:29-30<\/h3>\n\n\n\n<p>Hab\u00eda all\u00ed una vasija llena de vinagre; entonces ellos empaparon una esponja en el vinagre, la pusieron en un hisopo, y se la acercaron a la boca. Cuando Jes\u00fas prob\u00f3 el vinagre, dijo \u00abConsumado es\u00bb; luego inclin\u00f3 la cabeza y entreg\u00f3 el esp\u00edritu.<\/p>\n\n\n\n<h3 class=\"wp-block-heading\">Mateo 20:18-19<\/h3>\n\n\n\n<p>\u00abComo pueden ver, ahora vamos camino a Jerusal\u00e9n, y el Hijo del Hombre ser\u00e1 entregado a los principales sacerdotes y a los escribas, y lo condenar\u00e1n a muerte. Lo entregar\u00e1n a los no jud\u00edos, para que se burlen de \u00e9l y lo azoten, y lo crucifiquen; pero al tercer d\u00eda resucitar\u00e1.\u00bb<\/p>\n\n\n\n<h3 class=\"wp-block-heading\">Hechos 2:22-23<\/h3>\n\n\n\n<p>\u00bbVarones israelitas, escuchen mis palabras: Jes\u00fas nazareno, que fue el var\u00f3n que Dios aprob\u00f3 entre ustedes por las maravillas, prodigios y se\u00f1ales que hizo por medio de \u00e9l, como ustedes mismos lo saben, fue entregado conforme al plan determinado y el conocimiento anticipado de Dios, y ustedes lo aprehendieron y lo mataron por medio de hombres inicuos, crucific\u00e1ndolo.<\/p>\n\n\n\n<h3 class=\"wp-block-heading\">Marcos 15:31-32<\/h3>\n\n\n\n<p>As\u00ed tambi\u00e9n se burlaban de \u00e9l los principales sacerdotes, y se sumaban a los escribas para decir: \u00ab\u00a1Salv\u00f3 a otros, pero a s\u00ed mismo no puede salvarse! \u00a1Que baje ahora de la cruz el Cristo, el Rey de Israel, para que podamos ver y creer!\u00bb Y tambi\u00e9n le hac\u00edan burla los que estaban crucificados con \u00e9l.<\/p>\n\n\n\n<h3 class=\"wp-block-heading\">Lucas 22:39-42<\/h3>\n\n\n\n<p>Jes\u00fas sali\u00f3 y, conforme a su costumbre, se fue al monte de los Olivos. Sus disc\u00edpulos lo siguieron. Cuando lleg\u00f3 a ese lugar, Jes\u00fas les dijo: \u00abOren para que no caigan en tentaci\u00f3n.\u00bb Luego, se apart\u00f3 de ellos a una distancia como de un tiro de piedra, y all\u00ed se arrodill\u00f3 y or\u00f3. Y dec\u00eda: \u00abPadre, si quieres, haz que pase de m\u00ed esta copa; pero que no se haga mi voluntad, sino la tuya.\u00bb<\/p>\n\n\n\n<h3 class=\"wp-block-heading\">Hebreos 12:2<\/h3>\n\n\n\n<p>Fijemos la mirada en Jes\u00fas, el autor y consumador de la fe, quien por el gozo que le esperaba sufri\u00f3 la cruz y menospreci\u00f3 el oprobio, y se sent\u00f3 a la derecha del trono de Dios.<\/p>\n\n\n\n<h3 class=\"wp-block-heading\">Juan 19:16-18<\/h3>\n\n\n\n<p>Entonces Pilato se lo entreg\u00f3 a ellos, para que lo crucificaran. Y ellos tomaron a Jes\u00fas y se lo llevaron. Con su cruz a cuestas, Jes\u00fas sali\u00f3 al llamado \u00abLugar de la Calavera\u00bb, que en hebreo es \u00abG\u00f3lgota\u00bb, y all\u00ed lo crucificaron. Con \u00e9l estaban otros dos, uno a cada lado suyo, y Jes\u00fas en medio de ellos.<\/p>\n\n\n\n<h2 class=\"wp-block-heading\">Lee Tambi\u00e9n:<\/h2>\n\n\n\n<ul class=\"wp-block-list\">\n<li><a href=\"https:\/\/thebibleverses.org\/es\/\">Vers\u00edculos por Tema<\/a><\/li>\n\n\n\n<li><a href=\"https:\/\/thebibleverses.org\/es\/amor\/\">Vers\u00edculos B\u00edblicos sobre el Amor<\/a><\/li>\n\n\n\n<li><a href=\"https:\/\/thebibleverses.org\/es\/fortaleza\/\">Vers\u00edculos B\u00edblicos de Fortaleza<\/a><\/li>\n\n\n\n<li><a href=\"https:\/\/thebibleverses.org\/es\/fe\/\">Vers\u00edculos B\u00edblicos sobre la Fe<\/a><\/li>\n\n\n\n<li><a href=\"https:\/\/thebibleverses.org\/es\/jovenes\/\">Vers\u00edculos B\u00edblicos para J\u00f3venes<\/a><\/li>\n\n\n\n<li><a href=\"https:\/\/thebibleverses.org\/es\/amistad\/\">Vers\u00edculos B\u00edblicos sobre la Amistad<\/a><\/li>\n\n\n\n<li><a href=\"https:\/\/thebibleverses.org\/es\/sanidad\/\">Vers\u00edculos B\u00edblicos sobre Sanidad<\/a><\/li>\n<\/ul>\n","protected":false},"excerpt":{"rendered":"<p>Textos B\u00edblicos sobre la Crucifixi\u00f3n de Cristo Jes\u00fas Sum\u00e9rgete en la profundidad y significado de la Crucifixi\u00f3n a trav\u00e9s de inspiradores vers\u00edculos b\u00edblicos. Descubre la redenci\u00f3n y el sacrificio supremo de Jes\u00fas en nuestra colecci\u00f3n de vers\u00edculos conmovedores. Explora las ense\u00f1anzas de amor incondicional, perd\u00f3n y esperanza que emanan de este evento trascendental. Estos vers\u00edculos [&hellip;]<\/p>\n","protected":false},"author":1,"featured_media":1396,"parent":0,"menu_order":0,"comment_status":"open","ping_status":"closed","template":"","meta":{"footnotes":""},"class_list":["post-1395","page","type-page","status-publish","has-post-thumbnail","hentry","entry","fw-tab-6 fw-tabr-4"],"_links":{"self":[{"href":"https:\/\/thebibleverses.org\/es\/wp-json\/wp\/v2\/pages\/1395","targetHints":{"allow":["GET"]}}],"collection":[{"href":"https:\/\/thebibleverses.org\/es\/wp-json\/wp\/v2\/pages"}],"about":[{"href":"https:\/\/thebibleverses.org\/es\/wp-json\/wp\/v2\/types\/page"}],"author":[{"embeddable":true,"href":"https:\/\/thebibleverses.org\/es\/wp-json\/wp\/v2\/users\/1"}],"replies":[{"embeddable":true,"href":"https:\/\/thebibleverses.org\/es\/wp-json\/wp\/v2\/comments?post=1395"}],"version-history":[{"count":0,"href":"https:\/\/thebibleverses.org\/es\/wp-json\/wp\/v2\/pages\/1395\/revisions"}],"wp:featuredmedia":[{"embeddable":true,"href":"https:\/\/thebibleverses.org\/es\/wp-json\/wp\/v2\/media\/1396"}],"wp:attachment":[{"href":"https:\/\/thebibleverses.org\/es\/wp-json\/wp\/v2\/media?parent=1395"}],"curies":[{"name":"wp","href":"https:\/\/api.w.org\/{rel}","templated":true}]}}