{"id":1392,"date":"2023-06-21T22:13:56","date_gmt":"2023-06-21T22:13:56","guid":{"rendered":"https:\/\/thebibleverses.org\/es\/?page_id=1392"},"modified":"2023-06-21T22:13:57","modified_gmt":"2023-06-21T22:13:57","slug":"guerra-espiritual","status":"publish","type":"page","link":"https:\/\/thebibleverses.org\/es\/guerra-espiritual\/","title":{"rendered":"30 Vers\u00edculos de la Biblia sobre Guerra Espiritual"},"content":{"rendered":"<div class=\"wp-block-image\">\n<figure class=\"aligncenter size-large\"><img loading=\"lazy\" decoding=\"async\" width=\"1024\" height=\"631\" src=\"https:\/\/thebibleverses.org\/es\/wp-content\/uploads\/2023\/06\/la-guerra-espiritual-1024x631.webp\" alt=\"Vers\u00edculos de la Biblia sobre Guerra Espiritual\" class=\"wp-image-1393\" srcset=\"https:\/\/thebibleverses.org\/es\/wp-content\/uploads\/2023\/06\/la-guerra-espiritual-1024x631.webp 1024w, https:\/\/thebibleverses.org\/es\/wp-content\/uploads\/2023\/06\/la-guerra-espiritual-300x185.webp 300w, https:\/\/thebibleverses.org\/es\/wp-content\/uploads\/2023\/06\/la-guerra-espiritual-768x474.webp 768w, https:\/\/thebibleverses.org\/es\/wp-content\/uploads\/2023\/06\/la-guerra-espiritual-320x197.webp 320w, https:\/\/thebibleverses.org\/es\/wp-content\/uploads\/2023\/06\/la-guerra-espiritual-450x278.webp 450w, https:\/\/thebibleverses.org\/es\/wp-content\/uploads\/2023\/06\/la-guerra-espiritual-720x444.webp 720w, https:\/\/thebibleverses.org\/es\/wp-content\/uploads\/2023\/06\/la-guerra-espiritual.webp 1200w\" sizes=\"auto, (max-width: 1024px) 100vw, 1024px\" \/><figcaption class=\"wp-element-caption\">Vers\u00edculos de la Biblia sobre Guerra Espiritual \u2013 Reina Valera Contempor\u00e1nea (RVC).<\/figcaption><\/figure><\/div>\n\n\n<h2 class=\"wp-block-heading\">Vers\u00edculos B\u00edblicos sobre La Guerra Espiritual<\/h2>\n\n\n\n<p>Explora poderosos vers\u00edculos de guerra espiritual para fortalecer tu fe y resistir los desaf\u00edos espirituales. Nuestra selecci\u00f3n de vers\u00edculos b\u00edblicos te brinda la armadura necesaria para enfrentar batallas espirituales. Encuentra consuelo y gu\u00eda en estas palabras llenas de poder divino, que te ayudar\u00e1n a vencer las adversidades y luchar contra las fuerzas del mal.<\/p>\n\n\n\n<p>Descubre estrategias espirituales y declaraciones de victoria en vers\u00edculos concisos y de f\u00e1cil memorizaci\u00f3n. Prep\u00e1rate para enfrentar cualquier obst\u00e1culo con la verdad y el poder de la Palabra de Dios. \u00danete a nosotros en este viaje de guerra espiritual y experimenta la victoria en Cristo.<\/p>\n\n\n\n<h3 class=\"wp-block-heading\">2 Corintios 10:3-4<\/h3>\n\n\n\n<p>Es verdad que a\u00fan somos seres humanos, pero no luchamos como los seres humanos. Las armas con las que luchamos no son las de este mundo, sino las poderosas armas de Dios, capaces de destruir fortalezas.<\/p>\n\n\n\n<h3 class=\"wp-block-heading\">2 Corintios 10:5-6<\/h3>\n\n\n\n<p>Y de desbaratar argumentos y toda altivez que se levanta contra el conocimiento de Dios, y de llevar cautivo todo pensamiento a la obediencia a Cristo. Estamos listos para castigar toda desobediencia, una vez que la obediencia de ustedes llegue a la perfecci\u00f3n.<\/p>\n\n\n\n<h3 class=\"wp-block-heading\">Santiago 4:7<\/h3>\n\n\n\n<p>Por lo tanto, som\u00e9tanse a Dios; opongan resistencia al diablo, y \u00e9l huir\u00e1 de ustedes.<\/p>\n\n\n\n<h3 class=\"wp-block-heading\">1 Juan 4:4<\/h3>\n\n\n\n<p>Hijitos, ustedes son de Dios, y han vencido a esos falsos profetas, porque mayor es el que est\u00e1 en ustedes que el que est\u00e1 en el mundo.<\/p>\n\n\n\n<h3 class=\"wp-block-heading\">Efesios 6:12<\/h3>\n\n\n\n<p>La batalla que libramos no es contra gente de carne y hueso, sino contra principados y potestades, contra los que gobiernan las tinieblas de este mundo, \u00a1contra huestes espirituales de maldad en las regiones celestes!<\/p>\n\n\n\n<h3 class=\"wp-block-heading\">1 Pedro 5:8<\/h3>\n\n\n\n<p>Sean prudentes y mant\u00e9nganse atentos, porque su enemigo es el diablo, y \u00e9l anda como un le\u00f3n rugiente, buscando a quien devorar.<\/p>\n\n\n\n<h3 class=\"wp-block-heading\">Efesios 6:11<\/h3>\n\n\n\n<p>Rev\u00edstanse de toda la armadura de Dios, para que puedan hacer frente a las asechanzas del diablo.<\/p>\n\n\n\n<h3 class=\"wp-block-heading\">Romanos 8:36-37<\/h3>\n\n\n\n<p>Como est\u00e1 escrito: \u00abPor causa de ti siempre nos llevan a la muerte, Somos contados como ovejas de matadero.\u00bb Sin embargo, en todo esto somos m\u00e1s que vencedores por medio de aquel que nos am\u00f3.<\/p>\n\n\n\n<h3 class=\"wp-block-heading\">1 Juan 5:4<\/h3>\n\n\n\n<p>Porque todo el que ha nacido de Dios vence al mundo. Y \u00e9sta es la victoria que ha vencido al mundo: nuestra fe.<\/p>\n\n\n\n<h3 class=\"wp-block-heading\">2 Corintios 2:14<\/h3>\n\n\n\n<p>Pero gracias a Dios, que en Cristo Jes\u00fas siempre nos hace salir triunfantes, y que por medio de nosotros manifiesta en todas partes el aroma de su conocimiento.<\/p>\n\n\n\n<h3 class=\"wp-block-heading\">Efesios 6:13<\/h3>\n\n\n\n<p>Por lo tanto, echen mano de toda la armadura de Dios para que, cuando llegue el d\u00eda malo, puedan resistir hasta el fin y permanecer firmes.<\/p>\n\n\n\n<h3 class=\"wp-block-heading\">Juan 10:10<\/h3>\n\n\n\n<p>El ladr\u00f3n no viene sino para hurtar, matar y destruir; yo he venido para que tengan vida, y para que la tengan en abundancia.<\/p>\n\n\n\n<h3 class=\"wp-block-heading\">1 Timoteo 6:12<\/h3>\n\n\n\n<p>Presenta la buena batalla de la fe, af\u00e9rrate a la vida eterna, a la cual tambi\u00e9n fuiste llamado cuando hiciste la buena profesi\u00f3n delante de muchos testigos.<\/p>\n\n\n\n<h3 class=\"wp-block-heading\">Efesios 6:18<\/h3>\n\n\n\n<p>Oren en todo tiempo con toda oraci\u00f3n y s\u00faplica en el Esp\u00edritu, y mant\u00e9nganse atentos, siempre orando por todos los santos.<\/p>\n\n\n\n<h3 class=\"wp-block-heading\">1 Corintios 15:50<\/h3>\n\n\n\n<p>Pero una cosa les digo, hermanos: ni la carne ni la sangre pueden heredar el reino de Dios, y tampoco la corrupci\u00f3n puede heredar la incorrupci\u00f3n.<\/p>\n\n\n\n<h3 class=\"wp-block-heading\">Marcos 4:19<\/h3>\n\n\n\n<p>Pero las preocupaciones de este mundo, el enga\u00f1o de las riquezas, y la codicia por otras cosas, entran en ellos y ahogan la palabra, por lo que \u00e9sta no llega a dar fruto.<\/p>\n\n\n\n<h3 class=\"wp-block-heading\">Romanos 13:12-14<\/h3>\n\n\n\n<p>La noche ha avanzado, y se acerca el d\u00eda. Por tanto, desechemos las obras de las tinieblas, y revist\u00e1monos de las armas de la luz. Vivamos con honestidad, como a la luz del d\u00eda, y no andemos en glotoner\u00edas ni en borracheras, ni en lujurias y lascivias, ni en contiendas y envidias. M\u00e1s bien, revist\u00e1monos del Se\u00f1or Jesucristo, y no busquemos satisfacer los deseos de la carne.<\/p>\n\n\n\n<h3 class=\"wp-block-heading\">Colosenses 1:13-14<\/h3>\n\n\n\n<p>Y que tambi\u00e9n nos ha librado del poder de la oscuridad y nos ha trasladado al reino de su amado Hijo, en quien tenemos redenci\u00f3n por su sangre, el perd\u00f3n de los pecados.<\/p>\n\n\n\n<h3 class=\"wp-block-heading\">Lucas 22:31-32<\/h3>\n\n\n\n<p>El Se\u00f1or dijo tambi\u00e9n: \u00abSim\u00f3n, Sim\u00f3n, Satan\u00e1s ha pedido sacudirlos a ustedes como si fueran trigo; pero yo he rogado por ti, para que no te falte la fe. Y t\u00fa, cuando hayas vuelto, deber\u00e1s confirmar a tus hermanos.\u00bb<\/p>\n\n\n\n<h3 class=\"wp-block-heading\">2 Timoteo 3:12<\/h3>\n\n\n\n<p>Tambi\u00e9n todos los que quieren vivir piadosamente en Cristo Jes\u00fas padecer\u00e1n persecuci\u00f3n.<\/p>\n\n\n\n<h3 class=\"wp-block-heading\">Filipenses 4:7<\/h3>\n\n\n\n<p>Y que la paz de Dios, que sobrepasa todo entendimiento, guarde sus corazones y sus pensamientos en Cristo Jes\u00fas.<\/p>\n\n\n\n<h3 class=\"wp-block-heading\">Salmos 91:1<\/h3>\n\n\n\n<p>El que habita al abrigo del Alt\u00edsimo y se acoge a la sombra del Omnipotente.<\/p>\n\n\n\n<h3 class=\"wp-block-heading\">2 Corintios 2:11<\/h3>\n\n\n\n<p>No vaya a ser que Satan\u00e1s se aproveche de nosotros, pues conocemos sus malignas intenciones.<\/p>\n\n\n\n<h3 class=\"wp-block-heading\">Salmos 23:4<\/h3>\n\n\n\n<p>Aunque deba yo pasar por el valle m\u00e1s sombr\u00edo, no temo sufrir da\u00f1o alguno, porque t\u00fa est\u00e1s conmigo; con tu vara de pastor me infundes nuevo aliento.<\/p>\n\n\n\n<h3 class=\"wp-block-heading\">Deuteronomio 28:7<\/h3>\n\n\n\n<p>El Se\u00f1or derrotar\u00e1 a tus enemigos que se levanten contra ti. Por un camino saldr\u00e1n contra ti, y por siete caminos huir\u00e1n de ti.<\/p>\n\n\n\n<h3 class=\"wp-block-heading\">Daniel 6:27<\/h3>\n\n\n\n<p>El salva y libra, y hace se\u00f1ales y maravillas en el cielo y en la tierra. \u00a1\u00c9l es quien ha salvado a Daniel de las fauces de los leones!<\/p>\n\n\n\n<h3 class=\"wp-block-heading\">Romanos 7:23<\/h3>\n\n\n\n<p>Pero encuentro que hay otra ley en mis miembros, la cual se rebela contra la ley de mi mente y me tiene cautivo a la ley del pecado que est\u00e1 en mis miembros.<\/p>\n\n\n\n<h3 class=\"wp-block-heading\">Efesios 5:15-16<\/h3>\n\n\n\n<p>Por tanto, \u00a1cuidado con su manera de vivir! No vivan ya como necios, sino como sabios. Aprovechen bien el tiempo, porque los d\u00edas son malos.<\/p>\n\n\n\n<h3 class=\"wp-block-heading\">2 Corintios 10:4<\/h3>\n\n\n\n<p>Las armas con las que luchamos no son las de este mundo, sino las poderosas armas de Dios, capaces de destruir fortalezas.<\/p>\n\n\n\n<h3 class=\"wp-block-heading\">G\u00e1latas 5:16<\/h3>\n\n\n\n<p>Digo, pues: Vivan seg\u00fan el Esp\u00edritu, y no satisfagan los deseos de la carne.<\/p>\n\n\n\n<h2 class=\"wp-block-heading\">Lee Tambi\u00e9n:<\/h2>\n\n\n\n<ul class=\"wp-block-list\">\n<li><a href=\"https:\/\/thebibleverses.org\/es\/\">Vers\u00edculos por Tema<\/a><\/li>\n\n\n\n<li><a href=\"https:\/\/thebibleverses.org\/es\/amor\/\">Vers\u00edculos B\u00edblicos sobre el Amor<\/a><\/li>\n\n\n\n<li><a href=\"https:\/\/thebibleverses.org\/es\/fortaleza\/\">Vers\u00edculos B\u00edblicos de Fortaleza<\/a><\/li>\n\n\n\n<li><a href=\"https:\/\/thebibleverses.org\/es\/fe\/\">Vers\u00edculos B\u00edblicos sobre la Fe<\/a><\/li>\n\n\n\n<li><a href=\"https:\/\/thebibleverses.org\/es\/jovenes\/\">Vers\u00edculos B\u00edblicos para J\u00f3venes<\/a><\/li>\n\n\n\n<li><a href=\"https:\/\/thebibleverses.org\/es\/amistad\/\">Vers\u00edculos B\u00edblicos sobre la Amistad<\/a><\/li>\n\n\n\n<li><a href=\"https:\/\/thebibleverses.org\/es\/sanidad\/\">Vers\u00edculos B\u00edblicos sobre Sanidad<\/a><\/li>\n<\/ul>\n","protected":false},"excerpt":{"rendered":"<p>Vers\u00edculos B\u00edblicos sobre La Guerra Espiritual Explora poderosos vers\u00edculos de guerra espiritual para fortalecer tu fe y resistir los desaf\u00edos espirituales. Nuestra selecci\u00f3n de vers\u00edculos b\u00edblicos te brinda la armadura necesaria para enfrentar batallas espirituales. Encuentra consuelo y gu\u00eda en estas palabras llenas de poder divino, que te ayudar\u00e1n a vencer las adversidades y luchar [&hellip;]<\/p>\n","protected":false},"author":1,"featured_media":1393,"parent":0,"menu_order":0,"comment_status":"open","ping_status":"closed","template":"","meta":{"footnotes":""},"class_list":["post-1392","page","type-page","status-publish","has-post-thumbnail","hentry","entry","fw-tab-6 fw-tabr-4"],"_links":{"self":[{"href":"https:\/\/thebibleverses.org\/es\/wp-json\/wp\/v2\/pages\/1392","targetHints":{"allow":["GET"]}}],"collection":[{"href":"https:\/\/thebibleverses.org\/es\/wp-json\/wp\/v2\/pages"}],"about":[{"href":"https:\/\/thebibleverses.org\/es\/wp-json\/wp\/v2\/types\/page"}],"author":[{"embeddable":true,"href":"https:\/\/thebibleverses.org\/es\/wp-json\/wp\/v2\/users\/1"}],"replies":[{"embeddable":true,"href":"https:\/\/thebibleverses.org\/es\/wp-json\/wp\/v2\/comments?post=1392"}],"version-history":[{"count":0,"href":"https:\/\/thebibleverses.org\/es\/wp-json\/wp\/v2\/pages\/1392\/revisions"}],"wp:featuredmedia":[{"embeddable":true,"href":"https:\/\/thebibleverses.org\/es\/wp-json\/wp\/v2\/media\/1393"}],"wp:attachment":[{"href":"https:\/\/thebibleverses.org\/es\/wp-json\/wp\/v2\/media?parent=1392"}],"curies":[{"name":"wp","href":"https:\/\/api.w.org\/{rel}","templated":true}]}}