{"id":1377,"date":"2023-06-21T21:54:14","date_gmt":"2023-06-21T21:54:14","guid":{"rendered":"https:\/\/thebibleverses.org\/es\/?page_id=1377"},"modified":"2023-06-21T21:54:15","modified_gmt":"2023-06-21T21:54:15","slug":"versiculos-para-memorizar","status":"publish","type":"page","link":"https:\/\/thebibleverses.org\/es\/versiculos-para-memorizar\/","title":{"rendered":"50 Vers\u00edculos de la Biblia para Memorizar"},"content":{"rendered":"<div class=\"wp-block-image\">\n<figure class=\"aligncenter size-large\"><img loading=\"lazy\" decoding=\"async\" width=\"1024\" height=\"631\" src=\"https:\/\/thebibleverses.org\/es\/wp-content\/uploads\/2023\/06\/memorizar-1024x631.webp\" alt=\"Vers\u00edculos B\u00edblicos para Memorizar\" class=\"wp-image-1380\" srcset=\"https:\/\/thebibleverses.org\/es\/wp-content\/uploads\/2023\/06\/memorizar-1024x631.webp 1024w, https:\/\/thebibleverses.org\/es\/wp-content\/uploads\/2023\/06\/memorizar-300x185.webp 300w, https:\/\/thebibleverses.org\/es\/wp-content\/uploads\/2023\/06\/memorizar-768x474.webp 768w, https:\/\/thebibleverses.org\/es\/wp-content\/uploads\/2023\/06\/memorizar-320x197.webp 320w, https:\/\/thebibleverses.org\/es\/wp-content\/uploads\/2023\/06\/memorizar-450x278.webp 450w, https:\/\/thebibleverses.org\/es\/wp-content\/uploads\/2023\/06\/memorizar-720x444.webp 720w, https:\/\/thebibleverses.org\/es\/wp-content\/uploads\/2023\/06\/memorizar.webp 1200w\" sizes=\"auto, (max-width: 1024px) 100vw, 1024px\" \/><figcaption class=\"wp-element-caption\">Vers\u00edculos B\u00edblicos para Memorizar \u2013 Reina Valera Contempor\u00e1nea (RVC).<\/figcaption><\/figure><\/div>\n\n\n<h2 class=\"wp-block-heading\">Vers\u00edculos B\u00edblicos F\u00e1ciles de Memorizar<\/h2>\n\n\n\n<p>Descubre vers\u00edculos cortos y f\u00e1ciles para memorizar y fortalecer tu fe. Nuestra colecci\u00f3n de vers\u00edculos b\u00edblicos seleccionados te brinda inspiraci\u00f3n y consuelo en tan solo unas palabras.<\/p>\n\n\n\n<p>Desde mensajes de amor y esperanza hasta sabias ense\u00f1anzas, estos vers\u00edculos son perfectos para recordar y compartir. Aprende a nutrir tu esp\u00edritu de manera sencilla y eficiente, sin importar cu\u00e1nto tiempo tengas. Memorizar vers\u00edculos clave te permitir\u00e1 llevar contigo las verdades eternas en cualquier momento y lugar. \u00danete a nosotros en este viaje de crecimiento espiritual y experimenta el poder transformador de la Palabra de Dios.<\/p>\n\n\n\n<h3 class=\"wp-block-heading\">Juan 3:16<\/h3>\n\n\n\n<p>Porque de tal manera am\u00f3 Dios al mundo, que ha dado a su Hijo unig\u00e9nito, para que todo aquel que en \u00e9l cree no se pierda, sino que tenga vida eterna.<\/p>\n\n\n\n<h3 class=\"wp-block-heading\">Salmos 23:1<\/h3>\n\n\n\n<p>El Se\u00f1or es mi pastor; nada me falta.<\/p>\n\n\n\n<h3 class=\"wp-block-heading\">Hebreos 11:1<\/h3>\n\n\n\n<p>Ahora bien, tener fe es estar seguro de lo que se espera; es estar convencido de lo que no se ve.<\/p>\n\n\n\n<h3 class=\"wp-block-heading\">Proverbios 3:5<\/h3>\n\n\n\n<p>Conf\u00eda en el Se\u00f1or de todo coraz\u00f3n, y no te apoyes en tu propia prudencia.<\/p>\n\n\n\n<h3 class=\"wp-block-heading\">Mateo 11:28<\/h3>\n\n\n\n<p>Vengan a m\u00ed todos ustedes, los agotados de tanto trabajar, que yo los har\u00e9 descansar.<\/p>\n\n\n\n<h3 class=\"wp-block-heading\">Romanos 8:28<\/h3>\n\n\n\n<p>Ahora bien, sabemos que Dios dispone todas las cosas para el bien de los que lo aman, es decir, de los que \u00e9l ha llamado de acuerdo a su prop\u00f3sito.<\/p>\n\n\n\n<h3 class=\"wp-block-heading\">Juan 14:6<\/h3>\n\n\n\n<p>Jes\u00fas le dijo: \u00abYo soy el camino, y la verdad, y la vida; nadie viene al Padre, sino por m\u00ed.<\/p>\n\n\n\n<h3 class=\"wp-block-heading\">Filipenses 4:6<\/h3>\n\n\n\n<p>No se preocupen por nada. Que sus peticiones sean conocidas delante de Dios en toda oraci\u00f3n y ruego, con acci\u00f3n de gracias.<\/p>\n\n\n\n<h3 class=\"wp-block-heading\">Efesios 2:8<\/h3>\n\n\n\n<p>Ciertamente la gracia de Dios los ha salvado por medio de la fe. \u00c9sta no naci\u00f3 de ustedes, sino que es un don de Dios.<\/p>\n\n\n\n<h3 class=\"wp-block-heading\">1 Juan 1:9<\/h3>\n\n\n\n<p>Si confesamos nuestros pecados, \u00e9l es fiel y justo para perdonar nuestros pecados y limpiarnos de toda maldad.<\/p>\n\n\n\n<h3 class=\"wp-block-heading\">2 Timoteo 3:16<\/h3>\n\n\n\n<p>Toda la Escritura es inspirada por Dios, y \u00fatil para ense\u00f1ar, para redarg\u00fcir, para corregir, para instruir en justicia.<\/p>\n\n\n\n<h3 class=\"wp-block-heading\">Jerem\u00edas 29:11<\/h3>\n\n\n\n<p>S\u00f3lo yo s\u00e9 los planes que tengo para ustedes. Son planes para su bien, y no para su mal, para que tengan un futuro lleno de esperanza. \u2014Palabra del Se\u00f1or.<\/p>\n\n\n\n<h3 class=\"wp-block-heading\">Jerem\u00edas 33:3<\/h3>\n\n\n\n<p>Clama a m\u00ed, y yo te responder\u00e9; te dar\u00e9 a conocer cosas grandes y maravillosas que t\u00fa no conoces.<\/p>\n\n\n\n<h3 class=\"wp-block-heading\">Filipenses 4:19<\/h3>\n\n\n\n<p>As\u00ed que mi Dios suplir\u00e1 todo lo que les falte, conforme a sus riquezas en gloria en Cristo Jes\u00fas.<\/p>\n\n\n\n<h3 class=\"wp-block-heading\">Juan 15:5<\/h3>\n\n\n\n<p>Yo soy la vid y ustedes los p\u00e1mpanos; el que permanece en m\u00ed, y yo en \u00e9l, \u00e9ste lleva mucho fruto; porque separados de m\u00ed ustedes nada pueden hacer.<\/p>\n\n\n\n<h3 class=\"wp-block-heading\">Salmos 37:4<\/h3>\n\n\n\n<p>Disfruta de la presencia del Se\u00f1or, y \u00e9l te dar\u00e1 lo que de coraz\u00f3n le pidas.<\/p>\n\n\n\n<h3 class=\"wp-block-heading\">Hebreos 13:8<\/h3>\n\n\n\n<p>Jesucristo es el mismo ayer, hoy, y por los siglos.<\/p>\n\n\n\n<h3 class=\"wp-block-heading\">Juan 14:27<\/h3>\n\n\n\n<p>La paz les dejo, mi paz les doy; yo no la doy como el mundo la da. No dejen que su coraz\u00f3n se turbe y tenga miedo.<\/p>\n\n\n\n<h3 class=\"wp-block-heading\">Proverbios 16:3<\/h3>\n\n\n\n<p>Encomienda al Se\u00f1or tus acciones, y tus pensamientos ser\u00e1n afirmados.<\/p>\n\n\n\n<h3 class=\"wp-block-heading\">2 Timoteo 1:7<\/h3>\n\n\n\n<p>Porque no nos ha dado Dios un esp\u00edritu de cobard\u00eda, sino de poder, de amor y de dominio propio.<\/p>\n\n\n\n<h3 class=\"wp-block-heading\">Salmos 46:10<\/h3>\n\n\n\n<p>\u00ab\u00a1Alto! \u00a1Reconozcan que yo soy Dios! \u00a1Las naciones me exaltan! \u00a1La tierra me enaltece!\u00bb<\/p>\n\n\n\n<h3 class=\"wp-block-heading\">Filipenses 4:13<\/h3>\n\n\n\n<p>\u00a1Todo lo puedo en Cristo que me fortalece!<\/p>\n\n\n\n<h3 class=\"wp-block-heading\">Salmos 118:24<\/h3>\n\n\n\n<p>\u00c9ste es el d\u00eda que el Se\u00f1or ha hecho; y en \u00e9l nos alegraremos y regocijaremos.<\/p>\n\n\n\n<h3 class=\"wp-block-heading\">Santiago 4:4<\/h3>\n\n\n\n<p>\u00a1Ay, gente ad\u00faltera! \u00bfNo saben que la amistad con el mundo es enemistad con Dios? Todo aquel que quiera ser amigo del mundo, se declara enemigo de Dios.<\/p>\n\n\n\n<h3 class=\"wp-block-heading\">Salmos 111:10<\/h3>\n\n\n\n<p>El principio de la sabidur\u00eda es el temor al Se\u00f1or. Quienes practican esto adquieren entendimiento y alaban al Se\u00f1or toda su vida.<\/p>\n\n\n\n<h3 class=\"wp-block-heading\">G\u00e9nesis 1:1<\/h3>\n\n\n\n<p>Dios, en el principio, cre\u00f3 los cielos y la tierra.<\/p>\n\n\n\n<h3 class=\"wp-block-heading\">Juan 1:12<\/h3>\n\n\n\n<p>Pero a todos los que la recibieron, a los que creen en su nombre, les dio la potestad de ser hechos hijos de Dios.<\/p>\n\n\n\n<h3 class=\"wp-block-heading\">Proverbios 3:12<\/h3>\n\n\n\n<p>El Se\u00f1or corrige al que ama como lo hace el padre con su hijo amado.<\/p>\n\n\n\n<h3 class=\"wp-block-heading\">Salmos 46:1<\/h3>\n\n\n\n<p>Dios es nuestro amparo y fortaleza, Nuestro pronto auxilio en todos los problemas.<\/p>\n\n\n\n<h3 class=\"wp-block-heading\">Proverbios 3:6<\/h3>\n\n\n\n<p>Recon\u00f3celo en todos tus caminos, y \u00e9l enderezar\u00e1 tus sendas.<\/p>\n\n\n\n<h3 class=\"wp-block-heading\">Salmos 119:11<\/h3>\n\n\n\n<p>En mi coraz\u00f3n he atesorado tus palabras, para no pecar contra ti.<\/p>\n\n\n\n<h3 class=\"wp-block-heading\">Salmos 3:5<\/h3>\n\n\n\n<p>Yo me acuesto, y duermo y despierto, porque t\u00fa, Se\u00f1or, me sostienes.<\/p>\n\n\n\n<h3 class=\"wp-block-heading\">Proverbios 3:7<\/h3>\n\n\n\n<p>No seas sabio en tu propia opini\u00f3n; teme al Se\u00f1or y ap\u00e1rtate del mal.<\/p>\n\n\n\n<h3 class=\"wp-block-heading\">Salmos 133:1<\/h3>\n\n\n\n<p>\u00a1Qu\u00e9 bueno es, y qu\u00e9 agradable, que los hermanos convivan en armon\u00eda!<\/p>\n\n\n\n<h3 class=\"wp-block-heading\">Lucas 11:28<\/h3>\n\n\n\n<p>Jes\u00fas respondi\u00f3: \u00abM\u00e1s bien, dichosos los que escuchan la palabra de Dios, y la obedecen.\u00bb<\/p>\n\n\n\n<h3 class=\"wp-block-heading\">Hechos 4:12<\/h3>\n\n\n\n<p>En ning\u00fan otro hay salvaci\u00f3n, porque no se ha dado a la humanidad ning\u00fan otro nombre bajo el cielo mediante el cual podamos alcanzar la salvaci\u00f3n.<\/p>\n\n\n\n<h3 class=\"wp-block-heading\">1 Corintios 6:12<\/h3>\n\n\n\n<p>Todo me est\u00e1 permitido, pero no todo me conviene. Todo me est\u00e1 permitido, pero no permitir\u00e9 que nada me domine.<\/p>\n\n\n\n<h3 class=\"wp-block-heading\">Juan 1:1<\/h3>\n\n\n\n<p>En el principio ya exist\u00eda la Palabra. La Palabra estaba con Dios, y Dios mismo era la Palabra.<\/p>\n\n\n\n<h3 class=\"wp-block-heading\">Romanos 8:28<\/h3>\n\n\n\n<p>Ahora bien, sabemos que Dios dispone todas las cosas para el bien de los que lo aman, es decir, de los que \u00e9l ha llamado de acuerdo a su prop\u00f3sito.<\/p>\n\n\n\n<h3 class=\"wp-block-heading\">Santiago 1:5<\/h3>\n\n\n\n<p>Si alguno de ustedes requiere de sabidur\u00eda, p\u00eddasela a Dios, y \u00e9l se la dar\u00e1, pues Dios se la da a todos en abundancia y sin hacer ning\u00fan reproche.<\/p>\n\n\n\n<h3 class=\"wp-block-heading\">Proverbios 4:23<\/h3>\n\n\n\n<p>Cuida tu coraz\u00f3n m\u00e1s que otra cosa, porque \u00e9l es la fuente de la vida.<\/p>\n\n\n\n<h3 class=\"wp-block-heading\">Jerem\u00edas 17:7<\/h3>\n\n\n\n<p>Pero bendito el hombre que conf\u00eda en m\u00ed, que soy el Se\u00f1or, y que en m\u00ed pone su confianza.<\/p>\n\n\n\n<h3 class=\"wp-block-heading\">Josu\u00e9 24:15<\/h3>\n\n\n\n<p>Pero si no les parece bien servirle, escojan hoy a qui\u00e9n quieren servir, si a los dioses que sus padres adoraron cuando a\u00fan estaban al otro lado del r\u00edo, o a los dioses que sirven los amorreos en esta tierra donde ahora ustedes viven. Por mi parte, mi casa y yo serviremos al Se\u00f1or.<\/p>\n\n\n\n<h3 class=\"wp-block-heading\">Nehem\u00edas 8:10<\/h3>\n\n\n\n<p>Tambi\u00e9n dijeron: \u00abVayan y coman bien, y tomen un buen vino, pero compartan todo con los que nada tienen. \u00c9ste d\u00eda est\u00e1 consagrado a nuestro Se\u00f1or, as\u00ed que no est\u00e9n tristes. El gozo del Se\u00f1or es nuestra fuerza.\u00bb<\/p>\n\n\n\n<h3 class=\"wp-block-heading\">Juan 20:29<\/h3>\n\n\n\n<p>Jes\u00fas le dijo: \u00abTom\u00e1s, has cre\u00eddo porque me has visto. Bienaventurados los que no vieron y creyeron.\u00bb<\/p>\n\n\n\n<h3 class=\"wp-block-heading\">Salmos 27:1<\/h3>\n\n\n\n<p>El Se\u00f1or es mi luz y mi salvaci\u00f3n; \u00bfa qui\u00e9n podr\u00eda yo temer? El Se\u00f1or es la fortaleza de mi vida; \u00bfqui\u00e9n podr\u00eda infundirme miedo?<\/p>\n\n\n\n<h3 class=\"wp-block-heading\">Jerem\u00edas 20:11<\/h3>\n\n\n\n<p>Pero t\u00fa, Se\u00f1or, est\u00e1s conmigo, como un poderoso guerrero. Eso har\u00e1 que mis perseguidores tropiecen y no logren vencerme. Quedar\u00e1n grandemente avergonzados, y no lograr\u00e1n triunfar. Tan grande ser\u00e1 su confusi\u00f3n, que jam\u00e1s ser\u00e1 olvidada.<\/p>\n\n\n\n<h3 class=\"wp-block-heading\">2 Corintios 5:7<\/h3>\n\n\n\n<p>Porque vivimos por la fe, no por la vista.<\/p>\n\n\n\n<h3 class=\"wp-block-heading\">Proverbios 14:1<\/h3>\n\n\n\n<p>La mujer sabia edifica su casa, pero la necia la derriba con sus propias manos.<\/p>\n\n\n\n<h3 class=\"wp-block-heading\">Salmos 100:5<\/h3>\n\n\n\n<p>\u00a1El Se\u00f1or es bueno! \u00a1Su misericordia es eterna! \u00a1Su verdad permanece para siempre!<\/p>\n\n\n\n<h2 class=\"wp-block-heading\">Lee Tambi\u00e9n:<\/h2>\n\n\n\n<ul class=\"wp-block-list\">\n<li><a href=\"https:\/\/thebibleverses.org\/es\/\">Vers\u00edculos por Tema<\/a><\/li>\n\n\n\n<li><a href=\"https:\/\/thebibleverses.org\/es\/amor\/\">Vers\u00edculos B\u00edblicos sobre el Amor<\/a><\/li>\n\n\n\n<li><a href=\"https:\/\/thebibleverses.org\/es\/fortaleza\/\">Vers\u00edculos B\u00edblicos de Fortaleza<\/a><\/li>\n\n\n\n<li><a href=\"https:\/\/thebibleverses.org\/es\/fe\/\">Vers\u00edculos B\u00edblicos sobre la Fe<\/a><\/li>\n\n\n\n<li><a href=\"https:\/\/thebibleverses.org\/es\/jovenes\/\">Vers\u00edculos B\u00edblicos para J\u00f3venes<\/a><\/li>\n\n\n\n<li><a href=\"https:\/\/thebibleverses.org\/es\/amistad\/\">Vers\u00edculos B\u00edblicos sobre la Amistad<\/a><\/li>\n\n\n\n<li><a href=\"https:\/\/thebibleverses.org\/es\/sanidad\/\">Vers\u00edculos B\u00edblicos sobre Sanidad<\/a><\/li>\n<\/ul>\n","protected":false},"excerpt":{"rendered":"<p>Vers\u00edculos B\u00edblicos F\u00e1ciles de Memorizar Descubre vers\u00edculos cortos y f\u00e1ciles para memorizar y fortalecer tu fe. Nuestra colecci\u00f3n de vers\u00edculos b\u00edblicos seleccionados te brinda inspiraci\u00f3n y consuelo en tan solo unas palabras. Desde mensajes de amor y esperanza hasta sabias ense\u00f1anzas, estos vers\u00edculos son perfectos para recordar y compartir. Aprende a nutrir tu esp\u00edritu de [&hellip;]<\/p>\n","protected":false},"author":1,"featured_media":1380,"parent":0,"menu_order":0,"comment_status":"open","ping_status":"closed","template":"","meta":{"footnotes":""},"class_list":["post-1377","page","type-page","status-publish","has-post-thumbnail","hentry","entry","fw-tab-6 fw-tabr-4"],"_links":{"self":[{"href":"https:\/\/thebibleverses.org\/es\/wp-json\/wp\/v2\/pages\/1377","targetHints":{"allow":["GET"]}}],"collection":[{"href":"https:\/\/thebibleverses.org\/es\/wp-json\/wp\/v2\/pages"}],"about":[{"href":"https:\/\/thebibleverses.org\/es\/wp-json\/wp\/v2\/types\/page"}],"author":[{"embeddable":true,"href":"https:\/\/thebibleverses.org\/es\/wp-json\/wp\/v2\/users\/1"}],"replies":[{"embeddable":true,"href":"https:\/\/thebibleverses.org\/es\/wp-json\/wp\/v2\/comments?post=1377"}],"version-history":[{"count":0,"href":"https:\/\/thebibleverses.org\/es\/wp-json\/wp\/v2\/pages\/1377\/revisions"}],"wp:featuredmedia":[{"embeddable":true,"href":"https:\/\/thebibleverses.org\/es\/wp-json\/wp\/v2\/media\/1380"}],"wp:attachment":[{"href":"https:\/\/thebibleverses.org\/es\/wp-json\/wp\/v2\/media?parent=1377"}],"curies":[{"name":"wp","href":"https:\/\/api.w.org\/{rel}","templated":true}]}}