{"id":1356,"date":"2023-06-08T23:53:10","date_gmt":"2023-06-08T23:53:10","guid":{"rendered":"https:\/\/thebibleverses.org\/es\/?page_id=1356"},"modified":"2023-06-08T23:54:15","modified_gmt":"2023-06-08T23:54:15","slug":"creacion","status":"publish","type":"page","link":"https:\/\/thebibleverses.org\/es\/creacion\/","title":{"rendered":"30 Vers\u00edculos de la Biblia sobre la Creaci\u00f3n"},"content":{"rendered":"<div class=\"wp-block-image\">\n<figure class=\"aligncenter size-large\"><img loading=\"lazy\" decoding=\"async\" width=\"1024\" height=\"631\" src=\"https:\/\/thebibleverses.org\/es\/wp-content\/uploads\/2023\/06\/creaci195179n-1024x631.webp\" alt=\"Vers\u00edculos de la Biblia sobre la Creaci\u00f3n de Dios\" class=\"wp-image-1357\" srcset=\"https:\/\/thebibleverses.org\/es\/wp-content\/uploads\/2023\/06\/creaci195179n-1024x631.webp 1024w, https:\/\/thebibleverses.org\/es\/wp-content\/uploads\/2023\/06\/creaci195179n-300x185.webp 300w, https:\/\/thebibleverses.org\/es\/wp-content\/uploads\/2023\/06\/creaci195179n-768x474.webp 768w, https:\/\/thebibleverses.org\/es\/wp-content\/uploads\/2023\/06\/creaci195179n-320x197.webp 320w, https:\/\/thebibleverses.org\/es\/wp-content\/uploads\/2023\/06\/creaci195179n-450x278.webp 450w, https:\/\/thebibleverses.org\/es\/wp-content\/uploads\/2023\/06\/creaci195179n-720x444.webp 720w, https:\/\/thebibleverses.org\/es\/wp-content\/uploads\/2023\/06\/creaci195179n.webp 1200w\" sizes=\"auto, (max-width: 1024px) 100vw, 1024px\" \/><figcaption class=\"wp-element-caption\">Vers\u00edculos de la Biblia sobre la Creaci\u00f3n de Dios &#8211; Reina Valera Contempor\u00e1nea (RVC).<\/figcaption><\/figure><\/div>\n\n\n<h2 class=\"wp-block-heading\">Vers\u00edculos B\u00edblicos sobre la Creaci\u00f3n de Dios<\/h2>\n\n\n\n<p>Explora vers\u00edculos b\u00edblicos que revelan la hermosa conexi\u00f3n entre la Creaci\u00f3n de Dios y la humanidad. Descubre c\u00f3mo fuimos creados a imagen de Dios, dotados de prop\u00f3sito y valor intr\u00ednseco.<\/p>\n\n\n\n<p><strong>A trav\u00e9s de las Escrituras, comprende c\u00f3mo somos llamados a ser mayordomos responsables de la Creaci\u00f3n y cuidar de nuestro entorno<\/strong>. Sum\u00e9rgete en la maravilla de la Creaci\u00f3n y la dignidad de ser hijos de Dios mientras te conectas con el prop\u00f3sito eterno para el que fuimos creados.<\/p>\n\n\n\n<h3 class=\"wp-block-heading\">G\u00e9nesis 1:1<\/h3>\n\n\n\n<p>Dios, en el principio, cre\u00f3 los cielos y la tierra.<\/p>\n\n\n\n<h3 class=\"wp-block-heading\">G\u00e9nesis 1:27<\/h3>\n\n\n\n<p>Y Dios cre\u00f3 al hombre a su imagen. Lo cre\u00f3 a imagen de Dios. Hombre y mujer los cre\u00f3.<\/p>\n\n\n\n<h3 class=\"wp-block-heading\">G\u00e9nesis 2:7<\/h3>\n\n\n\n<p>Entonces, del polvo de la tierra Dios el Se\u00f1or form\u00f3 al hombre, e infundi\u00f3 en su nariz aliento de vida. As\u00ed el hombre se convirti\u00f3 en un ser con vida.<\/p>\n\n\n\n<h3 class=\"wp-block-heading\">Salmos 104:24<\/h3>\n\n\n\n<p>\u00a1Tus obras, Se\u00f1or, son innumerables! \u00a1Todas las hiciste con gran sabidur\u00eda! \u00a1La tierra est\u00e1 llena de tus criaturas!<\/p>\n\n\n\n<h3 class=\"wp-block-heading\">Jerem\u00edas 1:5<\/h3>\n\n\n\n<p>\u00abAntes de que yo te formara en el vientre, te conoc\u00ed. Antes de que nacieras, te santifiqu\u00e9 y te present\u00e9 ante las naciones como mi profeta.\u00bb<\/p>\n\n\n\n<h3 class=\"wp-block-heading\">Colosenses 1:16<\/h3>\n\n\n\n<p>En \u00e9l fue creado todo lo que hay en los cielos y en la tierra, todo lo visible y lo invisible; tronos, poderes, principados, o autoridades, todo fue creado por medio de \u00e9l y para \u00e9l.<\/p>\n\n\n\n<h3 class=\"wp-block-heading\">Jerem\u00edas 32:17<\/h3>\n\n\n\n<p>\u00a1Se\u00f1or, Se\u00f1or! T\u00fa, con tu gran poder y con tu brazo extendido, hiciste el cielo y la tierra. No hay para ti nada que sea dif\u00edcil.<\/p>\n\n\n\n<h3 class=\"wp-block-heading\">Apocalipsis 4:11<\/h3>\n\n\n\n<p>\u00abDigno eres, Se\u00f1or, de recibir la gloria, la honra y el poder; porque t\u00fa creaste todas las cosas, y por tu voluntad existen y fueron creadas.\u00bb<\/p>\n\n\n\n<h3 class=\"wp-block-heading\">Salmos 19:1<\/h3>\n\n\n\n<p>Los cielos proclaman la gloria de Dios; el firmamento revela la obra de sus manos.<\/p>\n\n\n\n<h3 class=\"wp-block-heading\">Isa\u00edas 40:26<\/h3>\n\n\n\n<p>\u00a1Levanten los ojos al cielo, y miren qui\u00e9n cre\u00f3 estas cosas! \u00c9l saca y cuenta su ej\u00e9rcito de estrellas; a todas las llama por su nombre, y ninguna de ellas falta; \u00a1tan grande es su poder, tan poderoso su dominio!<\/p>\n\n\n\n<h3 class=\"wp-block-heading\">Juan 1:2-3<\/h3>\n\n\n\n<p>La Palabra estaba en el principio con Dios. Por ella fueron hechas todas las cosas. Sin ella nada fue hecho de lo que ha sido hecho.<\/p>\n\n\n\n<h3 class=\"wp-block-heading\">Hebreos 11:3<\/h3>\n\n\n\n<p>Por la fe entendemos que Dios cre\u00f3 el universo por medio de su palabra, de modo que lo que ahora vemos fue hecho de lo que no se ve\u00eda.<\/p>\n\n\n\n<h3 class=\"wp-block-heading\">Isa\u00edas 40:28<\/h3>\n\n\n\n<p>\u00bfAcaso no sabes, ni nunca o\u00edste decir, que el Se\u00f1or es el Dios eterno y que \u00e9l cre\u00f3 los confines de la tierra? El Se\u00f1or no desfallece, ni se fatiga con cansancio; \u00a1no hay quien alcance a comprender su entendimiento!<\/p>\n\n\n\n<h3 class=\"wp-block-heading\">Salmos 33:6<\/h3>\n\n\n\n<p>Con su palabra, el Se\u00f1or hizo los cielos; todo lo creado lo hizo con un soplo de su boca.<\/p>\n\n\n\n<h3 class=\"wp-block-heading\">Salmos 148:5<\/h3>\n\n\n\n<p>\u00a1Alabado sea el nombre del Se\u00f1or! El Se\u00f1or dio una orden, y todo fue creado.<\/p>\n\n\n\n<h3 class=\"wp-block-heading\">Job 38:4-7<\/h3>\n\n\n\n<p>\u00bfD\u00f3nde estabas t\u00fa, cuando yo afirm\u00e9 la tierra? Si en verdad sabes mucho, d\u00edmelo. Dime tambi\u00e9n, si lo sabes, \u00bfqui\u00e9n tom\u00f3 sus medidas? \u00bfO qui\u00e9n la midi\u00f3 palmo a palmo? \u00bfSobre qu\u00e9 est\u00e1n sentadas sus bases? \u00bfQui\u00e9n puso su piedra angular mientras cantaban las estrellas del alba y los seres celestiales se regocijaban?<\/p>\n\n\n\n<h3 class=\"wp-block-heading\">Salmos 33:9<\/h3>\n\n\n\n<p>El Se\u00f1or habl\u00f3, y todo fue creado; el Se\u00f1or orden\u00f3, y todo apareci\u00f3.<\/p>\n\n\n\n<h3 class=\"wp-block-heading\">Salmos 139:13<\/h3>\n\n\n\n<p>T\u00fa, Se\u00f1or, diste forma a mis entra\u00f1as; t\u00fa me formaste en el vientre de mi madre!<\/p>\n\n\n\n<h3 class=\"wp-block-heading\">Efesios 2:10<\/h3>\n\n\n\n<p>Nosotros somos hechura suya; hemos sido creados en Cristo Jes\u00fas para realizar buenas obras, las cuales Dios prepar\u00f3 de antemano para que vivamos de acuerdo con ellas.<\/p>\n\n\n\n<h3 class=\"wp-block-heading\">Nehem\u00edas 9:6<\/h3>\n\n\n\n<p>T\u00fa, Se\u00f1or, eres el \u00fanico Se\u00f1or. T\u00fa hiciste los cielos, y los cielos de los cielos, con todas sus huestes; t\u00fa creaste la tierra y el mar, y todo lo que hay en ellos; t\u00fa diste vida a todo cuanto existe; por eso las huestes celestiales te adoran.<\/p>\n\n\n\n<h3 class=\"wp-block-heading\">Salmos 8:3-5<\/h3>\n\n\n\n<p>Cuando contemplo el cielo, obra de tus dedos, y la luna y las estrellas que has creado, me pregunto: \u00bfQu\u00e9 es el ser humano, para que en \u00e9l pienses? \u00bfQu\u00e9 es la humanidad, para que la tomes en cuenta? Hiciste al hombre poco menor que un dios, y lo colmaste de gloria y de honra.<\/p>\n\n\n\n<h3 class=\"wp-block-heading\">G\u00e9nesis 5:1-2<\/h3>\n\n\n\n<p>\u00c9ste es el libro de los descendientes de Ad\u00e1n. El d\u00eda en que Dios cre\u00f3 al hombre, lo hizo a su semejanza. Los cre\u00f3 hombre y mujer, y los bendijo. El d\u00eda en que fueron creados les puso por nombre Ad\u00e1n.<\/p>\n\n\n\n<h3 class=\"wp-block-heading\">Jerem\u00edas 10:12<\/h3>\n\n\n\n<p>Con su poder, el Se\u00f1or hizo la tierra; con su saber, puso orden en el mundo; con su sabidur\u00eda, extendi\u00f3 los cielos.<\/p>\n\n\n\n<h3 class=\"wp-block-heading\">Eclesiast\u00e9s 12:1<\/h3>\n\n\n\n<p>Acu\u00e9rdate de tu Creador ahora que eres joven. No esperes a que vengan los d\u00edas malos, y a que lleguen los a\u00f1os en que digas: \u00abVivir tanto no es motivo de regocijo.\u00bb<\/p>\n\n\n\n<h3 class=\"wp-block-heading\">Romanos 1:20<\/h3>\n\n\n\n<p>Porque lo invisible de Dios, es decir, su eterno poder y su naturaleza divina, se hacen claramente visibles desde la creaci\u00f3n del mundo, y pueden comprenderse por medio de las cosas hechas, de modo que no tienen excusa.<\/p>\n\n\n\n<h3 class=\"wp-block-heading\">Isa\u00edas 45:18<\/h3>\n\n\n\n<p>El Se\u00f1or, creador de los cielos; el Dios que form\u00f3 la tierra; el que la hizo y le dio forma; el que no la cre\u00f3 sin un prop\u00f3sito, sino que la cre\u00f3 para que fuera habitada, dice as\u00ed: Yo soy el Se\u00f1or, y no hay otro.<\/p>\n\n\n\n<h3 class=\"wp-block-heading\">Salmos 90:2<\/h3>\n\n\n\n<p>Antes de que nacieran los montes y de que formaras la tierra y el mundo; desde los tiempos primeros y hasta los tiempos postreros, \u00a1t\u00fa eres Dios!<\/p>\n\n\n\n<h3 class=\"wp-block-heading\">Isa\u00edas 44:24<\/h3>\n\n\n\n<p>As\u00ed dice el Se\u00f1or, tu Redentor, el que te form\u00f3 desde el vientre: Yo soy el Se\u00f1or, el que todo lo hace; el que extiende los cielos sin ayuda; el que extiende la tierra por s\u00ed mismo.<\/p>\n\n\n\n<h3 class=\"wp-block-heading\">Santiago 1:18<\/h3>\n\n\n\n<p>\u00c9l, por su propia voluntad, nos hizo nacer por medio de la palabra de verdad, para que seamos los primeros frutos de su creaci\u00f3n.<\/p>\n\n\n\n<h3 class=\"wp-block-heading\">G\u00e9nesis 2:18<\/h3>\n\n\n\n<p>Despu\u00e9s Dios el Se\u00f1or dijo: \u00abNo est\u00e1 bien que el hombre est\u00e9 solo; le har\u00e9 una ayuda a su medida.\u00bb<\/p>\n\n\n\n<h2 class=\"wp-block-heading\">Lee Tambi\u00e9n:<\/h2>\n\n\n\n<ul class=\"wp-block-list\">\n<li><a href=\"https:\/\/thebibleverses.org\/es\/\">Vers\u00edculos por Tema<\/a><\/li>\n\n\n\n<li><a href=\"https:\/\/thebibleverses.org\/es\/amor\/\">Vers\u00edculos B\u00edblicos sobre el Amor<\/a><\/li>\n\n\n\n<li><a href=\"https:\/\/thebibleverses.org\/es\/fortaleza\/\">Vers\u00edculos B\u00edblicos de Fortaleza<\/a><\/li>\n\n\n\n<li><a href=\"https:\/\/thebibleverses.org\/es\/fe\/\">Vers\u00edculos B\u00edblicos sobre la Fe<\/a><\/li>\n\n\n\n<li><a href=\"https:\/\/thebibleverses.org\/es\/jovenes\/\">Vers\u00edculos B\u00edblicos para J\u00f3venes<\/a><\/li>\n\n\n\n<li><a href=\"https:\/\/thebibleverses.org\/es\/amistad\/\">Vers\u00edculos B\u00edblicos sobre la Amistad<\/a><\/li>\n\n\n\n<li><a href=\"https:\/\/thebibleverses.org\/es\/sanidad\/\">Vers\u00edculos B\u00edblicos sobre Sanidad<\/a><\/li>\n<\/ul>\n","protected":false},"excerpt":{"rendered":"<p>Vers\u00edculos B\u00edblicos sobre la Creaci\u00f3n de Dios Explora vers\u00edculos b\u00edblicos que revelan la hermosa conexi\u00f3n entre la Creaci\u00f3n de Dios y la humanidad. Descubre c\u00f3mo fuimos creados a imagen de Dios, dotados de prop\u00f3sito y valor intr\u00ednseco. A trav\u00e9s de las Escrituras, comprende c\u00f3mo somos llamados a ser mayordomos responsables de la Creaci\u00f3n y cuidar [&hellip;]<\/p>\n","protected":false},"author":1,"featured_media":1357,"parent":0,"menu_order":0,"comment_status":"open","ping_status":"closed","template":"","meta":{"footnotes":""},"class_list":["post-1356","page","type-page","status-publish","has-post-thumbnail","hentry","entry","fw-tab-6 fw-tabr-4"],"_links":{"self":[{"href":"https:\/\/thebibleverses.org\/es\/wp-json\/wp\/v2\/pages\/1356","targetHints":{"allow":["GET"]}}],"collection":[{"href":"https:\/\/thebibleverses.org\/es\/wp-json\/wp\/v2\/pages"}],"about":[{"href":"https:\/\/thebibleverses.org\/es\/wp-json\/wp\/v2\/types\/page"}],"author":[{"embeddable":true,"href":"https:\/\/thebibleverses.org\/es\/wp-json\/wp\/v2\/users\/1"}],"replies":[{"embeddable":true,"href":"https:\/\/thebibleverses.org\/es\/wp-json\/wp\/v2\/comments?post=1356"}],"version-history":[{"count":0,"href":"https:\/\/thebibleverses.org\/es\/wp-json\/wp\/v2\/pages\/1356\/revisions"}],"wp:featuredmedia":[{"embeddable":true,"href":"https:\/\/thebibleverses.org\/es\/wp-json\/wp\/v2\/media\/1357"}],"wp:attachment":[{"href":"https:\/\/thebibleverses.org\/es\/wp-json\/wp\/v2\/media?parent=1356"}],"curies":[{"name":"wp","href":"https:\/\/api.w.org\/{rel}","templated":true}]}}