{"id":1353,"date":"2023-06-08T23:35:44","date_gmt":"2023-06-08T23:35:44","guid":{"rendered":"https:\/\/thebibleverses.org\/es\/?page_id=1353"},"modified":"2023-06-08T23:35:46","modified_gmt":"2023-06-08T23:35:46","slug":"espiritu-santo","status":"publish","type":"page","link":"https:\/\/thebibleverses.org\/es\/espiritu-santo\/","title":{"rendered":"35 Vers\u00edculos de la Biblia sobre el Esp\u00edritu Santo"},"content":{"rendered":"<div class=\"wp-block-image\">\n<figure class=\"aligncenter size-large\"><img loading=\"lazy\" decoding=\"async\" width=\"1024\" height=\"631\" src=\"https:\/\/thebibleverses.org\/es\/wp-content\/uploads\/2023\/06\/el-esp195173ritu-santo-1024x631.webp\" alt=\"Vers\u00edculos sobre el Esp\u00edritu Santo\" class=\"wp-image-1354\" srcset=\"https:\/\/thebibleverses.org\/es\/wp-content\/uploads\/2023\/06\/el-esp195173ritu-santo-1024x631.webp 1024w, https:\/\/thebibleverses.org\/es\/wp-content\/uploads\/2023\/06\/el-esp195173ritu-santo-300x185.webp 300w, https:\/\/thebibleverses.org\/es\/wp-content\/uploads\/2023\/06\/el-esp195173ritu-santo-768x474.webp 768w, https:\/\/thebibleverses.org\/es\/wp-content\/uploads\/2023\/06\/el-esp195173ritu-santo-320x197.webp 320w, https:\/\/thebibleverses.org\/es\/wp-content\/uploads\/2023\/06\/el-esp195173ritu-santo-450x278.webp 450w, https:\/\/thebibleverses.org\/es\/wp-content\/uploads\/2023\/06\/el-esp195173ritu-santo-720x444.webp 720w, https:\/\/thebibleverses.org\/es\/wp-content\/uploads\/2023\/06\/el-esp195173ritu-santo.webp 1200w\" sizes=\"auto, (max-width: 1024px) 100vw, 1024px\" \/><figcaption class=\"wp-element-caption\">Vers\u00edculos sobre el Esp\u00edritu Santo \u2013 Reina Valera Contempor\u00e1nea (RVC).<\/figcaption><\/figure><\/div>\n\n\n<h2 class=\"wp-block-heading\">Vers\u00edculos B\u00edblicos sobre el Esp\u00edritu Santo de Dios<\/h2>\n\n\n\n<p>Descubre poderosos vers\u00edculos b\u00edblicos sobre el Esp\u00edritu Santo de Dios. Encuentra inspiraci\u00f3n en Su gu\u00eda y consuelo en tu caminar espiritual. Explora c\u00f3mo el Esp\u00edritu Santo intercede por nosotros y nos capacita con dones espirituales.<\/p>\n\n\n\n<p>Encuentra fortaleza en Su presencia constante en nuestras vidas y experimenta Su transformaci\u00f3n en ti. <strong>Descubre c\u00f3mo el Esp\u00edritu Santo influye en la adoraci\u00f3n, la comuni\u00f3n y el crecimiento de la Iglesia<\/strong>. Sum\u00e9rgete en la Palabra de Dios y permite que el Esp\u00edritu Santo te llene con Su amor y sabidur\u00eda. Deja que Su poder fluya a trav\u00e9s de ti mientras descubres los tesoros espirituales que ofrece.<\/p>\n\n\n\n<h3 class=\"wp-block-heading\">Hechos 1:8<\/h3>\n\n\n\n<p>Pero cuando venga sobre ustedes el Esp\u00edritu Santo recibir\u00e1n poder, y ser\u00e1n mis testigos en Jerusal\u00e9n, en Judea, en Samaria, y hasta lo \u00faltimo de la tierra.<\/p>\n\n\n\n<h3 class=\"wp-block-heading\">1 Corintios 2:12-13<\/h3>\n\n\n\n<p>Y nosotros no hemos recibido el esp\u00edritu del mundo, sino el Esp\u00edritu que proviene de Dios, para que entendamos lo que Dios nos ha dado, de lo cual tambi\u00e9n hablamos, pero no con palabras aprendidas de la sabidur\u00eda humana, sino con las que ense\u00f1a el Esp\u00edritu, que explican las cosas espirituales con t\u00e9rminos espirituales.<\/p>\n\n\n\n<h3 class=\"wp-block-heading\">Lucas 4:18<\/h3>\n\n\n\n<p>El Esp\u00edritu del Se\u00f1or est\u00e1 sobre m\u00ed. Me ha ungido para proclamar buenas noticias a los pobres; me ha enviado a proclamar libertad a los cautivos, a dar vista a los ciegos, a poner en libertad a los oprimidos.<\/p>\n\n\n\n<h3 class=\"wp-block-heading\">1 Juan 3:24<\/h3>\n\n\n\n<p>El que obedece sus mandamientos, permanece en Dios, y Dios en \u00e9l. En esto sabemos que \u00e9l permanece en nosotros: por el Esp\u00edritu que \u00e9l nos ha dado.<\/p>\n\n\n\n<h3 class=\"wp-block-heading\">1 Corintios 6:19<\/h3>\n\n\n\n<p>\u00bfAcaso ignoran que el cuerpo de ustedes es templo del Esp\u00edritu Santo, que est\u00e1 en ustedes, y que recibieron de parte de Dios, y que ustedes no son due\u00f1os de s\u00ed mismos?<\/p>\n\n\n\n<h3 class=\"wp-block-heading\">Hechos 8:17<\/h3>\n\n\n\n<p>En cuanto les impusieron las manos, recibieron el Esp\u00edritu Santo.<\/p>\n\n\n\n<h3 class=\"wp-block-heading\">Juan 3:5<\/h3>\n\n\n\n<p>Jes\u00fas le respondi\u00f3: De cierto, de cierto te digo, que el que no nace de agua y del Esp\u00edritu, no puede entrar en el reino de Dios.<\/p>\n\n\n\n<h3 class=\"wp-block-heading\">Juan 3:6<\/h3>\n\n\n\n<p>Lo que nace de la carne, carne es; y lo que nace del Esp\u00edritu, esp\u00edritu es.<\/p>\n\n\n\n<h3 class=\"wp-block-heading\">Mateo 28:19<\/h3>\n\n\n\n<p>Por tanto, vayan y hagan disc\u00edpulos en todas las naciones, y baut\u00edcenlos en el nombre del Padre, y del Hijo, y del Esp\u00edritu Santo.<\/p>\n\n\n\n<h3 class=\"wp-block-heading\">Romanos 8:26<\/h3>\n\n\n\n<p>De igual manera, el Esp\u00edritu nos ayuda en nuestra debilidad, pues no sabemos qu\u00e9 nos conviene pedir, pero el Esp\u00edritu mismo intercede por nosotros con gemidos indecibles.<\/p>\n\n\n\n<h3 class=\"wp-block-heading\">Romanos 8:27<\/h3>\n\n\n\n<p>Pero el que examina los corazones sabe cu\u00e1l es la intenci\u00f3n del Esp\u00edritu, porque intercede por los santos conforme a la voluntad de Dios.<\/p>\n\n\n\n<h3 class=\"wp-block-heading\">G\u00e9nesis 1:2<\/h3>\n\n\n\n<p>La tierra estaba desordenada y vac\u00eda, las tinieblas cubr\u00edan la faz del abismo, y el Esp\u00edritu de Dios se mov\u00eda sobre la superficie de las aguas.<\/p>\n\n\n\n<h3 class=\"wp-block-heading\">Miqueas 3:8<\/h3>\n\n\n\n<p>En cambio, yo estoy lleno del poder del Esp\u00edritu del Se\u00f1or; lleno de justicia y de fuerza, para denunciar la rebeli\u00f3n de Jacob y el pecado de Israel.<\/p>\n\n\n\n<h3 class=\"wp-block-heading\">Juan 14:16-17<\/h3>\n\n\n\n<p>Y yo rogar\u00e9 al Padre, y \u00e9l les dar\u00e1 otro Consolador, para que est\u00e9 con ustedes para siempre: es decir, el Esp\u00edritu de verdad, al cual el mundo no puede recibir porque no lo ve, ni lo conoce; pero ustedes lo conocen, porque permanece con ustedes, y estar\u00e1 en ustedes.<\/p>\n\n\n\n<h3 class=\"wp-block-heading\">Juan 14:26<\/h3>\n\n\n\n<p>Pero el Esp\u00edritu Santo, a quien el Padre enviar\u00e1 en mi nombre, los consolar\u00e1 y les ense\u00f1ar\u00e1 todas las cosas, y les recordar\u00e1 todo lo que yo les he dicho.<\/p>\n\n\n\n<h3 class=\"wp-block-heading\">Lucas 1:35<\/h3>\n\n\n\n<p>El \u00e1ngel le respondi\u00f3: El Esp\u00edritu Santo vendr\u00e1 sobre ti, y el poder del Alt\u00edsimo te cubrir\u00e1 con su sombra. Por eso el Santo Ser que nacer\u00e1 ser\u00e1 llamado Hijo de Dios.<\/p>\n\n\n\n<h3 class=\"wp-block-heading\">Efesios 4:4<\/h3>\n\n\n\n<p>As\u00ed como ustedes fueron llamados a una sola esperanza, hay tambi\u00e9n un cuerpo y un Esp\u00edritu,<\/p>\n\n\n\n<h3 class=\"wp-block-heading\">1 Corintios 12:13<\/h3>\n\n\n\n<p>Por un solo Esp\u00edritu todos fuimos bautizados en un solo cuerpo, tanto los jud\u00edos como los no jud\u00edos, lo mismo los esclavos que los libres, y a todos se nos dio a beber de un mismo Esp\u00edritu.<\/p>\n\n\n\n<h3 class=\"wp-block-heading\">Mateo 12:31<\/h3>\n\n\n\n<p>Por tanto, les digo: A ustedes se les perdonar\u00e1 todo pecado y blasfemia, excepto la blasfemia contra el Esp\u00edritu.<\/p>\n\n\n\n<h3 class=\"wp-block-heading\">Juan 15:26<\/h3>\n\n\n\n<p>Pero cuando venga el Consolador, el Esp\u00edritu de verdad, el cual procede del Padre y a quien yo les enviar\u00e9 de parte del Padre, \u00e9l dar\u00e1 testimonio acerca de m\u00ed.<\/p>\n\n\n\n<h3 class=\"wp-block-heading\">Juan 16:7<\/h3>\n\n\n\n<p>Pero les digo la verdad: les conviene que yo me vaya; porque si no me voy, el Consolador no vendr\u00e1 a ustedes; pero si me voy, yo se lo enviar\u00e9.<\/p>\n\n\n\n<h3 class=\"wp-block-heading\">Mateo 10:20<\/h3>\n\n\n\n<p>Porque no ser\u00e1n ustedes los que hablen, sino que el Esp\u00edritu de su Padre hablar\u00e1 por ustedes.<\/p>\n\n\n\n<h3 class=\"wp-block-heading\">Romanos 5:5<\/h3>\n\n\n\n<p>Y esta esperanza no nos defrauda, porque Dios ha derramado su amor en nuestro coraz\u00f3n por el Esp\u00edritu Santo que nos ha dado.<\/p>\n\n\n\n<h3 class=\"wp-block-heading\">Romanos 8:15<\/h3>\n\n\n\n<p>Pues ustedes no han recibido un esp\u00edritu que los esclavice nuevamente al miedo, sino que han recibido el esp\u00edritu de adopci\u00f3n, por el cual clamamos: \u00a1Abba, Padre!<\/p>\n\n\n\n<h3 class=\"wp-block-heading\">Romanos 8:16<\/h3>\n\n\n\n<p>El Esp\u00edritu mismo da testimonio a nuestro esp\u00edritu, de que somos hijos de Dios.<\/p>\n\n\n\n<h3 class=\"wp-block-heading\">Isa\u00edas 32:15<\/h3>\n\n\n\n<p>Hasta que venga sobre nosotros el esp\u00edritu de lo alto. Entonces el desierto se convertir\u00e1 en campo f\u00e9rtil, y el campo f\u00e9rtil ser\u00e1 visto como bosque.<\/p>\n\n\n\n<h3 class=\"wp-block-heading\">Juan 4:24<\/h3>\n\n\n\n<p>Dios es Esp\u00edritu; y es necesario que los que lo adoran, lo adoren en esp\u00edritu y en verdad.<\/p>\n\n\n\n<h3 class=\"wp-block-heading\">Romanos 14:17<\/h3>\n\n\n\n<p>Porque el reino de Dios no es cuesti\u00f3n de comida ni de bebida, sino de justicia, paz y gozo en el Esp\u00edritu Santo.<\/p>\n\n\n\n<h3 class=\"wp-block-heading\">G\u00e1latas 5:22-23<\/h3>\n\n\n\n<p>Pero el fruto del Esp\u00edritu es amor, gozo, paz, paciencia, benignidad, bondad, fe, mansedumbre, templanza. Contra tales cosas no hay ley.<\/p>\n\n\n\n<h3 class=\"wp-block-heading\">1 Corintios 3:16<\/h3>\n\n\n\n<p>\u00bfNo saben que ustedes son templo de Dios, y que el Esp\u00edritu de Dios habita en ustedes?<\/p>\n\n\n\n<h3 class=\"wp-block-heading\">Juan 1:33<\/h3>\n\n\n\n<p>Yo no lo conoc\u00eda; pero el que me envi\u00f3 a bautizar con agua me dijo: \u201cAqu\u00e9l sobre quien veas que el Esp\u00edritu desciende, y que permanece sobre \u00e9l, es el que bautiza con el Esp\u00edritu Santo.\u201d<\/p>\n\n\n\n<h3 class=\"wp-block-heading\">Job 33:4<\/h3>\n\n\n\n<p>El esp\u00edritu de Dios me ha creado; el soplo del Todopoderoso me dio vida.<\/p>\n\n\n\n<h3 class=\"wp-block-heading\">Hechos 2:38<\/h3>\n\n\n\n<p>Y Pedro les dijo: \u00abArrepi\u00e9ntanse, y baut\u00edcense todos ustedes en el nombre de Jesucristo, para que sus pecados les sean perdonados. Entonces recibir\u00e1n el don del Esp\u00edritu Santo.<\/p>\n\n\n\n<h3 class=\"wp-block-heading\">Hechos 2:4<\/h3>\n\n\n\n<p>Todos ellos fueron llenos del Esp\u00edritu Santo, y comenzaron a hablar en otras lenguas, seg\u00fan el Esp\u00edritu los llevaba a expresarse.<\/p>\n\n\n\n<h3 class=\"wp-block-heading\">Marcos 13:11<\/h3>\n\n\n\n<p>Cuando los arresten y los hagan comparecer, no se preocupen por lo que deben decir, sino s\u00f3lo digan lo que en ese momento les sea dado decir. Porque no ser\u00e1n ustedes los que hablen, sino el Esp\u00edritu Santo.<\/p>\n\n\n\n<h2 class=\"wp-block-heading\">Lee Tambi\u00e9n:<\/h2>\n\n\n\n<ul class=\"wp-block-list\">\n<li><a href=\"https:\/\/thebibleverses.org\/es\/\">Vers\u00edculos por Tema<\/a><\/li>\n\n\n\n<li><a href=\"https:\/\/thebibleverses.org\/es\/amor\/\">Vers\u00edculos B\u00edblicos sobre el Amor<\/a><\/li>\n\n\n\n<li><a href=\"https:\/\/thebibleverses.org\/es\/fortaleza\/\">Vers\u00edculos B\u00edblicos de Fortaleza<\/a><\/li>\n\n\n\n<li><a href=\"https:\/\/thebibleverses.org\/es\/fe\/\">Vers\u00edculos B\u00edblicos sobre la Fe<\/a><\/li>\n\n\n\n<li><a href=\"https:\/\/thebibleverses.org\/es\/jovenes\/\">Vers\u00edculos B\u00edblicos para J\u00f3venes<\/a><\/li>\n\n\n\n<li><a href=\"https:\/\/thebibleverses.org\/es\/amistad\/\">Vers\u00edculos B\u00edblicos sobre la Amistad<\/a><\/li>\n\n\n\n<li><a href=\"https:\/\/thebibleverses.org\/es\/sanidad\/\">Vers\u00edculos B\u00edblicos sobre Sanidad<\/a><\/li>\n<\/ul>\n","protected":false},"excerpt":{"rendered":"<p>Vers\u00edculos B\u00edblicos sobre el Esp\u00edritu Santo de Dios Descubre poderosos vers\u00edculos b\u00edblicos sobre el Esp\u00edritu Santo de Dios. Encuentra inspiraci\u00f3n en Su gu\u00eda y consuelo en tu caminar espiritual. Explora c\u00f3mo el Esp\u00edritu Santo intercede por nosotros y nos capacita con dones espirituales. Encuentra fortaleza en Su presencia constante en nuestras vidas y experimenta Su [&hellip;]<\/p>\n","protected":false},"author":1,"featured_media":1354,"parent":0,"menu_order":0,"comment_status":"open","ping_status":"closed","template":"","meta":{"footnotes":""},"class_list":["post-1353","page","type-page","status-publish","has-post-thumbnail","hentry","entry","fw-tab-6 fw-tabr-4"],"_links":{"self":[{"href":"https:\/\/thebibleverses.org\/es\/wp-json\/wp\/v2\/pages\/1353","targetHints":{"allow":["GET"]}}],"collection":[{"href":"https:\/\/thebibleverses.org\/es\/wp-json\/wp\/v2\/pages"}],"about":[{"href":"https:\/\/thebibleverses.org\/es\/wp-json\/wp\/v2\/types\/page"}],"author":[{"embeddable":true,"href":"https:\/\/thebibleverses.org\/es\/wp-json\/wp\/v2\/users\/1"}],"replies":[{"embeddable":true,"href":"https:\/\/thebibleverses.org\/es\/wp-json\/wp\/v2\/comments?post=1353"}],"version-history":[{"count":0,"href":"https:\/\/thebibleverses.org\/es\/wp-json\/wp\/v2\/pages\/1353\/revisions"}],"wp:featuredmedia":[{"embeddable":true,"href":"https:\/\/thebibleverses.org\/es\/wp-json\/wp\/v2\/media\/1354"}],"wp:attachment":[{"href":"https:\/\/thebibleverses.org\/es\/wp-json\/wp\/v2\/media?parent=1353"}],"curies":[{"name":"wp","href":"https:\/\/api.w.org\/{rel}","templated":true}]}}