{"id":1348,"date":"2023-06-08T23:18:57","date_gmt":"2023-06-08T23:18:57","guid":{"rendered":"https:\/\/thebibleverses.org\/es\/?page_id=1348"},"modified":"2023-06-08T23:18:58","modified_gmt":"2023-06-08T23:18:58","slug":"libertad","status":"publish","type":"page","link":"https:\/\/thebibleverses.org\/es\/libertad\/","title":{"rendered":"25 Vers\u00edculos de la Biblia sobre la Libertad en Cristo"},"content":{"rendered":"<div class=\"wp-block-image\">\n<figure class=\"aligncenter size-large\"><img loading=\"lazy\" decoding=\"async\" width=\"1024\" height=\"631\" src=\"https:\/\/thebibleverses.org\/es\/wp-content\/uploads\/2023\/06\/libertad-1-1024x631.webp\" alt=\"Vers\u00edculos de la Biblia sobre la Libertad en Cristo\" class=\"wp-image-1349\" srcset=\"https:\/\/thebibleverses.org\/es\/wp-content\/uploads\/2023\/06\/libertad-1-1024x631.webp 1024w, https:\/\/thebibleverses.org\/es\/wp-content\/uploads\/2023\/06\/libertad-1-300x185.webp 300w, https:\/\/thebibleverses.org\/es\/wp-content\/uploads\/2023\/06\/libertad-1-768x474.webp 768w, https:\/\/thebibleverses.org\/es\/wp-content\/uploads\/2023\/06\/libertad-1-320x197.webp 320w, https:\/\/thebibleverses.org\/es\/wp-content\/uploads\/2023\/06\/libertad-1-450x278.webp 450w, https:\/\/thebibleverses.org\/es\/wp-content\/uploads\/2023\/06\/libertad-1-720x444.webp 720w, https:\/\/thebibleverses.org\/es\/wp-content\/uploads\/2023\/06\/libertad-1.webp 1200w\" sizes=\"auto, (max-width: 1024px) 100vw, 1024px\" \/><figcaption class=\"wp-element-caption\">Vers\u00edculos de la Biblia sobre la Libertad en Cristo &#8211; Reina Valera Contempor\u00e1nea (RVC).<\/figcaption><\/figure><\/div>\n\n\n<h2 class=\"wp-block-heading\">Vers\u00edculos B\u00edblicos sobre la Libertad en Cristo<\/h2>\n\n\n\n<p>Descubre la libertad en Cristo a trav\u00e9s de poderosos vers\u00edculos b\u00edblicos. Encuentra inspiraci\u00f3n y consuelo en las palabras sagradas que proclaman la liberaci\u00f3n del pecado y la redenci\u00f3n divina.<\/p>\n\n\n\n<p><strong>Estos vers\u00edculos te invitan a vivir una vida plena y liberada en la fe, rompiendo cadenas y abrazando la verdadera libertad que solo se encuentra en la entrega total a Cristo<\/strong>. Encuentra esperanza y restauraci\u00f3n en estos poderosos mensajes divinos.<\/p>\n\n\n\n<h3 class=\"wp-block-heading\">Lucas 4:18<\/h3>\n\n\n\n<p>El Esp\u00edritu del Se\u00f1or est\u00e1 sobre m\u00ed. Me ha ungido para proclamar buenas noticias a los pobres; me ha enviado a proclamar libertad a los cautivos, a dar vista a los ciegos, a poner en libertad a los oprimidos<\/p>\n\n\n\n<h3 class=\"wp-block-heading\">G\u00e1latas 5:1<\/h3>\n\n\n\n<p>Mant\u00e9nganse, pues, firmes en la libertad con que Cristo nos hizo libres, y no se sometan otra vez al yugo de la esclavitud.<\/p>\n\n\n\n<h3 class=\"wp-block-heading\">2 Corintios 3:17<\/h3>\n\n\n\n<p>Porque el Se\u00f1or es el Esp\u00edritu; y donde est\u00e1 el Esp\u00edritu del Se\u00f1or, all\u00ed hay libertad.<\/p>\n\n\n\n<h3 class=\"wp-block-heading\">Romanos 8:1-2<\/h3>\n\n\n\n<p>Por tanto, no hay ninguna condenaci\u00f3n para los que est\u00e1n unidos a Cristo Jes\u00fas, los que no andan conforme a la carne, sino conforme al Esp\u00edritu, porque la ley del Esp\u00edritu de vida en Cristo Jes\u00fas me ha librado de la ley del pecado y de la muerte.<\/p>\n\n\n\n<h3 class=\"wp-block-heading\">G\u00e1latas 5:13<\/h3>\n\n\n\n<p>Hermanos, ustedes han sido llamados a la libertad, s\u00f3lo que no usen la libertad como pretexto para pecar; m\u00e1s bien, s\u00edrvanse los unos a los otros por amor.<\/p>\n\n\n\n<h3 class=\"wp-block-heading\">Santiago 1:25<\/h3>\n\n\n\n<p>En cambio, el que fija la mirada en la ley perfecta, que es la ley de la libertad, y no se aparta de ella ni se contenta s\u00f3lo con o\u00edrla y olvidarla, sino que la practica, ser\u00e1 dichoso en todo lo que haga.<\/p>\n\n\n\n<h3 class=\"wp-block-heading\">Salmos 119:45<\/h3>\n\n\n\n<p>S\u00f3lo as\u00ed ser\u00e9 completamente libre, pues he buscado seguir tus mandamientos.<\/p>\n\n\n\n<h3 class=\"wp-block-heading\">1 Pedro 2:16<\/h3>\n\n\n\n<p>Hagan uso de su libertad, pero no la usen como pretexto para hacer lo malo, sino para servir a Dios.<\/p>\n\n\n\n<h3 class=\"wp-block-heading\">Romanos 6:18<\/h3>\n\n\n\n<p>Y una vez liberados del pecado llegaron a ser siervos de la justicia.<\/p>\n\n\n\n<h3 class=\"wp-block-heading\">Isa\u00edas 61:1<\/h3>\n\n\n\n<p>El esp\u00edritu de Dios el Se\u00f1or est\u00e1 sobre m\u00ed. S\u00ed, el Se\u00f1or me ha ungido; me ha enviado a proclamar buenas noticias a los afligidos, a vendar a los quebrantados de coraz\u00f3n, a anunciar libertad a los cautivos, y liberaci\u00f3n a los prisioneros.<\/p>\n\n\n\n<h3 class=\"wp-block-heading\">Juan 8:35-36<\/h3>\n\n\n\n<p>Y el esclavo no se queda en la casa para siempre; el hijo s\u00ed se queda para siempre. As\u00ed que, si el Hijo los liberta, ser\u00e1n verdaderamente libres.<\/p>\n\n\n\n<h3 class=\"wp-block-heading\">2 Corintios 3:16<\/h3>\n\n\n\n<p>Pero ese velo les ser\u00e1 quitado cuando se conviertan al Se\u00f1or.<\/p>\n\n\n\n<h3 class=\"wp-block-heading\">G\u00e1latas 5:13<\/h3>\n\n\n\n<p>Hermanos, ustedes han sido llamados a la libertad, s\u00f3lo que no usen la libertad como pretexto para pecar; m\u00e1s bien, s\u00edrvanse los unos a los otros por amor.<\/p>\n\n\n\n<h3 class=\"wp-block-heading\">Romanos 6:22<\/h3>\n\n\n\n<p>Pero como ya han sido liberados del pecado y hechos siervos de Dios, el provecho que obtienen es la santificaci\u00f3n, cuya meta final es la vida eterna.<\/p>\n\n\n\n<h3 class=\"wp-block-heading\">Juan 8:31-32<\/h3>\n\n\n\n<p>Entonces Jes\u00fas dijo a los jud\u00edos que hab\u00edan cre\u00eddo en \u00e9l: \u00abSi ustedes permanecen en mi palabra, ser\u00e1n verdaderamente mis disc\u00edpulos; y conocer\u00e1n la verdad, y la verdad los har\u00e1 libres.\u00bb<\/p>\n\n\n\n<h3 class=\"wp-block-heading\">Juan 8:34<\/h3>\n\n\n\n<p>Jes\u00fas les respondi\u00f3: \u00abDe cierto, de cierto les digo, que todo aquel que comete pecado, esclavo es del pecado.<\/p>\n\n\n\n<h3 class=\"wp-block-heading\">Romanos 8:21<\/h3>\n\n\n\n<p>Pues tambi\u00e9n la creaci\u00f3n misma ser\u00e1 liberada de la esclavitud de corrupci\u00f3n, para as\u00ed alcanzar la libertad gloriosa de los hijos de Dios.<\/p>\n\n\n\n<h3 class=\"wp-block-heading\">G\u00e1latas 5:25<\/h3>\n\n\n\n<p>Si vivimos por el Esp\u00edritu, vivamos tambi\u00e9n seg\u00fan el Esp\u00edritu.<\/p>\n\n\n\n<h3 class=\"wp-block-heading\">Juan 8:33<\/h3>\n\n\n\n<p>Le respondieron: \u00abNosotros somos descendientes de Abrah\u00e1n, y jam\u00e1s hemos sido esclavos de nadie. \u00bfC\u00f3mo puedes decir: \u201cUstedes ser\u00e1n libres\u201d?\u00bb<\/p>\n\n\n\n<h3 class=\"wp-block-heading\">1 Corintios 7:22<\/h3>\n\n\n\n<p>Porque el que era esclavo cuando el Se\u00f1or lo llam\u00f3, es libre en el Se\u00f1or. Del mismo modo, el que era libre cuando el Se\u00f1or lo llam\u00f3, es esclavo de Cristo.<\/p>\n\n\n\n<h3 class=\"wp-block-heading\">1 Pedro 2:16<\/h3>\n\n\n\n<p>Hagan uso de su libertad, pero no la usen como pretexto para hacer lo malo, sino para servir a Dios.<\/p>\n\n\n\n<h3 class=\"wp-block-heading\">Colosenses 1:13-14<\/h3>\n\n\n\n<p>Y que tambi\u00e9n nos ha librado del poder de la oscuridad y nos ha trasladado al reino de su amado Hijo, en quien tenemos redenci\u00f3n por su sangre, el perd\u00f3n de los pecados.<\/p>\n\n\n\n<h3 class=\"wp-block-heading\">2 Timoteo 4:18<\/h3>\n\n\n\n<p>Y el Se\u00f1or me librar\u00e1 de toda obra mala, y me preservar\u00e1 para su reino celestial. A \u00e9l sea la gloria por los siglos de los siglos. Am\u00e9n.<\/p>\n\n\n\n<h3 class=\"wp-block-heading\">Hebreos 2:15<\/h3>\n\n\n\n<p>Y de esa manera librara a todos los que, por temor a la muerte, toda su vida hab\u00edan estado sometidos a esclavitud.<\/p>\n\n\n\n<h3 class=\"wp-block-heading\">Romanos 8:2<\/h3>\n\n\n\n<p>Porque la ley del Esp\u00edritu de vida en Cristo Jes\u00fas me ha librado de la ley del pecado y de la muerte.<\/p>\n\n\n\n<h2 class=\"wp-block-heading\">Lee Tambi\u00e9n:<\/h2>\n\n\n\n<ul class=\"wp-block-list\">\n<li><a href=\"https:\/\/thebibleverses.org\/es\/\">Vers\u00edculos por Tema<\/a><\/li>\n\n\n\n<li><a href=\"https:\/\/thebibleverses.org\/es\/amor\/\">Vers\u00edculos B\u00edblicos sobre el Amor<\/a><\/li>\n\n\n\n<li><a href=\"https:\/\/thebibleverses.org\/es\/fortaleza\/\">Vers\u00edculos B\u00edblicos de Fortaleza<\/a><\/li>\n\n\n\n<li><a href=\"https:\/\/thebibleverses.org\/es\/fe\/\">Vers\u00edculos B\u00edblicos sobre la Fe<\/a><\/li>\n\n\n\n<li><a href=\"https:\/\/thebibleverses.org\/es\/jovenes\/\">Vers\u00edculos B\u00edblicos para J\u00f3venes<\/a><\/li>\n\n\n\n<li><a href=\"https:\/\/thebibleverses.org\/es\/amistad\/\">Vers\u00edculos B\u00edblicos sobre la Amistad<\/a><\/li>\n\n\n\n<li><a href=\"https:\/\/thebibleverses.org\/es\/sanidad\/\">Vers\u00edculos B\u00edblicos sobre Sanidad<\/a><\/li>\n<\/ul>\n","protected":false},"excerpt":{"rendered":"<p>Vers\u00edculos B\u00edblicos sobre la Libertad en Cristo Descubre la libertad en Cristo a trav\u00e9s de poderosos vers\u00edculos b\u00edblicos. Encuentra inspiraci\u00f3n y consuelo en las palabras sagradas que proclaman la liberaci\u00f3n del pecado y la redenci\u00f3n divina. Estos vers\u00edculos te invitan a vivir una vida plena y liberada en la fe, rompiendo cadenas y abrazando la [&hellip;]<\/p>\n","protected":false},"author":1,"featured_media":1349,"parent":0,"menu_order":0,"comment_status":"open","ping_status":"closed","template":"","meta":{"footnotes":""},"class_list":["post-1348","page","type-page","status-publish","has-post-thumbnail","hentry","entry","fw-tab-6 fw-tabr-4"],"_links":{"self":[{"href":"https:\/\/thebibleverses.org\/es\/wp-json\/wp\/v2\/pages\/1348","targetHints":{"allow":["GET"]}}],"collection":[{"href":"https:\/\/thebibleverses.org\/es\/wp-json\/wp\/v2\/pages"}],"about":[{"href":"https:\/\/thebibleverses.org\/es\/wp-json\/wp\/v2\/types\/page"}],"author":[{"embeddable":true,"href":"https:\/\/thebibleverses.org\/es\/wp-json\/wp\/v2\/users\/1"}],"replies":[{"embeddable":true,"href":"https:\/\/thebibleverses.org\/es\/wp-json\/wp\/v2\/comments?post=1348"}],"version-history":[{"count":0,"href":"https:\/\/thebibleverses.org\/es\/wp-json\/wp\/v2\/pages\/1348\/revisions"}],"wp:featuredmedia":[{"embeddable":true,"href":"https:\/\/thebibleverses.org\/es\/wp-json\/wp\/v2\/media\/1349"}],"wp:attachment":[{"href":"https:\/\/thebibleverses.org\/es\/wp-json\/wp\/v2\/media?parent=1348"}],"curies":[{"name":"wp","href":"https:\/\/api.w.org\/{rel}","templated":true}]}}