{"id":1340,"date":"2023-06-08T17:27:59","date_gmt":"2023-06-08T17:27:59","guid":{"rendered":"https:\/\/thebibleverses.org\/es\/?page_id=1340"},"modified":"2023-06-08T17:29:39","modified_gmt":"2023-06-08T17:29:39","slug":"adulterio","status":"publish","type":"page","link":"https:\/\/thebibleverses.org\/es\/adulterio\/","title":{"rendered":"27 Vers\u00edculos de la Biblia de Adulterio"},"content":{"rendered":"<div class=\"wp-block-image\">\n<figure class=\"aligncenter size-large\"><img loading=\"lazy\" decoding=\"async\" width=\"1024\" height=\"631\" src=\"https:\/\/thebibleverses.org\/es\/wp-content\/uploads\/2023\/06\/honestidad-2-1024x631.webp\" alt=\"Vers\u00edculos B\u00edblicos sobre el Adulterio e Infidelidad\" class=\"wp-image-1341\" srcset=\"https:\/\/thebibleverses.org\/es\/wp-content\/uploads\/2023\/06\/honestidad-2-1024x631.webp 1024w, https:\/\/thebibleverses.org\/es\/wp-content\/uploads\/2023\/06\/honestidad-2-300x185.webp 300w, https:\/\/thebibleverses.org\/es\/wp-content\/uploads\/2023\/06\/honestidad-2-768x474.webp 768w, https:\/\/thebibleverses.org\/es\/wp-content\/uploads\/2023\/06\/honestidad-2-320x197.webp 320w, https:\/\/thebibleverses.org\/es\/wp-content\/uploads\/2023\/06\/honestidad-2-450x278.webp 450w, https:\/\/thebibleverses.org\/es\/wp-content\/uploads\/2023\/06\/honestidad-2-720x444.webp 720w, https:\/\/thebibleverses.org\/es\/wp-content\/uploads\/2023\/06\/honestidad-2.webp 1200w\" sizes=\"auto, (max-width: 1024px) 100vw, 1024px\" \/><figcaption class=\"wp-element-caption\">Vers\u00edculos B\u00edblicos sobre el Adulterio e Infidelidad &#8211; Reina Valera Contempor\u00e1nea (RVC).<\/figcaption><\/figure><\/div>\n\n\n<h2 class=\"wp-block-heading\">Vers\u00edculos B\u00edblicos sobre el Adulterio e Infidelidad<\/h2>\n\n\n\n<p>Explora vers\u00edculos b\u00edblicos que abordan el adulterio y la infidelidad, encontrando esperanza y restauraci\u00f3n en la Palabra de Dios. Estos vers\u00edculos revelan las consecuencias del adulterio y la importancia del compromiso marital.<\/p>\n\n\n\n<p>Descubre c\u00f3mo la Biblia nos muestra el camino hacia relaciones basadas en la fidelidad y el respeto mutuo. <strong>Perm\u00edtele a la Palabra de Dios transformar tu vida y brindarte la sabidur\u00eda necesaria para evitar la infidelidad y cultivar un matrimonio fuerte y duradero<\/strong>. Descubre la senda hacia la restauraci\u00f3n y la reconciliaci\u00f3n con la ayuda de la Palabra divina.<\/p>\n\n\n\n<h3 class=\"wp-block-heading\">\u00c9xodo 20:14<\/h3>\n\n\n\n<p>No cometer\u00e1s adulterio.<\/p>\n\n\n\n<h3 class=\"wp-block-heading\">Mateo 5:27-28<\/h3>\n\n\n\n<p>Ustedes han o\u00eddo que fue dicho: \u201cNo cometer\u00e1s adulterio\u201d. Pero yo les digo que cualquiera que mira con deseos a una mujer, ya adulter\u00f3 con ella en su coraz\u00f3n.<\/p>\n\n\n\n<h3 class=\"wp-block-heading\">Proverbios 6:32-33<\/h3>\n\n\n\n<p>Pero cometer adulterio es no tener cabeza; quien adultera, se corrompe a s\u00ed mismo, lo que obtiene son golpes y verg\u00fcenza, y nunca logra borrar esa mancha.<\/p>\n\n\n\n<h3 class=\"wp-block-heading\">1 Corintios 6:9-10<\/h3>\n\n\n\n<p>\u00bfAcaso no saben que los injustos no heredar\u00e1n el reino de Dios? No se equivoquen: ni los fornicarios, ni los id\u00f3latras, ni los ad\u00falteros, ni los afeminados, ni los que se acuestan con hombres, ni los ladrones, ni los avaros, ni los borrachos, ni los malhablados, ni los estafadores, heredar\u00e1n el reino de Dios.<\/p>\n\n\n\n<h3 class=\"wp-block-heading\">Proverbios 5:3-4<\/h3>\n\n\n\n<p>Los labios de la mujer ajena destilan miel; su paladar es m\u00e1s suave que el aceite, pero termina siendo amargo como el ajenjo, y tajante como una espada de dos filos.<\/p>\n\n\n\n<h3 class=\"wp-block-heading\">Santiago 2:11<\/h3>\n\n\n\n<p>Porque el que dijo \u00abNo cometer\u00e1s adulterio\u00bb tambi\u00e9n dijo \u00abNo matar\u00e1s\u00bb. Es decir, que alguien puede no cometer adulterio, pero si mata, ya ha violado la ley.<\/p>\n\n\n\n<h3 class=\"wp-block-heading\">Proverbios 30:20<\/h3>\n\n\n\n<p>La mujer ad\u00faltera se porta as\u00ed: Come, se limpia la boca, y afirma: \u00abNo he hecho nada malo.\u00bb<\/p>\n\n\n\n<h3 class=\"wp-block-heading\">Hebreos 13:4<\/h3>\n\n\n\n<p>Todos ustedes deben honrar su matrimonio, y ser fieles a sus c\u00f3nyuges; pero a los libertinos y a los ad\u00falteros los juzgar\u00e1 Dios.<\/p>\n\n\n\n<h3 class=\"wp-block-heading\">Proverbios 6:26<\/h3>\n\n\n\n<p>Una ramera te cuesta un bocado de pan, pero la mujer ajena te puede costar la vida.<\/p>\n\n\n\n<h3 class=\"wp-block-heading\">Proverbios 2:16-17<\/h3>\n\n\n\n<p>Te librar\u00e1s de la mujer ajena, de esa extra\u00f1a que con sus palabras te halaga pero abandona al compa\u00f1ero de su juventud y se olvida de su pacto con Dios.<\/p>\n\n\n\n<h3 class=\"wp-block-heading\">Marcos 10:11-12<\/h3>\n\n\n\n<p>Y Jes\u00fas les dijo: \u00abQuien se divorcia de su mujer y se casa con otra, comete adulterio contra la primera. Y si la mujer se divorcia de su marido y se casa con otro, tambi\u00e9n comete adulterio.\u00bb<\/p>\n\n\n\n<h3 class=\"wp-block-heading\">Proverbios 7:21-23<\/h3>\n\n\n\n<p>La mujer lo venci\u00f3 con sus muchas lisonjas; lo persuadi\u00f3 con sus labios zalameros, y el joven se fue enseguida tras ella, como el buey que va al degolladero; como el necio que preso avanza al castigo, hasta que una flecha le parte el coraz\u00f3n; como el ave que vuela presurosa hacia la red, sin saber que eso le costar\u00e1 la vida.<\/p>\n\n\n\n<h3 class=\"wp-block-heading\">2 Pedro 2:14<\/h3>\n\n\n\n<p>Su mirada est\u00e1 cargada de adulterio, no se cansan de pecar, seducen a los pusil\u00e1nimes, su coraz\u00f3n est\u00e1 habituado a la codicia; \u00a1son hijos de maldici\u00f3n!<\/p>\n\n\n\n<h3 class=\"wp-block-heading\">Jerem\u00edas 5:7<\/h3>\n\n\n\n<p>\u00bfC\u00f3mo voy a perdonarte por esto? Tus hijos me abandonaron, y juraron por dioses que no son dioses. Yo les di abundancia, pero ellos me fueron infieles, y en grupo se pasaban el tiempo en casa de prostitutas.<\/p>\n\n\n\n<h3 class=\"wp-block-heading\">Marcos 7:21-23<\/h3>\n\n\n\n<p>Porque de adentro del coraz\u00f3n humano salen los malos pensamientos, la inmoralidad sexual, los robos, los homicidios, los adulterios, las avaricias, las maldades, el enga\u00f1o, la lujuria, la envidia, la calumnia, la soberbia y la insensatez. Todos estos males vienen de adentro y contaminan a la persona.<\/p>\n\n\n\n<h3 class=\"wp-block-heading\">Proverbios 22:14<\/h3>\n\n\n\n<p>Los labios de la mujer ajena son un abismo, en donde cae el que provoca la ira del Se\u00f1or.<\/p>\n\n\n\n<h3 class=\"wp-block-heading\">Jerem\u00edas 29:23<\/h3>\n\n\n\n<p>Estos dos hicieron mucho mal en Israel: cometieron adulterio con las mujeres de su pr\u00f3jimo, y en el nombre del Se\u00f1or pronunciaron falsamente palabras que \u00e9l no les mand\u00f3 decir. Es un hecho que esto fue as\u00ed. \u2014Palabra del Se\u00f1or.<\/p>\n\n\n\n<h3 class=\"wp-block-heading\">1 Corintios 7:10-11<\/h3>\n\n\n\n<p>Pero a los que est\u00e1n unidos en matrimonio les doy este mandato (que en realidad no es m\u00edo sino del Se\u00f1or): Que la esposa no se separe del esposo; pero en caso de separarse, que no se vuelva a casar, o que se reconcilie con su esposo. De la misma manera, que el esposo no abandone a su mujer.<\/p>\n\n\n\n<h3 class=\"wp-block-heading\">Mateo 15:19-20<\/h3>\n\n\n\n<p>Porque del coraz\u00f3n salen los malos deseos, los homicidios, los adulterios, las fornicaciones, los robos, los falsos testimonios, las blasfemias. Estas cosas son las que contaminan al hombre. El comer sin lavarse las manos no contamina a nadie.<\/p>\n\n\n\n<h3 class=\"wp-block-heading\">Proverbios 5:8-9<\/h3>\n\n\n\n<p>Aleja a esa mujer de tu camino. No te acerques a la puerta de su casa. As\u00ed no entregar\u00e1s tu vida y tu honor a gente extra\u00f1a y cruel.<\/p>\n\n\n\n<h3 class=\"wp-block-heading\">Oseas 4:1-2<\/h3>\n\n\n\n<p>Hijos de Israel, \u00a1oigan la palabra del Se\u00f1or! El Se\u00f1or ha entablado un pleito contra los habitantes de la tierra, porque ya no hay en la tierra verdad ni misericordia, ni conocimiento de Dios; en cambio, abundan el perjurio, la mentira, las muertes, los robos, los adulterios, y homicidio tras homicidio.<\/p>\n\n\n\n<h3 class=\"wp-block-heading\">Lev\u00edtico 20:10<\/h3>\n\n\n\n<p>El que cometa adulterio con la mujer de su pr\u00f3jimo ser\u00e1 condenado a muerte, junto con la ad\u00faltera.<\/p>\n\n\n\n<h3 class=\"wp-block-heading\">Ezequiel 16:32<\/h3>\n\n\n\n<p>Mujer infiel, relegaste a tu esposo por atrapar a otros hombres.<\/p>\n\n\n\n<h3 class=\"wp-block-heading\">Marcos 10:19<\/h3>\n\n\n\n<p>Ya conoces los mandamientos: No mates. No cometas adulterio. No robes. No des falso testimonio. No defraudes. Honra a tu padre y a tu madre.<\/p>\n\n\n\n<h3 class=\"wp-block-heading\">Proverbios 7:18-19<\/h3>\n\n\n\n<p>\u00a1Ven, embriagu\u00e9monos de amores! \u00a1Gocemos del amor hasta el amanecer! Mi marido no est\u00e1 en casa, pues sali\u00f3 para hacer un largo viaje.<\/p>\n\n\n\n<h3 class=\"wp-block-heading\">Santiago 4:4<\/h3>\n\n\n\n<p>\u00a1Ay, gente ad\u00faltera! \u00bfNo saben que la amistad con el mundo es enemistad con Dios? Todo aquel que quiera ser amigo del mundo, se declara enemigo de Dios.<\/p>\n\n\n\n<h3 class=\"wp-block-heading\">Mateo 19:9<\/h3>\n\n\n\n<p>Y yo les digo que, salvo por causa de fornicaci\u00f3n, cualquiera que se divorcia de su mujer y se casa con otra, comete adulterio. Y el que se casa con la divorciada, tambi\u00e9n comete adulterio.<\/p>\n\n\n\n<h2 class=\"wp-block-heading\">Lee Tambi\u00e9n:<\/h2>\n\n\n\n<ul class=\"wp-block-list\">\n<li><a href=\"https:\/\/thebibleverses.org\/es\/\">Vers\u00edculos por Tema<\/a><\/li>\n\n\n\n<li><a href=\"https:\/\/thebibleverses.org\/es\/amor\/\">Vers\u00edculos B\u00edblicos sobre el Amor<\/a><\/li>\n\n\n\n<li><a href=\"https:\/\/thebibleverses.org\/es\/fortaleza\/\">Vers\u00edculos B\u00edblicos de Fortaleza<\/a><\/li>\n\n\n\n<li><a href=\"https:\/\/thebibleverses.org\/es\/fe\/\">Vers\u00edculos B\u00edblicos sobre la Fe<\/a><\/li>\n\n\n\n<li><a href=\"https:\/\/thebibleverses.org\/es\/jovenes\/\">Vers\u00edculos B\u00edblicos para J\u00f3venes<\/a><\/li>\n\n\n\n<li><a href=\"https:\/\/thebibleverses.org\/es\/amistad\/\">Vers\u00edculos B\u00edblicos sobre la Amistad<\/a><\/li>\n\n\n\n<li><a href=\"https:\/\/thebibleverses.org\/es\/sanidad\/\">Vers\u00edculos B\u00edblicos sobre Sanidad<\/a><\/li>\n<\/ul>\n","protected":false},"excerpt":{"rendered":"<p>Vers\u00edculos B\u00edblicos sobre el Adulterio e Infidelidad Explora vers\u00edculos b\u00edblicos que abordan el adulterio y la infidelidad, encontrando esperanza y restauraci\u00f3n en la Palabra de Dios. Estos vers\u00edculos revelan las consecuencias del adulterio y la importancia del compromiso marital. Descubre c\u00f3mo la Biblia nos muestra el camino hacia relaciones basadas en la fidelidad y el [&hellip;]<\/p>\n","protected":false},"author":1,"featured_media":1341,"parent":0,"menu_order":0,"comment_status":"open","ping_status":"closed","template":"","meta":{"footnotes":""},"class_list":["post-1340","page","type-page","status-publish","has-post-thumbnail","hentry","entry","fw-tab-6 fw-tabr-4"],"_links":{"self":[{"href":"https:\/\/thebibleverses.org\/es\/wp-json\/wp\/v2\/pages\/1340","targetHints":{"allow":["GET"]}}],"collection":[{"href":"https:\/\/thebibleverses.org\/es\/wp-json\/wp\/v2\/pages"}],"about":[{"href":"https:\/\/thebibleverses.org\/es\/wp-json\/wp\/v2\/types\/page"}],"author":[{"embeddable":true,"href":"https:\/\/thebibleverses.org\/es\/wp-json\/wp\/v2\/users\/1"}],"replies":[{"embeddable":true,"href":"https:\/\/thebibleverses.org\/es\/wp-json\/wp\/v2\/comments?post=1340"}],"version-history":[{"count":0,"href":"https:\/\/thebibleverses.org\/es\/wp-json\/wp\/v2\/pages\/1340\/revisions"}],"wp:featuredmedia":[{"embeddable":true,"href":"https:\/\/thebibleverses.org\/es\/wp-json\/wp\/v2\/media\/1341"}],"wp:attachment":[{"href":"https:\/\/thebibleverses.org\/es\/wp-json\/wp\/v2\/media?parent=1340"}],"curies":[{"name":"wp","href":"https:\/\/api.w.org\/{rel}","templated":true}]}}