{"id":1337,"date":"2023-06-08T16:59:01","date_gmt":"2023-06-08T16:59:01","guid":{"rendered":"https:\/\/thebibleverses.org\/es\/?page_id=1337"},"modified":"2023-06-08T16:59:02","modified_gmt":"2023-06-08T16:59:02","slug":"fornicacion","status":"publish","type":"page","link":"https:\/\/thebibleverses.org\/es\/fornicacion\/","title":{"rendered":"24 Vers\u00edculos de la Biblia sobre la Fornicaci\u00f3n"},"content":{"rendered":"<div class=\"wp-block-image\">\n<figure class=\"aligncenter size-large\"><img loading=\"lazy\" decoding=\"async\" width=\"1024\" height=\"631\" src=\"https:\/\/thebibleverses.org\/es\/wp-content\/uploads\/2023\/06\/honestidad-1-1-1-1024x631.webp\" alt=\"Vers\u00edculos B\u00edblicos sobre la Fornicaci\u00f3n o Pecado Sexual\" class=\"wp-image-1338\" srcset=\"https:\/\/thebibleverses.org\/es\/wp-content\/uploads\/2023\/06\/honestidad-1-1-1-1024x631.webp 1024w, https:\/\/thebibleverses.org\/es\/wp-content\/uploads\/2023\/06\/honestidad-1-1-1-300x185.webp 300w, https:\/\/thebibleverses.org\/es\/wp-content\/uploads\/2023\/06\/honestidad-1-1-1-768x474.webp 768w, https:\/\/thebibleverses.org\/es\/wp-content\/uploads\/2023\/06\/honestidad-1-1-1-320x197.webp 320w, https:\/\/thebibleverses.org\/es\/wp-content\/uploads\/2023\/06\/honestidad-1-1-1-450x278.webp 450w, https:\/\/thebibleverses.org\/es\/wp-content\/uploads\/2023\/06\/honestidad-1-1-1-720x444.webp 720w, https:\/\/thebibleverses.org\/es\/wp-content\/uploads\/2023\/06\/honestidad-1-1-1.webp 1200w\" sizes=\"auto, (max-width: 1024px) 100vw, 1024px\" \/><figcaption class=\"wp-element-caption\">Vers\u00edculos B\u00edblicos sobre la Fornicaci\u00f3n o Pecado Sexual<\/figcaption><\/figure><\/div>\n\n\n<h2 class=\"wp-block-heading\">Vers\u00edculos B\u00edblicos sobre la Fornicaci\u00f3n o Pecado Sexual<\/h2>\n\n\n\n<p>Explora vers\u00edculos b\u00edblicos que abordan la fornicaci\u00f3n y el pecado sexual. Encuentra orientaci\u00f3n y redenci\u00f3n en la Palabra de Dios. Estos vers\u00edculos revelan la importancia de la pureza y la sexualidad dentro de los l\u00edmites del matrimonio.<\/p>\n\n\n\n<p><strong>Descubre c\u00f3mo la Biblia ofrece sabidur\u00eda y direcci\u00f3n en el \u00e1rea de las relaciones sexuales, ense\u00f1\u00e1ndonos a honrar a Dios con nuestros cuerpos<\/strong>. A trav\u00e9s de estos vers\u00edculos, encontrar\u00e1s consuelo, perd\u00f3n y una senda hacia la restauraci\u00f3n. Permite que la Palabra de Dios transforme tu perspectiva y te gu\u00ede hacia una vida sexual saludable y en armon\u00eda con los principios divinos.<\/p>\n\n\n\n<h3 class=\"wp-block-heading\">1 Corintios 6:18<\/h3>\n\n\n\n<p>Huyan de la inmoralidad sexual. Cualquier otro pecado que el hombre cometa, ocurre fuera del cuerpo; pero el que comete inmoralidad sexual peca contra su propio cuerpo.<\/p>\n\n\n\n<h3 class=\"wp-block-heading\">Hebreos 13:4<\/h3>\n\n\n\n<p>Todos ustedes deben honrar su matrimonio, y ser fieles a sus c\u00f3nyuges; pero a los libertinos y a los ad\u00falteros los juzgar\u00e1 Dios.<\/p>\n\n\n\n<h3 class=\"wp-block-heading\">1 Tesalonicenses 4:3-5<\/h3>\n\n\n\n<p>La voluntad de Dios es que ustedes sean santificados, que se aparten de toda inmoralidad sexual, 4 que cada uno de ustedes sepa tener su propio cuerpo en santidad y honor, 5 y no en pasiones desordenadas, como la gente que no conoce a Dios.<\/p>\n\n\n\n<h3 class=\"wp-block-heading\">1 Tesalonicenses 4:7-8<\/h3>\n\n\n\n<p>Pues Dios no nos ha llamado a vivir en la inmundicia, sino a vivir en santidad. El que desecha esto, no desecha a un hombre, sino a Dios, que tambi\u00e9n nos dio su Esp\u00edritu Santo.<\/p>\n\n\n\n<h3 class=\"wp-block-heading\">Efesios 5:3<\/h3>\n\n\n\n<p>Entre ustedes ni siquiera deben hablar de inmoralidad sexual, ni de avaricia, ni de ninguna otra clase de depravaci\u00f3n, pues ustedes son santos.<\/p>\n\n\n\n<h3 class=\"wp-block-heading\">Efesios 5:5<\/h3>\n\n\n\n<p>Ustedes bien saben que ninguno que sea libertino, inmundo, o avaro (es decir, ning\u00fan id\u00f3latra), tendr\u00e1 parte en el reino de Cristo y de Dios.<\/p>\n\n\n\n<h3 class=\"wp-block-heading\">1 Corintios 7:2<\/h3>\n\n\n\n<p>Pero por causa de la inmoralidad sexual, cada hombre debe tener su propia esposa y cada mujer su propio esposo.<\/p>\n\n\n\n<h3 class=\"wp-block-heading\">G\u00e1latas 5:19-21<\/h3>\n\n\n\n<p>Las obras de la carne se manifiestan en adulterio, fornicaci\u00f3n, inmundicia, lascivia, idolatr\u00eda, hechicer\u00edas, enemistades, pleitos, celos, iras, contiendas, disensiones, herej\u00edas, envidias, homicidios, borracheras, org\u00edas, y cosas semejantes a \u00e9stas. Acerca de ellas les advierto, como ya antes les he dicho, que los que practican tales cosas no heredar\u00e1n el reino de Dios.<\/p>\n\n\n\n<h3 class=\"wp-block-heading\">Colosenses 3:5-6<\/h3>\n\n\n\n<p>Por lo tanto, hagan morir en ustedes todo lo que sea terrenal: inmoralidad sexual, impureza, pasiones desordenadas, malos deseos y avaricia. Eso es idolatr\u00eda. Por cosas como \u00e9stas les sobreviene la ira de Dios a los desobedientes.<\/p>\n\n\n\n<h3 class=\"wp-block-heading\">Colosenses 3:9<\/h3>\n\n\n\n<p>No se mientan los unos a los otros, pues ya ustedes se han despojado de la vieja naturaleza y de sus hechos.<\/p>\n\n\n\n<h3 class=\"wp-block-heading\">Mateo 5:28<\/h3>\n\n\n\n<p>Pero yo les digo que cualquiera que mira con deseos a una mujer, ya adulter\u00f3 con ella en su coraz\u00f3n.<\/p>\n\n\n\n<h3 class=\"wp-block-heading\">2 Pedro 2:14<\/h3>\n\n\n\n<p>Su mirada est\u00e1 cargada de adulterio, no se cansan de pecar, seducen a los pusil\u00e1nimes, su coraz\u00f3n est\u00e1 habituado a la codicia; \u00a1son hijos de maldici\u00f3n!<\/p>\n\n\n\n<h3 class=\"wp-block-heading\">Apocalipsis 21:8<\/h3>\n\n\n\n<p>Pero los cobardes, los incr\u00e9dulos, los abominables, los homicidas, los que incurren en inmoralidad sexual, los hechiceros, los id\u00f3latras y todos los mentirosos tendr\u00e1n su parte en el lago que arde con fuego y azufre, que es la muerte segunda.<\/p>\n\n\n\n<h3 class=\"wp-block-heading\">1 Corintios 10:8-9<\/h3>\n\n\n\n<p>No caigamos en la inmoralidad sexual, como lo hicieron algunos de ellos, y por lo cual en un solo d\u00eda murieron veintitr\u00e9s mil. Tampoco pongamos a prueba a Cristo, como tambi\u00e9n algunos de ellos lo hicieron, y murieron por causa de las serpientes.<\/p>\n\n\n\n<h3 class=\"wp-block-heading\">1 Corintios 5:1<\/h3>\n\n\n\n<p>Se ha sabido de un caso de inmoralidad sexual entre ustedes, que ni siquiera los paganos tolerar\u00edan, y es que uno de ustedes tiene como mujer a la esposa de su padre.<\/p>\n\n\n\n<h3 class=\"wp-block-heading\">2 Corintios 12:21<\/h3>\n\n\n\n<p>Tambi\u00e9n me temo que, cuando vuelva, Dios me humille ante ustedes, y que tal vez tenga que llorar por muchos de los que antes han pecado y no se han arrepentido de la inmundicia, ni de la inmoralidad sexual y el libertinaje a que se han entregado.<\/p>\n\n\n\n<h3 class=\"wp-block-heading\">Romanos 1:29<\/h3>\n\n\n\n<p>Est\u00e1n atiborrados de toda clase de injusticia, inmoralidad sexual, perversidad, avaricia, maldad; llenos de envidia, homicidios, contiendas, enga\u00f1os y malignidades.<\/p>\n\n\n\n<h3 class=\"wp-block-heading\">Judas 1:7<\/h3>\n\n\n\n<p>Tambi\u00e9n Sodoma y Gomorra, y las ciudades vecinas, que lo mismo que aqu\u00e9llos practicaron la inmoralidad sexual y los vicios contra la naturaleza, fueron puestas como ejemplo y sufrieron el castigo del fuego eterno.<\/p>\n\n\n\n<h3 class=\"wp-block-heading\">Mateo 15:19<\/h3>\n\n\n\n<p>Porque del coraz\u00f3n salen los malos deseos, los homicidios, los adulterios, las fornicaciones, los robos, los falsos testimonios, las blasfemias.<\/p>\n\n\n\n<h3 class=\"wp-block-heading\">Romanos 13:13<\/h3>\n\n\n\n<p>Vivamos con honestidad, como a la luz del d\u00eda, y no andemos en glotoner\u00edas ni en borracheras, ni en lujurias y lascivias, ni en contiendas y envidias.<\/p>\n\n\n\n<h3 class=\"wp-block-heading\">1 Corintios 6:9<\/h3>\n\n\n\n<p>\u00bfAcaso no saben que los injustos no heredar\u00e1n el reino de Dios? No se equivoquen: ni los fornicarios, ni los id\u00f3latras, ni los ad\u00falteros, ni los afeminados, ni los que se acuestan con hombres.<\/p>\n\n\n\n<h3 class=\"wp-block-heading\">Hechos 15:19-20<\/h3>\n\n\n\n<p>Mi consejo es que no inquieten a los no jud\u00edos para que se conviertan a Dios, sino que los instruyan para que se aparten de la idolatr\u00eda, del libertinaje sexual, del comer carne de animales ahogados, y de comer sangre.<\/p>\n\n\n\n<h3 class=\"wp-block-heading\">Proverbios 6:32<\/h3>\n\n\n\n<p>Pero cometer adulterio es no tener cabeza; quien adultera, se corrompe a s\u00ed mismo.<\/p>\n\n\n\n<h3 class=\"wp-block-heading\">2 Pedro 2:18<\/h3>\n\n\n\n<p>Cuando hablan, lo hacen con palabras arrogantes y vanas; mediante las pasiones humanas y el libertinaje seducen a los que hab\u00edan comenzado a apartarse de los que viven en el error.<\/p>\n\n\n\n<h2 class=\"wp-block-heading\">Lee Tambi\u00e9n:<\/h2>\n\n\n\n<ul class=\"wp-block-list\">\n<li><a href=\"https:\/\/thebibleverses.org\/es\/\">Vers\u00edculos por Tema<\/a><\/li>\n\n\n\n<li><a href=\"https:\/\/thebibleverses.org\/es\/amor\/\">Vers\u00edculos B\u00edblicos sobre el Amor<\/a><\/li>\n\n\n\n<li><a href=\"https:\/\/thebibleverses.org\/es\/fortaleza\/\">Vers\u00edculos B\u00edblicos de Fortaleza<\/a><\/li>\n\n\n\n<li><a href=\"https:\/\/thebibleverses.org\/es\/fe\/\">Vers\u00edculos B\u00edblicos sobre la Fe<\/a><\/li>\n\n\n\n<li><a href=\"https:\/\/thebibleverses.org\/es\/jovenes\/\">Vers\u00edculos B\u00edblicos para J\u00f3venes<\/a><\/li>\n\n\n\n<li><a href=\"https:\/\/thebibleverses.org\/es\/amistad\/\">Vers\u00edculos B\u00edblicos sobre la Amistad<\/a><\/li>\n\n\n\n<li><a href=\"https:\/\/thebibleverses.org\/es\/sanidad\/\">Vers\u00edculos B\u00edblicos sobre Sanidad<\/a><\/li>\n<\/ul>\n","protected":false},"excerpt":{"rendered":"<p>Vers\u00edculos B\u00edblicos sobre la Fornicaci\u00f3n o Pecado Sexual Explora vers\u00edculos b\u00edblicos que abordan la fornicaci\u00f3n y el pecado sexual. Encuentra orientaci\u00f3n y redenci\u00f3n en la Palabra de Dios. Estos vers\u00edculos revelan la importancia de la pureza y la sexualidad dentro de los l\u00edmites del matrimonio. Descubre c\u00f3mo la Biblia ofrece sabidur\u00eda y direcci\u00f3n en el [&hellip;]<\/p>\n","protected":false},"author":1,"featured_media":1338,"parent":0,"menu_order":0,"comment_status":"open","ping_status":"closed","template":"","meta":{"footnotes":""},"class_list":["post-1337","page","type-page","status-publish","has-post-thumbnail","hentry","entry","fw-tab-6 fw-tabr-4"],"_links":{"self":[{"href":"https:\/\/thebibleverses.org\/es\/wp-json\/wp\/v2\/pages\/1337","targetHints":{"allow":["GET"]}}],"collection":[{"href":"https:\/\/thebibleverses.org\/es\/wp-json\/wp\/v2\/pages"}],"about":[{"href":"https:\/\/thebibleverses.org\/es\/wp-json\/wp\/v2\/types\/page"}],"author":[{"embeddable":true,"href":"https:\/\/thebibleverses.org\/es\/wp-json\/wp\/v2\/users\/1"}],"replies":[{"embeddable":true,"href":"https:\/\/thebibleverses.org\/es\/wp-json\/wp\/v2\/comments?post=1337"}],"version-history":[{"count":0,"href":"https:\/\/thebibleverses.org\/es\/wp-json\/wp\/v2\/pages\/1337\/revisions"}],"wp:featuredmedia":[{"embeddable":true,"href":"https:\/\/thebibleverses.org\/es\/wp-json\/wp\/v2\/media\/1338"}],"wp:attachment":[{"href":"https:\/\/thebibleverses.org\/es\/wp-json\/wp\/v2\/media?parent=1337"}],"curies":[{"name":"wp","href":"https:\/\/api.w.org\/{rel}","templated":true}]}}