{"id":1331,"date":"2023-06-08T16:34:20","date_gmt":"2023-06-08T16:34:20","guid":{"rendered":"https:\/\/thebibleverses.org\/es\/?page_id=1331"},"modified":"2023-06-08T16:34:22","modified_gmt":"2023-06-08T16:34:22","slug":"esclavitud","status":"publish","type":"page","link":"https:\/\/thebibleverses.org\/es\/esclavitud\/","title":{"rendered":"25 Vers\u00edculos de la Biblia sobre la Esclavitud"},"content":{"rendered":"<div class=\"wp-block-image\">\n<figure class=\"aligncenter size-large\"><img loading=\"lazy\" decoding=\"async\" width=\"1024\" height=\"631\" src=\"https:\/\/thebibleverses.org\/es\/wp-content\/uploads\/2023\/06\/honestidad-1-1-1024x631.webp\" alt=\"Vers\u00edculos sobre la Esclavitud del Pecado\" class=\"wp-image-1334\" srcset=\"https:\/\/thebibleverses.org\/es\/wp-content\/uploads\/2023\/06\/honestidad-1-1-1024x631.webp 1024w, https:\/\/thebibleverses.org\/es\/wp-content\/uploads\/2023\/06\/honestidad-1-1-300x185.webp 300w, https:\/\/thebibleverses.org\/es\/wp-content\/uploads\/2023\/06\/honestidad-1-1-768x474.webp 768w, https:\/\/thebibleverses.org\/es\/wp-content\/uploads\/2023\/06\/honestidad-1-1-320x197.webp 320w, https:\/\/thebibleverses.org\/es\/wp-content\/uploads\/2023\/06\/honestidad-1-1-450x278.webp 450w, https:\/\/thebibleverses.org\/es\/wp-content\/uploads\/2023\/06\/honestidad-1-1-720x444.webp 720w, https:\/\/thebibleverses.org\/es\/wp-content\/uploads\/2023\/06\/honestidad-1-1.webp 1200w\" sizes=\"auto, (max-width: 1024px) 100vw, 1024px\" \/><figcaption class=\"wp-element-caption\">Vers\u00edculos sobre la Esclavitud del Pecado<\/figcaption><\/figure><\/div>\n\n\n<h2 class=\"wp-block-heading\">Vers\u00edculos B\u00edblicos sobre la Cautividad o Esclavitud del Pecado<\/h2>\n\n\n\n<p>Descubre vers\u00edculos b\u00edblicos que abordan la cautividad y esclavitud del pecado. Encuentra esperanza y liberaci\u00f3n en la Palabra de Dios. Estos vers\u00edculos revelan la realidad de nuestra situaci\u00f3n pecaminosa y la promesa de redenci\u00f3n.<\/p>\n\n\n\n<p>Experimenta una transformaci\u00f3n poderosa a trav\u00e9s de pasajes que te guiar\u00e1n hacia una vida libre de ataduras espirituales. <strong>Dios tiene el poder de romper las cadenas del pecado y ofrecer una nueva vida llena de prop\u00f3sito<\/strong>. Encuentra consuelo, perd\u00f3n y una promesa de libertad duradera en la Biblia. Descubre c\u00f3mo la fe y la gracia de Dios te conducen hacia la plenitud espiritual y una vida renovada.<\/p>\n\n\n\n<h3 class=\"wp-block-heading\">1 Juan 1:8<\/h3>\n\n\n\n<p>Si decimos que no tenemos pecado, nos enga\u00f1amos a nosotros mismos, y la verdad no est\u00e1 en nosotros.<\/p>\n\n\n\n<h3 class=\"wp-block-heading\">Tito 3:3<\/h3>\n\n\n\n<p>Porque en otro tiempo nosotros tambi\u00e9n \u00e9ramos insensatos, rebeldes, extraviados, esclavos de los malos deseos y de diversos deleites; viv\u00edamos en malicia y envidia, nos aborrec\u00edan y nos aborrec\u00edamos unos a otros.<\/p>\n\n\n\n<h3 class=\"wp-block-heading\">Lev\u00edtico 25:42<\/h3>\n\n\n\n<p>Y es que ellos son mis siervos. Yo los saqu\u00e9 de la tierra de Egipto, as\u00ed que no ser\u00e1n vendidos como esclavos.<\/p>\n\n\n\n<h3 class=\"wp-block-heading\">Romanos 6:16<\/h3>\n\n\n\n<p>\u00bfAcaso no saben ustedes que, si se someten a alguien para obedecerlo como esclavos, se hacen esclavos de aquel a quien obedecen, ya sea del pecado que lleva a la muerte, o de la obediencia que lleva a la justicia?<\/p>\n\n\n\n<h3 class=\"wp-block-heading\">Romanos 6:20<\/h3>\n\n\n\n<p>Cuando ustedes eran esclavos del pecado, eran libres en cuanto a la justicia.<\/p>\n\n\n\n<h3 class=\"wp-block-heading\">\u00c9xodo 6:6<\/h3>\n\n\n\n<p>Por lo tanto, diles a los hijos de Israel: \u201cYo soy EL SE\u00d1OR. Yo los voy a librar de los trabajos pesados en Egipto. Voy a liberarlos de su esclavitud. Con brazo extendido y con grandes juicios les dar\u00e9 libertad.<\/p>\n\n\n\n<h3 class=\"wp-block-heading\">Juan 8:34<\/h3>\n\n\n\n<p>Jes\u00fas les respondi\u00f3: \u00abDe cierto, de cierto les digo, que todo aquel que comete pecado, esclavo es del pecado.<\/p>\n\n\n\n<h3 class=\"wp-block-heading\">1 Timoteo 1:9-10<\/h3>\n\n\n\n<p>Tambi\u00e9n sabemos que la ley no fue dada para el justo, sino para los transgresores y desobedientes, para los imp\u00edos y pecadores, para los irreverentes y profanos, para los parricidas y matricidas, para los homicidas, para los fornicarios, para los sodomitas, para los secuestradores, para los mentirosos y perjuros, y para todo lo que se oponga a la sana doctrina.<\/p>\n\n\n\n<h3 class=\"wp-block-heading\">Romanos 8:15<\/h3>\n\n\n\n<p>Pues ustedes no han recibido un esp\u00edritu que los esclavice nuevamente al miedo, sino que han recibido el esp\u00edritu de adopci\u00f3n, por el cual clamamos: \u00a1Abba, Padre!<\/p>\n\n\n\n<h3 class=\"wp-block-heading\">Romanos 7:14<\/h3>\n\n\n\n<p>Sabemos que la ley es espiritual. Pero yo soy un simple ser carnal, que ha sido vendido como esclavo al pecado.<\/p>\n\n\n\n<h3 class=\"wp-block-heading\">Romanos 7:22-23<\/h3>\n\n\n\n<p>Porque, seg\u00fan el hombre interior, me deleito en la ley de Dios; pero encuentro que hay otra ley en mis miembros, la cual se rebela contra la ley de mi mente y me tiene cautivo a la ley del pecado que est\u00e1 en mis miembros.<\/p>\n\n\n\n<h3 class=\"wp-block-heading\">Deuteronomio 24:18<\/h3>\n\n\n\n<p>Acu\u00e9rdate que fuiste esclavo en Egipto, y que de all\u00ed te rescat\u00f3 el Se\u00f1or tu Dios. Por lo tanto, yo te mando que act\u00faes as\u00ed.<\/p>\n\n\n\n<h3 class=\"wp-block-heading\">\u00c9xodo 20:2<\/h3>\n\n\n\n<p>Yo soy el Se\u00f1or tu Dios. Yo te saqu\u00e9 de la tierra de Egipto, donde viv\u00edas como esclavo.<\/p>\n\n\n\n<h3 class=\"wp-block-heading\">Romanos 6:22<\/h3>\n\n\n\n<p>Pero como ya han sido liberados del pecado y hechos siervos de Dios, el provecho que obtienen es la santificaci\u00f3n, cuya meta final es la vida eterna.<\/p>\n\n\n\n<h3 class=\"wp-block-heading\">Romanos 6:17<\/h3>\n\n\n\n<p>Pero gracias a Dios que, aunque ustedes eran esclavos del pecado, han obedecido de coraz\u00f3n al modelo de ense\u00f1anza que han recibido.<\/p>\n\n\n\n<h3 class=\"wp-block-heading\">Nehem\u00edas 9:36<\/h3>\n\n\n\n<p>Por eso hoy vivimos como esclavos de otros; somos esclavos en nuestra propia tierra, la tierra que prometiste a nuestros antepasados, para que disfrutaran de sus productos.<\/p>\n\n\n\n<h3 class=\"wp-block-heading\">\u00c9xodo 13:3<\/h3>\n\n\n\n<p>Mois\u00e9s le dijo al pueblo: Tengan presente este d\u00eda, en que han sido liberados de la esclavitud de Egipto. El Se\u00f1or los ha sacado de aqu\u00ed con mano fuerte, Por lo tanto, no deben comer pan leudado.<\/p>\n\n\n\n<h3 class=\"wp-block-heading\">G\u00e1latas 4:3-5<\/h3>\n\n\n\n<p>As\u00ed tambi\u00e9n nosotros, cuando \u00e9ramos ni\u00f1os, viv\u00edamos en esclavitud y sujetos a los principios b\u00e1sicos del mundo. Pero cuando se cumpli\u00f3 el tiempo se\u00f1alado, Dios envi\u00f3 a su Hijo, que naci\u00f3 de una mujer y sujeto a la ley, para que redimiera a los que estaban sujetos a la ley, a fin de que recibi\u00e9ramos la adopci\u00f3n de hijos.<\/p>\n\n\n\n<h3 class=\"wp-block-heading\">Isa\u00edas 61:1<\/h3>\n\n\n\n<p>El esp\u00edritu de Dios el Se\u00f1or est\u00e1 sobre m\u00ed. S\u00ed, el Se\u00f1or me ha ungido; me ha enviado a proclamar buenas noticias a los afligidos, a vendar a los quebrantados de coraz\u00f3n, a anunciar libertad a los cautivos, y liberaci\u00f3n a los prisioneros;<\/p>\n\n\n\n<h3 class=\"wp-block-heading\">G\u00e1latas 5:1<\/h3>\n\n\n\n<p>Mant\u00e9nganse, pues, firmes en la libertad con que Cristo nos hizo libres, y no se sometan otra vez al yugo de la esclavitud.<\/p>\n\n\n\n<h3 class=\"wp-block-heading\">Salmos 68:6<\/h3>\n\n\n\n<p>Dios les da un hogar a los desamparados, y rescata a los cautivos y les da prosperidad, pero a los rebeldes los hace habitar en el desierto.<\/p>\n\n\n\n<h3 class=\"wp-block-heading\">Salmos 107:14<\/h3>\n\n\n\n<p>Los sac\u00f3 de la profunda oscuridad, y puso fin a su aflicci\u00f3n y sus cadenas.<\/p>\n\n\n\n<h3 class=\"wp-block-heading\">Romanos 6:20-21<\/h3>\n\n\n\n<p>Cuando ustedes eran esclavos del pecado, eran libres en cuanto a la justicia. \u00bfPero qu\u00e9 provecho sacaron de eso? Ahora ustedes se averg\u00fcenzan de aquellas cosas, pues conducen a la muerte.<\/p>\n\n\n\n<h3 class=\"wp-block-heading\">2 Timoteo 2:26<\/h3>\n\n\n\n<p>Y escapen del lazo del diablo, en el cual se hallan cautivos y sujetos a su voluntad.<\/p>\n\n\n\n<h3 class=\"wp-block-heading\">Efesios 4:22<\/h3>\n\n\n\n<p>En cuanto a su pasada manera de vivir, desp\u00f3jense de su vieja naturaleza, la cual est\u00e1 corrompida por los deseos enga\u00f1osos.<\/p>\n\n\n\n<h2 class=\"wp-block-heading\">Lee Tambi\u00e9n:<\/h2>\n\n\n\n<ul class=\"wp-block-list\">\n<li><a href=\"https:\/\/thebibleverses.org\/es\/\">Vers\u00edculos por Tema<\/a><\/li>\n\n\n\n<li><a href=\"https:\/\/thebibleverses.org\/es\/amor\/\">Vers\u00edculos B\u00edblicos sobre el Amor<\/a><\/li>\n\n\n\n<li><a href=\"https:\/\/thebibleverses.org\/es\/fortaleza\/\">Vers\u00edculos B\u00edblicos de Fortaleza<\/a><\/li>\n\n\n\n<li><a href=\"https:\/\/thebibleverses.org\/es\/fe\/\">Vers\u00edculos B\u00edblicos sobre la Fe<\/a><\/li>\n\n\n\n<li><a href=\"https:\/\/thebibleverses.org\/es\/jovenes\/\">Vers\u00edculos B\u00edblicos para J\u00f3venes<\/a><\/li>\n\n\n\n<li><a href=\"https:\/\/thebibleverses.org\/es\/amistad\/\">Vers\u00edculos B\u00edblicos sobre la Amistad<\/a><\/li>\n\n\n\n<li><a href=\"https:\/\/thebibleverses.org\/es\/sanidad\/\">Vers\u00edculos B\u00edblicos sobre Sanidad<\/a><\/li>\n<\/ul>\n","protected":false},"excerpt":{"rendered":"<p>Vers\u00edculos B\u00edblicos sobre la Cautividad o Esclavitud del Pecado Descubre vers\u00edculos b\u00edblicos que abordan la cautividad y esclavitud del pecado. Encuentra esperanza y liberaci\u00f3n en la Palabra de Dios. Estos vers\u00edculos revelan la realidad de nuestra situaci\u00f3n pecaminosa y la promesa de redenci\u00f3n. Experimenta una transformaci\u00f3n poderosa a trav\u00e9s de pasajes que te guiar\u00e1n hacia [&hellip;]<\/p>\n","protected":false},"author":1,"featured_media":1334,"parent":0,"menu_order":0,"comment_status":"open","ping_status":"closed","template":"","meta":{"footnotes":""},"class_list":["post-1331","page","type-page","status-publish","has-post-thumbnail","hentry","entry","fw-tab-6 fw-tabr-4"],"_links":{"self":[{"href":"https:\/\/thebibleverses.org\/es\/wp-json\/wp\/v2\/pages\/1331","targetHints":{"allow":["GET"]}}],"collection":[{"href":"https:\/\/thebibleverses.org\/es\/wp-json\/wp\/v2\/pages"}],"about":[{"href":"https:\/\/thebibleverses.org\/es\/wp-json\/wp\/v2\/types\/page"}],"author":[{"embeddable":true,"href":"https:\/\/thebibleverses.org\/es\/wp-json\/wp\/v2\/users\/1"}],"replies":[{"embeddable":true,"href":"https:\/\/thebibleverses.org\/es\/wp-json\/wp\/v2\/comments?post=1331"}],"version-history":[{"count":0,"href":"https:\/\/thebibleverses.org\/es\/wp-json\/wp\/v2\/pages\/1331\/revisions"}],"wp:featuredmedia":[{"embeddable":true,"href":"https:\/\/thebibleverses.org\/es\/wp-json\/wp\/v2\/media\/1334"}],"wp:attachment":[{"href":"https:\/\/thebibleverses.org\/es\/wp-json\/wp\/v2\/media?parent=1331"}],"curies":[{"name":"wp","href":"https:\/\/api.w.org\/{rel}","templated":true}]}}