{"id":132,"date":"2019-01-19T05:40:37","date_gmt":"2019-01-19T05:40:37","guid":{"rendered":"https:\/\/thebibleverses.org\/es\/?page_id=132"},"modified":"2023-09-14T23:26:29","modified_gmt":"2023-09-14T23:26:29","slug":"home","status":"publish","type":"page","link":"https:\/\/thebibleverses.org\/es\/","title":{"rendered":""},"content":{"rendered":"\n<h2 class=\"wp-block-heading has-text-align-center\">Vers\u00edculos B\u00edblicos por Tema<\/h2>\n\n\n\n<div class=\"wp-block-columns has-3-columns is-layout-flex wp-container-core-columns-is-layout-9d6595d7 wp-block-columns-is-layout-flex\">\n<div class=\"wp-block-column is-layout-flow wp-block-column-is-layout-flow\">\n<p class=\"has-text-align-center\"><a href=\"https:\/\/thebibleverses.org\/es\/adoracion\/\">Adoraci\u00f3n<\/a><\/p>\n\n\n\n<p class=\"has-text-align-center\"><a href=\"https:\/\/thebibleverses.org\/es\/adulterio\/\">Adulterio<\/a><\/p>\n\n\n\n<p class=\"has-text-align-center\"><a href=\"https:\/\/thebibleverses.org\/es\/agradecimiento\/\">Agradecimiento<\/a><\/p>\n\n\n\n<p class=\"has-text-align-center\"><a href=\"https:\/\/thebibleverses.org\/es\/alabanza\/\">Alabanza<\/a><\/p>\n\n\n\n<p class=\"has-text-align-center\"><a href=\"https:\/\/thebibleverses.org\/es\/alegria\/\">Alegr\u00eda<\/a><\/p>\n\n\n\n<p class=\"has-text-align-center\"><a href=\"https:\/\/thebibleverses.org\/es\/alimento-espiritual\/\">Alimento Espiritual<\/a><\/p>\n\n\n\n<p class=\"has-text-align-center\"><a href=\"https:\/\/thebibleverses.org\/es\/amistad\/\">Amistad<\/a><\/p>\n\n\n\n<p class=\"has-text-align-center\"><a href=\"https:\/\/thebibleverses.org\/es\/animo\/\">Animo<\/a><\/p>\n\n\n\n<p class=\"has-text-align-center\"><a href=\"https:\/\/thebibleverses.org\/es\/amor\/\">Amor<\/a><\/p>\n\n\n\n<p class=\"has-text-align-center\"><a href=\"https:\/\/thebibleverses.org\/es\/amor-al-projimo\/\">Amor al Pr\u00f3jimo<\/a><\/p>\n\n\n\n<p class=\"has-text-align-center\"><a href=\"https:\/\/thebibleverses.org\/es\/amor-al-dinero\/\">Amor al Dinero<\/a><\/p>\n\n\n\n<p class=\"has-text-align-center\"><a href=\"https:\/\/thebibleverses.org\/es\/amor-de-dios\/\">Amor de Dios<\/a><\/p>\n\n\n\n<p class=\"has-text-align-center\"><a href=\"https:\/\/thebibleverses.org\/es\/amor-de-jesus\/\">Amor de Jes\u00fas<\/a><\/p>\n\n\n\n<p class=\"has-text-align-center\"><a href=\"https:\/\/thebibleverses.org\/es\/arrepentimiento\/\">Arrepentimiento<\/a><\/p>\n\n\n\n<p class=\"has-text-align-center\"><a href=\"https:\/\/thebibleverses.org\/es\/ayuno\/\">Ayuno<\/a><\/p>\n\n\n\n<p class=\"has-text-align-center\"><a href=\"https:\/\/thebibleverses.org\/es\/bautismo\/\">Bautismo<\/a><\/p>\n\n\n\n<p class=\"has-text-align-center\"><a href=\"https:\/\/thebibleverses.org\/es\/bendicion\/\">Bendici\u00f3n<\/a><\/p>\n\n\n\n<p class=\"has-text-align-center\"><a href=\"https:\/\/thebibleverses.org\/es\/bondad-de-dios\/\">Bondad de Dios<\/a><\/p>\n\n\n\n<p class=\"has-text-align-center\"><a href=\"https:\/\/thebibleverses.org\/es\/buscar-a-dios\/\">Buscar a Dios<\/a><\/p>\n\n\n\n<p class=\"has-text-align-center\"><a href=\"https:\/\/thebibleverses.org\/es\/confianza-en-dios\/\">Confianza en Dios<\/a><\/p>\n\n\n\n<p class=\"has-text-align-center\"><a href=\"https:\/\/thebibleverses.org\/es\/consuelo\/\">Consuelo<\/a><\/p>\n\n\n\n<p class=\"has-text-align-center\"><a href=\"https:\/\/thebibleverses.org\/es\/creacion\/\">Creaci\u00f3n<\/a><\/p>\n\n\n\n<p class=\"has-text-align-center\"><a href=\"https:\/\/thebibleverses.org\/es\/crecimiento-espiritual\/\">Crecimiento Espiritual<\/a><\/p>\n\n\n\n<p class=\"has-text-align-center\"><a href=\"https:\/\/thebibleverses.org\/es\/crucifixion\/\">Crucifixi\u00f3n<\/a><\/p>\n\n\n\n<p class=\"has-text-align-center\"><a href=\"https:\/\/thebibleverses.org\/es\/discernimiento\/\">Discernimiento<\/a><\/p>\n<\/div>\n\n\n\n<div class=\"wp-block-column is-layout-flow wp-block-column-is-layout-flow\">\n<p class=\"has-text-align-center\"><a href=\"https:\/\/thebibleverses.org\/es\/10-mandamientos\/\">Diez Mandamientos<\/a><\/p>\n\n\n\n<p class=\"has-text-align-center\"><a href=\"https:\/\/thebibleverses.org\/es\/diezmo\/\">Diezmo<\/a><\/p>\n\n\n\n<p class=\"has-text-align-center\"> <a href=\"https:\/\/thebibleverses.org\/es\/enojo\/\">Enojo<\/a><\/p>\n\n\n\n<p class=\"has-text-align-center\"><a href=\"https:\/\/thebibleverses.org\/es\/esclavitud\/\">Esclavitud<\/a><\/p>\n\n\n\n<p class=\"has-text-align-center\"><a href=\"https:\/\/thebibleverses.org\/es\/esperanza\/\">Esperanza<\/a><\/p>\n\n\n\n<p class=\"has-text-align-center\"><a href=\"https:\/\/thebibleverses.org\/es\/espiritu-santo\/\">Esp\u00edritu Santo<\/a><\/p>\n\n\n\n<p class=\"has-text-align-center\"><a href=\"https:\/\/thebibleverses.org\/es\/familia\/\">Familia<\/a><\/p>\n\n\n\n<p class=\"has-text-align-center\"><a href=\"https:\/\/thebibleverses.org\/es\/fe\/\">Fe<\/a><\/p>\n\n\n\n<p class=\"has-text-align-center\"><a href=\"https:\/\/thebibleverses.org\/es\/fidelidad-de-dios\/\">Fidelidad de Dios<\/a><\/p>\n\n\n\n<p class=\"has-text-align-center\"><a href=\"https:\/\/thebibleverses.org\/es\/fornicacion\/\">Fornicaci\u00f3n<\/a><\/p>\n\n\n\n<p class=\"has-text-align-center\"><a href=\"https:\/\/thebibleverses.org\/es\/fortaleza\/\">Fortaleza<\/a><\/p>\n\n\n\n<p class=\"has-text-align-center\"><a href=\"https:\/\/thebibleverses.org\/es\/frutos\/\">Frutos<\/a><\/p>\n\n\n\n<p class=\"has-text-align-center\"><a href=\"https:\/\/thebibleverses.org\/es\/guerra-espiritual\/\">Guerra Espiritual<\/a><\/p>\n\n\n\n<p class=\"has-text-align-center\"><a href=\"https:\/\/thebibleverses.org\/es\/gracia\/\">Gracia<\/a><\/p>\n\n\n\n<p class=\"has-text-align-center\"><a href=\"https:\/\/thebibleverses.org\/es\/honestidad\/\">Honestidad<\/a><\/p>\n\n\n\n<p class=\"has-text-align-center\"><a href=\"https:\/\/thebibleverses.org\/es\/humildad\/\">Humildad<\/a><\/p>\n\n\n\n<p class=\"has-text-align-center\"><a href=\"https:\/\/thebibleverses.org\/es\/jovenes\/\">J\u00f3venes<\/a><\/p>\n\n\n\n<p class=\"has-text-align-center\"><a href=\"https:\/\/thebibleverses.org\/es\/justificacion\/\">Justificaci\u00f3n<\/a><\/p>\n\n\n\n<p class=\"has-text-align-center\"><a href=\"https:\/\/thebibleverses.org\/es\/matrimonio\/\">Matrimonio<\/a><\/p>\n\n\n\n<p class=\"has-text-align-center\"><a href=\"https:\/\/thebibleverses.org\/es\/versiculos-para-memorizar\/\">Memorizar<\/a><\/p>\n\n\n\n<p class=\"has-text-align-center\"><a href=\"https:\/\/thebibleverses.org\/es\/miedo\/\">Miedo<\/a><\/p>\n\n\n\n<p class=\"has-text-align-center\"><a href=\"https:\/\/thebibleverses.org\/es\/misericordia\/\">Misericordia<\/a><\/p>\n\n\n\n<p class=\"has-text-align-center\"><a href=\"https:\/\/thebibleverses.org\/es\/versiculos-motivadores\/\">Motivadores<\/a><\/p>\n\n\n\n<p class=\"has-text-align-center\"><a href=\"https:\/\/thebibleverses.org\/es\/libertad\/\">Libertad<\/a><\/p>\n\n\n\n<p class=\"has-text-align-center\"><a href=\"https:\/\/thebibleverses.org\/es\/ofrenda\/\">Ofrenda<\/a><\/p>\n<\/div>\n\n\n\n<div class=\"wp-block-column is-layout-flow wp-block-column-is-layout-flow\">\n<p class=\"has-text-align-center\"><a href=\"https:\/\/thebibleverses.org\/es\/oracion\/\">Oraci\u00f3n<\/a><\/p>\n\n\n\n<p class=\"has-text-align-center\"><a href=\"https:\/\/thebibleverses.org\/es\/obediencia\/\">Obediencia<\/a><\/p>\n\n\n\n<p class=\"has-text-align-center\"><a href=\"https:\/\/thebibleverses.org\/es\/paz\/\">Paz<\/a><\/p>\n\n\n\n<p class=\"has-text-align-center\"><a href=\"https:\/\/thebibleverses.org\/es\/paciencia\/\">Paciencia<\/a><\/p>\n\n\n\n<p class=\"has-text-align-center\"><a href=\"https:\/\/thebibleverses.org\/es\/palabra-de-dios\/\">Palabra de Dios<\/a><\/p>\n\n\n\n<p class=\"has-text-align-center\"><a href=\"https:\/\/thebibleverses.org\/es\/perdon\/\">Perd\u00f3n<\/a><\/p>\n\n\n\n<p class=\"has-text-align-center\"><a href=\"https:\/\/thebibleverses.org\/es\/perseverancia\/\">Perseverancia<\/a><\/p>\n\n\n\n<p class=\"has-text-align-center\"><a href=\"https:\/\/thebibleverses.org\/es\/preocupacion\/\">Preocupaci\u00f3n<\/a><\/p>\n\n\n\n<p class=\"has-text-align-center\"><a href=\"https:\/\/thebibleverses.org\/es\/primicias\/\">Primicias<\/a><\/p>\n\n\n\n<p class=\"has-text-align-center\"><a href=\"https:\/\/thebibleverses.org\/es\/prosperidad\/\">Prosperidad<\/a><\/p>\n\n\n\n<p class=\"has-text-align-center\"><a href=\"https:\/\/thebibleverses.org\/es\/proteccion\/\">Protecci\u00f3n de Dios<\/a><\/p>\n\n\n\n<p class=\"has-text-align-center\"><a href=\"https:\/\/thebibleverses.org\/es\/respeto\/\">Respeto<\/a><\/p>\n\n\n\n<p class=\"has-text-align-center\"><a href=\"https:\/\/thebibleverses.org\/es\/responsabilidad\/\">Responsabilidad<\/a><\/p>\n\n\n\n<p class=\"has-text-align-center\"><a href=\"https:\/\/thebibleverses.org\/es\/restauracion\/\">Restauraci\u00f3n<\/a><\/p>\n\n\n\n<p class=\"has-text-align-center\"><a href=\"https:\/\/thebibleverses.org\/es\/resurreccion\/\">Resurrecci\u00f3n<\/a><\/p>\n\n\n\n<p class=\"has-text-align-center\"><a href=\"https:\/\/thebibleverses.org\/es\/sabiduria\/\">Sabidur\u00eda<\/a><\/p>\n\n\n\n<p class=\"has-text-align-center\"><a href=\"https:\/\/thebibleverses.org\/es\/salvacion\/\">Salvaci\u00f3n<\/a><\/p>\n\n\n\n<p class=\"has-text-align-center\"><a href=\"https:\/\/thebibleverses.org\/es\/sanidad\/\">Sanidad<\/a><\/p>\n\n\n\n<p class=\"has-text-align-center\"><a href=\"https:\/\/thebibleverses.org\/es\/sanidad-divina\/\">Sanidad Divina<\/a><\/p>\n\n\n\n<p class=\"has-text-align-center\"><a href=\"https:\/\/thebibleverses.org\/es\/santidad\/\">Santidad<\/a><\/p>\n\n\n\n<p class=\"has-text-align-center\"><a href=\"https:\/\/thebibleverses.org\/es\/servir\/\">Servir<\/a><\/p>\n\n\n\n<p class=\"has-text-align-center\"><a href=\"https:\/\/thebibleverses.org\/es\/trabajo\/\">Trabajo<\/a><\/p>\n\n\n\n<p class=\"has-text-align-center\"><a href=\"https:\/\/thebibleverses.org\/es\/unidad\/\">Unidad<\/a><\/p>\n\n\n\n<p class=\"has-text-align-center\"><a href=\"https:\/\/thebibleverses.org\/es\/voluntad-de-dios\/\">Voluntad de Dios<\/a><\/p>\n\n\n\n<p class=\"has-text-align-center\"><a href=\"https:\/\/thebibleverses.org\/es\/vida-eterna\/\">Vida Eterna<\/a><\/p>\n<\/div>\n<\/div>\n\n\n\n<h2 class=\"wp-block-heading has-text-align-center\">Salmos de la Biblia por Tema<\/h2>\n\n\n\n<div class=\"wp-block-columns is-layout-flex wp-container-core-columns-is-layout-9d6595d7 wp-block-columns-is-layout-flex\">\n<div class=\"wp-block-column is-layout-flow wp-block-column-is-layout-flow\">\n<p class=\"has-text-align-center\"><a href=\"https:\/\/thebibleverses.org\/es\/salmos-de-adoracion\/\" data-type=\"link\" data-id=\"https:\/\/thebibleverses.org\/es\/salmos-de-adoracion\/\">Adoraci\u00f3n<\/a><\/p>\n\n\n\n<p class=\"has-text-align-center\"><a href=\"https:\/\/thebibleverses.org\/es\/salmos-de-agradecimiento\/\" data-type=\"link\" data-id=\"https:\/\/thebibleverses.org\/es\/salmos-de-agradecimiento\/\">Agradecimiento<\/a><\/p>\n\n\n\n<p class=\"has-text-align-center\"><a href=\"https:\/\/thebibleverses.org\/es\/salmos-de-alabanza\/\" data-type=\"link\" data-id=\"https:\/\/thebibleverses.org\/es\/salmos-de-alabanza\/\">Alabanza<\/a><\/p>\n\n\n\n<p class=\"has-text-align-center\"><a href=\"https:\/\/thebibleverses.org\/es\/salmos-de-alegria\/\" data-type=\"link\" data-id=\"https:\/\/thebibleverses.org\/es\/salmos-de-alegria\/\">Alegr\u00eda<\/a><\/p>\n\n\n\n<p class=\"has-text-align-center\"><a href=\"https:\/\/thebibleverses.org\/es\/salmos-amor-de-dios\/\" data-type=\"link\" data-id=\"https:\/\/thebibleverses.org\/es\/salmos-amor-de-dios\/\">Amor de Dios<\/a><\/p>\n\n\n\n<p class=\"has-text-align-center\"><a href=\"https:\/\/thebibleverses.org\/es\/salmos-de-animo\/\" data-type=\"link\" data-id=\"https:\/\/thebibleverses.org\/es\/salmos-de-animo\/\">\u00c1nimo<\/a><\/p>\n\n\n\n<p class=\"has-text-align-center\"><a href=\"https:\/\/thebibleverses.org\/es\/salmos-de-arrepentimiento\/\" data-type=\"link\" data-id=\"https:\/\/thebibleverses.org\/es\/salmos-de-arrepentimiento\/\">Arrepentimiento<\/a><\/p>\n\n\n\n<p class=\"has-text-align-center\"><a href=\"https:\/\/thebibleverses.org\/es\/salmos-de-esperanza\/\" data-type=\"link\" data-id=\"https:\/\/thebibleverses.org\/es\/salmos-de-esperanza\/\">Esperanza<\/a><\/p>\n<\/div>\n\n\n\n<div class=\"wp-block-column is-layout-flow wp-block-column-is-layout-flow\">\n<p class=\"has-text-align-center\"><a href=\"https:\/\/thebibleverses.org\/es\/salmos-de-bendicion\/\" data-type=\"link\" data-id=\"https:\/\/thebibleverses.org\/es\/salmos-de-bendicion\/\">Bendici\u00f3n<\/a><\/p>\n\n\n\n<p class=\"has-text-align-center\"><a href=\"https:\/\/thebibleverses.org\/es\/salmos-de-bondad-de-dios\/\" data-type=\"link\" data-id=\"https:\/\/thebibleverses.org\/es\/salmos-de-bondad-de-dios\/\">Bondad de Dios<\/a><\/p>\n\n\n\n<p class=\"has-text-align-center\"><a href=\"https:\/\/thebibleverses.org\/es\/salmos-buscar-a-dios\/\" data-type=\"link\" data-id=\"https:\/\/thebibleverses.org\/es\/salmos-buscar-a-dios\/\">Buscar a Dios<\/a><\/p>\n\n\n\n<p class=\"has-text-align-center\"><a href=\"https:\/\/thebibleverses.org\/es\/salmos-de-confianza-en-dios\/\" data-type=\"link\" data-id=\"https:\/\/thebibleverses.org\/es\/salmos-de-confianza-en-dios\/\">Confianza en Dios<\/a><\/p>\n\n\n\n<p class=\"has-text-align-center\"><a href=\"https:\/\/thebibleverses.org\/es\/salmos-de-consuelo\/\" data-type=\"link\" data-id=\"https:\/\/thebibleverses.org\/es\/salmos-de-consuelo\/\">Consuelo<\/a><\/p>\n\n\n\n<p class=\"has-text-align-center\"><a href=\"https:\/\/thebibleverses.org\/es\/salmos-de-fe\/\" data-type=\"link\" data-id=\"https:\/\/thebibleverses.org\/es\/salmos-de-fe\/\">Fe<\/a><\/p>\n\n\n\n<p class=\"has-text-align-center\"><a href=\"https:\/\/thebibleverses.org\/es\/salmos-de-fortaleza\/\" data-type=\"link\" data-id=\"https:\/\/thebibleverses.org\/es\/salmos-de-fortaleza\/\">Fortaleza<\/a><\/p>\n\n\n\n<p class=\"has-text-align-center\"><a href=\"https:\/\/thebibleverses.org\/es\/salmos-fidelidad-de-dios\/\" data-type=\"link\" data-id=\"https:\/\/thebibleverses.org\/es\/salmos-fidelidad-de-dios\/\">Fidelidad de Dios<\/a><\/p>\n<\/div>\n\n\n\n<div class=\"wp-block-column is-layout-flow wp-block-column-is-layout-flow\">\n<p class=\"has-text-align-center\"><a href=\"https:\/\/thebibleverses.org\/es\/salmos-gracia-de-dios\/\" data-type=\"link\" data-id=\"https:\/\/thebibleverses.org\/es\/salmos-gracia-de-dios\/\">Gracia<\/a><\/p>\n\n\n\n<p class=\"has-text-align-center\"><a href=\"https:\/\/thebibleverses.org\/es\/salmos-para-jovenes\/\">J\u00f3venes<\/a><\/p>\n\n\n\n<p class=\"has-text-align-center\"><a href=\"https:\/\/thebibleverses.org\/es\/salmos-para-memorizar\/\" data-type=\"link\" data-id=\"https:\/\/thebibleverses.org\/es\/salmos-para-memorizar\/\">Memorizar<\/a><\/p>\n\n\n\n<p class=\"has-text-align-center\"><a href=\"https:\/\/thebibleverses.org\/es\/salmos-motivadores\/\" data-type=\"link\" data-id=\"https:\/\/thebibleverses.org\/es\/salmos-motivadores\/\">Motivadores<\/a><\/p>\n\n\n\n<p class=\"has-text-align-center\"><a href=\"https:\/\/thebibleverses.org\/es\/salmos-para-orar\/\" data-type=\"link\" data-id=\"https:\/\/thebibleverses.org\/es\/salmos-para-orar\/\">Orar<\/a><\/p>\n\n\n\n<p class=\"has-text-align-center\"><a href=\"https:\/\/thebibleverses.org\/es\/salmos-de-paz\/\" data-type=\"link\" data-id=\"https:\/\/thebibleverses.org\/es\/salmos-de-paz\/\">Paz<\/a><\/p>\n\n\n\n<p class=\"has-text-align-center\"><a href=\"https:\/\/thebibleverses.org\/es\/salmos-de-perseverancia\/\" data-type=\"link\" data-id=\"https:\/\/thebibleverses.org\/es\/salmos-de-perseverancia\/\">Perseverancia<\/a><\/p>\n\n\n\n<p class=\"has-text-align-center\"><a href=\"https:\/\/thebibleverses.org\/es\/salmos-de-prosperidad\/\" data-type=\"link\" data-id=\"https:\/\/thebibleverses.org\/es\/salmos-de-prosperidad\/\">Prosperidad<\/a><\/p>\n<\/div>\n<\/div>\n","protected":false},"excerpt":{"rendered":"<p>Vers\u00edculos B\u00edblicos por Tema Adoraci\u00f3n Adulterio Agradecimiento Alabanza Alegr\u00eda Alimento Espiritual Amistad Animo Amor Amor al Pr\u00f3jimo Amor al Dinero Amor de Dios Amor de Jes\u00fas Arrepentimiento Ayuno Bautismo Bendici\u00f3n Bondad de Dios Buscar a Dios Confianza en Dios Consuelo Creaci\u00f3n Crecimiento Espiritual Crucifixi\u00f3n Discernimiento Diez Mandamientos Diezmo Enojo Esclavitud Esperanza Esp\u00edritu Santo Familia Fe [&hellip;]<\/p>\n","protected":false},"author":1,"featured_media":0,"parent":0,"menu_order":0,"comment_status":"open","ping_status":"closed","template":"","meta":{"footnotes":""},"class_list":["post-132","page","type-page","status-publish","hentry","entry","fw-tab-6 fw-tabr-4"],"_links":{"self":[{"href":"https:\/\/thebibleverses.org\/es\/wp-json\/wp\/v2\/pages\/132","targetHints":{"allow":["GET"]}}],"collection":[{"href":"https:\/\/thebibleverses.org\/es\/wp-json\/wp\/v2\/pages"}],"about":[{"href":"https:\/\/thebibleverses.org\/es\/wp-json\/wp\/v2\/types\/page"}],"author":[{"embeddable":true,"href":"https:\/\/thebibleverses.org\/es\/wp-json\/wp\/v2\/users\/1"}],"replies":[{"embeddable":true,"href":"https:\/\/thebibleverses.org\/es\/wp-json\/wp\/v2\/comments?post=132"}],"version-history":[{"count":2,"href":"https:\/\/thebibleverses.org\/es\/wp-json\/wp\/v2\/pages\/132\/revisions"}],"predecessor-version":[{"id":1502,"href":"https:\/\/thebibleverses.org\/es\/wp-json\/wp\/v2\/pages\/132\/revisions\/1502"}],"wp:attachment":[{"href":"https:\/\/thebibleverses.org\/es\/wp-json\/wp\/v2\/media?parent=132"}],"curies":[{"name":"wp","href":"https:\/\/api.w.org\/{rel}","templated":true}]}}