{"id":1270,"date":"2023-06-02T23:10:57","date_gmt":"2023-06-02T23:10:57","guid":{"rendered":"https:\/\/thebibleverses.org\/es\/?page_id=1270"},"modified":"2023-06-02T23:10:58","modified_gmt":"2023-06-02T23:10:58","slug":"discernimiento","status":"publish","type":"page","link":"https:\/\/thebibleverses.org\/es\/discernimiento\/","title":{"rendered":"25 Vers\u00edculos de la Biblia sobre el Discernimiento"},"content":{"rendered":"<div class=\"wp-block-image\">\n<figure class=\"aligncenter size-large\"><img loading=\"lazy\" decoding=\"async\" width=\"1024\" height=\"631\" src=\"https:\/\/thebibleverses.org\/es\/wp-content\/uploads\/2023\/06\/honestidad-1-1024x631.webp\" alt=\"Vers\u00edculos de la Biblia sobre el Discernimiento\" class=\"wp-image-1271\" srcset=\"https:\/\/thebibleverses.org\/es\/wp-content\/uploads\/2023\/06\/honestidad-1-1024x631.webp 1024w, https:\/\/thebibleverses.org\/es\/wp-content\/uploads\/2023\/06\/honestidad-1-300x185.webp 300w, https:\/\/thebibleverses.org\/es\/wp-content\/uploads\/2023\/06\/honestidad-1-768x474.webp 768w, https:\/\/thebibleverses.org\/es\/wp-content\/uploads\/2023\/06\/honestidad-1-320x197.webp 320w, https:\/\/thebibleverses.org\/es\/wp-content\/uploads\/2023\/06\/honestidad-1-450x278.webp 450w, https:\/\/thebibleverses.org\/es\/wp-content\/uploads\/2023\/06\/honestidad-1-720x444.webp 720w, https:\/\/thebibleverses.org\/es\/wp-content\/uploads\/2023\/06\/honestidad-1.webp 1200w\" sizes=\"auto, (max-width: 1024px) 100vw, 1024px\" \/><figcaption class=\"wp-element-caption\">Vers\u00edculos de la Biblia sobre el Discernimiento &#8211; Reina Valera Contempor\u00e1nea (RVC).<\/figcaption><\/figure><\/div>\n\n\n<h2 class=\"wp-block-heading\">Vers\u00edculos B\u00edblicos sobre el Discernimiento<\/h2>\n\n\n\n<p>La Biblia nos ense\u00f1a sobre la importancia del discernimiento en Proverbios 3:21-22, donde se nos dice: <strong>\u00abHijo m\u00edo, no pierdas de vista la sensatez; gu\u00e1rdala en lo m\u00e1s profundo de tu coraz\u00f3n. Ellas ser\u00e1n vida para ti, adorno para tu cuello\u00bb<\/strong>.<\/p>\n\n\n\n<p>Este pasaje nos recuerda que el discernimiento es un regalo invaluable que debemos buscar y cultivar en nuestras vidas. <strong>El discernimiento nos capacita para comprender la verdad, distinguir entre el bien y el mal, y tomar decisiones sabias y prudentes.<\/strong><\/p>\n\n\n\n<p><strong>A trav\u00e9s del discernimiento, podemos percibir la voluntad de Dios y entender cu\u00e1l es el camino correcto a seguir<\/strong>. Nos ayuda a evitar los enga\u00f1os y las trampas del mundo, y nos gu\u00eda hacia una vida de integridad y plenitud. El discernimiento requiere humildad y la disposici\u00f3n de buscar la sabidur\u00eda divina. Nos insta a profundizar en la Palabra de Dios, a orar por direcci\u00f3n y a buscar el consejo de personas sabias y piadosas. este post contiene vers\u00edculos b\u00edblicos que hablan sobre el discernimiento.<\/p>\n\n\n\n<h3 class=\"wp-block-heading\">Hebreos 4:12<\/h3>\n\n\n\n<p>La palabra de Dios es viva y eficaz, y m\u00e1s cortante que las espadas de dos filos, pues penetra hasta partir el alma y el esp\u00edritu, las coyunturas y los tu\u00e9tanos, y discierne los pensamientos y las intenciones del coraz\u00f3n.<\/p>\n\n\n\n<h3 class=\"wp-block-heading\">Proverbios 2:3-6<\/h3>\n\n\n\n<p>Si pides la ayuda de la inteligencia y llamas a gritos a la prudencia, si la buscas como a la plata, y la rebuscas como a un tesoro, entonces sabr\u00e1s lo que es temer al Se\u00f1or, y hallar\u00e1s el conocimiento de Dios. Porque el Se\u00f1or da la sabidur\u00eda; de sus labios brotan conocimiento e inteligencia.<\/p>\n\n\n\n<h3 class=\"wp-block-heading\">Santiago 1:5<\/h3>\n\n\n\n<p>Si alguno de ustedes requiere de sabidur\u00eda, p\u00eddasela a Dios, y \u00e9l se la dar\u00e1, pues Dios se la da a todos en abundancia y sin hacer ning\u00fan reproche.<\/p>\n\n\n\n<h3 class=\"wp-block-heading\">Proverbios 3:5-6<\/h3>\n\n\n\n<p>Conf\u00eda en el Se\u00f1or de todo coraz\u00f3n, y no te apoyes en tu propia prudencia. Recon\u00f3celo en todos tus caminos, y \u00e9l enderezar\u00e1 tus sendas.<\/p>\n\n\n\n<h3 class=\"wp-block-heading\">Romanos 12:2<\/h3>\n\n\n\n<p>Y no adopten las costumbres de este mundo, sino transf\u00f3rmense por medio de la renovaci\u00f3n de su mente, para que comprueben cu\u00e1l es la voluntad de Dios, lo que es bueno, agradable y perfecto.<\/p>\n\n\n\n<h3 class=\"wp-block-heading\">Hebreos 5:14<\/h3>\n\n\n\n<p>El alimento s\u00f3lido es para los que ya han alcanzado la madurez, para los que pueden discernir entre el bien y el mal, y han ejercitado su capacidad de tomar decisiones.<\/p>\n\n\n\n<h3 class=\"wp-block-heading\">1 Corintios 2:14-15<\/h3>\n\n\n\n<p>Pero el hombre natural no percibe las cosas que son del Esp\u00edritu de Dios, porque para \u00e9l son una locura; y tampoco las puede entender, porque tienen que discernirse espiritualmente. En cambio, el hombre espiritual juzga todas las cosas, pero \u00e9l no est\u00e1 sujeto al juicio de nadie.<\/p>\n\n\n\n<h3 class=\"wp-block-heading\">Filipenses 1:9-10<\/h3>\n\n\n\n<p>Y esto le pido en oraci\u00f3n: que el amor de ustedes abunde a\u00fan m\u00e1s y m\u00e1s en ciencia y en todo conocimiento, para que aprueben lo mejor, a fin de que sean sinceros e irreprensibles para el d\u00eda de Cristo,<\/p>\n\n\n\n<h3 class=\"wp-block-heading\">1 Juan 4:1<\/h3>\n\n\n\n<p>Amados, no crean a todo esp\u00edritu, sino pongan a prueba los esp\u00edritus, para ver si son de Dios. Porque muchos falsos profetas han salido por el mundo.<\/p>\n\n\n\n<h3 class=\"wp-block-heading\">1 Tesalonicenses 5:21-22<\/h3>\n\n\n\n<p>Exam\u00ednenlo todo; retengan lo bueno. Abst\u00e9nganse de toda especie de mal.<\/p>\n\n\n\n<h3 class=\"wp-block-heading\">Efesios 5:10<\/h3>\n\n\n\n<p>Y comprueben lo que es agradable al Se\u00f1or.<\/p>\n\n\n\n<h3 class=\"wp-block-heading\">1 Corintios 6:12<\/h3>\n\n\n\n<p>Todo me est\u00e1 permitido, pero no todo me conviene. Todo me est\u00e1 permitido, pero no permitir\u00e9 que nada me domine.<\/p>\n\n\n\n<h3 class=\"wp-block-heading\">Colosenses 3:16<\/h3>\n\n\n\n<p>La palabra de Cristo habite ricamente en ustedes. Instr\u00fayanse y exh\u00f3rtense unos a otros con toda sabidur\u00eda; canten al Se\u00f1or salmos, himnos y c\u00e1nticos espirituales, con gratitud de coraz\u00f3n.<\/p>\n\n\n\n<h3 class=\"wp-block-heading\">Proverbios 14:15<\/h3>\n\n\n\n<p>El inexperto cree todo lo que oye; el que es astuto mira por d\u00f3nde anda.<\/p>\n\n\n\n<h3 class=\"wp-block-heading\">Mateo 7:15<\/h3>\n\n\n\n<p>Cu\u00eddense de los falsos profetas, que vienen a ustedes disfrazados de ovejas, pero por dentro son lobos rapaces.<\/p>\n\n\n\n<h3 class=\"wp-block-heading\">1 Juan 4:6<\/h3>\n\n\n\n<p>Nosotros somos de Dios. El que conoce a Dios, nos oye; el que no es de Dios, no nos oye. Por esto sabemos cu\u00e1l es el esp\u00edritu de la verdad, y cu\u00e1l es el esp\u00edritu del error.<\/p>\n\n\n\n<h3 class=\"wp-block-heading\">Proverbios 15:14<\/h3>\n\n\n\n<p>El coraz\u00f3n entendido tiene hambre de saber; la boca del necio se alimenta de tonter\u00edas.<\/p>\n\n\n\n<h3 class=\"wp-block-heading\">Santiago 3:17<\/h3>\n\n\n\n<p>Pero la sabidur\u00eda que viene de lo alto es, ante todo, pura, y adem\u00e1s pac\u00edfica, amable, benigna, llena de compasi\u00f3n y de buenos frutos, ecu\u00e1nime y genuina.<\/p>\n\n\n\n<h3 class=\"wp-block-heading\">1 Corintios 2:12-13<\/h3>\n\n\n\n<p>Y nosotros no hemos recibido el esp\u00edritu del mundo, sino el Esp\u00edritu que proviene de Dios, para que entendamos lo que Dios nos ha dado, de lo cual tambi\u00e9n hablamos, pero no con palabras aprendidas de la sabidur\u00eda humana, sino con las que ense\u00f1a el Esp\u00edritu, que explican las cosas espirituales con t\u00e9rminos espirituales.<\/p>\n\n\n\n<h3 class=\"wp-block-heading\">Efesios 5:17<\/h3>\n\n\n\n<p>No sean, pues, insensatos; procuren entender cu\u00e1l es la voluntad del Se\u00f1or.<\/p>\n\n\n\n<h3 class=\"wp-block-heading\">Jerem\u00edas 33:3<\/h3>\n\n\n\n<p>Clama a m\u00ed, y yo te responder\u00e9; te dar\u00e9 a conocer cosas grandes y maravillosas que t\u00fa no conoces.<\/p>\n\n\n\n<h3 class=\"wp-block-heading\">2 Timoteo 3:16-17<\/h3>\n\n\n\n<p>Toda la Escritura es inspirada por Dios, y \u00fatil para ense\u00f1ar, para redarg\u00fcir, para corregir, para instruir en justicia, a fin de que el hombre de Dios sea perfecto, enteramente preparado para toda buena obra.<\/p>\n\n\n\n<h3 class=\"wp-block-heading\">Proverbios 3:21-23<\/h3>\n\n\n\n<p>Hijo m\u00edo, preserva la ley y el consejo; nunca pierdas esto de vista. \u00c9stos infundir\u00e1n vida a tu alma y adornar\u00e1n tu cuello. As\u00ed podr\u00e1s andar confiado en tu camino, y nunca tus pies tropezar\u00e1n.<\/p>\n\n\n\n<h3 class=\"wp-block-heading\">Salmos 119:105<\/h3>\n\n\n\n<p>Tu palabra es una l\u00e1mpara a mis pies; \u00a1es la luz que ilumina mi camino!<\/p>\n\n\n\n<h3 class=\"wp-block-heading\">Proverbios 28:26<\/h3>\n\n\n\n<p>Es de necios confiar en el propio coraz\u00f3n; el que camina sabiamente saldr\u00e1 bien librado.<\/p>\n\n\n\n<h2 class=\"wp-block-heading\">Lee Tambi\u00e9n:<\/h2>\n\n\n\n<ul class=\"wp-block-list\">\n<li><a href=\"https:\/\/thebibleverses.org\/es\/\">Vers\u00edculos por Tema<\/a><\/li>\n\n\n\n<li><a href=\"https:\/\/thebibleverses.org\/es\/amor\/\">Vers\u00edculos B\u00edblicos sobre el Amor<\/a><\/li>\n\n\n\n<li><a href=\"https:\/\/thebibleverses.org\/es\/fortaleza\/\">Vers\u00edculos B\u00edblicos de Fortaleza<\/a><\/li>\n\n\n\n<li><a href=\"https:\/\/thebibleverses.org\/es\/fe\/\">Vers\u00edculos B\u00edblicos sobre la Fe<\/a><\/li>\n\n\n\n<li><a href=\"https:\/\/thebibleverses.org\/es\/jovenes\/\">Vers\u00edculos B\u00edblicos para J\u00f3venes<\/a><\/li>\n\n\n\n<li><a href=\"https:\/\/thebibleverses.org\/es\/amistad\/\">Vers\u00edculos B\u00edblicos sobre la Amistad<\/a><\/li>\n\n\n\n<li><a href=\"https:\/\/thebibleverses.org\/es\/sanidad\/\">Vers\u00edculos B\u00edblicos sobre Sanidad<\/a><\/li>\n<\/ul>\n","protected":false},"excerpt":{"rendered":"<p>Vers\u00edculos B\u00edblicos sobre el Discernimiento La Biblia nos ense\u00f1a sobre la importancia del discernimiento en Proverbios 3:21-22, donde se nos dice: \u00abHijo m\u00edo, no pierdas de vista la sensatez; gu\u00e1rdala en lo m\u00e1s profundo de tu coraz\u00f3n. Ellas ser\u00e1n vida para ti, adorno para tu cuello\u00bb. Este pasaje nos recuerda que el discernimiento es un [&hellip;]<\/p>\n","protected":false},"author":1,"featured_media":1271,"parent":0,"menu_order":0,"comment_status":"open","ping_status":"closed","template":"","meta":{"footnotes":""},"class_list":["post-1270","page","type-page","status-publish","has-post-thumbnail","hentry","entry","fw-tab-6 fw-tabr-4"],"_links":{"self":[{"href":"https:\/\/thebibleverses.org\/es\/wp-json\/wp\/v2\/pages\/1270","targetHints":{"allow":["GET"]}}],"collection":[{"href":"https:\/\/thebibleverses.org\/es\/wp-json\/wp\/v2\/pages"}],"about":[{"href":"https:\/\/thebibleverses.org\/es\/wp-json\/wp\/v2\/types\/page"}],"author":[{"embeddable":true,"href":"https:\/\/thebibleverses.org\/es\/wp-json\/wp\/v2\/users\/1"}],"replies":[{"embeddable":true,"href":"https:\/\/thebibleverses.org\/es\/wp-json\/wp\/v2\/comments?post=1270"}],"version-history":[{"count":0,"href":"https:\/\/thebibleverses.org\/es\/wp-json\/wp\/v2\/pages\/1270\/revisions"}],"wp:featuredmedia":[{"embeddable":true,"href":"https:\/\/thebibleverses.org\/es\/wp-json\/wp\/v2\/media\/1271"}],"wp:attachment":[{"href":"https:\/\/thebibleverses.org\/es\/wp-json\/wp\/v2\/media?parent=1270"}],"curies":[{"name":"wp","href":"https:\/\/api.w.org\/{rel}","templated":true}]}}