{"id":1266,"date":"2023-06-02T22:53:45","date_gmt":"2023-06-02T22:53:45","guid":{"rendered":"https:\/\/thebibleverses.org\/es\/?page_id=1266"},"modified":"2023-06-02T22:53:46","modified_gmt":"2023-06-02T22:53:46","slug":"honestidad","status":"publish","type":"page","link":"https:\/\/thebibleverses.org\/es\/honestidad\/","title":{"rendered":"30 Vers\u00edculos de la Biblia sobre la Honestidad"},"content":{"rendered":"<div class=\"wp-block-image\">\n<figure class=\"alignleft size-large\"><img loading=\"lazy\" decoding=\"async\" width=\"1024\" height=\"631\" src=\"https:\/\/thebibleverses.org\/es\/wp-content\/uploads\/2023\/06\/honestidad-1024x631.webp\" alt=\"Vers\u00edculos de la Biblia sobre la Honestidad\" class=\"wp-image-1268\" srcset=\"https:\/\/thebibleverses.org\/es\/wp-content\/uploads\/2023\/06\/honestidad-1024x631.webp 1024w, https:\/\/thebibleverses.org\/es\/wp-content\/uploads\/2023\/06\/honestidad-300x185.webp 300w, https:\/\/thebibleverses.org\/es\/wp-content\/uploads\/2023\/06\/honestidad-768x474.webp 768w, https:\/\/thebibleverses.org\/es\/wp-content\/uploads\/2023\/06\/honestidad-320x197.webp 320w, https:\/\/thebibleverses.org\/es\/wp-content\/uploads\/2023\/06\/honestidad-450x278.webp 450w, https:\/\/thebibleverses.org\/es\/wp-content\/uploads\/2023\/06\/honestidad-720x444.webp 720w, https:\/\/thebibleverses.org\/es\/wp-content\/uploads\/2023\/06\/honestidad.webp 1200w\" sizes=\"auto, (max-width: 1024px) 100vw, 1024px\" \/><figcaption class=\"wp-element-caption\">Vers\u00edculos de la Biblia sobre la Honestidad &#8211; Reina Valera Contempor\u00e1nea (RVC).<\/figcaption><\/figure><\/div>\n\n\n<h2 class=\"wp-block-heading\">Vers\u00edculos B\u00edblicos sobre la Honestidad e Integridad<\/h2>\n\n\n\n<p>La honestidad es un valor fundamental que la Biblia enfatiza en varias ocasiones. En Efesios 4:25, se nos exhorta diciendo: <strong>\u00abPor lo tanto, dejemos de decir mentiras. Digamos la verdad unos a otros, porque todos somos miembros del mismo cuerpo\u00bb<\/strong>.<\/p>\n\n\n\n<p><strong>Este pasaje nos recuerda la importancia de la honestidad en nuestras relaciones y en la forma en que nos comunicamos<\/strong>. La verdad es un fundamento para construir la confianza y la unidad entre las personas. Cuando somos honestos, cultivamos la transparencia y promovemos la integridad en nuestras interacciones.<\/p>\n\n\n\n<p><strong>La Biblia nos ense\u00f1a que Dios es un Dios de verdad y nos anima a imitar esa cualidad divina en nuestras vidas<\/strong>. La honestidad nos ayuda a vivir de acuerdo con los principios morales y \u00e9ticos, evitando la decepci\u00f3n y el da\u00f1o que pueden causar las mentiras y la manipulaci\u00f3n. Ser honestos implica ser aut\u00e9nticos y genuinos en nuestras palabras y acciones. Significa decir la verdad incluso cuando es inc\u00f3moda o impopular, y ser responsables de nuestras propias faltas y errores. Este post contiene vers\u00edculos b\u00edblicos que hablan sobre la honestidad.<\/p>\n\n\n\n<h3 class=\"wp-block-heading\">Proverbios 12:22<\/h3>\n\n\n\n<p>Al Se\u00f1or le repugnan los labios mentirosos; pero le agradan los que dicen la verdad.<\/p>\n\n\n\n<h3 class=\"wp-block-heading\">Proverbios 16:11<\/h3>\n\n\n\n<p>Las pesas y medidas justas son del Se\u00f1or; todas las balanzas son su propia creaci\u00f3n.<\/p>\n\n\n\n<h3 class=\"wp-block-heading\">Efesios 4:25<\/h3>\n\n\n\n<p>Por eso cada uno de ustedes debe desechar la mentira y hablar la verdad con su pr\u00f3jimo; porque somos miembros los unos de los otros.<\/p>\n\n\n\n<h3 class=\"wp-block-heading\">2 Corintios 8:21<\/h3>\n\n\n\n<p>Pues procuramos hacerlo todo con honradez, no s\u00f3lo ante el Se\u00f1or sino tambi\u00e9n ante los hombres.<\/p>\n\n\n\n<h3 class=\"wp-block-heading\">Lev\u00edtico 19:11<\/h3>\n\n\n\n<p>No hurtes. No enga\u00f1es. No se mientan el uno al otro.<\/p>\n\n\n\n<h3 class=\"wp-block-heading\">Proverbios 11:3<\/h3>\n\n\n\n<p>La integridad gu\u00eda a los hombres rectos pero la perversidad destruye a los pecadores.<\/p>\n\n\n\n<h3 class=\"wp-block-heading\">Colosenses 3:9-10<\/h3>\n\n\n\n<p>No se mientan los unos a los otros, pues ya ustedes se han despojado de la vieja naturaleza y de sus hechos, 10 y se han revestido de la nueva naturaleza, la naturaleza del nuevo hombre, que se va renovando a imagen del que lo cre\u00f3 hasta el pleno conocimiento,<\/p>\n\n\n\n<h3 class=\"wp-block-heading\">Hechos 24:16<\/h3>\n\n\n\n<p>Yo siempre me esfuerzo por mantener una conciencia limpia que no ofenda a Dios ni a los hombres.<\/p>\n\n\n\n<h3 class=\"wp-block-heading\">Salmos 15:1-2<\/h3>\n\n\n\n<p>Se\u00f1or, \u00bfqui\u00e9n puede vivir en tu templo? \u00bfQui\u00e9n puede habitar en tu santo monte? El que vive rectamente y practica la justicia, el que es sincero consigo mismo.<\/p>\n\n\n\n<h3 class=\"wp-block-heading\">Filipenses 4:8<\/h3>\n\n\n\n<p>Por lo dem\u00e1s, hermanos, piensen en todo lo que es verdadero, en todo lo honesto, en todo lo justo, en todo lo puro, en todo lo amable, en todo lo que es digno de alabanza; si hay en ello alguna virtud, si hay algo que admirar, piensen en ello.<\/p>\n\n\n\n<h3 class=\"wp-block-heading\">Proverbios 19:1<\/h3>\n\n\n\n<p>Es mejor ser pobre y honrado, que ser intrigante y presuntuoso.<\/p>\n\n\n\n<h3 class=\"wp-block-heading\">Efesios 4:28<\/h3>\n\n\n\n<p>El que antes robaba, que no vuelva a robar; al contrario, que trabaje y use sus manos para el bien, a fin de que pueda compartir algo con quien tenga alguna necesidad.<\/p>\n\n\n\n<h3 class=\"wp-block-heading\">Proverbios 20:7<\/h3>\n\n\n\n<p>El hombre justo no se aparta de su integridad; \u00a1dichosos sus hijos, que siguen sus pasos!<\/p>\n\n\n\n<h3 class=\"wp-block-heading\">Zacar\u00edas 8:16<\/h3>\n\n\n\n<p>Lo que s\u00ed deben hacer es hablar siempre a su pr\u00f3jimo con la verdad, y juzgar en sus tribunales siempre con apego a la verdad y a lo conducente a la paz.<\/p>\n\n\n\n<h3 class=\"wp-block-heading\">Salmos 119:30<\/h3>\n\n\n\n<p>Yo he escogido seguirte fielmente; y tengo presentes tus sentencias.<\/p>\n\n\n\n<h3 class=\"wp-block-heading\">Proverbios 12:19<\/h3>\n\n\n\n<p>Los labios veraces permanecen para siempre, pero la lengua mentirosa tiene corta vida.<\/p>\n\n\n\n<h3 class=\"wp-block-heading\">1 Pedro 3:10<\/h3>\n\n\n\n<p>Porque: El que quiera amar la vida Y llegar a ver d\u00edas buenos, debe refrenar su lengua del mal, Y sus labios no deben mentir.<\/p>\n\n\n\n<h3 class=\"wp-block-heading\">Lucas 16:10<\/h3>\n\n\n\n<p>El que es confiable en lo poco, tambi\u00e9n lo es en lo mucho; y el que no es confiable en lo poco, tampoco lo es en lo mucho.<\/p>\n\n\n\n<h3 class=\"wp-block-heading\">Proverbios 10:9<\/h3>\n\n\n\n<p>El de vida \u00edntegra vive confiado; el de conducta perversa ser\u00e1 descubierto.<\/p>\n\n\n\n<h3 class=\"wp-block-heading\">Proverbios 28:6<\/h3>\n\n\n\n<p>Es mejor ser pobre y portarse con integridad, que ser rico y andar por el mal camino.<\/p>\n\n\n\n<h3 class=\"wp-block-heading\">Romanos 12:17<\/h3>\n\n\n\n<p>No paguemos a nadie mal por mal. Procuremos hacer lo bueno a los ojos de todo el mundo.<\/p>\n\n\n\n<h3 class=\"wp-block-heading\">Salmos 25:21<\/h3>\n\n\n\n<p>\u00a1Protege mi integridad y rectitud, pues en ti he puesto mi esperanza!<\/p>\n\n\n\n<h3 class=\"wp-block-heading\">1 Juan 3:18<\/h3>\n\n\n\n<p>Hijitos m\u00edos, no amemos de palabra ni de lengua, sino de hecho y en verdad.<\/p>\n\n\n\n<h3 class=\"wp-block-heading\">Proverbios 21:3<\/h3>\n\n\n\n<p>Al Se\u00f1or le agrada que se le hagan ofrendas, pero m\u00e1s le agrada que se haga justicia.<\/p>\n\n\n\n<h3 class=\"wp-block-heading\">Mateo 5:37<\/h3>\n\n\n\n<p>Cuando ustedes digan algo, que sea \u201cs\u00ed, s\u00ed\u201d, o \u201cno, no\u201d; porque lo que es m\u00e1s de esto, proviene del mal.<\/p>\n\n\n\n<h3 class=\"wp-block-heading\">Santiago 5:12<\/h3>\n\n\n\n<p>Pero sobre todo, hermanos m\u00edos, no juren ni por el cielo, ni por la tierra, ni por ninguna otra cosa. Cuando digan \u00abs\u00ed\u00bb, que sea \u00abs\u00ed\u00bb; y cuando digan \u00abno\u00bb, que sea \u00abno\u00bb. De lo contrario, caer\u00e1n en condenaci\u00f3n.<\/p>\n\n\n\n<h3 class=\"wp-block-heading\">Proverbios 28:18<\/h3>\n\n\n\n<p>El que es honrado sale bien librado, pero el que va por mal camino caer\u00e1 en un hoyo.<\/p>\n\n\n\n<h3 class=\"wp-block-heading\">Efesios 6:14<\/h3>\n\n\n\n<p>Por tanto, mant\u00e9nganse firmes y fajados con el cintur\u00f3n de la verdad, revestidos con la coraza de justicia.<\/p>\n\n\n\n<h3 class=\"wp-block-heading\">Proverbios 13:5<\/h3>\n\n\n\n<p>El hombre justo aborrece la mentira; el malvado se hace odioso y despreciable.<\/p>\n\n\n\n<h3 class=\"wp-block-heading\">Salmos 51:6<\/h3>\n\n\n\n<p>\u00a1M\u00edrame! T\u00fa amas la verdad en lo \u00edntimo; \u00a1haz que en lo secreto comprenda tu sabidur\u00eda!<\/p>\n\n\n\n<h2 class=\"wp-block-heading\">Lee Tambi\u00e9n:<\/h2>\n\n\n\n<ul class=\"wp-block-list\">\n<li><a href=\"https:\/\/thebibleverses.org\/es\/\">Vers\u00edculos por Tema<\/a><\/li>\n\n\n\n<li><a href=\"https:\/\/thebibleverses.org\/es\/amor\/\">Vers\u00edculos B\u00edblicos sobre el Amor<\/a><\/li>\n\n\n\n<li><a href=\"https:\/\/thebibleverses.org\/es\/fortaleza\/\">Vers\u00edculos B\u00edblicos de Fortaleza<\/a><\/li>\n\n\n\n<li><a href=\"https:\/\/thebibleverses.org\/es\/fe\/\">Vers\u00edculos B\u00edblicos sobre la Fe<\/a><\/li>\n\n\n\n<li><a href=\"https:\/\/thebibleverses.org\/es\/jovenes\/\">Vers\u00edculos B\u00edblicos para J\u00f3venes<\/a><\/li>\n\n\n\n<li><a href=\"https:\/\/thebibleverses.org\/es\/amistad\/\">Vers\u00edculos B\u00edblicos sobre la Amistad<\/a><\/li>\n\n\n\n<li><a href=\"https:\/\/thebibleverses.org\/es\/sanidad\/\">Vers\u00edculos B\u00edblicos sobre Sanidad<\/a><\/li>\n<\/ul>\n","protected":false},"excerpt":{"rendered":"<p>Vers\u00edculos B\u00edblicos sobre la Honestidad e Integridad La honestidad es un valor fundamental que la Biblia enfatiza en varias ocasiones. En Efesios 4:25, se nos exhorta diciendo: \u00abPor lo tanto, dejemos de decir mentiras. Digamos la verdad unos a otros, porque todos somos miembros del mismo cuerpo\u00bb. Este pasaje nos recuerda la importancia de la [&hellip;]<\/p>\n","protected":false},"author":1,"featured_media":1268,"parent":0,"menu_order":0,"comment_status":"open","ping_status":"closed","template":"","meta":{"footnotes":""},"class_list":["post-1266","page","type-page","status-publish","has-post-thumbnail","hentry","entry","fw-tab-6 fw-tabr-4"],"_links":{"self":[{"href":"https:\/\/thebibleverses.org\/es\/wp-json\/wp\/v2\/pages\/1266","targetHints":{"allow":["GET"]}}],"collection":[{"href":"https:\/\/thebibleverses.org\/es\/wp-json\/wp\/v2\/pages"}],"about":[{"href":"https:\/\/thebibleverses.org\/es\/wp-json\/wp\/v2\/types\/page"}],"author":[{"embeddable":true,"href":"https:\/\/thebibleverses.org\/es\/wp-json\/wp\/v2\/users\/1"}],"replies":[{"embeddable":true,"href":"https:\/\/thebibleverses.org\/es\/wp-json\/wp\/v2\/comments?post=1266"}],"version-history":[{"count":0,"href":"https:\/\/thebibleverses.org\/es\/wp-json\/wp\/v2\/pages\/1266\/revisions"}],"wp:featuredmedia":[{"embeddable":true,"href":"https:\/\/thebibleverses.org\/es\/wp-json\/wp\/v2\/media\/1268"}],"wp:attachment":[{"href":"https:\/\/thebibleverses.org\/es\/wp-json\/wp\/v2\/media?parent=1266"}],"curies":[{"name":"wp","href":"https:\/\/api.w.org\/{rel}","templated":true}]}}