{"id":1263,"date":"2023-06-02T22:33:47","date_gmt":"2023-06-02T22:33:47","guid":{"rendered":"https:\/\/thebibleverses.org\/es\/?page_id=1263"},"modified":"2023-06-02T22:33:48","modified_gmt":"2023-06-02T22:33:48","slug":"amor-al-dinero","status":"publish","type":"page","link":"https:\/\/thebibleverses.org\/es\/amor-al-dinero\/","title":{"rendered":"20 Vers\u00edculos de la Biblia sobre el Amor al Dinero"},"content":{"rendered":"<div class=\"wp-block-image\">\n<figure class=\"aligncenter size-large\"><img loading=\"lazy\" decoding=\"async\" width=\"1024\" height=\"631\" src=\"https:\/\/thebibleverses.org\/es\/wp-content\/uploads\/2023\/06\/amor-al-dinero-1024x631.webp\" alt=\"Vers\u00edculos de la Biblia sobre el Amor al Dinero\" class=\"wp-image-1264\" srcset=\"https:\/\/thebibleverses.org\/es\/wp-content\/uploads\/2023\/06\/amor-al-dinero-1024x631.webp 1024w, https:\/\/thebibleverses.org\/es\/wp-content\/uploads\/2023\/06\/amor-al-dinero-300x185.webp 300w, https:\/\/thebibleverses.org\/es\/wp-content\/uploads\/2023\/06\/amor-al-dinero-768x474.webp 768w, https:\/\/thebibleverses.org\/es\/wp-content\/uploads\/2023\/06\/amor-al-dinero-320x197.webp 320w, https:\/\/thebibleverses.org\/es\/wp-content\/uploads\/2023\/06\/amor-al-dinero-450x278.webp 450w, https:\/\/thebibleverses.org\/es\/wp-content\/uploads\/2023\/06\/amor-al-dinero-720x444.webp 720w, https:\/\/thebibleverses.org\/es\/wp-content\/uploads\/2023\/06\/amor-al-dinero.webp 1200w\" sizes=\"auto, (max-width: 1024px) 100vw, 1024px\" \/><figcaption class=\"wp-element-caption\">Vers\u00edculos de la Biblia sobre el Amor al Dinero &#8211; Reina Valera Contempor\u00e1nea (RVC).<\/figcaption><\/figure><\/div>\n\n\n<h2 class=\"wp-block-heading\">Vers\u00edculos B\u00edblicos sobre Amar el Dinero<\/h2>\n\n\n\n<p>La Biblia nos advierte sobre el peligro de amar el dinero en diversos pasajes. Uno de ellos se encuentra en 1 Timoteo 6:10, donde se dice: <strong>\u00abPorque ra\u00edz de todos los males es el amor al dinero, el cual codiciando algunos, se extraviaron de la fe, y fueron traspasados de muchos dolores\u00bb<\/strong>.<\/p>\n\n\n\n<p><strong>Este pasaje nos recuerda que el amor desmedido por el dinero puede tener consecuencias negativas en nuestras vidas<\/strong>. Cuando ponemos nuestra confianza y nuestra felicidad en la riqueza material, corremos el riesgo de perder de vista lo verdaderamente importante.<\/p>\n\n\n\n<p><strong>Amar el dinero puede llevarnos a buscar el \u00e9xito y la prosperidad a cualquier costo, incluso a expensas de nuestros valores y principios<\/strong>. Nos puede consumir con la b\u00fasqueda insaciable de posesiones y comodidades, dejando de lado lo espiritual. La Biblia nos ense\u00f1a que nuestra verdadera seguridad y satisfacci\u00f3n no provienen de las posesiones terrenales, sino de nuestra relaci\u00f3n con Dios y de vivir en armon\u00eda con su voluntad. El amor al dinero nos puede cegar ante la necesidad de ayudar a los dem\u00e1s y compartir generosamente lo que tenemos.<\/p>\n\n\n\n<h3 class=\"wp-block-heading\">1 Timoteo 6:10<\/h3>\n\n\n\n<p>Porque la ra\u00edz de todos los males es el amor al dinero, el cual algunos, por codiciarlo, se extraviaron de la fe y acabaron por experimentar muchos dolores.<\/p>\n\n\n\n<h3 class=\"wp-block-heading\">Hebreos 13:5<\/h3>\n\n\n\n<p>Vivan sin ambicionar el dinero. M\u00e1s bien, conf\u00f3rmense con lo que ahora tienen, porque Dios ha dicho: \u00abNo te desamparar\u00e9, ni te abandonar\u00e9\u00bb.<\/p>\n\n\n\n<h3 class=\"wp-block-heading\">Mateo 6:24<\/h3>\n\n\n\n<p>Nadie puede servir a dos amos, pues odiar\u00e1 a uno y amar\u00e1 al otro, o estimar\u00e1 a uno y menospreciar\u00e1 al otro. Ustedes no pueden servir a Dios y a las riquezas.<\/p>\n\n\n\n<h3 class=\"wp-block-heading\">Proverbios 23:4-5<\/h3>\n\n\n\n<p>No te entusiasmes por hacerte rico; usa tu buen juicio, y desiste de esa idea. \u00a1Apenas logras poner los ojos en las riquezas, cuando \u00e9stas ya han desaparecido! \u00a1Es como si les salieran alas, alas de \u00e1guila, y desaparecen volando por el cielo!<\/p>\n\n\n\n<h3 class=\"wp-block-heading\">Lucas 12:15<\/h3>\n\n\n\n<p>Tambi\u00e9n les dijo: \u00abMant\u00e9nganse atentos y cu\u00eddense de toda avaricia, porque la vida del hombre no depende de los muchos bienes que posea.<\/p>\n\n\n\n<h3 class=\"wp-block-heading\">Marcos 10:25<\/h3>\n\n\n\n<p>Es m\u00e1s f\u00e1cil que un camello pase por el ojo de una aguja, a que un rico entre en el reino de Dios.<\/p>\n\n\n\n<h3 class=\"wp-block-heading\">Eclesiast\u00e9s 5:10<\/h3>\n\n\n\n<p>Quien ama el dinero, jam\u00e1s tiene suficiente. Quien ama las riquezas, nunca recibe bastante. \u00a1Y tambi\u00e9n esto es vanidad!<\/p>\n\n\n\n<h3 class=\"wp-block-heading\">Proverbios 28:22<\/h3>\n\n\n\n<p>El avaro tiene prisa por hacerse rico, sin saber que la pobreza est\u00e1 en camino.<\/p>\n\n\n\n<h3 class=\"wp-block-heading\">Lucas 16:13<\/h3>\n\n\n\n<p>Ning\u00fan siervo puede servir a dos se\u00f1ores, porque a uno lo odiar\u00e1 y al otro lo amar\u00e1. O bien, estimar\u00e1 a uno y menospreciar\u00e1 al otro. As\u00ed que ustedes no pueden servir a Dios y a las riquezas.<\/p>\n\n\n\n<h3 class=\"wp-block-heading\">Mateo 13:22<\/h3>\n\n\n\n<p>La semilla sembrada entre espinos es el que oye la palabra, pero las preocupaciones de este mundo y el enga\u00f1o de las riquezas ahogan la palabra, por lo que \u00e9sta no llega a dar fruto.<\/p>\n\n\n\n<h3 class=\"wp-block-heading\">Lucas 12:33-34<\/h3>\n\n\n\n<p>Vendan lo que ahora tienen, y denlo como limosna. Cons\u00edganse bolsas que no se hagan viejas, y h\u00e1ganse en los cielos un tesoro que no se agote. All\u00ed no entran los ladrones, ni carcome la polilla. Porque donde ustedes tengan su tesoro, all\u00ed tambi\u00e9n estar\u00e1 su coraz\u00f3n.<\/p>\n\n\n\n<h3 class=\"wp-block-heading\">1 Timoteo 6:9<\/h3>\n\n\n\n<p>Los que quieren enriquecerse caen en la trampa de la tentaci\u00f3n, y en muchas codicias necias y nocivas, que hunden a los hombres en la destrucci\u00f3n y la perdici\u00f3n.<\/p>\n\n\n\n<h3 class=\"wp-block-heading\">Marcos 4:19<\/h3>\n\n\n\n<p>Pero las preocupaciones de este mundo, el enga\u00f1o de las riquezas, y la codicia por otras cosas, entran en ellos y ahogan la palabra, por lo que \u00e9sta no llega a dar fruto.<\/p>\n\n\n\n<h3 class=\"wp-block-heading\">Proverbios 28:20<\/h3>\n\n\n\n<p>El hombre fiel recibe muchas bendiciones; el que quiere hacerse rico no sale bien librado.<\/p>\n\n\n\n<h3 class=\"wp-block-heading\">1 Juan 3:17<\/h3>\n\n\n\n<p>Pero \u00bfc\u00f3mo puede habitar el amor de Dios en aquel que tiene bienes de este mundo y ve a su hermano pasar necesidad, y le cierra su coraz\u00f3n?<\/p>\n\n\n\n<h3 class=\"wp-block-heading\">Proverbios 15:27<\/h3>\n\n\n\n<p>El que es ambicioso trastorna su casa, pero el que desprecia el soborno vivir\u00e1.<\/p>\n\n\n\n<h3 class=\"wp-block-heading\">Mateo 6:19-21<\/h3>\n\n\n\n<p>No acumulen ustedes tesoros en la tierra, donde la polilla y el \u00f3xido corroen, y dondelos ladrones minan y hurtan. Por el contrario, acumulen tesoros en el cielo, donde ni la polilla ni el \u00f3xido corroen, y donde los ladrones no minan ni hurtan. Pues donde est\u00e9 tu tesoro, all\u00ed estar\u00e1 tambi\u00e9n tu coraz\u00f3n.<\/p>\n\n\n\n<h3 class=\"wp-block-heading\">Proverbios 11:28<\/h3>\n\n\n\n<p>El que conf\u00eda en sus riquezas, fracasa; los justos, en cambio, reverdecen como ramas.<\/p>\n\n\n\n<h3 class=\"wp-block-heading\">1 Timoteo 6:17<\/h3>\n\n\n\n<p>A los ricos de este siglo m\u00e1ndales que no sean altivos, ni pongan su esperanza en las riquezas, las cuales son inciertas, sino en el Dios vivo, que nos da todas las cosas en abundancia para que las disfrutemos.<\/p>\n\n\n\n<h3 class=\"wp-block-heading\">Proverbios 11:4<\/h3>\n\n\n\n<p>De nada sirven las riquezas en el d\u00eda de la ira, pero la justicia te librar\u00e1 de la muerte.<\/p>\n\n\n\n<h2 class=\"wp-block-heading\">Lee Tambi\u00e9n:<\/h2>\n\n\n\n<ul class=\"wp-block-list\">\n<li><a href=\"https:\/\/thebibleverses.org\/es\/\">Vers\u00edculos por Tema<\/a><\/li>\n\n\n\n<li><a href=\"https:\/\/thebibleverses.org\/es\/amor\/\">Vers\u00edculos B\u00edblicos sobre el Amor<\/a><\/li>\n\n\n\n<li><a href=\"https:\/\/thebibleverses.org\/es\/fortaleza\/\">Vers\u00edculos B\u00edblicos de Fortaleza<\/a><\/li>\n\n\n\n<li><a href=\"https:\/\/thebibleverses.org\/es\/fe\/\">Vers\u00edculos B\u00edblicos sobre la Fe<\/a><\/li>\n\n\n\n<li><a href=\"https:\/\/thebibleverses.org\/es\/jovenes\/\">Vers\u00edculos B\u00edblicos para J\u00f3venes<\/a><\/li>\n\n\n\n<li><a href=\"https:\/\/thebibleverses.org\/es\/amistad\/\">Vers\u00edculos B\u00edblicos sobre la Amistad<\/a><\/li>\n\n\n\n<li><a href=\"https:\/\/thebibleverses.org\/es\/sanidad\/\">Vers\u00edculos B\u00edblicos sobre Sanidad<\/a><\/li>\n<\/ul>\n","protected":false},"excerpt":{"rendered":"<p>Vers\u00edculos B\u00edblicos sobre Amar el Dinero La Biblia nos advierte sobre el peligro de amar el dinero en diversos pasajes. Uno de ellos se encuentra en 1 Timoteo 6:10, donde se dice: \u00abPorque ra\u00edz de todos los males es el amor al dinero, el cual codiciando algunos, se extraviaron de la fe, y fueron traspasados [&hellip;]<\/p>\n","protected":false},"author":1,"featured_media":1264,"parent":0,"menu_order":0,"comment_status":"open","ping_status":"closed","template":"","meta":{"footnotes":""},"class_list":["post-1263","page","type-page","status-publish","has-post-thumbnail","hentry","entry","fw-tab-6 fw-tabr-4"],"_links":{"self":[{"href":"https:\/\/thebibleverses.org\/es\/wp-json\/wp\/v2\/pages\/1263","targetHints":{"allow":["GET"]}}],"collection":[{"href":"https:\/\/thebibleverses.org\/es\/wp-json\/wp\/v2\/pages"}],"about":[{"href":"https:\/\/thebibleverses.org\/es\/wp-json\/wp\/v2\/types\/page"}],"author":[{"embeddable":true,"href":"https:\/\/thebibleverses.org\/es\/wp-json\/wp\/v2\/users\/1"}],"replies":[{"embeddable":true,"href":"https:\/\/thebibleverses.org\/es\/wp-json\/wp\/v2\/comments?post=1263"}],"version-history":[{"count":0,"href":"https:\/\/thebibleverses.org\/es\/wp-json\/wp\/v2\/pages\/1263\/revisions"}],"wp:featuredmedia":[{"embeddable":true,"href":"https:\/\/thebibleverses.org\/es\/wp-json\/wp\/v2\/media\/1264"}],"wp:attachment":[{"href":"https:\/\/thebibleverses.org\/es\/wp-json\/wp\/v2\/media?parent=1263"}],"curies":[{"name":"wp","href":"https:\/\/api.w.org\/{rel}","templated":true}]}}