{"id":1247,"date":"2023-06-02T21:39:49","date_gmt":"2023-06-02T21:39:49","guid":{"rendered":"https:\/\/thebibleverses.org\/es\/?page_id=1247"},"modified":"2023-06-02T21:52:02","modified_gmt":"2023-06-02T21:52:02","slug":"crecimiento-espiritual","status":"publish","type":"page","link":"https:\/\/thebibleverses.org\/es\/crecimiento-espiritual\/","title":{"rendered":"25 Vers\u00edculos de la Biblia sobre Crecimiento Espiritual"},"content":{"rendered":"<div class=\"wp-block-image\">\n<figure class=\"aligncenter size-large\"><img loading=\"lazy\" decoding=\"async\" width=\"1024\" height=\"631\" src=\"https:\/\/thebibleverses.org\/es\/wp-content\/uploads\/2023\/06\/crecimiento-espiritual-1024x631.webp\" alt=\"Vers\u00edculos de la Biblia sobre Crecimiento Espiritual\" class=\"wp-image-1248\" srcset=\"https:\/\/thebibleverses.org\/es\/wp-content\/uploads\/2023\/06\/crecimiento-espiritual-1024x631.webp 1024w, https:\/\/thebibleverses.org\/es\/wp-content\/uploads\/2023\/06\/crecimiento-espiritual-300x185.webp 300w, https:\/\/thebibleverses.org\/es\/wp-content\/uploads\/2023\/06\/crecimiento-espiritual-768x474.webp 768w, https:\/\/thebibleverses.org\/es\/wp-content\/uploads\/2023\/06\/crecimiento-espiritual-320x197.webp 320w, https:\/\/thebibleverses.org\/es\/wp-content\/uploads\/2023\/06\/crecimiento-espiritual-450x278.webp 450w, https:\/\/thebibleverses.org\/es\/wp-content\/uploads\/2023\/06\/crecimiento-espiritual-720x444.webp 720w, https:\/\/thebibleverses.org\/es\/wp-content\/uploads\/2023\/06\/crecimiento-espiritual.webp 1200w\" sizes=\"auto, (max-width: 1024px) 100vw, 1024px\" \/><figcaption class=\"wp-element-caption\">Vers\u00edculos de la Biblia sobre Crecimiento Espiritual &#8211; Reina Valera Contempor\u00e1nea (RVC).<\/figcaption><\/figure><\/div>\n\n\n<h2 class=\"wp-block-heading\">Vers\u00edculos B\u00edblicos sobre el Crecimiento Espiritual en Dios<\/h2>\n\n\n\n<p>Al igual que una planta necesita nutrirse de agua y luz para crecer, nuestro crecimiento espiritual depende de la b\u00fasqueda constante de la verdad, la sabidur\u00eda y el amor que Dios ofrece. A medida que profundizamos nuestra conexi\u00f3n con lo divino, nos volvemos m\u00e1s conscientes de nuestra propia naturaleza espiritual y descubrimos un prop\u00f3sito m\u00e1s elevado en nuestra existencia.<\/p>\n\n\n\n<p><strong>El crecimiento espiritual implica dejar atr\u00e1s viejas formas de pensar y comportamientos que no nos sirven, y abrazar una mentalidad de compasi\u00f3n, perd\u00f3n y humildad<\/strong>. A medida que nos acercamos a Dios, nos damos cuenta de la importancia de vivir en armon\u00eda con nosotros mismos, con los dem\u00e1s y con el mundo que nos rodea.<\/p>\n\n\n\n<p><strong>Es un proceso de transformaci\u00f3n interior que nos lleva a trascender el ego y a conectarnos con una realidad m\u00e1s profunda y trascendental<\/strong>. A trav\u00e9s de la oraci\u00f3n, la meditaci\u00f3n, el estudio de las escrituras y la pr\u00e1ctica de actos de amor y servicio, nutrimos nuestro crecimiento espiritual y nos abrimos a una conexi\u00f3n m\u00e1s profunda con lo divino.<\/p>\n\n\n\n<p><strong>El crecimiento espiritual en Dios no es un destino final, sino un camino continuo de aprendizaje y evoluci\u00f3n<\/strong>. Cada experiencia, tanto las alegres como las desafiantes, nos brinda oportunidades para crecer, aprender y acercarnos m\u00e1s a la plenitud espiritual que Dios tiene reservada para nosotros. Este post contiene Vers\u00edculos de la biblia que hablan sobre el Crecimiento Espiritual en Dios.<\/p>\n\n\n\n<h3 class=\"wp-block-heading\">Efesios 4:15<\/h3>\n\n\n\n<p>Sino para que profesemos la verdad en amor y crezcamos en todo en Cristo, que es la cabeza.<\/p>\n\n\n\n<h3 class=\"wp-block-heading\">2 Pedro 3:18<\/h3>\n\n\n\n<p>M\u00e1s bien, crezcan en la gracia y el conocimiento de nuestro Se\u00f1or y Salvador Jesucristo, a quien sea dada la gloria ahora y hasta el d\u00eda de la eternidad. Am\u00e9n.<\/p>\n\n\n\n<h3 class=\"wp-block-heading\">Hebreos 5:12-13<\/h3>\n\n\n\n<p>Aunque despu\u00e9s de tanto tiempo ya debieran ser maestros, todav\u00eda es necesario que se les vuelva a ense\u00f1ar lo m\u00e1s elemental de las palabras de Dios. Esto es tan as\u00ed que lo que necesitan es leche, y no alimento s\u00f3lido. Pero todos los que se alimentan de leche son inexpertos en la palabra de justicia, porque son como ni\u00f1os.<\/p>\n\n\n\n<h3 class=\"wp-block-heading\">Filipenses 1:9-11<\/h3>\n\n\n\n<p>Y esto le pido en oraci\u00f3n: que el amor de ustedes abunde a\u00fan m\u00e1s y m\u00e1s en ciencia y en todo conocimiento, para que aprueben lo mejor, a fin de que sean sinceros e irreprensibles para el d\u00eda de Cristo, llenos de los frutos de justicia que vienen por medio de Jesucristo, para gloria y alabanza de Dios.<\/p>\n\n\n\n<h3 class=\"wp-block-heading\">Juan 15:4-5<\/h3>\n\n\n\n<p>Permanezcan en m\u00ed, y yo en ustedes. As\u00ed como el p\u00e1mpano no puede llevar fruto por s\u00ed mismo, si no permanece en la vid, as\u00ed tampoco ustedes, si no permanecen en m\u00ed. Yo soy la vid y ustedes los p\u00e1mpanos; el que permanece en m\u00ed, y yo en \u00e9l, \u00e9ste lleva mucho fruto; porque separados de m\u00ed ustedes nada pueden hacer.<\/p>\n\n\n\n<h3 class=\"wp-block-heading\">Colosenses 1:10<\/h3>\n\n\n\n<p>Para que vivan como es digno del Se\u00f1or, es decir, siempre haciendo todo lo que a \u00e9l le agrada, produciendo los frutos de toda buena obra, y creciendo en el conocimiento de Dios.<\/p>\n\n\n\n<h3 class=\"wp-block-heading\">1 Pedro 2:2<\/h3>\n\n\n\n<p>Busquen, como los ni\u00f1os reci\u00e9n nacidos, la leche espiritual no adulterada, para que por medio de ella crezcan y sean salvos.<\/p>\n\n\n\n<h3 class=\"wp-block-heading\">2 Corintios 3:18<\/h3>\n\n\n\n<p>Por lo tanto, todos nosotros, que miramos la gloria del Se\u00f1or a cara descubierta, como en un espejo, somos transformados de gloria en gloria en la misma imagen, como por el Esp\u00edritu del Se\u00f1or.<\/p>\n\n\n\n<h3 class=\"wp-block-heading\">Salmos 92:12-13<\/h3>\n\n\n\n<p>Los justos florecer\u00e1n como las palmeras; crecer\u00e1n como los cedros del L\u00edbano. Ser\u00e1n plantados en la casa del Se\u00f1or, y florecer\u00e1n en los atrios de nuestro Dios.<\/p>\n\n\n\n<h3 class=\"wp-block-heading\">2 Pedro 1:5-8<\/h3>\n\n\n\n<p>Por eso, ustedes deben esforzarse por a\u00f1adir virtud a su fe, conocimiento a su virtud, dominio propio al conocimiento; paciencia al dominio propio, piedad a la paciencia, afecto fraternal a la piedad, y amor al afecto fraternal. Si todo esto abunda en ustedes, ser\u00e1n muy \u00fatiles y productivos en el conocimiento de nuestro Se\u00f1or Jesucristo.<\/p>\n\n\n\n<h3 class=\"wp-block-heading\">Santiago 1:2-4<\/h3>\n\n\n\n<p>Hermanos m\u00edos, consid\u00e9rense muy dichosos cuando est\u00e9n pasando por diversas pruebas. Bien saben que, cuando su fe es puesta a prueba, produce paciencia. Pero procuren que la paciencia complete su obra, para que sean perfectos y cabales, sin que les falta nada.<\/p>\n\n\n\n<h3 class=\"wp-block-heading\">Romanos 12:2<\/h3>\n\n\n\n<p>Y no adopten las costumbres de este mundo, sino transf\u00f3rmense por medio de la renovaci\u00f3n de su mente, para que comprueben cu\u00e1l es la voluntad de Dios, lo que es bueno, agradable y perfecto.<\/p>\n\n\n\n<h3 class=\"wp-block-heading\">Colosenses 3:9-10<\/h3>\n\n\n\n<p>No se mientan los unos a los otros, pues ya ustedes se han despojado de la vieja naturaleza y de sus hechos, y se han revestido de la nueva naturaleza, la naturaleza del nuevo hombre, que se va renovando a imagen del que lo cre\u00f3 hasta el pleno conocimiento.<\/p>\n\n\n\n<h3 class=\"wp-block-heading\">Salmos 1:1-3<\/h3>\n\n\n\n<p>El justo y los pecadores Bienaventurado el hombre que no anda en compa\u00f1\u00eda de malvados, ni se detiene a hablar con pecadores, ni se sienta a conversar con blasfemos. Que, por el contrario, se deleita en la ley del Se\u00f1or, y d\u00eda y noche medita en ella. Ese hombre es como un \u00e1rbol plantado junto a los arroyos: llegado el momento da su fruto, y sus hojas no se marchitan. \u00a1En todo lo que hace, prospera!<\/p>\n\n\n\n<h3 class=\"wp-block-heading\">2 Timoteo 3:16-17<\/h3>\n\n\n\n<p>Toda la Escritura es inspirada por Dios, y \u00fatil para ense\u00f1ar, para redarg\u00fcir, para corregir, para instruir en justicia, a fin de que el hombre de Dios sea perfecto, enteramente preparado para toda buena obra.<\/p>\n\n\n\n<h3 class=\"wp-block-heading\">Hebreos 6:1<\/h3>\n\n\n\n<p>Por lo tanto, dejemos a un lado las ense\u00f1anzas elementales acerca de Cristo, y avancemos hacia la perfecci\u00f3n. No volvamos a cuestiones b\u00e1sicas, tales como el arrepentirnos de las acciones que nos llevan a la muerte, o la fe en Dios.<\/p>\n\n\n\n<h3 class=\"wp-block-heading\">2 Corintios 4:16<\/h3>\n\n\n\n<p>Por lo tanto, no nos desanimamos. Y aunque por fuera nos vamos desgastando, por dentro nos vamos renovando de d\u00eda en d\u00eda.<\/p>\n\n\n\n<h3 class=\"wp-block-heading\">Efesios 3:16-19<\/h3>\n\n\n\n<p>Para que por su Esp\u00edritu, y conforme a las riquezas de su gloria, los fortalezca interiormente con poder; para que por la fe Cristo habite en sus corazones, y para que, arraigados y cimentados en amor, sean ustedes plenamente capaces de comprender, con todos los santos, cu\u00e1l es la anchura, la longitud, la profundidad y la altura del amor de Cristo; en fin, que conozcan ese amor, que excede a todo conocimiento, para que sean llenos de toda la plenitud de Dios.<\/p>\n\n\n\n<h3 class=\"wp-block-heading\">Colosenses 2:6-7<\/h3>\n\n\n\n<p>Por tanto, vivan en el Se\u00f1or Jesucristo de la manera que lo recibieron: arraigados y sobreedificados en \u00e9l, confirmados en la fe y rebosantes de acciones de gracias, que es como fueron ense\u00f1ados.<\/p>\n\n\n\n<h3 class=\"wp-block-heading\">1 Pedro 5:10<\/h3>\n\n\n\n<p>pero el Dios de toda gracia, que en Cristo nos llam\u00f3 a su gloria eterna, los perfeccionar\u00e1, afirmar\u00e1, fortalecer\u00e1 y establecer\u00e1 despu\u00e9s de un breve sufrimiento.<\/p>\n\n\n\n<h3 class=\"wp-block-heading\">1 Timoteo 4:7-8<\/h3>\n\n\n\n<p>Desecha las f\u00e1bulas profanas y de viejas. Ejerc\u00edtate para la piedad; porque el ejercicio corporal es poco provechoso, pero la piedad es provechosa para todo, pues cuenta con promesa para esta vida presente, y para la venidera.<\/p>\n\n\n\n<h3 class=\"wp-block-heading\">Colosenses 3:16<\/h3>\n\n\n\n<p>La palabra de Cristo habite ricamente en ustedes. Instr\u00fayanse y exh\u00f3rtense unos a otros con toda sabidur\u00eda; canten al Se\u00f1or salmos, himnos y c\u00e1nticos espirituales, con gratitud de coraz\u00f3n.<\/p>\n\n\n\n<h3 class=\"wp-block-heading\">Hebreos 12:1-2<\/h3>\n\n\n\n<p>Por lo tanto, tambi\u00e9n nosotros, que tenemos tan grande nube de testigos a nuestro alrededor, liber\u00e9monos de todo peso y del pecado que nos asedia, y corramos con paciencia la carrera que tenemos por delante. Fijemos la mirada en Jes\u00fas, el autor y consumador de la fe, quien por el gozo que le esperaba sufri\u00f3 la cruz y menospreci\u00f3 el oprobio, y se sent\u00f3 a la derecha del trono de Dios.<\/p>\n\n\n\n<h3 class=\"wp-block-heading\">1 Corintios 15:58<\/h3>\n\n\n\n<p>As\u00ed que, amados hermanos m\u00edos, mant\u00e9nganse firmes y constantes, y siempre creciendo en la obra del Se\u00f1or, seguros de que el trabajo de ustedes en el Se\u00f1or no carece de sentido.<\/p>\n\n\n\n<h3 class=\"wp-block-heading\">Lucas 17:5<\/h3>\n\n\n\n<p>Los ap\u00f3stoles le dijeron al Se\u00f1or: \u00abAum\u00e9ntanos la fe.\u00bb<\/p>\n\n\n\n<h2 class=\"wp-block-heading\">Lee Tambi\u00e9n:<\/h2>\n\n\n\n<ul class=\"wp-block-list\">\n<li><a href=\"https:\/\/thebibleverses.org\/es\/\">Vers\u00edculos por Tema<\/a><\/li>\n\n\n\n<li><a href=\"https:\/\/thebibleverses.org\/es\/amor\/\">Vers\u00edculos B\u00edblicos sobre el Amor<\/a><\/li>\n\n\n\n<li><a href=\"https:\/\/thebibleverses.org\/es\/fortaleza\/\">Vers\u00edculos B\u00edblicos de Fortaleza<\/a><\/li>\n\n\n\n<li><a href=\"https:\/\/thebibleverses.org\/es\/fe\/\">Vers\u00edculos B\u00edblicos sobre la Fe<\/a><\/li>\n\n\n\n<li><a href=\"https:\/\/thebibleverses.org\/es\/jovenes\/\">Vers\u00edculos B\u00edblicos para J\u00f3venes<\/a><\/li>\n\n\n\n<li><a href=\"https:\/\/thebibleverses.org\/es\/amistad\/\">Vers\u00edculos B\u00edblicos sobre la Amistad<\/a><\/li>\n\n\n\n<li><a href=\"https:\/\/thebibleverses.org\/es\/sanidad\/\">Vers\u00edculos B\u00edblicos sobre Sanidad<\/a><\/li>\n<\/ul>\n","protected":false},"excerpt":{"rendered":"<p>Vers\u00edculos B\u00edblicos sobre el Crecimiento Espiritual en Dios Al igual que una planta necesita nutrirse de agua y luz para crecer, nuestro crecimiento espiritual depende de la b\u00fasqueda constante de la verdad, la sabidur\u00eda y el amor que Dios ofrece. A medida que profundizamos nuestra conexi\u00f3n con lo divino, nos volvemos m\u00e1s conscientes de nuestra [&hellip;]<\/p>\n","protected":false},"author":1,"featured_media":1248,"parent":0,"menu_order":0,"comment_status":"open","ping_status":"closed","template":"","meta":{"footnotes":""},"class_list":["post-1247","page","type-page","status-publish","has-post-thumbnail","hentry","entry","fw-tab-6 fw-tabr-4"],"_links":{"self":[{"href":"https:\/\/thebibleverses.org\/es\/wp-json\/wp\/v2\/pages\/1247","targetHints":{"allow":["GET"]}}],"collection":[{"href":"https:\/\/thebibleverses.org\/es\/wp-json\/wp\/v2\/pages"}],"about":[{"href":"https:\/\/thebibleverses.org\/es\/wp-json\/wp\/v2\/types\/page"}],"author":[{"embeddable":true,"href":"https:\/\/thebibleverses.org\/es\/wp-json\/wp\/v2\/users\/1"}],"replies":[{"embeddable":true,"href":"https:\/\/thebibleverses.org\/es\/wp-json\/wp\/v2\/comments?post=1247"}],"version-history":[{"count":0,"href":"https:\/\/thebibleverses.org\/es\/wp-json\/wp\/v2\/pages\/1247\/revisions"}],"wp:featuredmedia":[{"embeddable":true,"href":"https:\/\/thebibleverses.org\/es\/wp-json\/wp\/v2\/media\/1248"}],"wp:attachment":[{"href":"https:\/\/thebibleverses.org\/es\/wp-json\/wp\/v2\/media?parent=1247"}],"curies":[{"name":"wp","href":"https:\/\/api.w.org\/{rel}","templated":true}]}}