{"id":1237,"date":"2023-06-02T21:14:38","date_gmt":"2023-06-02T21:14:38","guid":{"rendered":"https:\/\/thebibleverses.org\/es\/?page_id=1237"},"modified":"2023-06-02T21:18:38","modified_gmt":"2023-06-02T21:18:38","slug":"bondad-de-dios","status":"publish","type":"page","link":"https:\/\/thebibleverses.org\/es\/bondad-de-dios\/","title":{"rendered":"27 Vers\u00edculos de la Biblia sobre la Bondad de Dios"},"content":{"rendered":"<div class=\"wp-block-image\">\n<figure class=\"aligncenter size-large\"><img loading=\"lazy\" decoding=\"async\" width=\"1024\" height=\"631\" src=\"https:\/\/thebibleverses.org\/es\/wp-content\/uploads\/2023\/06\/Bondad-de-Dios-1024x631.webp\" alt=\"Vers\u00edculos de la Biblia sobre la Bondad de Dios\" class=\"wp-image-1238\" srcset=\"https:\/\/thebibleverses.org\/es\/wp-content\/uploads\/2023\/06\/Bondad-de-Dios-1024x631.webp 1024w, https:\/\/thebibleverses.org\/es\/wp-content\/uploads\/2023\/06\/Bondad-de-Dios-300x185.webp 300w, https:\/\/thebibleverses.org\/es\/wp-content\/uploads\/2023\/06\/Bondad-de-Dios-768x474.webp 768w, https:\/\/thebibleverses.org\/es\/wp-content\/uploads\/2023\/06\/Bondad-de-Dios-320x197.webp 320w, https:\/\/thebibleverses.org\/es\/wp-content\/uploads\/2023\/06\/Bondad-de-Dios-450x278.webp 450w, https:\/\/thebibleverses.org\/es\/wp-content\/uploads\/2023\/06\/Bondad-de-Dios-720x444.webp 720w, https:\/\/thebibleverses.org\/es\/wp-content\/uploads\/2023\/06\/Bondad-de-Dios.webp 1200w\" sizes=\"auto, (max-width: 1024px) 100vw, 1024px\" \/><figcaption class=\"wp-element-caption\">Vers\u00edculos de la Biblia sobre la Bondad de Dios &#8211; Reina Valera Contempor\u00e1nea (RVC).<\/figcaption><\/figure><\/div>\n\n\n<h2 class=\"wp-block-heading\">Vers\u00edculos sobre la Bondad de Dios (Dios es Bueno)<\/h2>\n\n\n\n<p><strong>La bondad de Dios es un misterio insondable que se revela de muchas maneras en nuestras vidas<\/strong>. A menudo, nos encontramos con momentos de alegr\u00eda, amor y compasi\u00f3n que nos hacen reflexionar sobre la presencia de un poder supremo que trasciende nuestra comprensi\u00f3n.<\/p>\n\n\n\n<p><strong>La bondad de Dios se manifiesta en los actos desinteresados de generosidad, en los gestos de perd\u00f3n y en la capacidad de transformar el sufrimiento en esperanza<\/strong>. Aunque los caminos de la vida pueden ser dif\u00edciles y oscuros en ocasiones, la bondad de Dios brilla como una luz que nos gu\u00eda y nos anima a ser mejores personas.<\/p>\n\n\n\n<p><strong>Al reflexionar sobre la bondad de Dios, descubrimos una invitaci\u00f3n a vivir con gratitud, a amar y a buscar el bien en cada encuentro y situaci\u00f3n<\/strong>. Es un recordatorio de que, a pesar de las adversidades, siempre hay un prop\u00f3sito y un amor infinito que nos sostiene en nuestro camino. La bondad de Dios es una fuente inagotable de esperanza y consuelo que nos anima a ser reflejos de esa bondad en el mundo, llevando luz y amor a quienes nos rodean.<\/p>\n\n\n\n<h3 class=\"wp-block-heading\">Salmos 100:5<\/h3>\n\n\n\n<p>\u00a1El Se\u00f1or es bueno! \u00a1Su misericordia es eterna! \u00a1Su verdad permanece para siempre!<\/p>\n\n\n\n<h3 class=\"wp-block-heading\">Salmos 34:8<\/h3>\n\n\n\n<p>\u00a1Prueben ustedes mismos la bondad del Se\u00f1or! \u00a1Dichoso aqu\u00e9l que en \u00e9l conf\u00eda!<\/p>\n\n\n\n<h3 class=\"wp-block-heading\">Salmos 107:1<\/h3>\n\n\n\n<p>\u00a1Alabemos al Se\u00f1or, porque \u00e9l es bueno; porque su misericordia es constante!<\/p>\n\n\n\n<h3 class=\"wp-block-heading\">Salmos 136:1<\/h3>\n\n\n\n<p>Alabemos al Se\u00f1or, porque \u00e9l es bueno! \u00a1Su misericordia permanece para siempre!<\/p>\n\n\n\n<h3 class=\"wp-block-heading\">Nah\u00fam 1:7<\/h3>\n\n\n\n<p>El Se\u00f1or es bueno; es un refugio en el d\u00eda de la angustia. El Se\u00f1or conoce a los que en \u00e9l conf\u00edan,<\/p>\n\n\n\n<h3 class=\"wp-block-heading\">Lucas 18:19<\/h3>\n\n\n\n<p>Jes\u00fas le dijo: \u00ab\u00bfPor qu\u00e9 me llamas bueno? No hay nadie que sea bueno, sino s\u00f3lo Dios.<\/p>\n\n\n\n<h3 class=\"wp-block-heading\">Santiago 1:17<\/h3>\n\n\n\n<p>Toda buena d\u00e1diva y todo don perfecto descienden de lo alto, del Padre de las luces, en quien no hay cambio ni sombra de variaci\u00f3n.<\/p>\n\n\n\n<h3 class=\"wp-block-heading\">Salmos 145:9<\/h3>\n\n\n\n<p>El Se\u00f1or es bueno con todos, y se compadece de toda su creaci\u00f3n.<\/p>\n\n\n\n<h3 class=\"wp-block-heading\">\u00c9xodo 34:6<\/h3>\n\n\n\n<p>Luego el Se\u00f1or pas\u00f3 delante de Mois\u00e9s, y proclam\u00f3: \u00a1EL SE\u00d1OR! \u00a1EL SE\u00d1OR! \u00a1Dios misericordioso y clemente! \u00a1Lento para la ira, y grande en misericordia y verdad!<\/p>\n\n\n\n<h3 class=\"wp-block-heading\">Salmos 86:5<\/h3>\n\n\n\n<p>T\u00fa, Se\u00f1or, eres bondadoso y sabes perdonar; \u00a1grande es tu misericordia para los que te invocan!<\/p>\n\n\n\n<h3 class=\"wp-block-heading\">Salmos 145:8<\/h3>\n\n\n\n<p>El Se\u00f1or es compasivo y lleno de ternura; lento para la ira y grande en misericordia.<\/p>\n\n\n\n<h3 class=\"wp-block-heading\">Salmos 119:68<\/h3>\n\n\n\n<p>T\u00fa eres bueno, y me tratas bien; ens\u00e9\u00f1ame tus estatutos.<\/p>\n\n\n\n<h3 class=\"wp-block-heading\">Romanos 2:4<\/h3>\n\n\n\n<p>\u00bfNo te das cuenta de que menosprecias la benignidad, la tolerancia y la paciencia de Dios, y que ignoras que su benignidad busca llevarte al arrepentimiento?<\/p>\n\n\n\n<h3 class=\"wp-block-heading\">Efesios 2:4-5<\/h3>\n\n\n\n<p>Pero Dios, cuya misericordia es abundante, por el gran amor con que nos am\u00f3, nos dio vida junto con Cristo, aun cuando est\u00e1bamos muertos en nuestros pecados (la gracia de Dios los ha salvado).<\/p>\n\n\n\n<h3 class=\"wp-block-heading\">1 Cr\u00f3nicas 16:34<\/h3>\n\n\n\n<p>\u00a1Aclamen al Se\u00f1or, porque \u00e9l es bueno; porque su misericordia es eterna.<\/p>\n\n\n\n<h3 class=\"wp-block-heading\">Jerem\u00edas 33:11<\/h3>\n\n\n\n<p>Volver\u00e1 a escucharse la voz de gozo y de alegr\u00eda, la voz del novio y de la novia, la voz de los que dicen: \u201c\u00a1Alabemos al Se\u00f1or de los ej\u00e9rcitos, porque el Se\u00f1or es bueno, porque su misericordia es eterna!\u201d, la voz de los que traen a mi casa ofrendas de acci\u00f3n de gracias. Porque yo har\u00e9 que cambie la suerte de esta tierra, la cual volver\u00e1 a ser lo que antes fue. Yo, el Se\u00f1or, lo he dicho.<\/p>\n\n\n\n<h3 class=\"wp-block-heading\">Mateo 19:17<\/h3>\n\n\n\n<p>\u00c9l le dijo: \u00ab\u00bfPor qu\u00e9 me preguntas acerca de lo \u201cbueno\u201d? Uno solo es bueno. Pero si quieres entrar en la vida, practica los mandamientos.\u00bb<\/p>\n\n\n\n<h3 class=\"wp-block-heading\">1 Timoteo 4:4<\/h3>\n\n\n\n<p>Porque todo lo que Dios cre\u00f3 es bueno, y nada es desechable, si se toma con acci\u00f3n de gracias.<\/p>\n\n\n\n<h3 class=\"wp-block-heading\">Salmos 25:8<\/h3>\n\n\n\n<p>El Se\u00f1or es bueno y recto; por eso ense\u00f1a a los pecadores el camino.<\/p>\n\n\n\n<h3 class=\"wp-block-heading\">Salmos 86:15<\/h3>\n\n\n\n<p>Pero t\u00fa, Se\u00f1or, eres un Dios compasivo y clemente, lento para la ira, pero grande en misericordia y verdad.<\/p>\n\n\n\n<h3 class=\"wp-block-heading\">Salmos 100:4-5<\/h3>\n\n\n\n<p>Entremos por sus puertas y por sus atrios con alabanzas y con acci\u00f3n de gracias; \u00a1Alab\u00e9mosle, bendigamos su nombre! \u00a1El Se\u00f1or es bueno! \u00a1Su misericordia es eterna! \u00a1Su verdad permanece para siempre!<\/p>\n\n\n\n<h3 class=\"wp-block-heading\">Mateo 7:11<\/h3>\n\n\n\n<p>Pues si ustedes, que son malos, saben dar cosas buenas a sus hijos, \u00a1cu\u00e1nto m\u00e1s su Padre que est\u00e1 en los cielos dar\u00e1 buenas cosas a los que le pidan!<\/p>\n\n\n\n<h3 class=\"wp-block-heading\">Romanos 5:8<\/h3>\n\n\n\n<p>Pero Dios muestra su amor por nosotros en que, cuando a\u00fan \u00e9ramos pecadores, Cristo muri\u00f3 por nosotros.<\/p>\n\n\n\n<h3 class=\"wp-block-heading\">Efesios 4:32<\/h3>\n\n\n\n<p>En vez de eso, sean bondadosos y misericordiosos, y perd\u00f3nense unos a otros, as\u00ed como tambi\u00e9n Dios los perdon\u00f3 a ustedes en Cristo.<\/p>\n\n\n\n<h3 class=\"wp-block-heading\">1 Juan 1:9<\/h3>\n\n\n\n<p>Si confesamos nuestros pecados, \u00e9l es fiel y justo para perdonar nuestros pecados y limpiarnos de toda maldad.<\/p>\n\n\n\n<h3 class=\"wp-block-heading\">Lucas 6:35<\/h3>\n\n\n\n<p>Ustedes deben amar a sus enemigos, hacer el bien y dar prestado, sin esperar nada a cambio. Grande ser\u00e1 entonces el galard\u00f3n que recibir\u00e1n, y ser\u00e1n hijos del Alt\u00edsimo. Porque \u00e9l es benigno con los ingratos y con los malvados.<\/p>\n\n\n\n<h3 class=\"wp-block-heading\">Jerem\u00edas 29:11<\/h3>\n\n\n\n<p>S\u00f3lo yo s\u00e9 los planes que tengo para ustedes. Son planes para su bien, y no para su mal, para que tengan un futuro lleno de esperanza. \u2014Palabra del Se\u00f1or.<\/p>\n\n\n\n<h2 class=\"wp-block-heading\">Lee Tambi\u00e9n:<\/h2>\n\n\n\n<ul class=\"wp-block-list\">\n<li><a href=\"https:\/\/thebibleverses.org\/es\/\">Vers\u00edculos por Tema<\/a><\/li>\n\n\n\n<li><a href=\"https:\/\/thebibleverses.org\/es\/amor\/\">Vers\u00edculos B\u00edblicos sobre el Amor<\/a><\/li>\n\n\n\n<li><a href=\"https:\/\/thebibleverses.org\/es\/fortaleza\/\">Vers\u00edculos B\u00edblicos de Fortaleza<\/a><\/li>\n\n\n\n<li><a href=\"https:\/\/thebibleverses.org\/es\/fe\/\">Vers\u00edculos B\u00edblicos sobre la Fe<\/a><\/li>\n\n\n\n<li><a href=\"https:\/\/thebibleverses.org\/es\/jovenes\/\">Vers\u00edculos B\u00edblicos para J\u00f3venes<\/a><\/li>\n\n\n\n<li><a href=\"https:\/\/thebibleverses.org\/es\/amistad\/\">Vers\u00edculos B\u00edblicos sobre la Amistad<\/a><\/li>\n\n\n\n<li><a href=\"https:\/\/thebibleverses.org\/es\/sanidad\/\">Vers\u00edculos B\u00edblicos sobre Sanidad<\/a><\/li>\n<\/ul>\n","protected":false},"excerpt":{"rendered":"<p>Vers\u00edculos sobre la Bondad de Dios (Dios es Bueno) La bondad de Dios es un misterio insondable que se revela de muchas maneras en nuestras vidas. A menudo, nos encontramos con momentos de alegr\u00eda, amor y compasi\u00f3n que nos hacen reflexionar sobre la presencia de un poder supremo que trasciende nuestra comprensi\u00f3n. La bondad de [&hellip;]<\/p>\n","protected":false},"author":1,"featured_media":1238,"parent":0,"menu_order":0,"comment_status":"open","ping_status":"closed","template":"","meta":{"footnotes":""},"class_list":["post-1237","page","type-page","status-publish","has-post-thumbnail","hentry","entry","fw-tab-6 fw-tabr-4"],"_links":{"self":[{"href":"https:\/\/thebibleverses.org\/es\/wp-json\/wp\/v2\/pages\/1237","targetHints":{"allow":["GET"]}}],"collection":[{"href":"https:\/\/thebibleverses.org\/es\/wp-json\/wp\/v2\/pages"}],"about":[{"href":"https:\/\/thebibleverses.org\/es\/wp-json\/wp\/v2\/types\/page"}],"author":[{"embeddable":true,"href":"https:\/\/thebibleverses.org\/es\/wp-json\/wp\/v2\/users\/1"}],"replies":[{"embeddable":true,"href":"https:\/\/thebibleverses.org\/es\/wp-json\/wp\/v2\/comments?post=1237"}],"version-history":[{"count":0,"href":"https:\/\/thebibleverses.org\/es\/wp-json\/wp\/v2\/pages\/1237\/revisions"}],"wp:featuredmedia":[{"embeddable":true,"href":"https:\/\/thebibleverses.org\/es\/wp-json\/wp\/v2\/media\/1238"}],"wp:attachment":[{"href":"https:\/\/thebibleverses.org\/es\/wp-json\/wp\/v2\/media?parent=1237"}],"curies":[{"name":"wp","href":"https:\/\/api.w.org\/{rel}","templated":true}]}}