{"id":119,"date":"2019-01-19T04:42:29","date_gmt":"2019-01-19T04:42:29","guid":{"rendered":"https:\/\/thebibleverses.org\/es\/?page_id=119"},"modified":"2023-06-06T00:18:07","modified_gmt":"2023-06-06T00:18:07","slug":"adoracion","status":"publish","type":"page","link":"https:\/\/thebibleverses.org\/es\/adoracion\/","title":{"rendered":"35 Vers\u00edculos de la Biblia sobre la Adoraci\u00f3n"},"content":{"rendered":"<div class=\"wp-block-image\">\n<figure class=\"aligncenter size-large\"><img loading=\"lazy\" decoding=\"async\" width=\"1024\" height=\"631\" src=\"https:\/\/thebibleverses.org\/es\/wp-content\/uploads\/2022\/05\/Versiculos-Biblicos-de-Adoracion-1024x631.webp\" alt=\"Vers\u00edculos B\u00edblicos sobre la Adoraci\u00f3n\" class=\"wp-image-687\" srcset=\"https:\/\/thebibleverses.org\/es\/wp-content\/uploads\/2022\/05\/Versiculos-Biblicos-de-Adoracion-1024x631.webp 1024w, https:\/\/thebibleverses.org\/es\/wp-content\/uploads\/2022\/05\/Versiculos-Biblicos-de-Adoracion-300x185.webp 300w, https:\/\/thebibleverses.org\/es\/wp-content\/uploads\/2022\/05\/Versiculos-Biblicos-de-Adoracion-768x474.webp 768w, https:\/\/thebibleverses.org\/es\/wp-content\/uploads\/2022\/05\/Versiculos-Biblicos-de-Adoracion-320x197.webp 320w, https:\/\/thebibleverses.org\/es\/wp-content\/uploads\/2022\/05\/Versiculos-Biblicos-de-Adoracion-450x278.webp 450w, https:\/\/thebibleverses.org\/es\/wp-content\/uploads\/2022\/05\/Versiculos-Biblicos-de-Adoracion-720x444.webp 720w, https:\/\/thebibleverses.org\/es\/wp-content\/uploads\/2022\/05\/Versiculos-Biblicos-de-Adoracion-scaled.webp 644w\" sizes=\"auto, (max-width: 1024px) 100vw, 1024px\" \/><figcaption class=\"wp-element-caption\">Vers\u00edculos B\u00edblicos sobre la Adoraci\u00f3n &#8211; Reina Valera Contempor\u00e1nea (RVC).<\/figcaption><\/figure><\/div>\n\n\n<h2 class=\"wp-block-heading\">Vers\u00edculos B\u00edblicos sobre la Adoraci\u00f3n a Dios<\/h2>\n\n\n\n<p>Sum\u00e9rgete en un profundo encuentro de adoraci\u00f3n a Dios a trav\u00e9s de nuestros poderosos vers\u00edculos b\u00edblicos. Descubre c\u00f3mo la alabanza y la adoraci\u00f3n pueden transformar tu relaci\u00f3n con el Creador mientras exploras las escrituras sagradas llenas de invitaciones a glorificar su nombre.<\/p>\n\n\n\n<p><strong>Encuentra inspiraci\u00f3n y conexi\u00f3n espiritual a medida que te sumerges en los vers\u00edculos que exaltan la grandeza y el poder de Dios<\/strong>. Explora nuestra colecci\u00f3n de vers\u00edculos b\u00edblicos de adoraci\u00f3n y experimenta una comuni\u00f3n m\u00e1s profunda mientras elevas tu esp\u00edritu y te entregas en reverencia a nuestro divino Salvador<\/p>\n\n\n\n<h3 class=\"wp-block-heading\">G\u00e9nesis 22:5<\/h3>\n\n\n\n<p>Entonces Abrah\u00e1n dijo a sus siervos: \u00abEsperen aqu\u00ed, con el asno, y el ni\u00f1o y yo iremos hasta ese lugar; all\u00ed adoraremos, y luego volveremos aqu\u00ed mismo\u00bb (Ge 22:5).<\/p>\n\n\n\n<h3 class=\"wp-block-heading\">\u00c9xodo 4:31<\/h3>\n\n\n\n<p>Y el pueblo crey\u00f3. Y al escuchar que el Se\u00f1or hab\u00eda visitado a los hijos de Israel y que hab\u00eda visto su aflicci\u00f3n, se inclinaron y adoraron (Ex 4:31).<\/p>\n\n\n\n<h3 class=\"wp-block-heading\">\u00c9xodo 33:10<\/h3>\n\n\n\n<p>Y cuando todo el pueblo ve\u00eda la columna de nube a la entrada del tabern\u00e1culo, se levantaba cada uno e iba a la entrada de su tienda para adorar (Ex 33:10).<\/p>\n\n\n\n<h3 class=\"wp-block-heading\">Deuteronomio 26:10<\/h3>\n\n\n\n<p>Por eso ahora vengo aqu\u00ed, con los primeros frutos de la tierra que t\u00fa, Se\u00f1or, me diste. Todo eso lo pondr\u00e1s delante del Se\u00f1or tu Dios, y delante de \u00e9l te postrar\u00e1s (Dt 26:10).<\/p>\n\n\n\n<h3 class=\"wp-block-heading\">Jueces 7:15<\/h3>\n\n\n\n<p>Al o\u00edr Gede\u00f3n el sue\u00f1o y su interpretaci\u00f3n, ador\u00f3 al Se\u00f1or; luego regres\u00f3 a su campamento, y dijo: \u00ab\u00a1Arriba todo el mundo! \u00a1El Se\u00f1or ha puesto a los madianitas en nuestras manos!\u00bb (Jue 7:15).<\/p>\n\n\n\n<h3 class=\"wp-block-heading\">1 Samuel 1:28<\/h3>\n\n\n\n<p>He venido porque promet\u00ed dedicarlo al Se\u00f1or para toda la vida. \u00a1Para siempre ser\u00e1 del Se\u00f1or! Y all\u00ed ador\u00f3 al Se\u00f1or (1 Sa 1:28).<\/p>\n\n\n\n<h3 class=\"wp-block-heading\">2 Reyes 17:36<\/h3>\n\n\n\n<p>S\u00f3lo me temer\u00e1n a m\u00ed, el Se\u00f1or, que con gran poder y con brazo extendido los saqu\u00e9 de Egipto. S\u00f3lo a m\u00ed me temer\u00e1n y adorar\u00e1n, y ofrecer\u00e1n sacrificios (2 Re 17:36).<\/p>\n\n\n\n<h3 class=\"wp-block-heading\">1 Cr\u00f3nicas 16:29<\/h3>\n\n\n\n<p>\u00a1Tributen al Se\u00f1or la honra que merece su nombre! \u00a1Traigan sus ofrendas, y vengan a su presencia! \u00a1Adoren al Se\u00f1or en la hermosura de la santidad! (1 Cro 16:29).<\/p>\n\n\n\n<h3 class=\"wp-block-heading\">Nehem\u00edas 8:6<\/h3>\n\n\n\n<p>Entonces Esdras bendijo la grandeza del Se\u00f1or, y el pueblo, con las manos hacia el cielo, respondi\u00f3 a una sola voz: \u00ab\u00a1Am\u00e9n! \u00a1Am\u00e9n!\u00bb Luego, todos se inclinaron hasta el suelo y adoraron al Se\u00f1or (Neh 8:6).<\/p>\n\n\n\n<h3 class=\"wp-block-heading\">Job 1:20<\/h3>\n\n\n\n<p>Entonces Job se levant\u00f3 y se rasg\u00f3 las vestiduras, se rap\u00f3 la cabeza en se\u00f1al de luto, y con el rostro en tierra ador\u00f3 al Se\u00f1or (Job 1:20).<\/p>\n\n\n\n<h3 class=\"wp-block-heading\">Salmos 5:7<\/h3>\n\n\n\n<p>Mas yo por la abundancia de tu misericordia entrar\u00e9 en tu casa; Adorar\u00e9 hacia tu santo templo en tu temor (Sal 5:7).<\/p>\n\n\n\n<h3 class=\"wp-block-heading\">Salmos 22:27<\/h3>\n\n\n\n<p>Todos los rincones de la tierra invocar\u00e1n al Se\u00f1or, y a \u00e9l se volver\u00e1n; \u00a1ante \u00e9l se inclinar\u00e1n todas las naciones! (Sal 22:7).<\/p>\n\n\n\n<h3 class=\"wp-block-heading\">Salmos 29:2<\/h3>\n\n\n\n<p>\u00a1R\u00edndanle la gloria digna de su nombre! \u00a1Adoren al Se\u00f1or en su santuario hermoso! (Sal 29:2).<\/p>\n\n\n\n<h3 class=\"wp-block-heading\">Salmos 86:9<\/h3>\n\n\n\n<p>Todas las naciones que t\u00fa, Se\u00f1or, has creado vendr\u00e1n y se postrar\u00e1n delante de ti y glorificar\u00e1n tu nombre (Sal 46:9).<\/p>\n\n\n\n<h3 class=\"wp-block-heading\">Salmos 95:6<\/h3>\n\n\n\n<p>\u00a1Vengan, y rind\u00e1mosle adoraci\u00f3n! \u00a1Arrodill\u00e9monos delante del Se\u00f1or, nuestro Creador! (Sal 95:6).<\/p>\n\n\n\n<h3 class=\"wp-block-heading\">Salmos 96:9<\/h3>\n\n\n\n<p>\u00a1Adoren al Se\u00f1or en la hermosura de la santidad! \u00a1Tiemblen ante \u00e9l todos en la tierra! (Sal 96:9).<\/p>\n\n\n\n<h3 class=\"wp-block-heading\">Salmos 99:5<\/h3>\n\n\n\n<p>\u00a1Exaltemos al Se\u00f1or, nuestro Dios! \u00a1Postr\u00e9monos ante el estrado de sus pies!\u00a1El Se\u00f1or es santo! (Sal 99:5).<\/p>\n\n\n\n<h3 class=\"wp-block-heading\">Zacar\u00edas 14:17<\/h3>\n\n\n\n<p>Y suceder\u00e1 que a las familias de la tierra que no hayan acudido a Jerusal\u00e9n para adorar al Rey, el Se\u00f1or de los ej\u00e9rcitos, no les caer\u00e1 nada de lluvia (Zac 14:17).<\/p>\n\n\n\n<h3 class=\"wp-block-heading\">Mateo 2:11<\/h3>\n\n\n\n<p>Cuando entraron en la casa, vieron al ni\u00f1o con su madre Mar\u00eda y, postr\u00e1ndose ante \u00e9l, lo adoraron. Luego, abrieron sus tesoros y le ofrecieron oro, incienso y mirra (Mt 2:11).<\/p>\n\n\n\n<h3 class=\"wp-block-heading\">Mateo 4:10<\/h3>\n\n\n\n<p>Entonces Jes\u00fas le dijo: \u00abVete, Satan\u00e1s, porque escrito est\u00e1: \u201cAl Se\u00f1or tu Dios adorar\u00e1s, y a \u00e9l s\u00f3lo servir\u00e1s\u201d\u00bb (Mt 4:10).<\/p>\n\n\n\n<h3 class=\"wp-block-heading\">Mateo 14:33<\/h3>\n\n\n\n<p>Entonces los que estaban en la barca se acercaron y lo adoraron, diciendo: \u00abVerdaderamente, t\u00fa eres Hijo de Dios\u00bb (Mt 14:33).<\/p>\n\n\n\n<h3 class=\"wp-block-heading\">Mateo 28:9<\/h3>\n\n\n\n<p>En eso, Jes\u00fas les sali\u00f3 al encuentro y les dijo: \u00ab\u00a1Salve!\u00bb Y ellas se acercaron y le abrazaron los pies, y lo adoraron (Mt 28:9).<\/p>\n\n\n\n<h3 class=\"wp-block-heading\">Lucas 24:52<\/h3>\n\n\n\n<p>Despu\u00e9s de haberlo adorado, ellos regresaron a Jerusal\u00e9n con gran gozo (Lc 24:52).<\/p>\n\n\n\n<h3 class=\"wp-block-heading\">Juan 4:24<\/h3>\n\n\n\n<p>Dios es Esp\u00edritu; y es necesario que los que lo adoran, lo adoren en esp\u00edritu y en verdad (Jn 4:24).<\/p>\n\n\n\n<h3 class=\"wp-block-heading\">Hebreos 1:6<\/h3>\n\n\n\n<p>Adem\u00e1s, cuando Dios introduce al Primog\u00e9nito en el mundo, dice: \u00abQue lo adoren todos los \u00e1ngeles de Dios\u00bb (He 1:6).<\/p>\n\n\n\n<h3 class=\"wp-block-heading\">Apocalipsis 4:10-11<\/h3>\n\n\n\n<p>Los veinticuatro ancianos se postraban delante de \u00e9l y lo adoraban, y mientras pon\u00edan sus coronas delante del trono del que vive por los siglos de los siglos, dec\u00edan: \u00abDigno eres, Se\u00f1or, de recibir la gloria, la honra y el poder; porque t\u00fa creaste todas las cosas, y por tu voluntad existen y fueron creadas\u00bb (Ap 4:10-11).<\/p>\n\n\n\n<h3 class=\"wp-block-heading\">Apocalipsis 5:8<\/h3>\n\n\n\n<p>Tan pronto como lo tom\u00f3, los cuatro seres vivientes y los veinticuatro ancianos se arrodillaron ante el Cordero. Todos llevaban arpas, y tambi\u00e9n copas de oro llenas de incienso, que son las oraciones de los santos (Ap 5:8).<\/p>\n\n\n\n<h3 class=\"wp-block-heading\">Apocalipsis 7:11<\/h3>\n\n\n\n<p>Todos los \u00e1ngeles estaban de pie, alrededor del trono y de los ancianos y de los cuatro seres vivientes, y delante del trono inclinaron el rostro y adoraron a Dios (Ap 7:11).<\/p>\n\n\n\n<h3 class=\"wp-block-heading\">Apocalipsis 11:16<\/h3>\n\n\n\n<p>Entonces los veinticuatro ancianos que estaban sentados en sus tronos delante de Dios, inclinaron su rostro y adoraron a Dios (Ap 11:16).<\/p>\n\n\n\n<h3 class=\"wp-block-heading\">Apocalipsis 14:6-7<\/h3>\n\n\n\n<p>Luego vi otro \u00e1ngel, el cual volaba en medio del cielo. Ten\u00eda el evangelio eterno, para predicarlo a los habitantes de la tierra, es decir, a toda naci\u00f3n, raza, lengua y pueblo. Ese \u00e1ngel dec\u00eda con fuerte voz: \u00abTeman a Dios, y denle gloria, porque la hora de su juicio ha llegado. Adoren al que hizo el cielo y la tierra, el mar y los manantiales de agua\u00bb (Ap 14:6-7).<\/p>\n\n\n\n<h3 class=\"wp-block-heading\">Juan 4:23<\/h3>\n\n\n\n<p>Pero viene la hora, y ya lleg\u00f3, cuando los verdaderos adoradores adorar\u00e1n al Padre en esp\u00edritu y en verdad; porque tambi\u00e9n el Padre busca que lo adoren tales adoradores.<\/p>\n\n\n\n<h3 class=\"wp-block-heading\">Salmos 34:3<\/h3>\n\n\n\n<p>\u00a1\u00dananse a m\u00ed, y reconozcan su grandeza! \u00a1Exaltemos a una voz su nombre!<\/p>\n\n\n\n<h3 class=\"wp-block-heading\">Salmos 138:2<\/h3>\n\n\n\n<p>De rodillas, y en direcci\u00f3n a tu santo templo, alabar\u00e9 tu nombre por tu misericordia y fidelidad, por la grandeza de tu nombre y porque tu palabra est\u00e1 por encima de todo.<\/p>\n\n\n\n<h3 class=\"wp-block-heading\">Salmos 103:1<\/h3>\n\n\n\n<p>\u00a1Bendice, alma m\u00eda, al Se\u00f1or! \u00a1Bendiga todo mi ser su santo nombre!<\/p>\n\n\n\n<h3 class=\"wp-block-heading\">Salmos 99:9<\/h3>\n\n\n\n<p>\u00a1Exaltemos al Se\u00f1or, nuestro Dios! \u00a1Postr\u00e9monos ante su santo monte! \u00a1El Se\u00f1or, nuestro Dios, es santo!<\/p>\n\n\n\n<h2 class=\"wp-block-heading\">Lee Tambi\u00e9n:<\/h2>\n\n\n\n<ul class=\"wp-block-list\">\n<li><a href=\"https:\/\/thebibleverses.org\/es\/\">Vers\u00edculos por Tema<\/a><\/li>\n\n\n\n<li><a href=\"https:\/\/thebibleverses.org\/es\/amor\/\">Vers\u00edculos B\u00edblicos sobre el Amor<\/a><\/li>\n\n\n\n<li><a href=\"https:\/\/thebibleverses.org\/es\/fortaleza\/\">Vers\u00edculos B\u00edblicos de Fortaleza<\/a><\/li>\n\n\n\n<li><a href=\"https:\/\/thebibleverses.org\/es\/fe\/\">Vers\u00edculos B\u00edblicos sobre la Fe<\/a><\/li>\n\n\n\n<li><a href=\"https:\/\/thebibleverses.org\/es\/jovenes\/\">Vers\u00edculos B\u00edblicos para J\u00f3venes<\/a><\/li>\n\n\n\n<li><a href=\"https:\/\/thebibleverses.org\/es\/amistad\/\">Vers\u00edculos B\u00edblicos sobre la Amistad<\/a><\/li>\n\n\n\n<li><a href=\"https:\/\/thebibleverses.org\/es\/sanidad\/\">Vers\u00edculos B\u00edblicos sobre Sanidad<\/a><\/li>\n<\/ul>\n","protected":false},"excerpt":{"rendered":"<p>Vers\u00edculos B\u00edblicos sobre la Adoraci\u00f3n a Dios Sum\u00e9rgete en un profundo encuentro de adoraci\u00f3n a Dios a trav\u00e9s de nuestros poderosos vers\u00edculos b\u00edblicos. Descubre c\u00f3mo la alabanza y la adoraci\u00f3n pueden transformar tu relaci\u00f3n con el Creador mientras exploras las escrituras sagradas llenas de invitaciones a glorificar su nombre. Encuentra inspiraci\u00f3n y conexi\u00f3n espiritual a [&hellip;]<\/p>\n","protected":false},"author":1,"featured_media":687,"parent":0,"menu_order":0,"comment_status":"open","ping_status":"closed","template":"","meta":{"footnotes":""},"class_list":["post-119","page","type-page","status-publish","has-post-thumbnail","hentry","entry","fw-tab-6 fw-tabr-4"],"_links":{"self":[{"href":"https:\/\/thebibleverses.org\/es\/wp-json\/wp\/v2\/pages\/119","targetHints":{"allow":["GET"]}}],"collection":[{"href":"https:\/\/thebibleverses.org\/es\/wp-json\/wp\/v2\/pages"}],"about":[{"href":"https:\/\/thebibleverses.org\/es\/wp-json\/wp\/v2\/types\/page"}],"author":[{"embeddable":true,"href":"https:\/\/thebibleverses.org\/es\/wp-json\/wp\/v2\/users\/1"}],"replies":[{"embeddable":true,"href":"https:\/\/thebibleverses.org\/es\/wp-json\/wp\/v2\/comments?post=119"}],"version-history":[{"count":0,"href":"https:\/\/thebibleverses.org\/es\/wp-json\/wp\/v2\/pages\/119\/revisions"}],"wp:featuredmedia":[{"embeddable":true,"href":"https:\/\/thebibleverses.org\/es\/wp-json\/wp\/v2\/media\/687"}],"wp:attachment":[{"href":"https:\/\/thebibleverses.org\/es\/wp-json\/wp\/v2\/media?parent=119"}],"curies":[{"name":"wp","href":"https:\/\/api.w.org\/{rel}","templated":true}]}}