{"id":117,"date":"2019-01-19T04:28:20","date_gmt":"2019-01-19T04:28:20","guid":{"rendered":"https:\/\/thebibleverses.org\/es\/?page_id=117"},"modified":"2023-06-03T22:27:37","modified_gmt":"2023-06-03T22:27:37","slug":"jovenes","status":"publish","type":"page","link":"https:\/\/thebibleverses.org\/es\/jovenes\/","title":{"rendered":"35 Vers\u00edculos de la Biblia para J\u00f3venes"},"content":{"rendered":"<div class=\"wp-block-image\">\n<figure class=\"aligncenter size-large\"><img loading=\"lazy\" decoding=\"async\" width=\"1024\" height=\"631\" src=\"https:\/\/thebibleverses.org\/es\/wp-content\/uploads\/2022\/05\/Versiculos-Biblicos-para-Jovenes-1024x631.webp\" alt=\"Vers\u00edculos B\u00edblicos para J\u00f3venes\" class=\"wp-image-768\" srcset=\"https:\/\/thebibleverses.org\/es\/wp-content\/uploads\/2022\/05\/Versiculos-Biblicos-para-Jovenes-1024x631.webp 1024w, https:\/\/thebibleverses.org\/es\/wp-content\/uploads\/2022\/05\/Versiculos-Biblicos-para-Jovenes-300x185.webp 300w, https:\/\/thebibleverses.org\/es\/wp-content\/uploads\/2022\/05\/Versiculos-Biblicos-para-Jovenes-768x474.webp 768w, https:\/\/thebibleverses.org\/es\/wp-content\/uploads\/2022\/05\/Versiculos-Biblicos-para-Jovenes-320x197.webp 320w, https:\/\/thebibleverses.org\/es\/wp-content\/uploads\/2022\/05\/Versiculos-Biblicos-para-Jovenes-450x278.webp 450w, https:\/\/thebibleverses.org\/es\/wp-content\/uploads\/2022\/05\/Versiculos-Biblicos-para-Jovenes-720x444.webp 720w, https:\/\/thebibleverses.org\/es\/wp-content\/uploads\/2022\/05\/Versiculos-Biblicos-para-Jovenes-scaled.webp 644w\" sizes=\"auto, (max-width: 1024px) 100vw, 1024px\" \/><figcaption class=\"wp-element-caption\">Vers\u00edculos B\u00edblicos para J\u00f3venes &#8211; Reina Valera Contempor\u00e1nea (RVC).<\/figcaption><\/figure><\/div>\n\n\n<h2 class=\"wp-block-heading\">Vers\u00edculos B\u00edblicos para J\u00f3venes Cristianos (Con Buenos Consejos)<\/h2>\n\n\n\n<p>Descubre una selecci\u00f3n de vers\u00edculos b\u00edblicos especialmente dise\u00f1ados para j\u00f3venes, llenos de sabidur\u00eda y buenos consejos para enfrentar los desaf\u00edos de la vida. <strong>En este post, encontrar\u00e1s una recopilaci\u00f3n cuidadosamente seleccionada de vers\u00edculos que te inspirar\u00e1n y guiar\u00e1n en tu camino hacia una vida plena y significativa<\/strong>.<\/p>\n\n\n\n<p>Explora estas poderosas palabras sagradas que abordan temas como la toma de decisiones, las relaciones, el prop\u00f3sito y el crecimiento espiritual. Aprende c\u00f3mo aplicar estos consejos pr\u00e1cticos a tu vida diaria, y descubre c\u00f3mo la fe en Dios puede ser un faro de esperanza y orientaci\u00f3n. No te pierdas la oportunidad de empoderarte con la sabidur\u00eda eterna de la Palabra de Dios y de encontrar orientaci\u00f3n para cada paso de tu camino como joven.<\/p>\n\n\n\n<h3 class=\"wp-block-heading\">\u00c9xodo 20:12<\/h3>\n\n\n\n<p>Honrar\u00e1s a tu padre y a tu madre, para que tu vida se alargue en la tierra que yo, el Se\u00f1or tu Dios, te doy (Ex 20:12).<\/p>\n\n\n\n<h3 class=\"wp-block-heading\">Lev\u00edtico 19:3<\/h3>\n\n\n\n<p>Cada uno de ustedes debe respetar a su madre y a su padre, y respetar tambi\u00e9n mis d\u00edas de reposo. Yo soy el Se\u00f1or su Dios (Lev 19:3).<\/p>\n\n\n\n<h3 class=\"wp-block-heading\">Deuteronomio 27:16<\/h3>\n\n\n\n<p>\u201cMaldito sea el que deshonre a su padre o a su madre.\u201d Y todo el pueblo dir\u00e1: \u201c\u00a1Am\u00e9n!\u201d (Dt 27:16).<\/p>\n\n\n\n<h3 class=\"wp-block-heading\">Salmos 25:7<\/h3>\n\n\n\n<p>T\u00fa, Se\u00f1or, eres todo bondad. Por tu misericordia, acu\u00e9rdate de m\u00ed; pero olv\u00eddate de que en mi juventud pequ\u00e9 y fui rebelde contra ti (Sal 25:7).<\/p>\n\n\n\n<h3 class=\"wp-block-heading\">Salmos 71:5<\/h3>\n\n\n\n<p>T\u00fa, Se\u00f1or mi Dios, eres mi esperanza; t\u00fa me has dado seguridad desde mi juventud (Sal 71:5).<\/p>\n\n\n\n<h3 class=\"wp-block-heading\">Salmos 71:17<\/h3>\n\n\n\n<p>T\u00fa, mi Dios, me has ense\u00f1ado desde mi juventud, y a\u00fan ahora sigo hablando de tus maravillas (Sal 71:17).<\/p>\n\n\n\n<h3 class=\"wp-block-heading\">Salmos 103:5<\/h3>\n\n\n\n<p>El Se\u00f1or te sacia con los mejores alimentos para que renueves tus fuerzas, como el \u00e1guila (Sal 103:5).<\/p>\n\n\n\n<h3 class=\"wp-block-heading\">Salmos 119:9<\/h3>\n\n\n\n<p>\u00bfC\u00f3mo puede el joven limpiar su camino? \u00a1Obedeciendo tu palabra! (Sal 119:9).<\/p>\n\n\n\n<h3 class=\"wp-block-heading\">Proverbios 20:29<\/h3>\n\n\n\n<p>Los j\u00f3venes se ufanan de su fuerza; los ancianos se enorgullecen de sus canas (Pr 20:29).<\/p>\n\n\n\n<h3 class=\"wp-block-heading\">Proverbios 30:17<\/h3>\n\n\n\n<p>A quien mira con desprecio a su padre y tiene en poco la ense\u00f1anza de la madre, \u00a1que los cuervos del valle le saquen los ojos!, \u00a1que los aguiluchos se lo coman vivo! (Pr 30:17).<\/p>\n\n\n\n<h3 class=\"wp-block-heading\">Eclesiast\u00e9s 11:9<\/h3>\n\n\n\n<p>Al\u00e9grate, joven; aprovecha tu juventud. Br\u00edndale placer a tu coraz\u00f3n mientras dure tu adolescencia. D\u00e9jate llevar por donde tu coraz\u00f3n y tus ojos quieran llevarte. Pero debes saber que de todo esto Dios te pedir\u00e1 cuentas (Ex 11:9).<\/p>\n\n\n\n<h3 class=\"wp-block-heading\">Jerem\u00edas 1:7-8<\/h3>\n\n\n\n<p>Pero el Se\u00f1or me dijo: No digas: \u201cSoy un muchacho\u201d; porque a todos a quienes yo te env\u00ede t\u00fa ir\u00e1s, y todo lo que te mande dir\u00e1s. No tengas temor de ellos, porque yo estar\u00e9 contigo para librarte, dice el Se\u00f1or (Jr 1:7-8).<\/p>\n\n\n\n<h3 class=\"wp-block-heading\">Lamentaciones 3:27<\/h3>\n\n\n\n<p>Bueno le es al hombre llevar el yugo en su juventud (Lm 3:27).<\/p>\n\n\n\n<h3 class=\"wp-block-heading\">Mateo 15:4<\/h3>\n\n\n\n<p>Porque Dios dijo: \u201cHonra a tu padre y a tu madre\u201d; tambi\u00e9n: \u201cEl que maldiga al padre o a la madre, morir\u00e1 irremisiblemente\u201d (Mt 15:4).<\/p>\n\n\n\n<h3 class=\"wp-block-heading\">1 Corintios 6:18<\/h3>\n\n\n\n<p>Huyan de la inmoralidad sexual. Cualquier otro pecado que el hombre cometa, ocurre fuera del cuerpo; pero el que comete inmoralidad sexual peca contra su propio cuerpo (1 Co 6:18).<\/p>\n\n\n\n<h3 class=\"wp-block-heading\">1 Corintios 10:23<\/h3>\n\n\n\n<p>Todo me es l\u00edcito, pero no todo conviene. Todo me es l\u00edcito, pero no todo edifica (1 Co 10:23).<\/p>\n\n\n\n<h3 class=\"wp-block-heading\">1 Timoteo 4:12<\/h3>\n\n\n\n<p>Nadie tenga en poco tu juventud; pero s\u00e9 ejemplo para los creyentes en palabra, en conducta, en amor, en fe y en pureza (1 Ti 4:12).<\/p>\n\n\n\n<h3 class=\"wp-block-heading\">2 Timoteo 2:22<\/h3>\n\n\n\n<p>Huye tambi\u00e9n de las pasiones juveniles, y sigue la justicia, la fe, el amor y la paz, junto con aquellos que con un coraz\u00f3n limpio invocan al Se\u00f1or (2 Ti 2:22).<\/p>\n\n\n\n<h3 class=\"wp-block-heading\">Tito 2:6-8<\/h3>\n\n\n\n<p>Exhorta asimismo a los j\u00f3venes a que sean prudentes; pres\u00e9ntate t\u00fa mismo en todo como ejemplo de buenas obras y muestra en la ense\u00f1anza integridad y seriedad, con palabras sanas e irreprochables, de modo que el adversario se averg\u00fcence y no tenga nada malo que decir de ustedes (Tit 2:6-8).<\/p>\n\n\n\n<h3 class=\"wp-block-heading\">1 Pedro 1:16<\/h3>\n\n\n\n<p>Escrito est\u00e1: \u00abSean santos, porque yo soy santo\u00bb (1 Pe 1:16).<\/p>\n\n\n\n<h3 class=\"wp-block-heading\">Proverbios 3:5-6<\/h3>\n\n\n\n<p>Conf\u00eda en el Se\u00f1or de todo coraz\u00f3n, y no te apoyes en tu propia prudencia. Recon\u00f3celo en todos tus caminos, y \u00e9l enderezar\u00e1 tus sendas.<\/p>\n\n\n\n<h3 class=\"wp-block-heading\">Proverbios 22:6<\/h3>\n\n\n\n<p>Ense\u00f1a al ni\u00f1o a seguir fielmente su camino, y aunque llegue a anciano no se apartar\u00e1 de \u00e9l.<\/p>\n\n\n\n<h3 class=\"wp-block-heading\">Mateo 6:33<\/h3>\n\n\n\n<p>Por lo tanto, busquen primeramente el reino de Dios y su justicia, y todas estas cosas les ser\u00e1n a\u00f1adidas.<\/p>\n\n\n\n<h3 class=\"wp-block-heading\">Isa\u00edas 40:31<\/h3>\n\n\n\n<p>Pero los que conf\u00edan en el Se\u00f1or recobran las fuerzas y levantan el vuelo, como las \u00e1guilas; corren, y no se cansan; caminan, y no se fatigan.<\/p>\n\n\n\n<h3 class=\"wp-block-heading\">1 Pedro 5:7<\/h3>\n\n\n\n<p>Descarguen en \u00e9l todas sus angustias, porque \u00e9l tiene cuidado de ustedes.<\/p>\n\n\n\n<h3 class=\"wp-block-heading\">Salmos 119:105<\/h3>\n\n\n\n<p>Tu palabra es una l\u00e1mpara a mis pies; \u00a1es la luz que ilumina mi camino!<\/p>\n\n\n\n<h3 class=\"wp-block-heading\">Proverbios 16:3<\/h3>\n\n\n\n<p>Encomienda al Se\u00f1or tus acciones, y tus pensamientos ser\u00e1n afirmados.<\/p>\n\n\n\n<h3 class=\"wp-block-heading\">Jerem\u00edas 29:11<\/h3>\n\n\n\n<p>S\u00f3lo yo s\u00e9 los planes que tengo para ustedes. Son planes para su bien, y no para su mal, para que tengan un futuro lleno de esperanza.<\/p>\n\n\n\n<h3 class=\"wp-block-heading\">Romanos 12:2<\/h3>\n\n\n\n<p>Y no adopten las costumbres de este mundo, sino transf\u00f3rmense por medio de la renovaci\u00f3n de su mente, para que comprueben cu\u00e1l es la voluntad de Dios, lo que es bueno, agradable y perfecto.<\/p>\n\n\n\n<h3 class=\"wp-block-heading\">Salmos 119:11<\/h3>\n\n\n\n<p>En mi coraz\u00f3n he atesorado tus palabras, para no pecar contra ti.<\/p>\n\n\n\n<h3 class=\"wp-block-heading\">Salmos 37:5<\/h3>\n\n\n\n<p>Pon tu camino en las manos del Se\u00f1or; conf\u00eda en \u00e9l, y \u00e9l se encargar\u00e1 de todo.<\/p>\n\n\n\n<h3 class=\"wp-block-heading\">Proverbios 1:8-9<\/h3>\n\n\n\n<p>Atiende, hijo m\u00edo, las correcciones de tu padre, y no menosprecies las ense\u00f1anzas de tu madre; Adorno de gracia ser\u00e1n sobre tu cabeza, y collares alrededor de tu cuello.<\/p>\n\n\n\n<h3 class=\"wp-block-heading\">1 Juan 2:15<\/h3>\n\n\n\n<p>No amen al mundo, ni las cosas que est\u00e1n en el mundo. Si alguno ama al mundo, el amor del Padre no est\u00e1 en \u00e9l.<\/p>\n\n\n\n<h3 class=\"wp-block-heading\">Santiago 1:5<\/h3>\n\n\n\n<p>Si alguno de ustedes requiere de sabidur\u00eda, p\u00eddasela a Dios, y \u00e9l se la dar\u00e1, pues Dios se la da a todos en abundancia y sin hacer ning\u00fan reproche.<\/p>\n\n\n\n<h3 class=\"wp-block-heading\">2 Corintios 5:17<\/h3>\n\n\n\n<p>De modo que si alguno est\u00e1 en Cristo, ya es una nueva creaci\u00f3n; atr\u00e1s ha quedado lo viejo: \u00a1ahora ya todo es nuevo!<\/p>\n\n\n\n<h2 class=\"wp-block-heading\">Lee Tambi\u00e9n:<\/h2>\n\n\n\n<ul class=\"wp-block-list\">\n<li><a href=\"https:\/\/thebibleverses.org\/es\/\">Vers\u00edculos por Tema<\/a><\/li>\n\n\n\n<li><a href=\"https:\/\/thebibleverses.org\/es\/amor\/\">Vers\u00edculos B\u00edblicos sobre el Amor<\/a><\/li>\n\n\n\n<li><a href=\"https:\/\/thebibleverses.org\/es\/fortaleza\/\">Vers\u00edculos B\u00edblicos de Fortaleza<\/a><\/li>\n\n\n\n<li><a href=\"https:\/\/thebibleverses.org\/es\/fe\/\">Vers\u00edculos B\u00edblicos sobre la Fe<\/a><\/li>\n\n\n\n<li><a href=\"https:\/\/thebibleverses.org\/es\/agradecimiento\/\">Vers\u00edculos B\u00edblicos de Agradecimiento<\/a><\/li>\n\n\n\n<li><a href=\"https:\/\/thebibleverses.org\/es\/amistad\/\">Vers\u00edculos B\u00edblicos sobre la Amistad<\/a><\/li>\n\n\n\n<li><a href=\"https:\/\/thebibleverses.org\/es\/sanidad\/\">Vers\u00edculos B\u00edblicos sobre Sanidad<\/a><\/li>\n\n\n\n<li><a href=\"https:\/\/thebibleverses.org\/es\/proteccion\/\">Vers\u00edculos B\u00edblicos de Protecci\u00f3n<\/a><\/li>\n<\/ul>\n","protected":false},"excerpt":{"rendered":"<p>Vers\u00edculos B\u00edblicos para J\u00f3venes Cristianos (Con Buenos Consejos) Descubre una selecci\u00f3n de vers\u00edculos b\u00edblicos especialmente dise\u00f1ados para j\u00f3venes, llenos de sabidur\u00eda y buenos consejos para enfrentar los desaf\u00edos de la vida. En este post, encontrar\u00e1s una recopilaci\u00f3n cuidadosamente seleccionada de vers\u00edculos que te inspirar\u00e1n y guiar\u00e1n en tu camino hacia una vida plena y significativa. [&hellip;]<\/p>\n","protected":false},"author":1,"featured_media":768,"parent":0,"menu_order":0,"comment_status":"open","ping_status":"closed","template":"","meta":{"footnotes":""},"class_list":["post-117","page","type-page","status-publish","has-post-thumbnail","hentry","entry","fw-tab-6 fw-tabr-4"],"_links":{"self":[{"href":"https:\/\/thebibleverses.org\/es\/wp-json\/wp\/v2\/pages\/117","targetHints":{"allow":["GET"]}}],"collection":[{"href":"https:\/\/thebibleverses.org\/es\/wp-json\/wp\/v2\/pages"}],"about":[{"href":"https:\/\/thebibleverses.org\/es\/wp-json\/wp\/v2\/types\/page"}],"author":[{"embeddable":true,"href":"https:\/\/thebibleverses.org\/es\/wp-json\/wp\/v2\/users\/1"}],"replies":[{"embeddable":true,"href":"https:\/\/thebibleverses.org\/es\/wp-json\/wp\/v2\/comments?post=117"}],"version-history":[{"count":0,"href":"https:\/\/thebibleverses.org\/es\/wp-json\/wp\/v2\/pages\/117\/revisions"}],"wp:featuredmedia":[{"embeddable":true,"href":"https:\/\/thebibleverses.org\/es\/wp-json\/wp\/v2\/media\/768"}],"wp:attachment":[{"href":"https:\/\/thebibleverses.org\/es\/wp-json\/wp\/v2\/media?parent=117"}],"curies":[{"name":"wp","href":"https:\/\/api.w.org\/{rel}","templated":true}]}}