{"id":115,"date":"2019-01-19T04:32:41","date_gmt":"2019-01-19T04:32:41","guid":{"rendered":"https:\/\/thebibleverses.org\/es\/?page_id=115"},"modified":"2023-06-03T21:54:10","modified_gmt":"2023-06-03T21:54:10","slug":"agradecimiento","status":"publish","type":"page","link":"https:\/\/thebibleverses.org\/es\/agradecimiento\/","title":{"rendered":"35 Vers\u00edculos B\u00edblicos de Agradecimiento y Gratitud"},"content":{"rendered":"<div class=\"wp-block-image\">\n<figure class=\"aligncenter size-large\"><img loading=\"lazy\" decoding=\"async\" width=\"1024\" height=\"631\" src=\"https:\/\/thebibleverses.org\/es\/wp-content\/uploads\/2022\/05\/Versiculos-Biblicos-de-Agradecimiento-1024x631.webp\" alt=\"Vers\u00edculos B\u00edblicos de Agradecimiento\" class=\"wp-image-690\" title=\"Vers\u00edculos B\u00edblicos de Agradecimiento\" srcset=\"https:\/\/thebibleverses.org\/es\/wp-content\/uploads\/2022\/05\/Versiculos-Biblicos-de-Agradecimiento-1024x631.webp 1024w, https:\/\/thebibleverses.org\/es\/wp-content\/uploads\/2022\/05\/Versiculos-Biblicos-de-Agradecimiento-300x185.webp 300w, https:\/\/thebibleverses.org\/es\/wp-content\/uploads\/2022\/05\/Versiculos-Biblicos-de-Agradecimiento-768x474.webp 768w, https:\/\/thebibleverses.org\/es\/wp-content\/uploads\/2022\/05\/Versiculos-Biblicos-de-Agradecimiento-320x197.webp 320w, https:\/\/thebibleverses.org\/es\/wp-content\/uploads\/2022\/05\/Versiculos-Biblicos-de-Agradecimiento-450x278.webp 450w, https:\/\/thebibleverses.org\/es\/wp-content\/uploads\/2022\/05\/Versiculos-Biblicos-de-Agradecimiento-720x444.webp 720w, https:\/\/thebibleverses.org\/es\/wp-content\/uploads\/2022\/05\/Versiculos-Biblicos-de-Agradecimiento-scaled.webp 644w\" sizes=\"auto, (max-width: 1024px) 100vw, 1024px\" \/><figcaption class=\"wp-element-caption\">Vers\u00edculos B\u00edblicos de Agradecimiento &#8211; Reina Valera Contempor\u00e1nea (RVC).<\/figcaption><\/figure><\/div>\n\n\n<h2 class=\"wp-block-heading\">Textos B\u00edblicos de Agradecimiento y Gratitud a Dios<\/h2>\n\n\n\n<p>Descubre una poderosa recopilaci\u00f3n de vers\u00edculos b\u00edblicos que te guiar\u00e1n en un viaje de agradecimiento a Dios. <strong>En este post, encontrar\u00e1s una selecci\u00f3n cuidadosamente elegida de vers\u00edculos que te inspirar\u00e1n a expresar gratitud por las bendiciones recibidas y a reconocer la generosidad de Dios en tu vida<\/strong>.<\/p>\n\n\n\n<p>Explora estas palabras sagradas llenas de esperanza y fortaleza, y aprende c\u00f3mo cultivar una actitud de gratitud en cada aspecto de tu existencia. Sumerge tu coraz\u00f3n y mente en las ense\u00f1anzas divinas y descubre c\u00f3mo el agradecimiento puede transformar tu vida. No pierdas la oportunidad de experimentar la paz y la alegr\u00eda que provienen de expresar tu gratitud hacia Dios.<\/p>\n\n\n\n<h3 class=\"wp-block-heading\">Lev\u00edtico 22:29<\/h3>\n\n\n\n<p>Cuando ustedes me ofrezcan un sacrificio de acci\u00f3n de gracias, deber\u00e1n hacerlo de tal manera que me sea aceptable (Lev 22:29).<\/p>\n\n\n\n<h3 class=\"wp-block-heading\">1 Cr\u00f3nicas 16:34<\/h3>\n\n\n\n<p>\u00a1Aclamen al Se\u00f1or, porque \u00e9l es bueno; porque su misericordia es eterna (1 Cro 16:34).<\/p>\n\n\n\n<h3 class=\"wp-block-heading\">Esdras 3:11<\/h3>\n\n\n\n<p>Y entonaban alabanzas de gratitud al Se\u00f1or, y dec\u00edan: \u00abDios es bueno, y su misericordia por Israel es eterna\u00bb. Y todo el pueblo un\u00e1nime alababa a Dios con j\u00fabilo al ver c\u00f3mo se echaban los cimientos del templo del Se\u00f1or (Esd 3:11).<\/p>\n\n\n\n<h3 class=\"wp-block-heading\">Salmos 75:1<\/h3>\n\n\n\n<p>Gracias te damos, Dios m\u00edo, gracias te damos, porque tu nombre est\u00e1 cerca de nosotros. \u00a1Todos hablan de tus hechos portentosos! (Sal 75:1).<\/p>\n\n\n\n<h3 class=\"wp-block-heading\">Salmos 100:4<\/h3>\n\n\n\n<p>Entremos por sus puertas y por sus atrios con alabanzas y con acci\u00f3n de gracias; \u00a1Alab\u00e9mosle, bendigamos su nombre! (Sal 100:4).<\/p>\n\n\n\n<h3 class=\"wp-block-heading\">Daniel 2:23<\/h3>\n\n\n\n<p>A ti, Dios de mis padres, te doy gracias y te alabo, porque me has dado fuerza y sabidur\u00eda, y ahora me has revelado lo que te pedimos: \u00a1nos has dado a conocer el asunto del rey! (Da 2:23).<\/p>\n\n\n\n<h3 class=\"wp-block-heading\">Daniel 6:10<\/h3>\n\n\n\n<p>Y cuando Daniel supo que el edicto hab\u00eda sido firmado, entr\u00f3 en su casa, abri\u00f3 las ventanas de su alcoba que daban hacia Jerusal\u00e9n, y tres veces al d\u00eda se arrodillaba y oraba a su Dios, d\u00e1ndole gracias como acostumbraba hacerlo (Da 6:10).<\/p>\n\n\n\n<h3 class=\"wp-block-heading\">Mateo 15:36<\/h3>\n\n\n\n<p>Luego tom\u00f3 los siete panes y los pescados, dio gracias, y los parti\u00f3 y dio a sus disc\u00edpulos, y ellos a la multitud (Mt 15:36).<\/p>\n\n\n\n<h3 class=\"wp-block-heading\">Mateo 26:27<\/h3>\n\n\n\n<p>Despu\u00e9s tom\u00f3 la copa, y luego de dar gracias, la entreg\u00f3 a sus disc\u00edpulos y les dijo: Beban de ella todos (Mt 26:27).<\/p>\n\n\n\n<h3 class=\"wp-block-heading\">Lucas 17:15-16<\/h3>\n\n\n\n<p>Entonces uno de ellos, al ver que hab\u00eda sido sanado, volvi\u00f3 alabando a Dios a voz en cuello, y rostro en tierra se arroj\u00f3 a los pies de Jes\u00fas y le dio las gracias. Este hombre era samaritano (Lc 17:15-16).<\/p>\n\n\n\n<h3 class=\"wp-block-heading\">Juan 11:41<\/h3>\n\n\n\n<p>Entonces quitaron la piedra. Y Jes\u00fas, levantando los ojos a lo alto, dijo: Padre, te doy gracias por haberme escuchado (Jn 11:41).<\/p>\n\n\n\n<h3 class=\"wp-block-heading\">Romanos 1:8<\/h3>\n\n\n\n<p>En primer lugar, por medio de Jesucristo doy gracias a mi Dios por todos ustedes y porque su fe se difunde por todo el mundo (Ro 1:8).<\/p>\n\n\n\n<h3 class=\"wp-block-heading\">1 Corintios 15:57<\/h3>\n\n\n\n<p>\u00a1Pero gracias sean dadas a Dios, de que nos da la victoria por medio de nuestro Se\u00f1or Jesucristo! (1 Co 15:57).<\/p>\n\n\n\n<h3 class=\"wp-block-heading\">Filipenses 4:6<\/h3>\n\n\n\n<p>No se preocupen por nada. Que sus peticiones sean conocidas delante de Dios en toda oraci\u00f3n y ruego, con acci\u00f3n de gracias (Filp 4:6).<\/p>\n\n\n\n<h3 class=\"wp-block-heading\">Colosenses 2:7<\/h3>\n\n\n\n<p>Arraigados y sobreedificados en \u00e9l, confirmados en la fe y rebosantes de acciones de gracias, que es como fueron ense\u00f1ados (Col 2:7).<\/p>\n\n\n\n<h3 class=\"wp-block-heading\">Colosenses 3:15<\/h3>\n\n\n\n<p>Que en el coraz\u00f3n de ustedes gobierne la paz de Cristo, a la cual fueron llamados en un solo cuerpo. Y sean agradecidos (Col 3:15).<\/p>\n\n\n\n<h3 class=\"wp-block-heading\">Colosenses 3:17<\/h3>\n\n\n\n<p>Y todo lo que hagan, ya sea de palabra o de hecho, h\u00e1ganlo en el nombre del Se\u00f1or Jes\u00fas, dando gracias a Dios el Padre por medio de \u00e9l (Col 3:17).<\/p>\n\n\n\n<h3 class=\"wp-block-heading\">Colosenses 4:2<\/h3>\n\n\n\n<p>Ded\u00edquense a la oraci\u00f3n, y sean constantes en sus acciones de gracias (Col 4:2).<\/p>\n\n\n\n<h3 class=\"wp-block-heading\">1 Timoteo 1:12<\/h3>\n\n\n\n<p>Doy gracias a Cristo Jes\u00fas nuestro Se\u00f1or, que me fortaleci\u00f3, porque me consider\u00f3 fiel al ponerme en el ministerio (1 Ti 1:12).<\/p>\n\n\n\n<h3 class=\"wp-block-heading\">1 Tesalonicenses 5:18<\/h3>\n\n\n\n<p>Den gracias en todo, porque esta es la voluntad de Dios para ustedes en Cristo Jes\u00fas (1 Tes 5:18).<\/p>\n\n\n\n<h3 class=\"wp-block-heading\">Apocalipsis 4:9<\/h3>\n\n\n\n<p>Cada vez que aquellos seres vivientes daban gloria, honra y acci\u00f3n de gracias al que estaba sentado en el trono y que vive por los siglos de los siglos (Ap 4:9).<\/p>\n\n\n\n<h3 class=\"wp-block-heading\">Salmos 28:7<\/h3>\n\n\n\n<p>T\u00fa, Se\u00f1or, eres mi escudo y mi fuerza; en ti conf\u00eda mi coraz\u00f3n, pues recibo tu ayuda. Por eso mi coraz\u00f3n se alegra y te alaba con sus c\u00e1nticos.<\/p>\n\n\n\n<h3 class=\"wp-block-heading\">1 Timoteo 4:4-5<\/h3>\n\n\n\n<p>Porque todo lo que Dios cre\u00f3 es bueno, y nada es desechable, si se toma con acci\u00f3n de gracias, pues por la palabra de Dios y por la oraci\u00f3n es santificado.<\/p>\n\n\n\n<h3 class=\"wp-block-heading\">Efesios 5:20<\/h3>\n\n\n\n<p>Y den siempre gracias por todo al Dios y Padre, en el nombre de nuestro Se\u00f1or Jesucristo.<\/p>\n\n\n\n<h3 class=\"wp-block-heading\">2 Corintios 9:11<\/h3>\n\n\n\n<p>Para que sean ustedes enriquecidos en todo, para toda generosidad, que por medio de nosotros produce acci\u00f3n de gracias a Dios.<\/p>\n\n\n\n<h3 class=\"wp-block-heading\">1 Corintios 14:16<\/h3>\n\n\n\n<p>Porque si t\u00fa alabas a Dios s\u00f3lo con el esp\u00edritu, \u00bfqu\u00e9 har\u00e1 el que solamente est\u00e1 escuchando? \u00bfC\u00f3mo dir\u00e1 \u00abAm\u00e9n\u00bb a tu acci\u00f3n de gracias, si no sabe lo que has dicho?<\/p>\n\n\n\n<h3 class=\"wp-block-heading\">Jon\u00e1s 2:9<\/h3>\n\n\n\n<p>Pero yo, con voz de alabanza, te ofrecer\u00e9 sacrificios y cumplir\u00e9 mis promesas. La salvaci\u00f3n es tuya, Se\u00f1or.\u00bb<\/p>\n\n\n\n<h3 class=\"wp-block-heading\">Salmos 136:26<\/h3>\n\n\n\n<p>\u00a1Alabemos al Dios de los cielos! \u00a1Su misericordia permanece para siempre!<\/p>\n\n\n\n<h3 class=\"wp-block-heading\">Salmos 95:2<\/h3>\n\n\n\n<p>\u00a1Lleguemos ante su presencia con alabanza! \u00a1Aclam\u00e9mosle con c\u00e1nticos!<\/p>\n\n\n\n<h3 class=\"wp-block-heading\">Salmos 107:22<\/h3>\n\n\n\n<p>\u00a1Ofrezc\u00e1mosle sacrificios de gratitud, y jubilosos proclamemos sus obras!<\/p>\n\n\n\n<h3 class=\"wp-block-heading\">Salmos 116:17<\/h3>\n\n\n\n<p>El sacrificio que te ofrezco es mi alabanza; voy, Se\u00f1or, a proclamar tu nombre.<\/p>\n\n\n\n<h3 class=\"wp-block-heading\">Salmos 118:21<\/h3>\n\n\n\n<p>Te alabo, Se\u00f1or, porque me escuchas, y porque me das tu salvaci\u00f3n.<\/p>\n\n\n\n<h3 class=\"wp-block-heading\">2 Corintios 2:14<\/h3>\n\n\n\n<p>Pero gracias a Dios, que en Cristo Jes\u00fas siempre nos hace salir triunfantes, y que por medio de nosotros manifiesta en todas partes el aroma de su conocimiento.<\/p>\n\n\n\n<h3 class=\"wp-block-heading\">1 Cr\u00f3nicas 29:12-13<\/h3>\n\n\n\n<p>De ti proceden las riquezas y la gloria. T\u00fa dominas sobre todo. En tu mano est\u00e1n la fuerza y el poder, y en tu mano tambi\u00e9n est\u00e1 el engrandecer y el dar poder a todos. Por eso ahora, Dios nuestro, alabamos y loamos tu glorioso nombre.<\/p>\n\n\n\n<h3 class=\"wp-block-heading\">2 Samuel 22:49-50<\/h3>\n\n\n\n<p>Es el Dios que me libra de mis adversarios, que me eleva por encima de mis oponentes, \u00a1que me pone a salvo de los violentos! Por eso alabo al Se\u00f1or entre los pueblos, y canto salmos a su nombre.<\/p>\n\n\n\n<h2 class=\"wp-block-heading\">Lee Tambi\u00e9n:<\/h2>\n\n\n\n<ul class=\"wp-block-list\">\n<li><a href=\"https:\/\/thebibleverses.org\/es\/\">Vers\u00edculos por Tema<\/a><\/li>\n\n\n\n<li><a href=\"https:\/\/thebibleverses.org\/es\/amor\/\">Vers\u00edculos B\u00edblicos sobre el Amor<\/a><\/li>\n\n\n\n<li><a href=\"https:\/\/thebibleverses.org\/es\/fortaleza\/\">Vers\u00edculos B\u00edblicos de Fortaleza<\/a><\/li>\n\n\n\n<li><a href=\"https:\/\/thebibleverses.org\/es\/fe\/\">Vers\u00edculos B\u00edblicos sobre la Fe<\/a><\/li>\n\n\n\n<li><a href=\"https:\/\/thebibleverses.org\/es\/jovenes\/\">Vers\u00edculos B\u00edblicos para J\u00f3venes<\/a><\/li>\n\n\n\n<li><a href=\"https:\/\/thebibleverses.org\/es\/amistad\/\">Vers\u00edculos B\u00edblicos sobre la Amistad<\/a><\/li>\n\n\n\n<li><a href=\"https:\/\/thebibleverses.org\/es\/sanidad\/\">Vers\u00edculos B\u00edblicos sobre Sanidad<\/a><\/li>\n<\/ul>\n","protected":false},"excerpt":{"rendered":"<p>Textos B\u00edblicos de Agradecimiento y Gratitud a Dios Descubre una poderosa recopilaci\u00f3n de vers\u00edculos b\u00edblicos que te guiar\u00e1n en un viaje de agradecimiento a Dios. En este post, encontrar\u00e1s una selecci\u00f3n cuidadosamente elegida de vers\u00edculos que te inspirar\u00e1n a expresar gratitud por las bendiciones recibidas y a reconocer la generosidad de Dios en tu vida. [&hellip;]<\/p>\n","protected":false},"author":1,"featured_media":690,"parent":0,"menu_order":0,"comment_status":"open","ping_status":"closed","template":"","meta":{"footnotes":""},"class_list":["post-115","page","type-page","status-publish","has-post-thumbnail","hentry","entry","fw-tab-6 fw-tabr-4"],"_links":{"self":[{"href":"https:\/\/thebibleverses.org\/es\/wp-json\/wp\/v2\/pages\/115","targetHints":{"allow":["GET"]}}],"collection":[{"href":"https:\/\/thebibleverses.org\/es\/wp-json\/wp\/v2\/pages"}],"about":[{"href":"https:\/\/thebibleverses.org\/es\/wp-json\/wp\/v2\/types\/page"}],"author":[{"embeddable":true,"href":"https:\/\/thebibleverses.org\/es\/wp-json\/wp\/v2\/users\/1"}],"replies":[{"embeddable":true,"href":"https:\/\/thebibleverses.org\/es\/wp-json\/wp\/v2\/comments?post=115"}],"version-history":[{"count":0,"href":"https:\/\/thebibleverses.org\/es\/wp-json\/wp\/v2\/pages\/115\/revisions"}],"wp:featuredmedia":[{"embeddable":true,"href":"https:\/\/thebibleverses.org\/es\/wp-json\/wp\/v2\/media\/690"}],"wp:attachment":[{"href":"https:\/\/thebibleverses.org\/es\/wp-json\/wp\/v2\/media?parent=115"}],"curies":[{"name":"wp","href":"https:\/\/api.w.org\/{rel}","templated":true}]}}