{"id":1042,"date":"2022-11-11T19:00:46","date_gmt":"2022-11-11T19:00:46","guid":{"rendered":"https:\/\/thebibleverses.org\/es\/?page_id=1042"},"modified":"2022-11-11T19:01:31","modified_gmt":"2022-11-11T19:01:31","slug":"alimento-espiritual","status":"publish","type":"page","link":"https:\/\/thebibleverses.org\/es\/alimento-espiritual\/","title":{"rendered":"18 Vers\u00edculos de la Biblia sobre el Alimento Espiritual"},"content":{"rendered":"<div class=\"wp-block-image\">\n<figure class=\"aligncenter size-large\"><img loading=\"lazy\" decoding=\"async\" width=\"1024\" height=\"631\" src=\"https:\/\/thebibleverses.org\/es\/wp-content\/uploads\/2022\/11\/Alimento-Espiritual-1024x631.webp\" alt=\"Vers\u00edculos de la Biblia sobre el Alimento Espiritual\" class=\"wp-image-1043\" srcset=\"https:\/\/thebibleverses.org\/es\/wp-content\/uploads\/2022\/11\/Alimento-Espiritual-1024x631.webp 1024w, https:\/\/thebibleverses.org\/es\/wp-content\/uploads\/2022\/11\/Alimento-Espiritual-300x185.webp 300w, https:\/\/thebibleverses.org\/es\/wp-content\/uploads\/2022\/11\/Alimento-Espiritual-768x474.webp 768w, https:\/\/thebibleverses.org\/es\/wp-content\/uploads\/2022\/11\/Alimento-Espiritual-320x197.webp 320w, https:\/\/thebibleverses.org\/es\/wp-content\/uploads\/2022\/11\/Alimento-Espiritual-450x278.webp 450w, https:\/\/thebibleverses.org\/es\/wp-content\/uploads\/2022\/11\/Alimento-Espiritual-720x444.webp 720w, https:\/\/thebibleverses.org\/es\/wp-content\/uploads\/2022\/11\/Alimento-Espiritual-scaled.webp 644w\" sizes=\"auto, (max-width: 1024px) 100vw, 1024px\" \/><figcaption class=\"wp-element-caption\">Vers\u00edculos de la Biblia sobre el Alimento Espiritual &#8211; Reina Valera Contempor\u00e1nea<\/figcaption><\/figure><\/div>\n\n\n<h2 class=\"wp-block-heading\">Salmos 19:9-10<\/h2>\n\n\n\n<p>El temor del Se\u00f1or es bueno: permanece para siempre. Los decretos del Se\u00f1or son verdaderos, y todos ellos justos. Son m\u00e1s deseables que el oro refinado y m\u00e1s dulces que la miel que destila del panal (Sal 19:9-10).<\/p>\n\n\n\n<h2 class=\"wp-block-heading\">Salmos 119:103<\/h2>\n\n\n\n<p>\u00a1Cu\u00e1n dulces son tus palabras en mi boca! \u00a1Son m\u00e1s dulces que la miel en mis labios! (Sal 119:103).<\/p>\n\n\n\n<h2 class=\"wp-block-heading\">Isa\u00edas 25:6<\/h2>\n\n\n\n<p>En este monte el Se\u00f1or de los ej\u00e9rcitos ofrecer\u00e1 un banquete a todos los pueblos. Habr\u00e1 los manjares m\u00e1s suculentos y los vinos m\u00e1s refinados (Is 25:6).<\/p>\n\n\n\n<h2 class=\"wp-block-heading\">Isa\u00edas 55:1<\/h2>\n\n\n\n<p>Todos ustedes, los que tienen sed: Vengan a las aguas; y ustedes, los que no tienen dinero, vengan y compren, y coman. Vengan y compren vino y leche, sin que tengan que pagar con dinero (Is 55:1).<\/p>\n\n\n\n<h2 class=\"wp-block-heading\">Isa\u00edas 55:2<\/h2>\n\n\n\n<p>\u00bfPor qu\u00e9 gastan su dinero en lo que no alimenta, y su sueldo en lo que no les sacia? Esc\u00fachenme bien, y coman lo que es bueno; del\u00e9itense con la mejor comida (Is 55:2).<\/p>\n\n\n\n<h2 class=\"wp-block-heading\">Jerem\u00edas 3:15<\/h2>\n\n\n\n<p>Yo les dar\u00e9 gobernantes que los cuiden y alimenten de manera sabia e inteligente; gobernantes que hagan mi voluntad (Jr 3:15).<\/p>\n\n\n\n<h2 class=\"wp-block-heading\">Jerem\u00edas 15:16<\/h2>\n\n\n\n<p>Se\u00f1or, Dios de los ej\u00e9rcitos, cuando hall\u00e9 tus palabras, literalmente las devor\u00e9; tus palabras son el gozo y la alegr\u00eda de mi coraz\u00f3n, porque tu nombre ha sido invocado sobre m\u00ed (Jr 15:16).<\/p>\n\n\n\n<h2 class=\"wp-block-heading\">Ezequiel 34:14<\/h2>\n\n\n\n<p>Las apacentar\u00e9 en los mejores pastos, y pondr\u00e9 su aprisco en los altos montes de Israel; all\u00ed dormir\u00e1n en un buen redil, y ser\u00e1n apacentadas en los pastos suculentos de los montes de Israel (Ez 34:14).<\/p>\n\n\n\n<h2 class=\"wp-block-heading\">Juan 6:51<\/h2>\n\n\n\n<p>Yo soy el pan vivo que descendi\u00f3 del cielo. Si alguno come de este pan, vivir\u00e1 para siempre; y el pan que yo dar\u00e9 es mi carne, la cual dar\u00e9 por la vida del mundo (Jn 6:51).<\/p>\n\n\n\n<h2 class=\"wp-block-heading\">Juan 10:9<\/h2>\n\n\n\n<p>Yo soy la puerta; el que por m\u00ed entra, ser\u00e1 salvo; y entrar\u00e1 y saldr\u00e1, y hallar\u00e1 pastos (Jn 10:9).<\/p>\n\n\n\n<h2 class=\"wp-block-heading\">1 Corintios 10:3-4<\/h2>\n\n\n\n<p>Tambi\u00e9n todos ellos comieron el mismo alimento espiritual, y todos bebieron la misma bebida espiritual, porque beb\u00edan de la roca espiritual que los segu\u00eda, la cual era Cristo (1 Co 10:3-4).<\/p>\n\n\n\n<h2 class=\"wp-block-heading\">Hebreos 5:12-13<\/h2>\n\n\n\n<p>Aunque despu\u00e9s de tanto tiempo ya debieran ser maestros, todav\u00eda es necesario que se les vuelva a ense\u00f1ar lo m\u00e1s elemental de las palabras de Dios. Esto es tan as\u00ed que lo que necesitan es leche, y no alimento s\u00f3lido. Pero todos los que se alimentan de leche son inexpertos en la palabra de justicia, porque son como ni\u00f1os (Heb 5:12-13).<\/p>\n\n\n\n<h2 class=\"wp-block-heading\">1 Pedro 2:2<\/h2>\n\n\n\n<p>Busquen, como los ni\u00f1os reci\u00e9n nacidos, la leche espiritual no adulterada, para que por medio de ella crezcan y sean salvos (1 Pe 2:2).<\/p>\n\n\n\n<h2 class=\"wp-block-heading\">Job 23:12<\/h2>\n\n\n\n<p>Nunca me he apartado de sus mandamientos; sus palabras me son m\u00e1s preciadas que la comida (Job 23:12).<\/p>\n\n\n\n<h2 class=\"wp-block-heading\">\u00c9xodo 16:4<\/h2>\n\n\n\n<p>El Se\u00f1or le dijo a Mois\u00e9s: Como ver\u00e1s, yo voy a hacer que les llueva pan del cielo. Para ver si ustedes obedecen o no mis leyes, cada uno de ustedes debe salir todos los d\u00edas y recoger la porci\u00f3n para ese d\u00eda (\u00c9x 16:4).<\/p>\n\n\n\n<h2 class=\"wp-block-heading\">Salmos 78:24<\/h2>\n\n\n\n<p>Y como lluvia dej\u00f3 caer sobre ellos el man\u00e1; \u00a1les dio a comer el trigo de los cielos! (Sal 78:24).<\/p>\n\n\n\n<h2 class=\"wp-block-heading\">Apocalipsis 2:7<\/h2>\n\n\n\n<p>El que tenga o\u00eddos, que oiga lo que el Esp\u00edritu dice a las iglesias. Al que salga vencedor, le permitir\u00e9 comer del \u00e1rbol de la vida, el cual est\u00e1 en medio del para\u00edso de Dios (Ap 2:7).<\/p>\n\n\n\n<h2 class=\"wp-block-heading\">Apocalipsis 2:17<\/h2>\n\n\n\n<p>El que tenga o\u00eddos, que oiga lo que el Esp\u00edritu dice a las iglesias: Al que salga vencedor, le dar\u00e9 a comer del man\u00e1 escondido, y le dar\u00e9 tambi\u00e9n una piedrecita blanca; en ella est\u00e1 escrito un nombre nuevo, que nadie conoce sino el que lo recibe (Ap 2:17).<\/p>\n\n\n\n<h2 class=\"wp-block-heading\">Lee Tambi\u00e9n:<\/h2>\n\n\n\n<ul class=\"wp-block-list\">\n<li><a href=\"https:\/\/thebibleverses.org\/es\/\">Vers\u00edculos por Tema<\/a><\/li>\n\n\n\n<li><a href=\"https:\/\/thebibleverses.org\/es\/confianza-en-dios\/\">Vers\u00edculos B\u00edblicos de Confianza en Dios<\/a><\/li>\n\n\n\n<li><a href=\"https:\/\/thebibleverses.org\/es\/amor\/\">Vers\u00edculos B\u00edblicos sobre el Amor<\/a><\/li>\n\n\n\n<li><a href=\"https:\/\/thebibleverses.org\/es\/fortaleza\/\">Vers\u00edculos B\u00edblicos de Fortaleza<\/a><\/li>\n\n\n\n<li><a href=\"https:\/\/thebibleverses.org\/es\/agradecimiento\/\">Vers\u00edculos B\u00edblicos de Agradecimiento<\/a><\/li>\n\n\n\n<li><a href=\"https:\/\/thebibleverses.org\/es\/jovenes\/\">Vers\u00edculos B\u00edblicos para J\u00f3venes<\/a><\/li>\n\n\n\n<li><a href=\"https:\/\/thebibleverses.org\/es\/amistad\/\">Vers\u00edculos B\u00edblicos sobre la Amistad<\/a><\/li>\n\n\n\n<li><a href=\"https:\/\/thebibleverses.org\/es\/sanidad\/\">Vers\u00edculos B\u00edblicos sobre Sanidad<\/a><\/li>\n<\/ul>\n","protected":false},"excerpt":{"rendered":"<p>Salmos 19:9-10 El temor del Se\u00f1or es bueno: permanece para siempre. Los decretos del Se\u00f1or son verdaderos, y todos ellos justos. Son m\u00e1s deseables que el oro refinado y m\u00e1s dulces que la miel que destila del panal (Sal 19:9-10). Salmos 119:103 \u00a1Cu\u00e1n dulces son tus palabras en mi boca! \u00a1Son m\u00e1s dulces que la [&hellip;]<\/p>\n","protected":false},"author":1,"featured_media":1043,"parent":0,"menu_order":0,"comment_status":"open","ping_status":"closed","template":"","meta":{"footnotes":""},"class_list":["post-1042","page","type-page","status-publish","has-post-thumbnail","hentry","entry","fw-tab-6 fw-tabr-4"],"_links":{"self":[{"href":"https:\/\/thebibleverses.org\/es\/wp-json\/wp\/v2\/pages\/1042","targetHints":{"allow":["GET"]}}],"collection":[{"href":"https:\/\/thebibleverses.org\/es\/wp-json\/wp\/v2\/pages"}],"about":[{"href":"https:\/\/thebibleverses.org\/es\/wp-json\/wp\/v2\/types\/page"}],"author":[{"embeddable":true,"href":"https:\/\/thebibleverses.org\/es\/wp-json\/wp\/v2\/users\/1"}],"replies":[{"embeddable":true,"href":"https:\/\/thebibleverses.org\/es\/wp-json\/wp\/v2\/comments?post=1042"}],"version-history":[{"count":0,"href":"https:\/\/thebibleverses.org\/es\/wp-json\/wp\/v2\/pages\/1042\/revisions"}],"wp:featuredmedia":[{"embeddable":true,"href":"https:\/\/thebibleverses.org\/es\/wp-json\/wp\/v2\/media\/1043"}],"wp:attachment":[{"href":"https:\/\/thebibleverses.org\/es\/wp-json\/wp\/v2\/media?parent=1042"}],"curies":[{"name":"wp","href":"https:\/\/api.w.org\/{rel}","templated":true}]}}