{"id":1038,"date":"2022-11-11T18:45:46","date_gmt":"2022-11-11T18:45:46","guid":{"rendered":"https:\/\/thebibleverses.org\/es\/?page_id=1038"},"modified":"2022-11-11T18:46:23","modified_gmt":"2022-11-11T18:46:23","slug":"frutos","status":"publish","type":"page","link":"https:\/\/thebibleverses.org\/es\/frutos\/","title":{"rendered":"25 Vers\u00edculos de la Biblia sobre Dar Frutos Espirituales"},"content":{"rendered":"<div class=\"wp-block-image\">\n<figure class=\"aligncenter size-large\"><img loading=\"lazy\" decoding=\"async\" width=\"1024\" height=\"631\" src=\"https:\/\/thebibleverses.org\/es\/wp-content\/uploads\/2022\/11\/Dar-Fruto-Espiritual-1024x631.webp\" alt=\"Vers\u00edculos de la Biblia sobre Dar Frutos\" class=\"wp-image-1039\" srcset=\"https:\/\/thebibleverses.org\/es\/wp-content\/uploads\/2022\/11\/Dar-Fruto-Espiritual-1024x631.webp 1024w, https:\/\/thebibleverses.org\/es\/wp-content\/uploads\/2022\/11\/Dar-Fruto-Espiritual-300x185.webp 300w, https:\/\/thebibleverses.org\/es\/wp-content\/uploads\/2022\/11\/Dar-Fruto-Espiritual-768x474.webp 768w, https:\/\/thebibleverses.org\/es\/wp-content\/uploads\/2022\/11\/Dar-Fruto-Espiritual-320x197.webp 320w, https:\/\/thebibleverses.org\/es\/wp-content\/uploads\/2022\/11\/Dar-Fruto-Espiritual-450x278.webp 450w, https:\/\/thebibleverses.org\/es\/wp-content\/uploads\/2022\/11\/Dar-Fruto-Espiritual-720x444.webp 720w, https:\/\/thebibleverses.org\/es\/wp-content\/uploads\/2022\/11\/Dar-Fruto-Espiritual-scaled.webp 644w\" sizes=\"auto, (max-width: 1024px) 100vw, 1024px\" \/><figcaption class=\"wp-element-caption\">Vers\u00edculos de la Biblia sobre Dar Frutos Espirituales &#8211; Reina Valera Contempor\u00e1nea<\/figcaption><\/figure><\/div>\n\n\n<h2 class=\"wp-block-heading\">Mateo 3:8<\/h2>\n\n\n\n<p>Produzcan frutos dignos de arrepentimiento (Mt 3:8).<\/p>\n\n\n\n<h2 class=\"wp-block-heading\">Mateo 7:16-18<\/h2>\n\n\n\n<p>Ustedes los conocer\u00e1n por sus frutos, pues no se recogen uvas de los espinos, ni higos de los abrojos. Del mismo modo, todo buen \u00e1rbol da buenos frutos, pero el \u00e1rbol malo da frutos malos. El buen \u00e1rbol no puede dar frutos malos, ni el \u00e1rbol malo dar frutos buenos (Mt 7:16-18).<\/p>\n\n\n\n<h2 class=\"wp-block-heading\">Mateo 12:33<\/h2>\n\n\n\n<p>Si el \u00e1rbol es bueno, tambi\u00e9n su fruto es bueno; pero si el \u00e1rbol es malo, tambi\u00e9n su fruto es malo. Al \u00e1rbol se le conoce por sus frutos (Mt 12:33).<\/p>\n\n\n\n<h2 class=\"wp-block-heading\">Mateo 13:8<\/h2>\n\n\n\n<p>Pero una parte cay\u00f3 en buena tierra, y rindi\u00f3 una cosecha de cien, sesenta, y hasta treinta semillas por una (Mt 13:8).<\/p>\n\n\n\n<h2 class=\"wp-block-heading\">Juan 12:24<\/h2>\n\n\n\n<p>De cierto, de cierto les digo que, si el grano de trigo no cae en la tierra y muere, se queda solo; pero si muere, lleva mucho fruto (Jn 12:24).<\/p>\n\n\n\n<h2 class=\"wp-block-heading\">Mateo 13:23<\/h2>\n\n\n\n<p>Pero la semilla sembrada en buena tierra es el que oye la palabra y la entiende, y da fruto, y produce cien, sesenta, y treinta semillas por cada semilla sembrada (Mt 13:23).<\/p>\n\n\n\n<h2 class=\"wp-block-heading\">Juan 15:2<\/h2>\n\n\n\n<p>Todo p\u00e1mpano que en m\u00ed no lleva fruto, lo quitar\u00e1; y todo aquel que lleva fruto, lo limpiar\u00e1, para que lleve m\u00e1s fruto (Jn 15:2).<\/p>\n\n\n\n<h2 class=\"wp-block-heading\">Juan 15:5<\/h2>\n\n\n\n<p>Yo soy la vid y ustedes los p\u00e1mpanos; el que permanece en m\u00ed, y yo en \u00e9l, \u00e9ste lleva mucho fruto; porque separados de m\u00ed ustedes nada pueden hacer (Jn 15:5).<\/p>\n\n\n\n<h2 class=\"wp-block-heading\">Juan 15:8<\/h2>\n\n\n\n<p>En esto es glorificado mi Padre: en que lleven mucho fruto, y sean as\u00ed mis disc\u00edpulos (Jn 15:8).<\/p>\n\n\n\n<h2 class=\"wp-block-heading\">Juan 15:16<\/h2>\n\n\n\n<p>Ustedes no me eligieron a m\u00ed. M\u00e1s bien, yo los eleg\u00ed a ustedes, y los he puesto para que vayan y lleven fruto, y su fruto permanezca; para que todo lo que pidan al Padre en mi nombre, \u00e9l se lo conceda (Jn 15:16).<\/p>\n\n\n\n<h2 class=\"wp-block-heading\">Romanos 7:4<\/h2>\n\n\n\n<p>As\u00ed tambi\u00e9n ustedes, hermanos m\u00edos, por medio del cuerpo de Cristo han muerto a la ley, para pertenecer a otro, al que resucit\u00f3 de los muertos, a fin de que demos fruto para Dios (Ro 7:4).<\/p>\n\n\n\n<h2 class=\"wp-block-heading\">G\u00e1latas 5:22-23<\/h2>\n\n\n\n<p>Pero el fruto del Esp\u00edritu es amor, gozo, paz, paciencia, benignidad, bondad, fe, mansedumbre, templanza. Contra tales cosas no hay ley (G\u00e1 5:22-23).<\/p>\n\n\n\n<h2 class=\"wp-block-heading\">Efesios 5:8-9<\/h2>\n\n\n\n<p>En otro tiempo, ustedes eran oscuridad; pero ahora son luz en el Se\u00f1or. Por tanto, vivan como hijos de luz (porque el fruto del Esp\u00edritu se manifiesta en toda bondad, justicia y verdad).<\/p>\n\n\n\n<h2 class=\"wp-block-heading\">Filipenses 1:11<\/h2>\n\n\n\n<p>Llenos de los frutos de justicia que vienen por medio de Jesucristo, para gloria y alabanza de Dios (Filp 1:11).<\/p>\n\n\n\n<h2 class=\"wp-block-heading\">Colosenses 1:10<\/h2>\n\n\n\n<p>Para que vivan como es digno del Se\u00f1or, es decir, siempre haciendo todo lo que a \u00e9l le agrada, produciendo los frutos de toda buena obra, y creciendo en el conocimiento de Dios (Col 1:10).<\/p>\n\n\n\n<h2 class=\"wp-block-heading\">Hebreos 12:11<\/h2>\n\n\n\n<p>Claro que ninguna disciplina nos pone alegres al momento de recibirla, sino m\u00e1s bien tristes; pero despu\u00e9s de ser ejercitados en ella, nos produce un fruto apacible de justicia (Heb 12:11).<\/p>\n\n\n\n<h2 class=\"wp-block-heading\">Santiago 3:17<\/h2>\n\n\n\n<p>Pero la sabidur\u00eda que viene de lo alto es, ante todo, pura, y adem\u00e1s pac\u00edfica, amable, benigna, llena de compasi\u00f3n y de buenos frutos, ecu\u00e1nime y genuina (Stg 3:17).<\/p>\n\n\n\n<h2 class=\"wp-block-heading\">Santiago 3:18<\/h2>\n\n\n\n<p>Y el fruto de la justicia se siembra en paz para los que trabajan por la paz (Stg 3:18).<\/p>\n\n\n\n<h2 class=\"wp-block-heading\">Mateo 7:20<\/h2>\n\n\n\n<p>As\u00ed que ustedes los conocer\u00e1n por sus frutos (Mt 7:20).<\/p>\n\n\n\n<h2 class=\"wp-block-heading\">Salmos 1:1-3<\/h2>\n\n\n\n<p>Bienaventurado el hombre que no anda en compa\u00f1\u00eda de malvados, ni se detiene a hablar con pecadores, ni se sienta a conversar con blasfemos. Que, por el contrario, se deleita en la ley del Se\u00f1or, y d\u00eda y noche medita en ella. Ese hombre es como un \u00e1rbol plantado junto a los arroyos: llegado el momento da su fruto, y sus hojas no se marchitan. \u00a1En todo lo que hace, prospera (Sal 1:1-3).<\/p>\n\n\n\n<h2 class=\"wp-block-heading\">Salmos 92:12-14<\/h2>\n\n\n\n<p>Los justos florecer\u00e1n como las palmeras; crecer\u00e1n como los cedros del L\u00edbano. Ser\u00e1n plantados en la casa del Se\u00f1or, y florecer\u00e1n en los atrios de nuestro Dios. Aun en su vejez dar\u00e1n frutos y se mantendr\u00e1n sanos y vigorosos (Sal 92:12-14)<\/p>\n\n\n\n<h2 class=\"wp-block-heading\">Proverbios 11:30<\/h2>\n\n\n\n<p>El fruto del justo es \u00e1rbol de vida; el que arrebata la vida no es sabio (Pr 11:30).<\/p>\n\n\n\n<h2 class=\"wp-block-heading\">Proverbios 12:14<\/h2>\n\n\n\n<p>El hombre se sacia del buen fruto de su boca, y recibe su paga seg\u00fan la obra de sus manos (Pr 12:14).<\/p>\n\n\n\n<h2 class=\"wp-block-heading\">Jerem\u00edas 17:7-8<\/h2>\n\n\n\n<p>Pero bendito el hombre que conf\u00eda en m\u00ed, que soy el Se\u00f1or, y que en m\u00ed pone su confianza. Ese hombre es como un \u00e1rbol plantado junto a los arroyos; echa sus ra\u00edces junto a las corrientes, y no se da cuenta cuando llega el calor; sus hojas siempre est\u00e1n verdes, y en los a\u00f1os de sequ\u00eda no se marchita ni deja de dar fruto (Jr 17:7-8).<\/p>\n\n\n\n<h2 class=\"wp-block-heading\">Isa\u00edas 27:6<\/h2>\n\n\n\n<p>Viene el d\u00eda en que Jacob echar\u00e1 ra\u00edces; Israel florecer\u00e1 y echar\u00e1 renuevos, y todo el mundo se llenar\u00e1 con sus frutos (Is 27:6).<\/p>\n\n\n\n<h2 class=\"wp-block-heading\">Lee Tambi\u00e9n:<\/h2>\n\n\n\n<ul class=\"wp-block-list\">\n<li><a href=\"https:\/\/thebibleverses.org\/es\/\">Vers\u00edculos por Tema<\/a><\/li>\n\n\n\n<li><a href=\"https:\/\/thebibleverses.org\/es\/confianza-en-dios\/\">Vers\u00edculos B\u00edblicos de Confianza en Dios<\/a><\/li>\n\n\n\n<li><a href=\"https:\/\/thebibleverses.org\/es\/amor\/\">Vers\u00edculos B\u00edblicos sobre el Amor<\/a><\/li>\n\n\n\n<li><a href=\"https:\/\/thebibleverses.org\/es\/fortaleza\/\">Vers\u00edculos B\u00edblicos de Fortaleza<\/a><\/li>\n\n\n\n<li><a href=\"https:\/\/thebibleverses.org\/es\/agradecimiento\/\">Vers\u00edculos B\u00edblicos de Agradecimiento<\/a><\/li>\n\n\n\n<li><a href=\"https:\/\/thebibleverses.org\/es\/jovenes\/\">Vers\u00edculos B\u00edblicos para J\u00f3venes<\/a><\/li>\n\n\n\n<li><a href=\"https:\/\/thebibleverses.org\/es\/amistad\/\">Vers\u00edculos B\u00edblicos sobre la Amistad<\/a><\/li>\n\n\n\n<li><a href=\"https:\/\/thebibleverses.org\/es\/sanidad\/\">Vers\u00edculos B\u00edblicos sobre Sanidad<\/a><\/li>\n<\/ul>\n","protected":false},"excerpt":{"rendered":"<p>Mateo 3:8 Produzcan frutos dignos de arrepentimiento (Mt 3:8). Mateo 7:16-18 Ustedes los conocer\u00e1n por sus frutos, pues no se recogen uvas de los espinos, ni higos de los abrojos. Del mismo modo, todo buen \u00e1rbol da buenos frutos, pero el \u00e1rbol malo da frutos malos. El buen \u00e1rbol no puede dar frutos malos, ni [&hellip;]<\/p>\n","protected":false},"author":1,"featured_media":1039,"parent":0,"menu_order":0,"comment_status":"open","ping_status":"closed","template":"","meta":{"footnotes":""},"class_list":["post-1038","page","type-page","status-publish","has-post-thumbnail","hentry","entry","fw-tab-6 fw-tabr-4"],"_links":{"self":[{"href":"https:\/\/thebibleverses.org\/es\/wp-json\/wp\/v2\/pages\/1038","targetHints":{"allow":["GET"]}}],"collection":[{"href":"https:\/\/thebibleverses.org\/es\/wp-json\/wp\/v2\/pages"}],"about":[{"href":"https:\/\/thebibleverses.org\/es\/wp-json\/wp\/v2\/types\/page"}],"author":[{"embeddable":true,"href":"https:\/\/thebibleverses.org\/es\/wp-json\/wp\/v2\/users\/1"}],"replies":[{"embeddable":true,"href":"https:\/\/thebibleverses.org\/es\/wp-json\/wp\/v2\/comments?post=1038"}],"version-history":[{"count":0,"href":"https:\/\/thebibleverses.org\/es\/wp-json\/wp\/v2\/pages\/1038\/revisions"}],"wp:featuredmedia":[{"embeddable":true,"href":"https:\/\/thebibleverses.org\/es\/wp-json\/wp\/v2\/media\/1039"}],"wp:attachment":[{"href":"https:\/\/thebibleverses.org\/es\/wp-json\/wp\/v2\/media?parent=1038"}],"curies":[{"name":"wp","href":"https:\/\/api.w.org\/{rel}","templated":true}]}}