{"id":1035,"date":"2022-11-11T18:33:50","date_gmt":"2022-11-11T18:33:50","guid":{"rendered":"https:\/\/thebibleverses.org\/es\/?page_id=1035"},"modified":"2023-06-01T21:04:15","modified_gmt":"2023-06-01T21:04:15","slug":"fidelidad-de-dios","status":"publish","type":"page","link":"https:\/\/thebibleverses.org\/es\/fidelidad-de-dios\/","title":{"rendered":"30 Vers\u00edculos de la Biblia sobre La Fidelidad de Dios"},"content":{"rendered":"<div class=\"wp-block-image\">\n<figure class=\"aligncenter size-large\"><img loading=\"lazy\" decoding=\"async\" width=\"1024\" height=\"631\" src=\"https:\/\/thebibleverses.org\/es\/wp-content\/uploads\/2022\/11\/Fidelidad-de-Dios-1024x631.webp\" alt=\"Vers\u00edculos de la Biblia sobre Fidelidad de Dios\" class=\"wp-image-1036\" srcset=\"https:\/\/thebibleverses.org\/es\/wp-content\/uploads\/2022\/11\/Fidelidad-de-Dios-1024x631.webp 1024w, https:\/\/thebibleverses.org\/es\/wp-content\/uploads\/2022\/11\/Fidelidad-de-Dios-300x185.webp 300w, https:\/\/thebibleverses.org\/es\/wp-content\/uploads\/2022\/11\/Fidelidad-de-Dios-768x474.webp 768w, https:\/\/thebibleverses.org\/es\/wp-content\/uploads\/2022\/11\/Fidelidad-de-Dios-320x197.webp 320w, https:\/\/thebibleverses.org\/es\/wp-content\/uploads\/2022\/11\/Fidelidad-de-Dios-450x278.webp 450w, https:\/\/thebibleverses.org\/es\/wp-content\/uploads\/2022\/11\/Fidelidad-de-Dios-720x444.webp 720w, https:\/\/thebibleverses.org\/es\/wp-content\/uploads\/2022\/11\/Fidelidad-de-Dios-scaled.webp 644w\" sizes=\"auto, (max-width: 1024px) 100vw, 1024px\" \/><figcaption class=\"wp-element-caption\">Vers\u00edculos de la Biblia sobre Fidelidad de Dios &#8211; Reina Valera Contempor\u00e1nea RVC <\/figcaption><\/figure><\/div>\n\n\n<h2 class=\"wp-block-heading\">Deuteronomio 7:9<\/h2>\n\n\n\n<p>S\u00e1belo bien: el Se\u00f1or tu Dios es Dios, el Dios fiel que cumple con su pacto y su misericordia con aquellos que lo aman y cumplen sus mandamientos, hasta mil generaciones (Dt 7:9).<\/p>\n\n\n\n<h2 class=\"wp-block-heading\">Deuteronomio 9:5<\/h2>\n\n\n\n<p>No es por causa de tu justicia, ni por la rectitud de tu coraz\u00f3n, por lo que entras a tomar posesi\u00f3n del territorio de estas naciones. El Se\u00f1or tu Dios las arroja de tu presencia por causa de su impiedad, y para confirmar la promesa que \u00e9l mismo les hizo a tus padres Abrah\u00e1n, Isaac y Jacob (Dt 9:5).<\/p>\n\n\n\n<h2 class=\"wp-block-heading\">Deuteronomio 32:4<\/h2>\n\n\n\n<p>\u00c9l es nuestra Roca, y su obra es perfecta; todos sus caminos son de justicia. Es el Dios de la verdad, justo y recto; en \u00e9l no hay ninguna maldad (Dt 32:4).<\/p>\n\n\n\n<h2 class=\"wp-block-heading\">1 Reyes 8:56<\/h2>\n\n\n\n<p>Bendito sea el Se\u00f1or, que le ha dado paz a su pueblo Israel, conforme a su promesa, sin dejar de cumplir ninguna de las promesas que le hizo a Mois\u00e9s (1 Re 8:56).<\/p>\n\n\n\n<h2 class=\"wp-block-heading\">2 Samuel 22:26<\/h2>\n\n\n\n<p>Se\u00f1or, t\u00fa eres fiel con el que es fiel, e intachable con el que es intachable (2 Sa 22:26).<\/p>\n\n\n\n<h2 class=\"wp-block-heading\">Salmos 19:7<\/h2>\n\n\n\n<p>La ley del Se\u00f1or es perfecta: reanima el alma. El testimonio del Se\u00f1or es firme: da sabidur\u00eda al ingenuo (Sal 19:7).<\/p>\n\n\n\n<h2 class=\"wp-block-heading\">Salmos 33:4<\/h2>\n\n\n\n<p>Ciertamente, la palabra del Se\u00f1or es recta; todo lo hace con fidelidad (Sal 33:4).<\/p>\n\n\n\n<h2 class=\"wp-block-heading\">Salmos 36:5<\/h2>\n\n\n\n<p>Pero tu misericordia, Se\u00f1or, llega a los cielos; \u00a1tu fidelidad se extiende hasta las nubes! (Sal 36:5)<\/p>\n\n\n\n<h2 class=\"wp-block-heading\">Salmos 89:1<\/h2>\n\n\n\n<p>Por siempre alabar\u00e9 la misericordia del Se\u00f1or; de una generaci\u00f3n a otra, mis labios exaltar\u00e1n tu fidelidad (Sal 89:1).<\/p>\n\n\n\n<h2 class=\"wp-block-heading\">Salmos 92:1-2<\/h2>\n\n\n\n<p>\u00a1Cu\u00e1n bueno es alabarte, Se\u00f1or! Bueno es, Alt\u00edsimo, cantar salmos a tu nombre, anunciar tu misericordia por la ma\u00f1ana, y tu fidelidad todas las noches (Sal 92:1-2).<\/p>\n\n\n\n<h2 class=\"wp-block-heading\">Salmos 105:8<\/h2>\n\n\n\n<p>Nunca se olvida de su pacto, de la palabra que dict\u00f3 para mil generaciones (Sal 105:8).<\/p>\n\n\n\n<h2 class=\"wp-block-heading\">Salmos 117:2<\/h2>\n\n\n\n<p>\u00a1Grande es su misericordia por nosotros! \u00a1La fidelidad del Se\u00f1or permanece para siempre! \u00a1Aleluya! (Sal 117:2).<\/p>\n\n\n\n<h2 class=\"wp-block-heading\">Salmos 119:90<\/h2>\n\n\n\n<p>Tu fidelidad es la misma por todas las edades; t\u00fa afirmaste la tierra, y \u00e9sta permanece firme (Sal 119:90).<\/p>\n\n\n\n<h2 class=\"wp-block-heading\">Isa\u00edas 49:7<\/h2>\n\n\n\n<p>As\u00ed ha dicho el Se\u00f1or, el Santo Redentor de Israel, al que es menospreciado, al que es odiado por las naciones, al siervo de los gobernantes: Los reyes y los pr\u00edncipes te ver\u00e1n y se levantar\u00e1n, y se inclinar\u00e1n ante el Se\u00f1or, porque el Santo de Israel, que te ha escogido, es fiel (Is 49:7).<\/p>\n\n\n\n<h2 class=\"wp-block-heading\">Isa\u00edas 55:3<\/h2>\n\n\n\n<p>Inclinen su o\u00eddo, y vengan a m\u00ed; escuchen y vivir\u00e1n. Yo har\u00e9 con ustedes un pacto eterno, que es el de mi invariable misericordia por David (Is 55:3).<\/p>\n\n\n\n<h2 class=\"wp-block-heading\">Lamentaciones 3:22-23<\/h2>\n\n\n\n<p>Por la misericordia del Se\u00f1or no hemos sido consumidos; \u00a1nunca su misericordia se ha agotado! \u00a1Grande es su fidelidad, y cada ma\u00f1ana se renueva! (Lm 3:22-23).<\/p>\n\n\n\n<h2 class=\"wp-block-heading\">1 Corintios 1:9<\/h2>\n\n\n\n<p>Fiel es Dios, quien los ha llamado a tener comuni\u00f3n con su Hijo Jesucristo, nuestro Se\u00f1or (1 Co 1:9).<\/p>\n\n\n\n<h2 class=\"wp-block-heading\">1 Tesalonicenses 5:24<\/h2>\n\n\n\n<p>Aquel que los llama es fiel, y cumplir\u00e1 todo esto (1 Ts 5:24).<\/p>\n\n\n\n<h2 class=\"wp-block-heading\">2 Tesalonicenses 3:3<\/h2>\n\n\n\n<p>Pero el Se\u00f1or es fiel, y \u00e9l los fortalecer\u00e1 y guardar\u00e1 del mal (2 Ts 3:3).<\/p>\n\n\n\n<h2 class=\"wp-block-heading\">2 Timoteo 2:13<\/h2>\n\n\n\n<p>Si somos infieles, \u00e9l permanece fiel; \u00c9l no puede negarse a s\u00ed mismo (2 Ti 2:13).<\/p>\n\n\n\n<h2 class=\"wp-block-heading\">Hebreos 2:17<\/h2>\n\n\n\n<p>Por eso le era necesario ser semejante a sus hermanos en todo: para que llegara a ser un sumo sacerdote misericordioso y fiel en lo que a Dios se refiere, y expiara los pecados del pueblo (Heb 2:17).<\/p>\n\n\n\n<h2 class=\"wp-block-heading\">Hebreos 3:6<\/h2>\n\n\n\n<p>Cristo, en cambio, como hijo es fiel sobre su casa, que somos nosotros, si mantenemos la confianza firme hasta el fin y nos gloriamos en la esperanza (Heb 3:6).<\/p>\n\n\n\n<h2 class=\"wp-block-heading\">Hebreos 6:18<\/h2>\n\n\n\n<p>Para que por estas dos cosas que no cambian, y en las que Dios no puede mentir, tengamos un s\u00f3lido consuelo los que buscamos refugio y nos aferramos a la esperanza que se nos ha propuesto (Heb 6:18).<\/p>\n\n\n\n<h2 class=\"wp-block-heading\">Hebreos 10:23<\/h2>\n\n\n\n<p>Mantengamos firme y sin fluctuar la esperanza que profesamos, porque fiel es el que prometi\u00f3 (Heb 10:23).<\/p>\n\n\n\n<h2 class=\"wp-block-heading\">Hebreos 11:11<\/h2>\n\n\n\n<p>Por la fe, Sara misma recibi\u00f3 fuerzas para concebir, aunque era est\u00e9ril, y dio a luz, aun cuando por su edad se le hab\u00eda pasado el tiempo, porque crey\u00f3 que era fiel quien le hab\u00eda hecho la promesa (Heb 11:11).<\/p>\n\n\n\n<h2 class=\"wp-block-heading\">1 Pedro 4:19<\/h2>\n\n\n\n<p>As\u00ed que aquellos que sufren por cumplir la voluntad de Dios, encomienden su alma al fiel Creador, y hagan el bien (1 Pe 4:19).<\/p>\n\n\n\n<h2 class=\"wp-block-heading\">1 Juan 1:9<\/h2>\n\n\n\n<p>Si confesamos nuestros pecados, \u00e9l es fiel y justo para perdonar nuestros pecados y limpiarnos de toda maldad (1 Jn 1:9).<\/p>\n\n\n\n<h2 class=\"wp-block-heading\">Apocalipsis 1:5<\/h2>\n\n\n\n<p>Y de Jesucristo, el testigo fiel, primog\u00e9nito de entre los muertos y soberano de los reyes de la tierra. \u00c9l nos am\u00f3; con su sangre nos lav\u00f3 de nuestros pecados (Ap 1:5).<\/p>\n\n\n\n<h2 class=\"wp-block-heading\">Apocalipsis 3:14<\/h2>\n\n\n\n<p>Escribe al \u00e1ngel de la iglesia en Laodicea: As\u00ed dice el Am\u00e9n, el testigo fiel y verdadero, el principio de la creaci\u00f3n de Dios (Ap 3:14).<\/p>\n\n\n\n<h2 class=\"wp-block-heading\">Apocalipsis 19:11<\/h2>\n\n\n\n<p>Entonces vi que el cielo se hab\u00eda abierto, y que all\u00ed aparec\u00eda un caballo blanco. El nombre del que lo montaba es Fiel y Verdadero, el que juzga y pelea con justicia (Ap 19:11).<\/p>\n\n\n\n<h2 class=\"wp-block-heading\">Lee Tambi\u00e9n:<\/h2>\n\n\n\n<ul class=\"wp-block-list\">\n<li><a href=\"https:\/\/thebibleverses.org\/es\/\">Vers\u00edculos por Tema<\/a><\/li>\n\n\n\n<li><a href=\"https:\/\/thebibleverses.org\/es\/confianza-en-dios\/\">Vers\u00edculos B\u00edblicos de Confianza en Dios<\/a><\/li>\n\n\n\n<li><a href=\"https:\/\/thebibleverses.org\/es\/amor\/\">Vers\u00edculos B\u00edblicos sobre el Amor<\/a><\/li>\n\n\n\n<li><a href=\"https:\/\/thebibleverses.org\/es\/fortaleza\/\">Vers\u00edculos B\u00edblicos de Fortaleza<\/a><\/li>\n\n\n\n<li><a href=\"https:\/\/thebibleverses.org\/es\/agradecimiento\/\">Vers\u00edculos B\u00edblicos de Agradecimiento<\/a><\/li>\n\n\n\n<li><a href=\"https:\/\/thebibleverses.org\/es\/jovenes\/\">Vers\u00edculos B\u00edblicos para J\u00f3venes<\/a><\/li>\n\n\n\n<li><a href=\"https:\/\/thebibleverses.org\/es\/amistad\/\">Vers\u00edculos B\u00edblicos sobre la Amistad<\/a><\/li>\n\n\n\n<li><a href=\"https:\/\/thebibleverses.org\/es\/sanidad\/\">Vers\u00edculos B\u00edblicos sobre Sanidad<\/a><\/li>\n<\/ul>\n","protected":false},"excerpt":{"rendered":"<p>Deuteronomio 7:9 S\u00e1belo bien: el Se\u00f1or tu Dios es Dios, el Dios fiel que cumple con su pacto y su misericordia con aquellos que lo aman y cumplen sus mandamientos, hasta mil generaciones (Dt 7:9). Deuteronomio 9:5 No es por causa de tu justicia, ni por la rectitud de tu coraz\u00f3n, por lo que entras [&hellip;]<\/p>\n","protected":false},"author":1,"featured_media":1036,"parent":0,"menu_order":0,"comment_status":"open","ping_status":"closed","template":"","meta":{"footnotes":""},"class_list":["post-1035","page","type-page","status-publish","has-post-thumbnail","hentry","entry","fw-tab-6 fw-tabr-4"],"_links":{"self":[{"href":"https:\/\/thebibleverses.org\/es\/wp-json\/wp\/v2\/pages\/1035","targetHints":{"allow":["GET"]}}],"collection":[{"href":"https:\/\/thebibleverses.org\/es\/wp-json\/wp\/v2\/pages"}],"about":[{"href":"https:\/\/thebibleverses.org\/es\/wp-json\/wp\/v2\/types\/page"}],"author":[{"embeddable":true,"href":"https:\/\/thebibleverses.org\/es\/wp-json\/wp\/v2\/users\/1"}],"replies":[{"embeddable":true,"href":"https:\/\/thebibleverses.org\/es\/wp-json\/wp\/v2\/comments?post=1035"}],"version-history":[{"count":0,"href":"https:\/\/thebibleverses.org\/es\/wp-json\/wp\/v2\/pages\/1035\/revisions"}],"wp:featuredmedia":[{"embeddable":true,"href":"https:\/\/thebibleverses.org\/es\/wp-json\/wp\/v2\/media\/1036"}],"wp:attachment":[{"href":"https:\/\/thebibleverses.org\/es\/wp-json\/wp\/v2\/media?parent=1035"}],"curies":[{"name":"wp","href":"https:\/\/api.w.org\/{rel}","templated":true}]}}