{"id":101,"date":"2019-01-19T04:49:39","date_gmt":"2019-01-19T04:49:39","guid":{"rendered":"https:\/\/thebibleverses.org\/es\/?page_id=101"},"modified":"2022-05-13T21:48:42","modified_gmt":"2022-05-13T21:48:42","slug":"10-mandamientos","status":"publish","type":"page","link":"https:\/\/thebibleverses.org\/es\/10-mandamientos\/","title":{"rendered":"Los 10 Mandamientos en Vers\u00edculos B\u00edblicos"},"content":{"rendered":"\n<div class=\"wp-block-image\"><figure class=\"aligncenter size-large\"><img loading=\"lazy\" decoding=\"async\" width=\"1024\" height=\"631\" src=\"https:\/\/thebibleverses.org\/es\/wp-content\/uploads\/2022\/05\/Versiculos-Biblicos-sobre-los-10-Mandamientos-1024x631.webp\" alt=\"Los Diez Mandamientos en Vers\u00edculos B\u00edblicos\" class=\"wp-image-730\" srcset=\"https:\/\/thebibleverses.org\/es\/wp-content\/uploads\/2022\/05\/Versiculos-Biblicos-sobre-los-10-Mandamientos-1024x631.webp 1024w, https:\/\/thebibleverses.org\/es\/wp-content\/uploads\/2022\/05\/Versiculos-Biblicos-sobre-los-10-Mandamientos-300x185.webp 300w, https:\/\/thebibleverses.org\/es\/wp-content\/uploads\/2022\/05\/Versiculos-Biblicos-sobre-los-10-Mandamientos-768x474.webp 768w, https:\/\/thebibleverses.org\/es\/wp-content\/uploads\/2022\/05\/Versiculos-Biblicos-sobre-los-10-Mandamientos-320x197.webp 320w, https:\/\/thebibleverses.org\/es\/wp-content\/uploads\/2022\/05\/Versiculos-Biblicos-sobre-los-10-Mandamientos-450x278.webp 450w, https:\/\/thebibleverses.org\/es\/wp-content\/uploads\/2022\/05\/Versiculos-Biblicos-sobre-los-10-Mandamientos-720x444.webp 720w, https:\/\/thebibleverses.org\/es\/wp-content\/uploads\/2022\/05\/Versiculos-Biblicos-sobre-los-10-Mandamientos-scaled.webp 644w\" sizes=\"auto, (max-width: 1024px) 100vw, 1024px\" \/><figcaption>Los Diez Mandamientos en Vers\u00edculos B\u00edblicos &#8211; Reina Valera Contempor\u00e1nea (RVC).<\/figcaption><\/figure><\/div>\n\n\n\n<h2 class=\"wp-block-heading\">\u00c9xodo 20:3 <\/h2>\n\n\n\n<p>No tendr\u00e1s dioses ajenos delante de m\u00ed (Ex 20:3).<\/p>\n\n\n\n<h2 class=\"wp-block-heading\">\u00c9xodo 20:4 <\/h2>\n\n\n\n<p>No te har\u00e1s imagen, ni semejanza alguna de lo que est\u00e1 arriba en el cielo, ni abajo en la tierra, ni en las aguas debajo de la tierra (Ex 20:4).<\/p>\n\n\n\n<h2 class=\"wp-block-heading\">\u00c9xodo 20:7 <\/h2>\n\n\n\n<p>No tomar\u00e1s en vano el nombre del Se\u00f1or tu Dios, porque yo, el Se\u00f1or, no considerar\u00e9 inocente al que tome en vano mi nombre (Ex 20:7).<\/p>\n\n\n\n<h2 class=\"wp-block-heading\">\u00c9xodo 20:8 <\/h2>\n\n\n\n<p>Te acordar\u00e1s del d\u00eda de reposo, y lo santificar\u00e1s (Ex 20:8).<\/p>\n\n\n\n<h2 class=\"wp-block-heading\">\u00c9xodo 20:12 <\/h2>\n\n\n\n<p>Honrar\u00e1s a tu padre y a tu madre, para que tu vida se alargue en la tierra que yo, el Se\u00f1or tu Dios, te doy (Ex 20:12).<\/p>\n\n\n\n<h2 class=\"wp-block-heading\">\u00c9xodo 20:13 <\/h2>\n\n\n\n<p>No matar\u00e1s (Ex 20:13).<\/p>\n\n\n\n<h2 class=\"wp-block-heading\">\u00c9xodo 20:14<\/h2>\n\n\n\n<p>No cometer\u00e1s adulterio (Ex 20:14).<\/p>\n\n\n\n<h2 class=\"wp-block-heading\">\u00c9xodo 20:15 <\/h2>\n\n\n\n<p>No robar\u00e1s (Ex 20:15).<\/p>\n\n\n\n<h2 class=\"wp-block-heading\">\u00c9xodo 20:16 <\/h2>\n\n\n\n<p>No presentar\u00e1s falso testimonio contra tu pr\u00f3jimo (Ex 20:16).<\/p>\n\n\n\n<h2 class=\"wp-block-heading\">\u00c9xodo 20:17 <\/h2>\n\n\n\n<p>No codiciar\u00e1s la casa de tu pr\u00f3jimo, ni a su mujer, ni a su siervo ni a su esclava, ni su buey ni su asno, ni nada que le pertenezca a tu pr\u00f3jimo (Ex 20:17).<\/p>\n\n\n\n<h2 class=\"wp-block-heading\">Lee Tambi\u00e9n:<\/h2>\n\n\n\n<ul class=\"wp-block-list\"><li><a href=\"https:\/\/thebibleverses.org\/es\/\">Vers\u00edculos por Tema<\/a><\/li><li><a href=\"https:\/\/thebibleverses.org\/es\/amor\/\">Vers\u00edculos B\u00edblicos sobre el Amor<\/a><\/li><li><a href=\"https:\/\/thebibleverses.org\/es\/fortaleza\/\">Vers\u00edculos B\u00edblicos de Fortaleza<\/a><\/li><li><a href=\"https:\/\/thebibleverses.org\/es\/fe\/\">Vers\u00edculos B\u00edblicos sobre la Fe<\/a><\/li><li><a href=\"https:\/\/thebibleverses.org\/es\/jovenes\/\">Vers\u00edculos B\u00edblicos para J\u00f3venes<\/a><\/li><li><a href=\"https:\/\/thebibleverses.org\/es\/amistad\/\">Vers\u00edculos B\u00edblicos sobre la Amistad<\/a><\/li><li><a href=\"https:\/\/thebibleverses.org\/es\/sanidad\/\">Vers\u00edculos B\u00edblicos sobre Sanidad<\/a><\/li><\/ul>\n","protected":false},"excerpt":{"rendered":"<p>\u00c9xodo 20:3 No tendr\u00e1s dioses ajenos delante de m\u00ed (Ex 20:3). \u00c9xodo 20:4 No te har\u00e1s imagen, ni semejanza alguna de lo que est\u00e1 arriba en el cielo, ni abajo en la tierra, ni en las aguas debajo de la tierra (Ex 20:4). \u00c9xodo 20:7 No tomar\u00e1s en vano el nombre del Se\u00f1or tu Dios, [&hellip;]<\/p>\n","protected":false},"author":1,"featured_media":730,"parent":0,"menu_order":0,"comment_status":"open","ping_status":"closed","template":"","meta":{"footnotes":""},"class_list":["post-101","page","type-page","status-publish","has-post-thumbnail","hentry","entry","fw-tab-6 fw-tabr-4"],"_links":{"self":[{"href":"https:\/\/thebibleverses.org\/es\/wp-json\/wp\/v2\/pages\/101","targetHints":{"allow":["GET"]}}],"collection":[{"href":"https:\/\/thebibleverses.org\/es\/wp-json\/wp\/v2\/pages"}],"about":[{"href":"https:\/\/thebibleverses.org\/es\/wp-json\/wp\/v2\/types\/page"}],"author":[{"embeddable":true,"href":"https:\/\/thebibleverses.org\/es\/wp-json\/wp\/v2\/users\/1"}],"replies":[{"embeddable":true,"href":"https:\/\/thebibleverses.org\/es\/wp-json\/wp\/v2\/comments?post=101"}],"version-history":[{"count":0,"href":"https:\/\/thebibleverses.org\/es\/wp-json\/wp\/v2\/pages\/101\/revisions"}],"wp:featuredmedia":[{"embeddable":true,"href":"https:\/\/thebibleverses.org\/es\/wp-json\/wp\/v2\/media\/730"}],"wp:attachment":[{"href":"https:\/\/thebibleverses.org\/es\/wp-json\/wp\/v2\/media?parent=101"}],"curies":[{"name":"wp","href":"https:\/\/api.w.org\/{rel}","templated":true}]}}